{"id":2,"date":"2021-10-13T14:56:26","date_gmt":"2021-10-13T14:56:26","guid":{"rendered":"https:\/\/www.spottergps.com\/se\/?page_id=2"},"modified":"2023-05-22T13:30:51","modified_gmt":"2023-05-22T13:30:51","slug":"voorbeeld-pagina","status":"publish","type":"page","link":"https:\/\/www.spottergps.com\/se\/","title":{"rendered":"Spotter\u00ae GPS tracker och GPS klocka f\u00f6r allt du \u00e4lskar"},"content":{"rendered":"\n<p><\/p>\n\n\n\n<p>V\u00e4lkommen till Spotter! Vi \u00e4r specialister p\u00e5 GPS track &amp; trace -produkter f\u00f6r konsumenter, fr\u00e4mst utvecklade f\u00f6r att \u00f6ka friheten\/r\u00f6rligheten f\u00f6r personer (barn, \u00e4ldre, beh\u00f6vande). F\u00f6rest\u00e4ll dig en trendig GPS klocka f\u00f6r barn, en seniorklocka med alarm, en GPS tracker f\u00f6r katter och hundar eller en b\u00e4rbar GPS tracker som du ocks\u00e5 kan sp\u00e5ra saker med.<\/p>\n","protected":false},"excerpt":{"rendered":"<p>V\u00e4lkommen till Spotter! Vi \u00e4r specialister p\u00e5 GPS track &amp; [&hellip;]<\/p>\n","protected":false},"author":10,"featured_media":0,"parent":0,"menu_order":0,"comment_status":"closed","ping_status":"open","template":"","meta":{"_acf_changed":false,"footnotes":""},"categories":[],"tags":[],"class_list":["post-2","page","type-page","status-publish","hentry"],"acf":[],"yoast_head":"<!-- This site is optimized with the Yoast SEO plugin v25.9 - https:\/\/yoast.com\/wordpress\/plugins\/seo\/ -->\n<title>Spotter\u00ae GPS-trackers och GPS-klockor f\u00f6r allt som \u00e4r dig k\u00e4rt<\/title>\n<meta name=\"description\" content=\"Uppt\u00e4ck GPS-produkterna fr\u00e5n Spotter. Fr\u00e5n GPS-trackers till GPS-klockor f\u00f6r barn och \u00e4ldre. Online &amp; App, prisv\u00e4rt och utan abonnemangskostnader.\" \/>\n<meta name=\"robots\" content=\"index, follow, max-snippet:-1, max-image-preview:large, max-video-preview:-1\" \/>\n<link rel=\"canonical\" href=\"https:\/\/www.spottergps.com\/se\/\" \/>\n<meta property=\"og:locale\" content=\"sv_SE\" \/>\n<meta property=\"og:type\" content=\"article\" \/>\n<meta property=\"og:title\" content=\"Spotter\u00ae GPS-trackers och GPS-klockor f\u00f6r allt som \u00e4r dig k\u00e4rt\" \/>\n<meta property=\"og:description\" content=\"Uppt\u00e4ck GPS-produkterna fr\u00e5n Spotter. Fr\u00e5n GPS-trackers till GPS-klockor f\u00f6r barn och \u00e4ldre. Online &amp; App, prisv\u00e4rt och utan abonnemangskostnader.\" \/>\n<meta property=\"og:url\" content=\"https:\/\/www.spottergps.com\/se\/\" \/>\n<meta property=\"og:site_name\" content=\"Spotter Sweden\" \/>\n<meta property=\"article:modified_time\" content=\"2023-05-22T13:30:51+00:00\" \/>\n<meta name=\"twitter:card\" content=\"summary_large_image\" \/>\n<script type=\"application\/ld+json\" class=\"yoast-schema-graph\">{\"@context\":\"https:\/\/schema.org\",\"@graph\":[{\"@type\":\"WebPage\",\"@id\":\"https:\/\/www.spottergps.com\/se\/\",\"url\":\"https:\/\/www.spottergps.com\/se\/\",\"name\":\"Spotter\u00ae GPS-trackers och GPS-klockor f\u00f6r allt som \u00e4r dig k\u00e4rt\",\"isPartOf\":{\"@id\":\"https:\/\/www.spottergps.com\/se\/#website\"},\"datePublished\":\"2021-10-13T14:56:26+00:00\",\"dateModified\":\"2023-05-22T13:30:51+00:00\",\"description\":\"Uppt\u00e4ck GPS-produkterna fr\u00e5n Spotter. Fr\u00e5n GPS-trackers till GPS-klockor f\u00f6r barn och \u00e4ldre. Online & App, prisv\u00e4rt och utan abonnemangskostnader.\",\"breadcrumb\":{\"@id\":\"https:\/\/www.spottergps.com\/se\/#breadcrumb\"},\"inLanguage\":\"sv-SE\",\"potentialAction\":[{\"@type\":\"ReadAction\",\"target\":[\"https:\/\/www.spottergps.com\/se\/\"]}]},{\"@type\":\"BreadcrumbList\",\"@id\":\"https:\/\/www.spottergps.com\/se\/#breadcrumb\",\"itemListElement\":[{\"@type\":\"ListItem\",\"position\":1,\"name\":\"Home\",\"item\":\"https:\/\/www.spottergps.com\/se\/\"},{\"@type\":\"ListItem\",\"position\":2,\"name\":\"Spotter\u00ae GPS tracker och GPS klocka f\u00f6r allt du \u00e4lskar\"}]},{\"@type\":\"WebSite\",\"@id\":\"https:\/\/www.spottergps.com\/se\/#website\",\"url\":\"https:\/\/www.spottergps.com\/se\/\",\"name\":\"Spotter Sweden\",\"description\":\"Spotter GPS Sweden\",\"potentialAction\":[{\"@type\":\"SearchAction\",\"target\":{\"@type\":\"EntryPoint\",\"urlTemplate\":\"https:\/\/www.spottergps.com\/se\/?s={search_term_string}\"},\"query-input\":{\"@type\":\"PropertyValueSpecification\",\"valueRequired\":true,\"valueName\":\"search_term_string\"}}],\"inLanguage\":\"sv-SE\"}]}<\/script>\n<!-- \/ Yoast SEO plugin. -->","yoast_head_json":{"title":"Spotter\u00ae GPS-trackers och GPS-klockor f\u00f6r allt som \u00e4r dig k\u00e4rt","description":"Uppt\u00e4ck GPS-produkterna fr\u00e5n Spotter. Fr\u00e5n GPS-trackers till GPS-klockor f\u00f6r barn och \u00e4ldre. Online & App, prisv\u00e4rt och utan abonnemangskostnader.","robots":{"index":"index","follow":"follow","max-snippet":"max-snippet:-1","max-image-preview":"max-image-preview:large","max-video-preview":"max-video-preview:-1"},"canonical":"https:\/\/www.spottergps.com\/se\/","og_locale":"sv_SE","og_type":"article","og_title":"Spotter\u00ae GPS-trackers och GPS-klockor f\u00f6r allt som \u00e4r dig k\u00e4rt","og_description":"Uppt\u00e4ck GPS-produkterna fr\u00e5n Spotter. Fr\u00e5n GPS-trackers till GPS-klockor f\u00f6r barn och \u00e4ldre. Online & App, prisv\u00e4rt och utan abonnemangskostnader.","og_url":"https:\/\/www.spottergps.com\/se\/","og_site_name":"Spotter Sweden","article_modified_time":"2023-05-22T13:30:51+00:00","twitter_card":"summary_large_image","schema":{"@context":"https:\/\/schema.org","@graph":[{"@type":"WebPage","@id":"https:\/\/www.spottergps.com\/se\/","url":"https:\/\/www.spottergps.com\/se\/","name":"Spotter\u00ae GPS-trackers och GPS-klockor f\u00f6r allt som \u00e4r dig k\u00e4rt","isPartOf":{"@id":"https:\/\/www.spottergps.com\/se\/#website"},"datePublished":"2021-10-13T14:56:26+00:00","dateModified":"2023-05-22T13:30:51+00:00","description":"Uppt\u00e4ck GPS-produkterna fr\u00e5n Spotter. Fr\u00e5n GPS-trackers till GPS-klockor f\u00f6r barn och \u00e4ldre. Online & App, prisv\u00e4rt och utan abonnemangskostnader.","breadcrumb":{"@id":"https:\/\/www.spottergps.com\/se\/#breadcrumb"},"inLanguage":"sv-SE","potentialAction":[{"@type":"ReadAction","target":["https:\/\/www.spottergps.com\/se\/"]}]},{"@type":"BreadcrumbList","@id":"https:\/\/www.spottergps.com\/se\/#breadcrumb","itemListElement":[{"@type":"ListItem","position":1,"name":"Home","item":"https:\/\/www.spottergps.com\/se\/"},{"@type":"ListItem","position":2,"name":"Spotter\u00ae GPS tracker och GPS klocka f\u00f6r allt du \u00e4lskar"}]},{"@type":"WebSite","@id":"https:\/\/www.spottergps.com\/se\/#website","url":"https:\/\/www.spottergps.com\/se\/","name":"Spotter Sweden","description":"Spotter GPS Sweden","potentialAction":[{"@type":"SearchAction","target":{"@type":"EntryPoint","urlTemplate":"https:\/\/www.spottergps.com\/se\/?s={search_term_string}"},"query-input":{"@type":"PropertyValueSpecification","valueRequired":true,"valueName":"search_term_string"}}],"inLanguage":"sv-SE"}]}},"_links":{"self":[{"href":"https:\/\/www.spottergps.com\/se\/wp-json\/wp\/v2\/pages\/2","targetHints":{"allow":["GET"]}}],"collection":[{"href":"https:\/\/www.spottergps.com\/se\/wp-json\/wp\/v2\/pages"}],"about":[{"href":"https:\/\/www.spottergps.com\/se\/wp-json\/wp\/v2\/types\/page"}],"author":[{"embeddable":true,"href":"https:\/\/www.spottergps.com\/se\/wp-json\/wp\/v2\/users\/10"}],"replies":[{"embeddable":true,"href":"https:\/\/www.spottergps.com\/se\/wp-json\/wp\/v2\/comments?post=2"}],"version-history":[{"count":24,"href":"https:\/\/www.spottergps.com\/se\/wp-json\/wp\/v2\/pages\/2\/revisions"}],"predecessor-version":[{"id":15378,"href":"https:\/\/www.spottergps.com\/se\/wp-json\/wp\/v2\/pages\/2\/revisions\/15378"}],"wp:attachment":[{"href":"https:\/\/www.spottergps.com\/se\/wp-json\/wp\/v2\/media?parent=2"}],"wp:term":[{"taxonomy":"category","embeddable":true,"href":"https:\/\/www.spottergps.com\/se\/wp-json\/wp\/v2\/categories?post=2"},{"taxonomy":"post_tag","embeddable":true,"href":"https:\/\/www.spottergps.com\/se\/wp-json\/wp\/v2\/tags?post=2"}],"curies":[{"name":"wp","href":"https:\/\/api.w.org\/{rel}","templated":true}]}}