{"id":15416,"date":"2023-09-20T12:16:42","date_gmt":"2023-09-20T12:16:42","guid":{"rendered":"https:\/\/www.spottergps.com\/se\/?page_id=15416"},"modified":"2025-12-10T07:48:29","modified_gmt":"2025-12-10T07:48:29","slug":"saldo-overfora","status":"publish","type":"page","link":"https:\/\/www.spottergps.com\/se\/stod\/saldo-overfora\/","title":{"rendered":"Saldo \u00f6verf\u00f6ra"},"content":{"rendered":"\n<p>Har du k\u00f6pt en ny Spotter och vill \u00f6verf\u00f6ra saldot fr\u00e5n den gamla till den nya? D\u00e5 kan du s\u00e5 snart du har mottagit den nya Spottern skicka den gamla och nya Spotterkoden till v\u00e5r kundtj\u00e4nst via <a href=\"https:\/\/www.spottergps.com\/se\/fraga-var-kundservice\/\" data-type=\"page\" data-id=\"15058\">kontaktformul\u00e4ret<\/a>. De kan \u00f6verf\u00f6ra saldot \u00e5t dig. Har du redan saldo p\u00e5 den nya Spottern? D\u00e5 kommer detta saldo att l\u00e4ggas till och saldoutg\u00e5ngsdatumet kommer d\u00e4rmed att f\u00f6rl\u00e4ngas.<\/p>\n\n\n\n<p>Observera: \u00d6verf\u00f6ring av saldo \u00e4r endast m\u00f6jligt med aktivt saldo.<\/p>\n","protected":false},"excerpt":{"rendered":"<p>Har du k\u00f6pt en ny Spotter och vill \u00f6verf\u00f6ra saldot [&hellip;]<\/p>\n","protected":false},"author":8,"featured_media":0,"parent":15053,"menu_order":0,"comment_status":"closed","ping_status":"closed","template":"faq-content.php","meta":{"_acf_changed":false,"footnotes":""},"categories":[5],"tags":[],"class_list":["post-15416","page","type-page","status-publish","hentry","category-faq"],"acf":[],"yoast_head":"<!-- This site is optimized with the Yoast SEO plugin v25.9 - https:\/\/yoast.com\/wordpress\/plugins\/seo\/ -->\n<title>Saldo \u00f6verf\u00f6ra - Spotter Sweden<\/title>\n<meta name=\"robots\" content=\"noindex, nofollow\" \/>\n<meta property=\"og:locale\" content=\"sv_SE\" \/>\n<meta property=\"og:type\" content=\"article\" \/>\n<meta property=\"og:title\" content=\"Saldo \u00f6verf\u00f6ra - Spotter Sweden\" \/>\n<meta property=\"og:description\" content=\"Har du k\u00f6pt en ny Spotter och vill \u00f6verf\u00f6ra saldot [&hellip;]\" \/>\n<meta property=\"og:url\" content=\"https:\/\/www.spottergps.com\/se\/stod\/saldo-overfora\/\" \/>\n<meta property=\"og:site_name\" content=\"Spotter Sweden\" \/>\n<meta property=\"article:modified_time\" content=\"2025-12-10T07:48:29+00:00\" \/>\n<meta name=\"twitter:card\" content=\"summary_large_image\" \/>\n<meta name=\"twitter:label1\" content=\"Ber\u00e4knad l\u00e4stid\" \/>\n\t<meta name=\"twitter:data1\" content=\"1 minut\" \/>\n<script type=\"application\/ld+json\" class=\"yoast-schema-graph\">{\"@context\":\"https:\/\/schema.org\",\"@graph\":[{\"@type\":\"WebPage\",\"@id\":\"https:\/\/www.spottergps.com\/se\/stod\/saldo-overfora\/\",\"url\":\"https:\/\/www.spottergps.com\/se\/stod\/saldo-overfora\/\",\"name\":\"Saldo \u00f6verf\u00f6ra - Spotter Sweden\",\"isPartOf\":{\"@id\":\"https:\/\/www.spottergps.com\/se\/#website\"},\"datePublished\":\"2023-09-20T12:16:42+00:00\",\"dateModified\":\"2025-12-10T07:48:29+00:00\",\"breadcrumb\":{\"@id\":\"https:\/\/www.spottergps.com\/se\/stod\/saldo-overfora\/#breadcrumb\"},\"inLanguage\":\"sv-SE\",\"potentialAction\":[{\"@type\":\"ReadAction\",\"target\":[\"https:\/\/www.spottergps.com\/se\/stod\/saldo-overfora\/\"]}]},{\"@type\":\"BreadcrumbList\",\"@id\":\"https:\/\/www.spottergps.com\/se\/stod\/saldo-overfora\/#breadcrumb\",\"itemListElement\":[{\"@type\":\"ListItem\",\"position\":1,\"name\":\"Home\",\"item\":\"https:\/\/www.spottergps.com\/se\/\"},{\"@type\":\"ListItem\",\"position\":2,\"name\":\"Hur kan vi hj\u00e4lpa dig?\",\"item\":\"https:\/\/www.spottergps.com\/se\/stod\/\"},{\"@type\":\"ListItem\",\"position\":3,\"name\":\"Saldo \u00f6verf\u00f6ra\"}]},{\"@type\":\"WebSite\",\"@id\":\"https:\/\/www.spottergps.com\/se\/#website\",\"url\":\"https:\/\/www.spottergps.com\/se\/\",\"name\":\"Spotter Sweden\",\"description\":\"Spotter GPS Sweden\",\"potentialAction\":[{\"@type\":\"SearchAction\",\"target\":{\"@type\":\"EntryPoint\",\"urlTemplate\":\"https:\/\/www.spottergps.com\/se\/?s={search_term_string}\"},\"query-input\":{\"@type\":\"PropertyValueSpecification\",\"valueRequired\":true,\"valueName\":\"search_term_string\"}}],\"inLanguage\":\"sv-SE\"}]}<\/script>\n<!-- \/ Yoast SEO plugin. -->","yoast_head_json":{"title":"Saldo \u00f6verf\u00f6ra - Spotter Sweden","robots":{"index":"noindex","follow":"nofollow"},"og_locale":"sv_SE","og_type":"article","og_title":"Saldo \u00f6verf\u00f6ra - Spotter Sweden","og_description":"Har du k\u00f6pt en ny Spotter och vill \u00f6verf\u00f6ra saldot [&hellip;]","og_url":"https:\/\/www.spottergps.com\/se\/stod\/saldo-overfora\/","og_site_name":"Spotter Sweden","article_modified_time":"2025-12-10T07:48:29+00:00","twitter_card":"summary_large_image","twitter_misc":{"Ber\u00e4knad l\u00e4stid":"1 minut"},"schema":{"@context":"https:\/\/schema.org","@graph":[{"@type":"WebPage","@id":"https:\/\/www.spottergps.com\/se\/stod\/saldo-overfora\/","url":"https:\/\/www.spottergps.com\/se\/stod\/saldo-overfora\/","name":"Saldo \u00f6verf\u00f6ra - Spotter Sweden","isPartOf":{"@id":"https:\/\/www.spottergps.com\/se\/#website"},"datePublished":"2023-09-20T12:16:42+00:00","dateModified":"2025-12-10T07:48:29+00:00","breadcrumb":{"@id":"https:\/\/www.spottergps.com\/se\/stod\/saldo-overfora\/#breadcrumb"},"inLanguage":"sv-SE","potentialAction":[{"@type":"ReadAction","target":["https:\/\/www.spottergps.com\/se\/stod\/saldo-overfora\/"]}]},{"@type":"BreadcrumbList","@id":"https:\/\/www.spottergps.com\/se\/stod\/saldo-overfora\/#breadcrumb","itemListElement":[{"@type":"ListItem","position":1,"name":"Home","item":"https:\/\/www.spottergps.com\/se\/"},{"@type":"ListItem","position":2,"name":"Hur kan vi hj\u00e4lpa dig?","item":"https:\/\/www.spottergps.com\/se\/stod\/"},{"@type":"ListItem","position":3,"name":"Saldo \u00f6verf\u00f6ra"}]},{"@type":"WebSite","@id":"https:\/\/www.spottergps.com\/se\/#website","url":"https:\/\/www.spottergps.com\/se\/","name":"Spotter Sweden","description":"Spotter GPS Sweden","potentialAction":[{"@type":"SearchAction","target":{"@type":"EntryPoint","urlTemplate":"https:\/\/www.spottergps.com\/se\/?s={search_term_string}"},"query-input":{"@type":"PropertyValueSpecification","valueRequired":true,"valueName":"search_term_string"}}],"inLanguage":"sv-SE"}]}},"_links":{"self":[{"href":"https:\/\/www.spottergps.com\/se\/wp-json\/wp\/v2\/pages\/15416","targetHints":{"allow":["GET"]}}],"collection":[{"href":"https:\/\/www.spottergps.com\/se\/wp-json\/wp\/v2\/pages"}],"about":[{"href":"https:\/\/www.spottergps.com\/se\/wp-json\/wp\/v2\/types\/page"}],"author":[{"embeddable":true,"href":"https:\/\/www.spottergps.com\/se\/wp-json\/wp\/v2\/users\/8"}],"replies":[{"embeddable":true,"href":"https:\/\/www.spottergps.com\/se\/wp-json\/wp\/v2\/comments?post=15416"}],"version-history":[{"count":2,"href":"https:\/\/www.spottergps.com\/se\/wp-json\/wp\/v2\/pages\/15416\/revisions"}],"predecessor-version":[{"id":15419,"href":"https:\/\/www.spottergps.com\/se\/wp-json\/wp\/v2\/pages\/15416\/revisions\/15419"}],"up":[{"embeddable":true,"href":"https:\/\/www.spottergps.com\/se\/wp-json\/wp\/v2\/pages\/15053"}],"wp:attachment":[{"href":"https:\/\/www.spottergps.com\/se\/wp-json\/wp\/v2\/media?parent=15416"}],"wp:term":[{"taxonomy":"category","embeddable":true,"href":"https:\/\/www.spottergps.com\/se\/wp-json\/wp\/v2\/categories?post=15416"},{"taxonomy":"post_tag","embeddable":true,"href":"https:\/\/www.spottergps.com\/se\/wp-json\/wp\/v2\/tags?post=15416"}],"curies":[{"name":"wp","href":"https:\/\/api.w.org\/{rel}","templated":true}]}}