{"id":15402,"date":"2023-09-20T11:47:16","date_gmt":"2023-09-20T11:47:16","guid":{"rendered":"https:\/\/www.spottergps.com\/se\/?page_id=15402"},"modified":"2023-09-20T11:50:41","modified_gmt":"2023-09-20T11:50:41","slug":"aterstall-steg-for-steg-plan-spotter-gps-watch","status":"publish","type":"page","link":"https:\/\/www.spottergps.com\/se\/stod\/aterstall-steg-for-steg-plan-spotter-gps-watch\/","title":{"rendered":"\u00c5terst\u00e4ll steg-f\u00f6r-steg-plan Spotter GPS Watch"},"content":{"rendered":"\n<h3 class=\"wp-block-heading\">Steg 1. St\u00e4ng av Spottern<\/h3>\n\n\n\n<p>Logga in p\u00e5 ditt <a href=\"http:\/\/my.spottergps.com\">Spotter-konto<\/a> och g\u00e5 till kartan. Klicka p\u00e5 Spottern och en sk\u00e4rm med funktioner visas. H\u00e4r klickar du p\u00e5 &#8221;St\u00e4ng av Spotter&#8221;.<\/p>\n\n\n\n<h3 class=\"wp-block-heading\">Steg 2. Ladda klockan helt<\/h3>\n\n\n\n<p>Ladda batteriet i Spotter GPS-klockan helt p\u00e5 2 till 3 timmar. Anv\u00e4nd den medf\u00f6ljande USB-kabeln f\u00f6r detta \u00e4ndam\u00e5l. Placera de tv\u00e5 prickarna p\u00e5 laddaren p\u00e5 baksidan av Spotter GPS-klockan. S\u00e4tt sedan \u00e4nden av kabeln i en USB-port, varp\u00e5 Spotter-klockan b\u00f6rjar ladda.<\/p>\n\n\n\n<h3 class=\"wp-block-heading\">Steg 3. Sl\u00e5 p\u00e5 Spottern<\/h3>\n\n\n\n<p>Sl\u00e5 p\u00e5 Spotter GPS-klockan genom att h\u00e5lla ner SOS-knappen p\u00e5 sidan tills Spotter-logotypen visas p\u00e5 sk\u00e4rmen. Ta med Spotter GPS-klockan utomhus f\u00f6r b\u00e4sta m\u00f6jliga mottagning.<\/p>\n\n\n\n<h3 class=\"wp-block-heading\">Steg 4. Beg\u00e4r platsinformation<\/h3>\n\n\n\n<p>Logga in p\u00e5 ditt Spotter-konto och g\u00e5 till kartan. Klicka p\u00e5 Spottern och en sk\u00e4rm med funktioner visas. H\u00e4r klickar du p\u00e5 &#8221;beg\u00e4r platsinformation&#8221;. Under 3 minuter kommer du nu att f\u00e5 aktuell platsinformation fr\u00e5n Spotter GPS-klockan var 20:e sekund.<\/p>\n\n\n\n<h3 class=\"wp-block-heading\">Steg 5. Platsinformationen tas emot<\/h3>\n\n\n\n<p>F\u00e5r du ingen platsinformation och har f\u00f6ljt alla steg? Kontakta d\u00e5 v\u00e5r kundtj\u00e4nst via <a href=\"https:\/\/www.spottergps.com\/se\/fraga-var-kundservice\/\" data-type=\"page\" data-id=\"15058\">kontaktformul\u00e4ret<\/a>.<\/p>\n\n\n\n<p id=\"tw-target-text\"> <\/p>\n","protected":false},"excerpt":{"rendered":"<p>Steg 1. St\u00e4ng av Spottern Logga in p\u00e5 ditt Spotter-konto [&hellip;]<\/p>\n","protected":false},"author":8,"featured_media":0,"parent":15053,"menu_order":0,"comment_status":"closed","ping_status":"closed","template":"faq-content.php","meta":{"_acf_changed":false,"footnotes":""},"categories":[5],"tags":[],"class_list":["post-15402","page","type-page","status-publish","hentry","category-faq"],"acf":[],"yoast_head":"<!-- This site is optimized with the Yoast SEO plugin v25.9 - https:\/\/yoast.com\/wordpress\/plugins\/seo\/ -->\n<title>\u00c5terst\u00e4ll steg-f\u00f6r-steg-plan Spotter GPS Watch - Spotter Sweden<\/title>\n<meta name=\"robots\" content=\"index, follow, max-snippet:-1, max-image-preview:large, max-video-preview:-1\" \/>\n<link rel=\"canonical\" href=\"https:\/\/www.spottergps.com\/se\/stod\/aterstall-steg-for-steg-plan-spotter-gps-watch\/\" \/>\n<meta property=\"og:locale\" content=\"sv_SE\" \/>\n<meta property=\"og:type\" content=\"article\" \/>\n<meta property=\"og:title\" content=\"\u00c5terst\u00e4ll steg-f\u00f6r-steg-plan Spotter GPS Watch - Spotter Sweden\" \/>\n<meta property=\"og:description\" content=\"Steg 1. St\u00e4ng av Spottern Logga in p\u00e5 ditt Spotter-konto [&hellip;]\" \/>\n<meta property=\"og:url\" content=\"https:\/\/www.spottergps.com\/se\/stod\/aterstall-steg-for-steg-plan-spotter-gps-watch\/\" \/>\n<meta property=\"og:site_name\" content=\"Spotter Sweden\" \/>\n<meta property=\"article:modified_time\" content=\"2023-09-20T11:50:41+00:00\" \/>\n<meta name=\"twitter:card\" content=\"summary_large_image\" \/>\n<meta name=\"twitter:label1\" content=\"Ber\u00e4knad l\u00e4stid\" \/>\n\t<meta name=\"twitter:data1\" content=\"1 minut\" \/>\n<script type=\"application\/ld+json\" class=\"yoast-schema-graph\">{\"@context\":\"https:\/\/schema.org\",\"@graph\":[{\"@type\":\"WebPage\",\"@id\":\"https:\/\/www.spottergps.com\/se\/stod\/aterstall-steg-for-steg-plan-spotter-gps-watch\/\",\"url\":\"https:\/\/www.spottergps.com\/se\/stod\/aterstall-steg-for-steg-plan-spotter-gps-watch\/\",\"name\":\"\u00c5terst\u00e4ll steg-f\u00f6r-steg-plan Spotter GPS Watch - Spotter Sweden\",\"isPartOf\":{\"@id\":\"https:\/\/www.spottergps.com\/se\/#website\"},\"datePublished\":\"2023-09-20T11:47:16+00:00\",\"dateModified\":\"2023-09-20T11:50:41+00:00\",\"breadcrumb\":{\"@id\":\"https:\/\/www.spottergps.com\/se\/stod\/aterstall-steg-for-steg-plan-spotter-gps-watch\/#breadcrumb\"},\"inLanguage\":\"sv-SE\",\"potentialAction\":[{\"@type\":\"ReadAction\",\"target\":[\"https:\/\/www.spottergps.com\/se\/stod\/aterstall-steg-for-steg-plan-spotter-gps-watch\/\"]}]},{\"@type\":\"BreadcrumbList\",\"@id\":\"https:\/\/www.spottergps.com\/se\/stod\/aterstall-steg-for-steg-plan-spotter-gps-watch\/#breadcrumb\",\"itemListElement\":[{\"@type\":\"ListItem\",\"position\":1,\"name\":\"Home\",\"item\":\"https:\/\/www.spottergps.com\/se\/\"},{\"@type\":\"ListItem\",\"position\":2,\"name\":\"Hur kan vi hj\u00e4lpa dig?\",\"item\":\"https:\/\/www.spottergps.com\/se\/stod\/\"},{\"@type\":\"ListItem\",\"position\":3,\"name\":\"\u00c5terst\u00e4ll steg-f\u00f6r-steg-plan Spotter GPS Watch\"}]},{\"@type\":\"WebSite\",\"@id\":\"https:\/\/www.spottergps.com\/se\/#website\",\"url\":\"https:\/\/www.spottergps.com\/se\/\",\"name\":\"Spotter Sweden\",\"description\":\"Spotter GPS Sweden\",\"potentialAction\":[{\"@type\":\"SearchAction\",\"target\":{\"@type\":\"EntryPoint\",\"urlTemplate\":\"https:\/\/www.spottergps.com\/se\/?s={search_term_string}\"},\"query-input\":{\"@type\":\"PropertyValueSpecification\",\"valueRequired\":true,\"valueName\":\"search_term_string\"}}],\"inLanguage\":\"sv-SE\"}]}<\/script>\n<!-- \/ Yoast SEO plugin. -->","yoast_head_json":{"title":"\u00c5terst\u00e4ll steg-f\u00f6r-steg-plan Spotter GPS Watch - Spotter Sweden","robots":{"index":"index","follow":"follow","max-snippet":"max-snippet:-1","max-image-preview":"max-image-preview:large","max-video-preview":"max-video-preview:-1"},"canonical":"https:\/\/www.spottergps.com\/se\/stod\/aterstall-steg-for-steg-plan-spotter-gps-watch\/","og_locale":"sv_SE","og_type":"article","og_title":"\u00c5terst\u00e4ll steg-f\u00f6r-steg-plan Spotter GPS Watch - Spotter Sweden","og_description":"Steg 1. St\u00e4ng av Spottern Logga in p\u00e5 ditt Spotter-konto [&hellip;]","og_url":"https:\/\/www.spottergps.com\/se\/stod\/aterstall-steg-for-steg-plan-spotter-gps-watch\/","og_site_name":"Spotter Sweden","article_modified_time":"2023-09-20T11:50:41+00:00","twitter_card":"summary_large_image","twitter_misc":{"Ber\u00e4knad l\u00e4stid":"1 minut"},"schema":{"@context":"https:\/\/schema.org","@graph":[{"@type":"WebPage","@id":"https:\/\/www.spottergps.com\/se\/stod\/aterstall-steg-for-steg-plan-spotter-gps-watch\/","url":"https:\/\/www.spottergps.com\/se\/stod\/aterstall-steg-for-steg-plan-spotter-gps-watch\/","name":"\u00c5terst\u00e4ll steg-f\u00f6r-steg-plan Spotter GPS Watch - Spotter Sweden","isPartOf":{"@id":"https:\/\/www.spottergps.com\/se\/#website"},"datePublished":"2023-09-20T11:47:16+00:00","dateModified":"2023-09-20T11:50:41+00:00","breadcrumb":{"@id":"https:\/\/www.spottergps.com\/se\/stod\/aterstall-steg-for-steg-plan-spotter-gps-watch\/#breadcrumb"},"inLanguage":"sv-SE","potentialAction":[{"@type":"ReadAction","target":["https:\/\/www.spottergps.com\/se\/stod\/aterstall-steg-for-steg-plan-spotter-gps-watch\/"]}]},{"@type":"BreadcrumbList","@id":"https:\/\/www.spottergps.com\/se\/stod\/aterstall-steg-for-steg-plan-spotter-gps-watch\/#breadcrumb","itemListElement":[{"@type":"ListItem","position":1,"name":"Home","item":"https:\/\/www.spottergps.com\/se\/"},{"@type":"ListItem","position":2,"name":"Hur kan vi hj\u00e4lpa dig?","item":"https:\/\/www.spottergps.com\/se\/stod\/"},{"@type":"ListItem","position":3,"name":"\u00c5terst\u00e4ll steg-f\u00f6r-steg-plan Spotter GPS Watch"}]},{"@type":"WebSite","@id":"https:\/\/www.spottergps.com\/se\/#website","url":"https:\/\/www.spottergps.com\/se\/","name":"Spotter Sweden","description":"Spotter GPS Sweden","potentialAction":[{"@type":"SearchAction","target":{"@type":"EntryPoint","urlTemplate":"https:\/\/www.spottergps.com\/se\/?s={search_term_string}"},"query-input":{"@type":"PropertyValueSpecification","valueRequired":true,"valueName":"search_term_string"}}],"inLanguage":"sv-SE"}]}},"_links":{"self":[{"href":"https:\/\/www.spottergps.com\/se\/wp-json\/wp\/v2\/pages\/15402","targetHints":{"allow":["GET"]}}],"collection":[{"href":"https:\/\/www.spottergps.com\/se\/wp-json\/wp\/v2\/pages"}],"about":[{"href":"https:\/\/www.spottergps.com\/se\/wp-json\/wp\/v2\/types\/page"}],"author":[{"embeddable":true,"href":"https:\/\/www.spottergps.com\/se\/wp-json\/wp\/v2\/users\/8"}],"replies":[{"embeddable":true,"href":"https:\/\/www.spottergps.com\/se\/wp-json\/wp\/v2\/comments?post=15402"}],"version-history":[{"count":1,"href":"https:\/\/www.spottergps.com\/se\/wp-json\/wp\/v2\/pages\/15402\/revisions"}],"predecessor-version":[{"id":15403,"href":"https:\/\/www.spottergps.com\/se\/wp-json\/wp\/v2\/pages\/15402\/revisions\/15403"}],"up":[{"embeddable":true,"href":"https:\/\/www.spottergps.com\/se\/wp-json\/wp\/v2\/pages\/15053"}],"wp:attachment":[{"href":"https:\/\/www.spottergps.com\/se\/wp-json\/wp\/v2\/media?parent=15402"}],"wp:term":[{"taxonomy":"category","embeddable":true,"href":"https:\/\/www.spottergps.com\/se\/wp-json\/wp\/v2\/categories?post=15402"},{"taxonomy":"post_tag","embeddable":true,"href":"https:\/\/www.spottergps.com\/se\/wp-json\/wp\/v2\/tags?post=15402"}],"curies":[{"name":"wp","href":"https:\/\/api.w.org\/{rel}","templated":true}]}}