{"id":15270,"date":"2021-11-19T14:30:01","date_gmt":"2021-11-19T14:30:01","guid":{"rendered":"https:\/\/www.spottergps.com\/se\/?page_id=15270"},"modified":"2025-12-10T07:49:09","modified_gmt":"2025-12-10T07:49:09","slug":"spotter-och-gdpr-lagstiftningen","status":"publish","type":"page","link":"https:\/\/www.spottergps.com\/se\/stod\/spotter-och-gdpr-lagstiftningen\/","title":{"rendered":"Spotter och GDPR-lagstiftningen"},"content":{"rendered":"\n<p>Anv\u00e4ndarens integritet \u00e4r helt garanterad. All data skickas via en krypterad VPN-anslutning (Virtual Private Network) till Spotter B.V. Dessa servrar finns p\u00e5 ett h\u00f6gkvalitativt datacenter som fungerar under ISO9001 \/ ISO 14001, ISO 27001 och NEN 7510. Detta inneb\u00e4r att all data \u00e4r strikt s\u00e4krad och inte kan ses av tredje part. All data f\u00f6rblir under kontroll av Spotter B.V. och g\u00f6rs inte tillg\u00e4nglig f\u00f6r kommersiella \u00e4ndam\u00e5l.<br><br>Dessutom \u00e4r platsdata inte kopplad till anv\u00e4ndarens personuppgifter eller till uppgifter fr\u00e5n kontoadministrat\u00f6ren. <br><br>L\u00e4s mer om hur vi hanterar <a href=\"https:\/\/www.spottergps.com\/se\/sakerhet-och-integritet\/\">s\u00e4kerheten och integriteten<\/a> f\u00f6r v\u00e5ra produkter h\u00e4r.<\/p>\n","protected":false},"excerpt":{"rendered":"<p>Anv\u00e4ndarens integritet \u00e4r helt garanterad. All data skickas via en [&hellip;]<\/p>\n","protected":false},"author":8,"featured_media":0,"parent":15053,"menu_order":0,"comment_status":"closed","ping_status":"closed","template":"faq-content.php","meta":{"_acf_changed":false,"footnotes":""},"categories":[],"tags":[],"class_list":["post-15270","page","type-page","status-publish","hentry"],"acf":[],"yoast_head":"<!-- This site is optimized with the Yoast SEO plugin v25.9 - https:\/\/yoast.com\/wordpress\/plugins\/seo\/ -->\n<title>Spotter och GDPR-lagstiftningen - Spotter Sweden<\/title>\n<meta name=\"robots\" content=\"noindex, nofollow\" \/>\n<meta property=\"og:locale\" content=\"sv_SE\" \/>\n<meta property=\"og:type\" content=\"article\" \/>\n<meta property=\"og:title\" content=\"Spotter och GDPR-lagstiftningen - Spotter Sweden\" \/>\n<meta property=\"og:description\" content=\"Anv\u00e4ndarens integritet \u00e4r helt garanterad. All data skickas via en [&hellip;]\" \/>\n<meta property=\"og:url\" content=\"https:\/\/www.spottergps.com\/se\/stod\/spotter-och-gdpr-lagstiftningen\/\" \/>\n<meta property=\"og:site_name\" content=\"Spotter Sweden\" \/>\n<meta property=\"article:modified_time\" content=\"2025-12-10T07:49:09+00:00\" \/>\n<meta name=\"twitter:card\" content=\"summary_large_image\" \/>\n<meta name=\"twitter:label1\" content=\"Ber\u00e4knad l\u00e4stid\" \/>\n\t<meta name=\"twitter:data1\" content=\"1 minut\" \/>\n<script type=\"application\/ld+json\" class=\"yoast-schema-graph\">{\"@context\":\"https:\/\/schema.org\",\"@graph\":[{\"@type\":\"WebPage\",\"@id\":\"https:\/\/www.spottergps.com\/se\/stod\/spotter-och-gdpr-lagstiftningen\/\",\"url\":\"https:\/\/www.spottergps.com\/se\/stod\/spotter-och-gdpr-lagstiftningen\/\",\"name\":\"Spotter och GDPR-lagstiftningen - Spotter Sweden\",\"isPartOf\":{\"@id\":\"https:\/\/www.spottergps.com\/se\/#website\"},\"datePublished\":\"2021-11-19T14:30:01+00:00\",\"dateModified\":\"2025-12-10T07:49:09+00:00\",\"breadcrumb\":{\"@id\":\"https:\/\/www.spottergps.com\/se\/stod\/spotter-och-gdpr-lagstiftningen\/#breadcrumb\"},\"inLanguage\":\"sv-SE\",\"potentialAction\":[{\"@type\":\"ReadAction\",\"target\":[\"https:\/\/www.spottergps.com\/se\/stod\/spotter-och-gdpr-lagstiftningen\/\"]}]},{\"@type\":\"BreadcrumbList\",\"@id\":\"https:\/\/www.spottergps.com\/se\/stod\/spotter-och-gdpr-lagstiftningen\/#breadcrumb\",\"itemListElement\":[{\"@type\":\"ListItem\",\"position\":1,\"name\":\"Home\",\"item\":\"https:\/\/www.spottergps.com\/se\/\"},{\"@type\":\"ListItem\",\"position\":2,\"name\":\"Hur kan vi hj\u00e4lpa dig?\",\"item\":\"https:\/\/www.spottergps.com\/se\/stod\/\"},{\"@type\":\"ListItem\",\"position\":3,\"name\":\"Spotter och GDPR-lagstiftningen\"}]},{\"@type\":\"WebSite\",\"@id\":\"https:\/\/www.spottergps.com\/se\/#website\",\"url\":\"https:\/\/www.spottergps.com\/se\/\",\"name\":\"Spotter Sweden\",\"description\":\"Spotter GPS Sweden\",\"potentialAction\":[{\"@type\":\"SearchAction\",\"target\":{\"@type\":\"EntryPoint\",\"urlTemplate\":\"https:\/\/www.spottergps.com\/se\/?s={search_term_string}\"},\"query-input\":{\"@type\":\"PropertyValueSpecification\",\"valueRequired\":true,\"valueName\":\"search_term_string\"}}],\"inLanguage\":\"sv-SE\"}]}<\/script>\n<!-- \/ Yoast SEO plugin. -->","yoast_head_json":{"title":"Spotter och GDPR-lagstiftningen - Spotter Sweden","robots":{"index":"noindex","follow":"nofollow"},"og_locale":"sv_SE","og_type":"article","og_title":"Spotter och GDPR-lagstiftningen - Spotter Sweden","og_description":"Anv\u00e4ndarens integritet \u00e4r helt garanterad. All data skickas via en [&hellip;]","og_url":"https:\/\/www.spottergps.com\/se\/stod\/spotter-och-gdpr-lagstiftningen\/","og_site_name":"Spotter Sweden","article_modified_time":"2025-12-10T07:49:09+00:00","twitter_card":"summary_large_image","twitter_misc":{"Ber\u00e4knad l\u00e4stid":"1 minut"},"schema":{"@context":"https:\/\/schema.org","@graph":[{"@type":"WebPage","@id":"https:\/\/www.spottergps.com\/se\/stod\/spotter-och-gdpr-lagstiftningen\/","url":"https:\/\/www.spottergps.com\/se\/stod\/spotter-och-gdpr-lagstiftningen\/","name":"Spotter och GDPR-lagstiftningen - Spotter Sweden","isPartOf":{"@id":"https:\/\/www.spottergps.com\/se\/#website"},"datePublished":"2021-11-19T14:30:01+00:00","dateModified":"2025-12-10T07:49:09+00:00","breadcrumb":{"@id":"https:\/\/www.spottergps.com\/se\/stod\/spotter-och-gdpr-lagstiftningen\/#breadcrumb"},"inLanguage":"sv-SE","potentialAction":[{"@type":"ReadAction","target":["https:\/\/www.spottergps.com\/se\/stod\/spotter-och-gdpr-lagstiftningen\/"]}]},{"@type":"BreadcrumbList","@id":"https:\/\/www.spottergps.com\/se\/stod\/spotter-och-gdpr-lagstiftningen\/#breadcrumb","itemListElement":[{"@type":"ListItem","position":1,"name":"Home","item":"https:\/\/www.spottergps.com\/se\/"},{"@type":"ListItem","position":2,"name":"Hur kan vi hj\u00e4lpa dig?","item":"https:\/\/www.spottergps.com\/se\/stod\/"},{"@type":"ListItem","position":3,"name":"Spotter och GDPR-lagstiftningen"}]},{"@type":"WebSite","@id":"https:\/\/www.spottergps.com\/se\/#website","url":"https:\/\/www.spottergps.com\/se\/","name":"Spotter Sweden","description":"Spotter GPS Sweden","potentialAction":[{"@type":"SearchAction","target":{"@type":"EntryPoint","urlTemplate":"https:\/\/www.spottergps.com\/se\/?s={search_term_string}"},"query-input":{"@type":"PropertyValueSpecification","valueRequired":true,"valueName":"search_term_string"}}],"inLanguage":"sv-SE"}]}},"_links":{"self":[{"href":"https:\/\/www.spottergps.com\/se\/wp-json\/wp\/v2\/pages\/15270","targetHints":{"allow":["GET"]}}],"collection":[{"href":"https:\/\/www.spottergps.com\/se\/wp-json\/wp\/v2\/pages"}],"about":[{"href":"https:\/\/www.spottergps.com\/se\/wp-json\/wp\/v2\/types\/page"}],"author":[{"embeddable":true,"href":"https:\/\/www.spottergps.com\/se\/wp-json\/wp\/v2\/users\/8"}],"replies":[{"embeddable":true,"href":"https:\/\/www.spottergps.com\/se\/wp-json\/wp\/v2\/comments?post=15270"}],"version-history":[{"count":2,"href":"https:\/\/www.spottergps.com\/se\/wp-json\/wp\/v2\/pages\/15270\/revisions"}],"predecessor-version":[{"id":15299,"href":"https:\/\/www.spottergps.com\/se\/wp-json\/wp\/v2\/pages\/15270\/revisions\/15299"}],"up":[{"embeddable":true,"href":"https:\/\/www.spottergps.com\/se\/wp-json\/wp\/v2\/pages\/15053"}],"wp:attachment":[{"href":"https:\/\/www.spottergps.com\/se\/wp-json\/wp\/v2\/media?parent=15270"}],"wp:term":[{"taxonomy":"category","embeddable":true,"href":"https:\/\/www.spottergps.com\/se\/wp-json\/wp\/v2\/categories?post=15270"},{"taxonomy":"post_tag","embeddable":true,"href":"https:\/\/www.spottergps.com\/se\/wp-json\/wp\/v2\/tags?post=15270"}],"curies":[{"name":"wp","href":"https:\/\/api.w.org\/{rel}","templated":true}]}}