{"id":15262,"date":"2021-11-19T14:17:16","date_gmt":"2021-11-19T14:17:16","guid":{"rendered":"https:\/\/www.spottergps.com\/se\/?page_id=15262"},"modified":"2025-12-10T07:44:11","modified_gmt":"2025-12-10T07:44:11","slug":"inte-anvanda-spotter-pa-ett-tag","status":"publish","type":"page","link":"https:\/\/www.spottergps.com\/se\/stod\/inte-anvanda-spotter-pa-ett-tag\/","title":{"rendered":"Inte anv\u00e4nda Spotter p\u00e5 ett tag"},"content":{"rendered":"\n<p>Det fina \u00e4r att v\u00e5ra produkter fungerar p\u00e5 f\u00f6rbetald basis. Anta att du har anv\u00e4nt 3 m\u00e5naders f\u00f6rbetald kredit och sedan inte vill anv\u00e4nda Spotter p\u00e5 ett tag, d\u00e5 g\u00e5r det bra. D\u00e5 beh\u00f6ver du inte g\u00f6ra n\u00e5gonting. N\u00e4r du vill b\u00f6rja anv\u00e4nda Spotter igen kan du fylla p\u00e5 Spotter med <a href=\"https:\/\/www.spottergps.com\/se\/stod\/vad-kostar-en-spotter\/\">ny f\u00f6rbetald kredit<\/a> i 3, 6 eller 12 m\u00e5nader. Under denna period kan du anv\u00e4nda alla funktioner obegr\u00e4nsat, f\u00f6rutom att ringa. Detta g\u00f6rs n\u00e4mligen fr\u00e5n din telefon, f\u00f6r vilken din operat\u00f6rs samtalskostnader g\u00e4ller.<\/p>\n","protected":false},"excerpt":{"rendered":"<p>Det fina \u00e4r att v\u00e5ra produkter fungerar p\u00e5 f\u00f6rbetald basis. [&hellip;]<\/p>\n","protected":false},"author":8,"featured_media":0,"parent":15053,"menu_order":0,"comment_status":"closed","ping_status":"closed","template":"faq-content.php","meta":{"_acf_changed":false,"footnotes":""},"categories":[],"tags":[],"class_list":["post-15262","page","type-page","status-publish","hentry"],"acf":[],"yoast_head":"<!-- This site is optimized with the Yoast SEO plugin v25.9 - https:\/\/yoast.com\/wordpress\/plugins\/seo\/ -->\n<title>Inte anv\u00e4nda Spotter p\u00e5 ett tag - Spotter Sweden<\/title>\n<meta name=\"robots\" content=\"noindex, nofollow\" \/>\n<meta property=\"og:locale\" content=\"sv_SE\" \/>\n<meta property=\"og:type\" content=\"article\" \/>\n<meta property=\"og:title\" content=\"Inte anv\u00e4nda Spotter p\u00e5 ett tag - Spotter Sweden\" \/>\n<meta property=\"og:description\" content=\"Det fina \u00e4r att v\u00e5ra produkter fungerar p\u00e5 f\u00f6rbetald basis. [&hellip;]\" \/>\n<meta property=\"og:url\" content=\"https:\/\/www.spottergps.com\/se\/stod\/inte-anvanda-spotter-pa-ett-tag\/\" \/>\n<meta property=\"og:site_name\" content=\"Spotter Sweden\" \/>\n<meta property=\"article:modified_time\" content=\"2025-12-10T07:44:11+00:00\" \/>\n<meta name=\"twitter:card\" content=\"summary_large_image\" \/>\n<meta name=\"twitter:label1\" content=\"Ber\u00e4knad l\u00e4stid\" \/>\n\t<meta name=\"twitter:data1\" content=\"1 minut\" \/>\n<script type=\"application\/ld+json\" class=\"yoast-schema-graph\">{\"@context\":\"https:\/\/schema.org\",\"@graph\":[{\"@type\":\"WebPage\",\"@id\":\"https:\/\/www.spottergps.com\/se\/stod\/inte-anvanda-spotter-pa-ett-tag\/\",\"url\":\"https:\/\/www.spottergps.com\/se\/stod\/inte-anvanda-spotter-pa-ett-tag\/\",\"name\":\"Inte anv\u00e4nda Spotter p\u00e5 ett tag - Spotter Sweden\",\"isPartOf\":{\"@id\":\"https:\/\/www.spottergps.com\/se\/#website\"},\"datePublished\":\"2021-11-19T14:17:16+00:00\",\"dateModified\":\"2025-12-10T07:44:11+00:00\",\"breadcrumb\":{\"@id\":\"https:\/\/www.spottergps.com\/se\/stod\/inte-anvanda-spotter-pa-ett-tag\/#breadcrumb\"},\"inLanguage\":\"sv-SE\",\"potentialAction\":[{\"@type\":\"ReadAction\",\"target\":[\"https:\/\/www.spottergps.com\/se\/stod\/inte-anvanda-spotter-pa-ett-tag\/\"]}]},{\"@type\":\"BreadcrumbList\",\"@id\":\"https:\/\/www.spottergps.com\/se\/stod\/inte-anvanda-spotter-pa-ett-tag\/#breadcrumb\",\"itemListElement\":[{\"@type\":\"ListItem\",\"position\":1,\"name\":\"Home\",\"item\":\"https:\/\/www.spottergps.com\/se\/\"},{\"@type\":\"ListItem\",\"position\":2,\"name\":\"Hur kan vi hj\u00e4lpa dig?\",\"item\":\"https:\/\/www.spottergps.com\/se\/stod\/\"},{\"@type\":\"ListItem\",\"position\":3,\"name\":\"Inte anv\u00e4nda Spotter p\u00e5 ett tag\"}]},{\"@type\":\"WebSite\",\"@id\":\"https:\/\/www.spottergps.com\/se\/#website\",\"url\":\"https:\/\/www.spottergps.com\/se\/\",\"name\":\"Spotter Sweden\",\"description\":\"Spotter GPS Sweden\",\"potentialAction\":[{\"@type\":\"SearchAction\",\"target\":{\"@type\":\"EntryPoint\",\"urlTemplate\":\"https:\/\/www.spottergps.com\/se\/?s={search_term_string}\"},\"query-input\":{\"@type\":\"PropertyValueSpecification\",\"valueRequired\":true,\"valueName\":\"search_term_string\"}}],\"inLanguage\":\"sv-SE\"}]}<\/script>\n<!-- \/ Yoast SEO plugin. -->","yoast_head_json":{"title":"Inte anv\u00e4nda Spotter p\u00e5 ett tag - Spotter Sweden","robots":{"index":"noindex","follow":"nofollow"},"og_locale":"sv_SE","og_type":"article","og_title":"Inte anv\u00e4nda Spotter p\u00e5 ett tag - Spotter Sweden","og_description":"Det fina \u00e4r att v\u00e5ra produkter fungerar p\u00e5 f\u00f6rbetald basis. [&hellip;]","og_url":"https:\/\/www.spottergps.com\/se\/stod\/inte-anvanda-spotter-pa-ett-tag\/","og_site_name":"Spotter Sweden","article_modified_time":"2025-12-10T07:44:11+00:00","twitter_card":"summary_large_image","twitter_misc":{"Ber\u00e4knad l\u00e4stid":"1 minut"},"schema":{"@context":"https:\/\/schema.org","@graph":[{"@type":"WebPage","@id":"https:\/\/www.spottergps.com\/se\/stod\/inte-anvanda-spotter-pa-ett-tag\/","url":"https:\/\/www.spottergps.com\/se\/stod\/inte-anvanda-spotter-pa-ett-tag\/","name":"Inte anv\u00e4nda Spotter p\u00e5 ett tag - Spotter Sweden","isPartOf":{"@id":"https:\/\/www.spottergps.com\/se\/#website"},"datePublished":"2021-11-19T14:17:16+00:00","dateModified":"2025-12-10T07:44:11+00:00","breadcrumb":{"@id":"https:\/\/www.spottergps.com\/se\/stod\/inte-anvanda-spotter-pa-ett-tag\/#breadcrumb"},"inLanguage":"sv-SE","potentialAction":[{"@type":"ReadAction","target":["https:\/\/www.spottergps.com\/se\/stod\/inte-anvanda-spotter-pa-ett-tag\/"]}]},{"@type":"BreadcrumbList","@id":"https:\/\/www.spottergps.com\/se\/stod\/inte-anvanda-spotter-pa-ett-tag\/#breadcrumb","itemListElement":[{"@type":"ListItem","position":1,"name":"Home","item":"https:\/\/www.spottergps.com\/se\/"},{"@type":"ListItem","position":2,"name":"Hur kan vi hj\u00e4lpa dig?","item":"https:\/\/www.spottergps.com\/se\/stod\/"},{"@type":"ListItem","position":3,"name":"Inte anv\u00e4nda Spotter p\u00e5 ett tag"}]},{"@type":"WebSite","@id":"https:\/\/www.spottergps.com\/se\/#website","url":"https:\/\/www.spottergps.com\/se\/","name":"Spotter Sweden","description":"Spotter GPS Sweden","potentialAction":[{"@type":"SearchAction","target":{"@type":"EntryPoint","urlTemplate":"https:\/\/www.spottergps.com\/se\/?s={search_term_string}"},"query-input":{"@type":"PropertyValueSpecification","valueRequired":true,"valueName":"search_term_string"}}],"inLanguage":"sv-SE"}]}},"_links":{"self":[{"href":"https:\/\/www.spottergps.com\/se\/wp-json\/wp\/v2\/pages\/15262","targetHints":{"allow":["GET"]}}],"collection":[{"href":"https:\/\/www.spottergps.com\/se\/wp-json\/wp\/v2\/pages"}],"about":[{"href":"https:\/\/www.spottergps.com\/se\/wp-json\/wp\/v2\/types\/page"}],"author":[{"embeddable":true,"href":"https:\/\/www.spottergps.com\/se\/wp-json\/wp\/v2\/users\/8"}],"replies":[{"embeddable":true,"href":"https:\/\/www.spottergps.com\/se\/wp-json\/wp\/v2\/comments?post=15262"}],"version-history":[{"count":1,"href":"https:\/\/www.spottergps.com\/se\/wp-json\/wp\/v2\/pages\/15262\/revisions"}],"predecessor-version":[{"id":15263,"href":"https:\/\/www.spottergps.com\/se\/wp-json\/wp\/v2\/pages\/15262\/revisions\/15263"}],"up":[{"embeddable":true,"href":"https:\/\/www.spottergps.com\/se\/wp-json\/wp\/v2\/pages\/15053"}],"wp:attachment":[{"href":"https:\/\/www.spottergps.com\/se\/wp-json\/wp\/v2\/media?parent=15262"}],"wp:term":[{"taxonomy":"category","embeddable":true,"href":"https:\/\/www.spottergps.com\/se\/wp-json\/wp\/v2\/categories?post=15262"},{"taxonomy":"post_tag","embeddable":true,"href":"https:\/\/www.spottergps.com\/se\/wp-json\/wp\/v2\/tags?post=15262"}],"curies":[{"name":"wp","href":"https:\/\/api.w.org\/{rel}","templated":true}]}}