{"id":15259,"date":"2021-11-19T14:15:24","date_gmt":"2021-11-19T14:15:24","guid":{"rendered":"https:\/\/www.spottergps.com\/se\/?page_id=15259"},"modified":"2025-12-10T07:50:25","modified_gmt":"2025-12-10T07:50:25","slug":"vad-kostar-det-om-jag-ringer-till-spotter","status":"publish","type":"page","link":"https:\/\/www.spottergps.com\/se\/stod\/vad-kostar-det-om-jag-ringer-till-spotter\/","title":{"rendered":"Vad kostar det om jag ringer till Spotter?"},"content":{"rendered":"\n<p>N\u00e4r du ringer till Spotter \u00e4r det exklusive den f\u00f6rbetalda krediten. Du ringer till ett europeiskt mobilnummer och din telefonleverant\u00f6rs samtalskostnader g\u00e4ller.<br><br>Alla v\u00e5ra produkter \u00e4r utrustade med ett inbyggt roaming SIM-kort som s\u00e4kerst\u00e4ller att v\u00e5ra produkter fungerar i hela Europa p\u00e5 alla tillg\u00e4ngliga mobiln\u00e4t utan extra kostnad. \u00c4ven i Sverige fungerar v\u00e5ra produkter p\u00e5 alla tillg\u00e4ngliga mobiln\u00e4t. Anledningen till detta \u00e4r att vi inte vill vara beroende av n\u00e4tt\u00e4ckningen hos en enskild mobiloperat\u00f6r i ett land (eller region), utan Spotter v\u00e4ljer alltid det b\u00e4sta tillg\u00e4ngliga mobiln\u00e4tet oavsett mobiloperat\u00f6r. Det betyder att n\u00e4r du ringer till Spotter \u00e4r det till ett europeiskt mobilnummer och din telefonleverant\u00f6rs vanliga samtalskostnader g\u00e4ller.<br><br>Det \u00e4r ocks\u00e5 m\u00f6jligt att ringa till Spotter via Skype till ett billigare pris.<br><br><br>Tags: hur dyrt, telefonkostnad<\/p>\n","protected":false},"excerpt":{"rendered":"<p>N\u00e4r du ringer till Spotter \u00e4r det exklusive den f\u00f6rbetalda [&hellip;]<\/p>\n","protected":false},"author":8,"featured_media":0,"parent":15053,"menu_order":0,"comment_status":"closed","ping_status":"closed","template":"faq-content.php","meta":{"_acf_changed":false,"footnotes":""},"categories":[],"tags":[],"class_list":["post-15259","page","type-page","status-publish","hentry"],"acf":[],"yoast_head":"<!-- This site is optimized with the Yoast SEO plugin v25.9 - https:\/\/yoast.com\/wordpress\/plugins\/seo\/ -->\n<title>Vad kostar det om jag ringer till Spotter? - Spotter Sweden<\/title>\n<meta name=\"robots\" content=\"noindex, nofollow\" \/>\n<meta property=\"og:locale\" content=\"sv_SE\" \/>\n<meta property=\"og:type\" content=\"article\" \/>\n<meta property=\"og:title\" content=\"Vad kostar det om jag ringer till Spotter? - Spotter Sweden\" \/>\n<meta property=\"og:description\" content=\"N\u00e4r du ringer till Spotter \u00e4r det exklusive den f\u00f6rbetalda [&hellip;]\" \/>\n<meta property=\"og:url\" content=\"https:\/\/www.spottergps.com\/se\/stod\/vad-kostar-det-om-jag-ringer-till-spotter\/\" \/>\n<meta property=\"og:site_name\" content=\"Spotter Sweden\" \/>\n<meta property=\"article:modified_time\" content=\"2025-12-10T07:50:25+00:00\" \/>\n<meta name=\"twitter:card\" content=\"summary_large_image\" \/>\n<meta name=\"twitter:label1\" content=\"Ber\u00e4knad l\u00e4stid\" \/>\n\t<meta name=\"twitter:data1\" content=\"1 minut\" \/>\n<script type=\"application\/ld+json\" class=\"yoast-schema-graph\">{\"@context\":\"https:\/\/schema.org\",\"@graph\":[{\"@type\":\"WebPage\",\"@id\":\"https:\/\/www.spottergps.com\/se\/stod\/vad-kostar-det-om-jag-ringer-till-spotter\/\",\"url\":\"https:\/\/www.spottergps.com\/se\/stod\/vad-kostar-det-om-jag-ringer-till-spotter\/\",\"name\":\"Vad kostar det om jag ringer till Spotter? - Spotter Sweden\",\"isPartOf\":{\"@id\":\"https:\/\/www.spottergps.com\/se\/#website\"},\"datePublished\":\"2021-11-19T14:15:24+00:00\",\"dateModified\":\"2025-12-10T07:50:25+00:00\",\"breadcrumb\":{\"@id\":\"https:\/\/www.spottergps.com\/se\/stod\/vad-kostar-det-om-jag-ringer-till-spotter\/#breadcrumb\"},\"inLanguage\":\"sv-SE\",\"potentialAction\":[{\"@type\":\"ReadAction\",\"target\":[\"https:\/\/www.spottergps.com\/se\/stod\/vad-kostar-det-om-jag-ringer-till-spotter\/\"]}]},{\"@type\":\"BreadcrumbList\",\"@id\":\"https:\/\/www.spottergps.com\/se\/stod\/vad-kostar-det-om-jag-ringer-till-spotter\/#breadcrumb\",\"itemListElement\":[{\"@type\":\"ListItem\",\"position\":1,\"name\":\"Home\",\"item\":\"https:\/\/www.spottergps.com\/se\/\"},{\"@type\":\"ListItem\",\"position\":2,\"name\":\"Hur kan vi hj\u00e4lpa dig?\",\"item\":\"https:\/\/www.spottergps.com\/se\/stod\/\"},{\"@type\":\"ListItem\",\"position\":3,\"name\":\"Vad kostar det om jag ringer till Spotter?\"}]},{\"@type\":\"WebSite\",\"@id\":\"https:\/\/www.spottergps.com\/se\/#website\",\"url\":\"https:\/\/www.spottergps.com\/se\/\",\"name\":\"Spotter Sweden\",\"description\":\"Spotter GPS Sweden\",\"potentialAction\":[{\"@type\":\"SearchAction\",\"target\":{\"@type\":\"EntryPoint\",\"urlTemplate\":\"https:\/\/www.spottergps.com\/se\/?s={search_term_string}\"},\"query-input\":{\"@type\":\"PropertyValueSpecification\",\"valueRequired\":true,\"valueName\":\"search_term_string\"}}],\"inLanguage\":\"sv-SE\"}]}<\/script>\n<!-- \/ Yoast SEO plugin. -->","yoast_head_json":{"title":"Vad kostar det om jag ringer till Spotter? - Spotter Sweden","robots":{"index":"noindex","follow":"nofollow"},"og_locale":"sv_SE","og_type":"article","og_title":"Vad kostar det om jag ringer till Spotter? - Spotter Sweden","og_description":"N\u00e4r du ringer till Spotter \u00e4r det exklusive den f\u00f6rbetalda [&hellip;]","og_url":"https:\/\/www.spottergps.com\/se\/stod\/vad-kostar-det-om-jag-ringer-till-spotter\/","og_site_name":"Spotter Sweden","article_modified_time":"2025-12-10T07:50:25+00:00","twitter_card":"summary_large_image","twitter_misc":{"Ber\u00e4knad l\u00e4stid":"1 minut"},"schema":{"@context":"https:\/\/schema.org","@graph":[{"@type":"WebPage","@id":"https:\/\/www.spottergps.com\/se\/stod\/vad-kostar-det-om-jag-ringer-till-spotter\/","url":"https:\/\/www.spottergps.com\/se\/stod\/vad-kostar-det-om-jag-ringer-till-spotter\/","name":"Vad kostar det om jag ringer till Spotter? - Spotter Sweden","isPartOf":{"@id":"https:\/\/www.spottergps.com\/se\/#website"},"datePublished":"2021-11-19T14:15:24+00:00","dateModified":"2025-12-10T07:50:25+00:00","breadcrumb":{"@id":"https:\/\/www.spottergps.com\/se\/stod\/vad-kostar-det-om-jag-ringer-till-spotter\/#breadcrumb"},"inLanguage":"sv-SE","potentialAction":[{"@type":"ReadAction","target":["https:\/\/www.spottergps.com\/se\/stod\/vad-kostar-det-om-jag-ringer-till-spotter\/"]}]},{"@type":"BreadcrumbList","@id":"https:\/\/www.spottergps.com\/se\/stod\/vad-kostar-det-om-jag-ringer-till-spotter\/#breadcrumb","itemListElement":[{"@type":"ListItem","position":1,"name":"Home","item":"https:\/\/www.spottergps.com\/se\/"},{"@type":"ListItem","position":2,"name":"Hur kan vi hj\u00e4lpa dig?","item":"https:\/\/www.spottergps.com\/se\/stod\/"},{"@type":"ListItem","position":3,"name":"Vad kostar det om jag ringer till Spotter?"}]},{"@type":"WebSite","@id":"https:\/\/www.spottergps.com\/se\/#website","url":"https:\/\/www.spottergps.com\/se\/","name":"Spotter Sweden","description":"Spotter GPS Sweden","potentialAction":[{"@type":"SearchAction","target":{"@type":"EntryPoint","urlTemplate":"https:\/\/www.spottergps.com\/se\/?s={search_term_string}"},"query-input":{"@type":"PropertyValueSpecification","valueRequired":true,"valueName":"search_term_string"}}],"inLanguage":"sv-SE"}]}},"_links":{"self":[{"href":"https:\/\/www.spottergps.com\/se\/wp-json\/wp\/v2\/pages\/15259","targetHints":{"allow":["GET"]}}],"collection":[{"href":"https:\/\/www.spottergps.com\/se\/wp-json\/wp\/v2\/pages"}],"about":[{"href":"https:\/\/www.spottergps.com\/se\/wp-json\/wp\/v2\/types\/page"}],"author":[{"embeddable":true,"href":"https:\/\/www.spottergps.com\/se\/wp-json\/wp\/v2\/users\/8"}],"replies":[{"embeddable":true,"href":"https:\/\/www.spottergps.com\/se\/wp-json\/wp\/v2\/comments?post=15259"}],"version-history":[{"count":1,"href":"https:\/\/www.spottergps.com\/se\/wp-json\/wp\/v2\/pages\/15259\/revisions"}],"predecessor-version":[{"id":15260,"href":"https:\/\/www.spottergps.com\/se\/wp-json\/wp\/v2\/pages\/15259\/revisions\/15260"}],"up":[{"embeddable":true,"href":"https:\/\/www.spottergps.com\/se\/wp-json\/wp\/v2\/pages\/15053"}],"wp:attachment":[{"href":"https:\/\/www.spottergps.com\/se\/wp-json\/wp\/v2\/media?parent=15259"}],"wp:term":[{"taxonomy":"category","embeddable":true,"href":"https:\/\/www.spottergps.com\/se\/wp-json\/wp\/v2\/categories?post=15259"},{"taxonomy":"post_tag","embeddable":true,"href":"https:\/\/www.spottergps.com\/se\/wp-json\/wp\/v2\/tags?post=15259"}],"curies":[{"name":"wp","href":"https:\/\/api.w.org\/{rel}","templated":true}]}}