{"id":15256,"date":"2021-11-19T14:09:48","date_gmt":"2021-11-19T14:09:48","guid":{"rendered":"https:\/\/www.spottergps.com\/se\/?page_id=15256"},"modified":"2025-12-10T07:45:42","modified_gmt":"2025-12-10T07:45:42","slug":"kan-jag-ocksa-fylla-pa-fran-utlandet","status":"publish","type":"page","link":"https:\/\/www.spottergps.com\/se\/stod\/kan-jag-ocksa-fylla-pa-fran-utlandet\/","title":{"rendered":"Kan jag ocks\u00e5 fylla p\u00e5 fr\u00e5n utlandet?"},"content":{"rendered":"\n<p>Ja, det \u00e4r absolut m\u00f6jligt. Du kan fylla p\u00e5 Spotter var som helst med en internetanslutning. Du loggar in p\u00e5 ditt online-konto och\u00a0ser rubriken &#8221;fyll p\u00e5&#8221; till v\u00e4nster p\u00e5 sk\u00e4rmen. Du kan v\u00e4lja mellan en kredit p\u00e5 3, 6 eller 12 m\u00e5nader. Spotter kan \u00e4ven anv\u00e4ndas i <a href=\"https:\/\/www.spottergps.com\/se\/stod\/i-vilka-lander-fungerar-spotter\/\">hela Europa<\/a>.<br><br><br>Tags: andra l\u00e4nder, Europa, v\u00e4rlden<\/p>\n","protected":false},"excerpt":{"rendered":"<p>Ja, det \u00e4r absolut m\u00f6jligt. Du kan fylla p\u00e5 Spotter [&hellip;]<\/p>\n","protected":false},"author":8,"featured_media":0,"parent":15053,"menu_order":0,"comment_status":"closed","ping_status":"closed","template":"faq-content.php","meta":{"_acf_changed":false,"footnotes":""},"categories":[],"tags":[],"class_list":["post-15256","page","type-page","status-publish","hentry"],"acf":[],"yoast_head":"<!-- This site is optimized with the Yoast SEO plugin v25.9 - https:\/\/yoast.com\/wordpress\/plugins\/seo\/ -->\n<title>Kan jag ocks\u00e5 fylla p\u00e5 fr\u00e5n utlandet? - Spotter Sweden<\/title>\n<meta name=\"robots\" content=\"noindex, nofollow\" \/>\n<meta property=\"og:locale\" content=\"sv_SE\" \/>\n<meta property=\"og:type\" content=\"article\" \/>\n<meta property=\"og:title\" content=\"Kan jag ocks\u00e5 fylla p\u00e5 fr\u00e5n utlandet? - Spotter Sweden\" \/>\n<meta property=\"og:description\" content=\"Ja, det \u00e4r absolut m\u00f6jligt. Du kan fylla p\u00e5 Spotter [&hellip;]\" \/>\n<meta property=\"og:url\" content=\"https:\/\/www.spottergps.com\/se\/stod\/kan-jag-ocksa-fylla-pa-fran-utlandet\/\" \/>\n<meta property=\"og:site_name\" content=\"Spotter Sweden\" \/>\n<meta property=\"article:modified_time\" content=\"2025-12-10T07:45:42+00:00\" \/>\n<meta name=\"twitter:card\" content=\"summary_large_image\" \/>\n<meta name=\"twitter:label1\" content=\"Ber\u00e4knad l\u00e4stid\" \/>\n\t<meta name=\"twitter:data1\" content=\"1 minut\" \/>\n<script type=\"application\/ld+json\" class=\"yoast-schema-graph\">{\"@context\":\"https:\/\/schema.org\",\"@graph\":[{\"@type\":\"WebPage\",\"@id\":\"https:\/\/www.spottergps.com\/se\/stod\/kan-jag-ocksa-fylla-pa-fran-utlandet\/\",\"url\":\"https:\/\/www.spottergps.com\/se\/stod\/kan-jag-ocksa-fylla-pa-fran-utlandet\/\",\"name\":\"Kan jag ocks\u00e5 fylla p\u00e5 fr\u00e5n utlandet? - Spotter Sweden\",\"isPartOf\":{\"@id\":\"https:\/\/www.spottergps.com\/se\/#website\"},\"datePublished\":\"2021-11-19T14:09:48+00:00\",\"dateModified\":\"2025-12-10T07:45:42+00:00\",\"breadcrumb\":{\"@id\":\"https:\/\/www.spottergps.com\/se\/stod\/kan-jag-ocksa-fylla-pa-fran-utlandet\/#breadcrumb\"},\"inLanguage\":\"sv-SE\",\"potentialAction\":[{\"@type\":\"ReadAction\",\"target\":[\"https:\/\/www.spottergps.com\/se\/stod\/kan-jag-ocksa-fylla-pa-fran-utlandet\/\"]}]},{\"@type\":\"BreadcrumbList\",\"@id\":\"https:\/\/www.spottergps.com\/se\/stod\/kan-jag-ocksa-fylla-pa-fran-utlandet\/#breadcrumb\",\"itemListElement\":[{\"@type\":\"ListItem\",\"position\":1,\"name\":\"Home\",\"item\":\"https:\/\/www.spottergps.com\/se\/\"},{\"@type\":\"ListItem\",\"position\":2,\"name\":\"Hur kan vi hj\u00e4lpa dig?\",\"item\":\"https:\/\/www.spottergps.com\/se\/stod\/\"},{\"@type\":\"ListItem\",\"position\":3,\"name\":\"Kan jag ocks\u00e5 fylla p\u00e5 fr\u00e5n utlandet?\"}]},{\"@type\":\"WebSite\",\"@id\":\"https:\/\/www.spottergps.com\/se\/#website\",\"url\":\"https:\/\/www.spottergps.com\/se\/\",\"name\":\"Spotter Sweden\",\"description\":\"Spotter GPS Sweden\",\"potentialAction\":[{\"@type\":\"SearchAction\",\"target\":{\"@type\":\"EntryPoint\",\"urlTemplate\":\"https:\/\/www.spottergps.com\/se\/?s={search_term_string}\"},\"query-input\":{\"@type\":\"PropertyValueSpecification\",\"valueRequired\":true,\"valueName\":\"search_term_string\"}}],\"inLanguage\":\"sv-SE\"}]}<\/script>\n<!-- \/ Yoast SEO plugin. -->","yoast_head_json":{"title":"Kan jag ocks\u00e5 fylla p\u00e5 fr\u00e5n utlandet? - Spotter Sweden","robots":{"index":"noindex","follow":"nofollow"},"og_locale":"sv_SE","og_type":"article","og_title":"Kan jag ocks\u00e5 fylla p\u00e5 fr\u00e5n utlandet? - Spotter Sweden","og_description":"Ja, det \u00e4r absolut m\u00f6jligt. Du kan fylla p\u00e5 Spotter [&hellip;]","og_url":"https:\/\/www.spottergps.com\/se\/stod\/kan-jag-ocksa-fylla-pa-fran-utlandet\/","og_site_name":"Spotter Sweden","article_modified_time":"2025-12-10T07:45:42+00:00","twitter_card":"summary_large_image","twitter_misc":{"Ber\u00e4knad l\u00e4stid":"1 minut"},"schema":{"@context":"https:\/\/schema.org","@graph":[{"@type":"WebPage","@id":"https:\/\/www.spottergps.com\/se\/stod\/kan-jag-ocksa-fylla-pa-fran-utlandet\/","url":"https:\/\/www.spottergps.com\/se\/stod\/kan-jag-ocksa-fylla-pa-fran-utlandet\/","name":"Kan jag ocks\u00e5 fylla p\u00e5 fr\u00e5n utlandet? - Spotter Sweden","isPartOf":{"@id":"https:\/\/www.spottergps.com\/se\/#website"},"datePublished":"2021-11-19T14:09:48+00:00","dateModified":"2025-12-10T07:45:42+00:00","breadcrumb":{"@id":"https:\/\/www.spottergps.com\/se\/stod\/kan-jag-ocksa-fylla-pa-fran-utlandet\/#breadcrumb"},"inLanguage":"sv-SE","potentialAction":[{"@type":"ReadAction","target":["https:\/\/www.spottergps.com\/se\/stod\/kan-jag-ocksa-fylla-pa-fran-utlandet\/"]}]},{"@type":"BreadcrumbList","@id":"https:\/\/www.spottergps.com\/se\/stod\/kan-jag-ocksa-fylla-pa-fran-utlandet\/#breadcrumb","itemListElement":[{"@type":"ListItem","position":1,"name":"Home","item":"https:\/\/www.spottergps.com\/se\/"},{"@type":"ListItem","position":2,"name":"Hur kan vi hj\u00e4lpa dig?","item":"https:\/\/www.spottergps.com\/se\/stod\/"},{"@type":"ListItem","position":3,"name":"Kan jag ocks\u00e5 fylla p\u00e5 fr\u00e5n utlandet?"}]},{"@type":"WebSite","@id":"https:\/\/www.spottergps.com\/se\/#website","url":"https:\/\/www.spottergps.com\/se\/","name":"Spotter Sweden","description":"Spotter GPS Sweden","potentialAction":[{"@type":"SearchAction","target":{"@type":"EntryPoint","urlTemplate":"https:\/\/www.spottergps.com\/se\/?s={search_term_string}"},"query-input":{"@type":"PropertyValueSpecification","valueRequired":true,"valueName":"search_term_string"}}],"inLanguage":"sv-SE"}]}},"_links":{"self":[{"href":"https:\/\/www.spottergps.com\/se\/wp-json\/wp\/v2\/pages\/15256","targetHints":{"allow":["GET"]}}],"collection":[{"href":"https:\/\/www.spottergps.com\/se\/wp-json\/wp\/v2\/pages"}],"about":[{"href":"https:\/\/www.spottergps.com\/se\/wp-json\/wp\/v2\/types\/page"}],"author":[{"embeddable":true,"href":"https:\/\/www.spottergps.com\/se\/wp-json\/wp\/v2\/users\/8"}],"replies":[{"embeddable":true,"href":"https:\/\/www.spottergps.com\/se\/wp-json\/wp\/v2\/comments?post=15256"}],"version-history":[{"count":1,"href":"https:\/\/www.spottergps.com\/se\/wp-json\/wp\/v2\/pages\/15256\/revisions"}],"predecessor-version":[{"id":15257,"href":"https:\/\/www.spottergps.com\/se\/wp-json\/wp\/v2\/pages\/15256\/revisions\/15257"}],"up":[{"embeddable":true,"href":"https:\/\/www.spottergps.com\/se\/wp-json\/wp\/v2\/pages\/15053"}],"wp:attachment":[{"href":"https:\/\/www.spottergps.com\/se\/wp-json\/wp\/v2\/media?parent=15256"}],"wp:term":[{"taxonomy":"category","embeddable":true,"href":"https:\/\/www.spottergps.com\/se\/wp-json\/wp\/v2\/categories?post=15256"},{"taxonomy":"post_tag","embeddable":true,"href":"https:\/\/www.spottergps.com\/se\/wp-json\/wp\/v2\/tags?post=15256"}],"curies":[{"name":"wp","href":"https:\/\/api.w.org\/{rel}","templated":true}]}}