{"id":15253,"date":"2021-11-19T14:06:54","date_gmt":"2021-11-19T14:06:54","guid":{"rendered":"https:\/\/www.spottergps.com\/se\/?page_id=15253"},"modified":"2025-12-10T07:47:02","modified_gmt":"2025-12-10T07:47:02","slug":"ladda-pa-forbetald-kredit","status":"publish","type":"page","link":"https:\/\/www.spottergps.com\/se\/stod\/ladda-pa-forbetald-kredit\/","title":{"rendered":"Ladda p\u00e5 f\u00f6rbetald kredit"},"content":{"rendered":"\n<p>Du kan fylla p\u00e5 Spotter via ditt <a href=\"https:\/\/my.spottergps.com\/\">online-konto<\/a> eller Spotter-appen. Om du \u00e4r inloggad p\u00e5 ditt konto (via datorn) ser du rubriken &#8221;fyll p\u00e5&#8221; till v\u00e4nster p\u00e5 sk\u00e4rmen. Om du klickar h\u00e4r kan du v\u00e4lja mellan olika f\u00f6rbetalda krediter:<\/p>\n\n\n\n<figure class=\"wp-block-table\"><table><tbody><tr><td><strong>Antal m\u00e5nader<\/strong><\/td><td><strong>Pris<\/strong><\/td><\/tr><tr><td>3 m\u00e5nader<\/td><td>17,95 \u20ac inkl. moms<\/td><\/tr><tr><td>6 m\u00e5nader<\/td><td>34,95 \u20ac inkl. moms<\/td><\/tr><tr><td>12 m\u00e5nader<\/td><td>59,00 \u20ac inkl. moms<\/td><\/tr><\/tbody><\/table><\/figure>\n\n\n\n<p><br>V\u00e4lj \u00f6nskad f\u00f6rbetald kredit och ange din adress genom att klicka p\u00e5 &#8221;redigera&#8221;. Spara detta, v\u00e4lj den Spotter du vill fylla p\u00e5 och klicka p\u00e5 den gr\u00f6na knappen &#8217;Forts\u00e4tt med best\u00e4llning&#8217;. Du kommer nu att omdirigeras till Spotter-butiken, d\u00e4r du kan betala.<br><br>Du beh\u00f6ver inte fylla p\u00e5 Spotter direkt n\u00e4r krediten \u00e4r slut. Du kan till exempel v\u00e4lja att inte anv\u00e4nda Spotter p\u00e5 3 m\u00e5nader och sedan aktivera ny kredit.<\/p>\n","protected":false},"excerpt":{"rendered":"<p>Du kan fylla p\u00e5 Spotter via ditt online-konto eller Spotter-appen. [&hellip;]<\/p>\n","protected":false},"author":8,"featured_media":0,"parent":15053,"menu_order":0,"comment_status":"closed","ping_status":"closed","template":"faq-content.php","meta":{"_acf_changed":false,"footnotes":""},"categories":[],"tags":[],"class_list":["post-15253","page","type-page","status-publish","hentry"],"acf":[],"yoast_head":"<!-- This site is optimized with the Yoast SEO plugin v25.9 - https:\/\/yoast.com\/wordpress\/plugins\/seo\/ -->\n<title>Ladda p\u00e5 f\u00f6rbetald kredit - Spotter Sweden<\/title>\n<meta name=\"robots\" content=\"noindex, nofollow\" \/>\n<meta property=\"og:locale\" content=\"sv_SE\" \/>\n<meta property=\"og:type\" content=\"article\" \/>\n<meta property=\"og:title\" content=\"Ladda p\u00e5 f\u00f6rbetald kredit - Spotter Sweden\" \/>\n<meta property=\"og:description\" content=\"Du kan fylla p\u00e5 Spotter via ditt online-konto eller Spotter-appen. [&hellip;]\" \/>\n<meta property=\"og:url\" content=\"https:\/\/www.spottergps.com\/se\/stod\/ladda-pa-forbetald-kredit\/\" \/>\n<meta property=\"og:site_name\" content=\"Spotter Sweden\" \/>\n<meta property=\"article:modified_time\" content=\"2025-12-10T07:47:02+00:00\" \/>\n<meta name=\"twitter:card\" content=\"summary_large_image\" \/>\n<meta name=\"twitter:label1\" content=\"Ber\u00e4knad l\u00e4stid\" \/>\n\t<meta name=\"twitter:data1\" content=\"1 minut\" \/>\n<script type=\"application\/ld+json\" class=\"yoast-schema-graph\">{\"@context\":\"https:\/\/schema.org\",\"@graph\":[{\"@type\":\"WebPage\",\"@id\":\"https:\/\/www.spottergps.com\/se\/stod\/ladda-pa-forbetald-kredit\/\",\"url\":\"https:\/\/www.spottergps.com\/se\/stod\/ladda-pa-forbetald-kredit\/\",\"name\":\"Ladda p\u00e5 f\u00f6rbetald kredit - Spotter Sweden\",\"isPartOf\":{\"@id\":\"https:\/\/www.spottergps.com\/se\/#website\"},\"datePublished\":\"2021-11-19T14:06:54+00:00\",\"dateModified\":\"2025-12-10T07:47:02+00:00\",\"breadcrumb\":{\"@id\":\"https:\/\/www.spottergps.com\/se\/stod\/ladda-pa-forbetald-kredit\/#breadcrumb\"},\"inLanguage\":\"sv-SE\",\"potentialAction\":[{\"@type\":\"ReadAction\",\"target\":[\"https:\/\/www.spottergps.com\/se\/stod\/ladda-pa-forbetald-kredit\/\"]}]},{\"@type\":\"BreadcrumbList\",\"@id\":\"https:\/\/www.spottergps.com\/se\/stod\/ladda-pa-forbetald-kredit\/#breadcrumb\",\"itemListElement\":[{\"@type\":\"ListItem\",\"position\":1,\"name\":\"Home\",\"item\":\"https:\/\/www.spottergps.com\/se\/\"},{\"@type\":\"ListItem\",\"position\":2,\"name\":\"Hur kan vi hj\u00e4lpa dig?\",\"item\":\"https:\/\/www.spottergps.com\/se\/stod\/\"},{\"@type\":\"ListItem\",\"position\":3,\"name\":\"Ladda p\u00e5 f\u00f6rbetald kredit\"}]},{\"@type\":\"WebSite\",\"@id\":\"https:\/\/www.spottergps.com\/se\/#website\",\"url\":\"https:\/\/www.spottergps.com\/se\/\",\"name\":\"Spotter Sweden\",\"description\":\"Spotter GPS Sweden\",\"potentialAction\":[{\"@type\":\"SearchAction\",\"target\":{\"@type\":\"EntryPoint\",\"urlTemplate\":\"https:\/\/www.spottergps.com\/se\/?s={search_term_string}\"},\"query-input\":{\"@type\":\"PropertyValueSpecification\",\"valueRequired\":true,\"valueName\":\"search_term_string\"}}],\"inLanguage\":\"sv-SE\"}]}<\/script>\n<!-- \/ Yoast SEO plugin. -->","yoast_head_json":{"title":"Ladda p\u00e5 f\u00f6rbetald kredit - Spotter Sweden","robots":{"index":"noindex","follow":"nofollow"},"og_locale":"sv_SE","og_type":"article","og_title":"Ladda p\u00e5 f\u00f6rbetald kredit - Spotter Sweden","og_description":"Du kan fylla p\u00e5 Spotter via ditt online-konto eller Spotter-appen. [&hellip;]","og_url":"https:\/\/www.spottergps.com\/se\/stod\/ladda-pa-forbetald-kredit\/","og_site_name":"Spotter Sweden","article_modified_time":"2025-12-10T07:47:02+00:00","twitter_card":"summary_large_image","twitter_misc":{"Ber\u00e4knad l\u00e4stid":"1 minut"},"schema":{"@context":"https:\/\/schema.org","@graph":[{"@type":"WebPage","@id":"https:\/\/www.spottergps.com\/se\/stod\/ladda-pa-forbetald-kredit\/","url":"https:\/\/www.spottergps.com\/se\/stod\/ladda-pa-forbetald-kredit\/","name":"Ladda p\u00e5 f\u00f6rbetald kredit - Spotter Sweden","isPartOf":{"@id":"https:\/\/www.spottergps.com\/se\/#website"},"datePublished":"2021-11-19T14:06:54+00:00","dateModified":"2025-12-10T07:47:02+00:00","breadcrumb":{"@id":"https:\/\/www.spottergps.com\/se\/stod\/ladda-pa-forbetald-kredit\/#breadcrumb"},"inLanguage":"sv-SE","potentialAction":[{"@type":"ReadAction","target":["https:\/\/www.spottergps.com\/se\/stod\/ladda-pa-forbetald-kredit\/"]}]},{"@type":"BreadcrumbList","@id":"https:\/\/www.spottergps.com\/se\/stod\/ladda-pa-forbetald-kredit\/#breadcrumb","itemListElement":[{"@type":"ListItem","position":1,"name":"Home","item":"https:\/\/www.spottergps.com\/se\/"},{"@type":"ListItem","position":2,"name":"Hur kan vi hj\u00e4lpa dig?","item":"https:\/\/www.spottergps.com\/se\/stod\/"},{"@type":"ListItem","position":3,"name":"Ladda p\u00e5 f\u00f6rbetald kredit"}]},{"@type":"WebSite","@id":"https:\/\/www.spottergps.com\/se\/#website","url":"https:\/\/www.spottergps.com\/se\/","name":"Spotter Sweden","description":"Spotter GPS Sweden","potentialAction":[{"@type":"SearchAction","target":{"@type":"EntryPoint","urlTemplate":"https:\/\/www.spottergps.com\/se\/?s={search_term_string}"},"query-input":{"@type":"PropertyValueSpecification","valueRequired":true,"valueName":"search_term_string"}}],"inLanguage":"sv-SE"}]}},"_links":{"self":[{"href":"https:\/\/www.spottergps.com\/se\/wp-json\/wp\/v2\/pages\/15253","targetHints":{"allow":["GET"]}}],"collection":[{"href":"https:\/\/www.spottergps.com\/se\/wp-json\/wp\/v2\/pages"}],"about":[{"href":"https:\/\/www.spottergps.com\/se\/wp-json\/wp\/v2\/types\/page"}],"author":[{"embeddable":true,"href":"https:\/\/www.spottergps.com\/se\/wp-json\/wp\/v2\/users\/8"}],"replies":[{"embeddable":true,"href":"https:\/\/www.spottergps.com\/se\/wp-json\/wp\/v2\/comments?post=15253"}],"version-history":[{"count":4,"href":"https:\/\/www.spottergps.com\/se\/wp-json\/wp\/v2\/pages\/15253\/revisions"}],"predecessor-version":[{"id":15364,"href":"https:\/\/www.spottergps.com\/se\/wp-json\/wp\/v2\/pages\/15253\/revisions\/15364"}],"up":[{"embeddable":true,"href":"https:\/\/www.spottergps.com\/se\/wp-json\/wp\/v2\/pages\/15053"}],"wp:attachment":[{"href":"https:\/\/www.spottergps.com\/se\/wp-json\/wp\/v2\/media?parent=15253"}],"wp:term":[{"taxonomy":"category","embeddable":true,"href":"https:\/\/www.spottergps.com\/se\/wp-json\/wp\/v2\/categories?post=15253"},{"taxonomy":"post_tag","embeddable":true,"href":"https:\/\/www.spottergps.com\/se\/wp-json\/wp\/v2\/tags?post=15253"}],"curies":[{"name":"wp","href":"https:\/\/api.w.org\/{rel}","templated":true}]}}