{"id":15250,"date":"2021-11-19T14:01:28","date_gmt":"2021-11-19T14:01:28","guid":{"rendered":"https:\/\/www.spottergps.com\/se\/?page_id=15250"},"modified":"2025-12-10T07:40:31","modified_gmt":"2025-12-10T07:40:31","slug":"hur-fungerar-den-forbetalda-krediten","status":"publish","type":"page","link":"https:\/\/www.spottergps.com\/se\/stod\/hur-fungerar-den-forbetalda-krediten\/","title":{"rendered":"Hur fungerar den f\u00f6rbetalda krediten?"},"content":{"rendered":"\n<p>N\u00e4r du aktiverar Spotter kan du v\u00e4lja vilken period du vill anv\u00e4nda Spotter. Du kan v\u00e4lja mellan 3, 6, 12 eller 24 m\u00e5nader med kredit. Under denna period har du obegr\u00e4nsad tillg\u00e5ng till funktionerna. Efter denna period kan du v\u00e4lja att inte anv\u00e4nda Spotter under en tid eller ladda p\u00e5 med ny kredit.<br><br><br>Tags: contracten, abonnementskosten, simkaart<\/p>\n","protected":false},"excerpt":{"rendered":"<p>N\u00e4r du aktiverar Spotter kan du v\u00e4lja vilken period du [&hellip;]<\/p>\n","protected":false},"author":8,"featured_media":0,"parent":15053,"menu_order":0,"comment_status":"closed","ping_status":"closed","template":"faq-content.php","meta":{"_acf_changed":false,"footnotes":""},"categories":[],"tags":[],"class_list":["post-15250","page","type-page","status-publish","hentry"],"acf":[],"yoast_head":"<!-- This site is optimized with the Yoast SEO plugin v25.9 - https:\/\/yoast.com\/wordpress\/plugins\/seo\/ -->\n<title>Hur fungerar den f\u00f6rbetalda krediten? - Spotter Sweden<\/title>\n<meta name=\"robots\" content=\"noindex, nofollow\" \/>\n<meta property=\"og:locale\" content=\"sv_SE\" \/>\n<meta property=\"og:type\" content=\"article\" \/>\n<meta property=\"og:title\" content=\"Hur fungerar den f\u00f6rbetalda krediten? - Spotter Sweden\" \/>\n<meta property=\"og:description\" content=\"N\u00e4r du aktiverar Spotter kan du v\u00e4lja vilken period du [&hellip;]\" \/>\n<meta property=\"og:url\" content=\"https:\/\/www.spottergps.com\/se\/stod\/hur-fungerar-den-forbetalda-krediten\/\" \/>\n<meta property=\"og:site_name\" content=\"Spotter Sweden\" \/>\n<meta property=\"article:modified_time\" content=\"2025-12-10T07:40:31+00:00\" \/>\n<meta name=\"twitter:card\" content=\"summary_large_image\" \/>\n<meta name=\"twitter:label1\" content=\"Ber\u00e4knad l\u00e4stid\" \/>\n\t<meta name=\"twitter:data1\" content=\"1 minut\" \/>\n<script type=\"application\/ld+json\" class=\"yoast-schema-graph\">{\"@context\":\"https:\/\/schema.org\",\"@graph\":[{\"@type\":\"WebPage\",\"@id\":\"https:\/\/www.spottergps.com\/se\/stod\/hur-fungerar-den-forbetalda-krediten\/\",\"url\":\"https:\/\/www.spottergps.com\/se\/stod\/hur-fungerar-den-forbetalda-krediten\/\",\"name\":\"Hur fungerar den f\u00f6rbetalda krediten? - Spotter Sweden\",\"isPartOf\":{\"@id\":\"https:\/\/www.spottergps.com\/se\/#website\"},\"datePublished\":\"2021-11-19T14:01:28+00:00\",\"dateModified\":\"2025-12-10T07:40:31+00:00\",\"breadcrumb\":{\"@id\":\"https:\/\/www.spottergps.com\/se\/stod\/hur-fungerar-den-forbetalda-krediten\/#breadcrumb\"},\"inLanguage\":\"sv-SE\",\"potentialAction\":[{\"@type\":\"ReadAction\",\"target\":[\"https:\/\/www.spottergps.com\/se\/stod\/hur-fungerar-den-forbetalda-krediten\/\"]}]},{\"@type\":\"BreadcrumbList\",\"@id\":\"https:\/\/www.spottergps.com\/se\/stod\/hur-fungerar-den-forbetalda-krediten\/#breadcrumb\",\"itemListElement\":[{\"@type\":\"ListItem\",\"position\":1,\"name\":\"Home\",\"item\":\"https:\/\/www.spottergps.com\/se\/\"},{\"@type\":\"ListItem\",\"position\":2,\"name\":\"Hur kan vi hj\u00e4lpa dig?\",\"item\":\"https:\/\/www.spottergps.com\/se\/stod\/\"},{\"@type\":\"ListItem\",\"position\":3,\"name\":\"Hur fungerar den f\u00f6rbetalda krediten?\"}]},{\"@type\":\"WebSite\",\"@id\":\"https:\/\/www.spottergps.com\/se\/#website\",\"url\":\"https:\/\/www.spottergps.com\/se\/\",\"name\":\"Spotter Sweden\",\"description\":\"Spotter GPS Sweden\",\"potentialAction\":[{\"@type\":\"SearchAction\",\"target\":{\"@type\":\"EntryPoint\",\"urlTemplate\":\"https:\/\/www.spottergps.com\/se\/?s={search_term_string}\"},\"query-input\":{\"@type\":\"PropertyValueSpecification\",\"valueRequired\":true,\"valueName\":\"search_term_string\"}}],\"inLanguage\":\"sv-SE\"}]}<\/script>\n<!-- \/ Yoast SEO plugin. -->","yoast_head_json":{"title":"Hur fungerar den f\u00f6rbetalda krediten? - Spotter Sweden","robots":{"index":"noindex","follow":"nofollow"},"og_locale":"sv_SE","og_type":"article","og_title":"Hur fungerar den f\u00f6rbetalda krediten? - Spotter Sweden","og_description":"N\u00e4r du aktiverar Spotter kan du v\u00e4lja vilken period du [&hellip;]","og_url":"https:\/\/www.spottergps.com\/se\/stod\/hur-fungerar-den-forbetalda-krediten\/","og_site_name":"Spotter Sweden","article_modified_time":"2025-12-10T07:40:31+00:00","twitter_card":"summary_large_image","twitter_misc":{"Ber\u00e4knad l\u00e4stid":"1 minut"},"schema":{"@context":"https:\/\/schema.org","@graph":[{"@type":"WebPage","@id":"https:\/\/www.spottergps.com\/se\/stod\/hur-fungerar-den-forbetalda-krediten\/","url":"https:\/\/www.spottergps.com\/se\/stod\/hur-fungerar-den-forbetalda-krediten\/","name":"Hur fungerar den f\u00f6rbetalda krediten? - Spotter Sweden","isPartOf":{"@id":"https:\/\/www.spottergps.com\/se\/#website"},"datePublished":"2021-11-19T14:01:28+00:00","dateModified":"2025-12-10T07:40:31+00:00","breadcrumb":{"@id":"https:\/\/www.spottergps.com\/se\/stod\/hur-fungerar-den-forbetalda-krediten\/#breadcrumb"},"inLanguage":"sv-SE","potentialAction":[{"@type":"ReadAction","target":["https:\/\/www.spottergps.com\/se\/stod\/hur-fungerar-den-forbetalda-krediten\/"]}]},{"@type":"BreadcrumbList","@id":"https:\/\/www.spottergps.com\/se\/stod\/hur-fungerar-den-forbetalda-krediten\/#breadcrumb","itemListElement":[{"@type":"ListItem","position":1,"name":"Home","item":"https:\/\/www.spottergps.com\/se\/"},{"@type":"ListItem","position":2,"name":"Hur kan vi hj\u00e4lpa dig?","item":"https:\/\/www.spottergps.com\/se\/stod\/"},{"@type":"ListItem","position":3,"name":"Hur fungerar den f\u00f6rbetalda krediten?"}]},{"@type":"WebSite","@id":"https:\/\/www.spottergps.com\/se\/#website","url":"https:\/\/www.spottergps.com\/se\/","name":"Spotter Sweden","description":"Spotter GPS Sweden","potentialAction":[{"@type":"SearchAction","target":{"@type":"EntryPoint","urlTemplate":"https:\/\/www.spottergps.com\/se\/?s={search_term_string}"},"query-input":{"@type":"PropertyValueSpecification","valueRequired":true,"valueName":"search_term_string"}}],"inLanguage":"sv-SE"}]}},"_links":{"self":[{"href":"https:\/\/www.spottergps.com\/se\/wp-json\/wp\/v2\/pages\/15250","targetHints":{"allow":["GET"]}}],"collection":[{"href":"https:\/\/www.spottergps.com\/se\/wp-json\/wp\/v2\/pages"}],"about":[{"href":"https:\/\/www.spottergps.com\/se\/wp-json\/wp\/v2\/types\/page"}],"author":[{"embeddable":true,"href":"https:\/\/www.spottergps.com\/se\/wp-json\/wp\/v2\/users\/8"}],"replies":[{"embeddable":true,"href":"https:\/\/www.spottergps.com\/se\/wp-json\/wp\/v2\/comments?post=15250"}],"version-history":[{"count":3,"href":"https:\/\/www.spottergps.com\/se\/wp-json\/wp\/v2\/pages\/15250\/revisions"}],"predecessor-version":[{"id":15508,"href":"https:\/\/www.spottergps.com\/se\/wp-json\/wp\/v2\/pages\/15250\/revisions\/15508"}],"up":[{"embeddable":true,"href":"https:\/\/www.spottergps.com\/se\/wp-json\/wp\/v2\/pages\/15053"}],"wp:attachment":[{"href":"https:\/\/www.spottergps.com\/se\/wp-json\/wp\/v2\/media?parent=15250"}],"wp:term":[{"taxonomy":"category","embeddable":true,"href":"https:\/\/www.spottergps.com\/se\/wp-json\/wp\/v2\/categories?post=15250"},{"taxonomy":"post_tag","embeddable":true,"href":"https:\/\/www.spottergps.com\/se\/wp-json\/wp\/v2\/tags?post=15250"}],"curies":[{"name":"wp","href":"https:\/\/api.w.org\/{rel}","templated":true}]}}