{"id":15247,"date":"2021-11-19T13:59:56","date_gmt":"2021-11-19T13:59:56","guid":{"rendered":"https:\/\/www.spottergps.com\/se\/?page_id=15247"},"modified":"2023-09-20T12:11:27","modified_gmt":"2023-09-20T12:11:27","slug":"vad-kostar-en-spotter","status":"publish","type":"page","link":"https:\/\/www.spottergps.com\/se\/stod\/vad-kostar-en-spotter\/","title":{"rendered":"Vad kostar en Spotter?"},"content":{"rendered":"\n<p>Alla v\u00e5ra produkter \u00e4r mycket prisv\u00e4rda, b\u00e5de att k\u00f6pa och att anv\u00e4nda. Dessutom \u00e4r du inte bunden till ett abonnemang eller avtal eftersom produkterna fungerar med f\u00f6rbetald kredit. Du fyller p\u00e5 den f\u00f6rbetalda krediten n\u00e4r du b\u00f6rjar anv\u00e4nda den. Du kan v\u00e4lja mellan 3, 6 eller 12 m\u00e5naders f\u00f6rbetald kredit. Under denna period kan du anv\u00e4nda alla funktioner obegr\u00e4nsat, f\u00f6rutom att ringa. Det g\u00f6r du n\u00e4mligen fr\u00e5n din telefon, d\u00e4r din operat\u00f6rs samtalskostnader g\u00e4ller.<\/p>\n\n\n\n<h2 class=\"wp-block-heading\">Produkter<\/h2>\n\n\n\n<figure class=\"wp-block-table\"><table><tbody><tr><td><strong>Product&nbsp;<\/strong><\/td><td><strong>Prijs&nbsp;<\/strong><\/td><\/tr><tr><td>Spotter GPS Tracker&nbsp; (soon available in Sweden)<\/td><td>99,95 \u20ac inkl. moms<\/td><\/tr><tr><td>Spotter GPS Watch <\/td><td>99,95 \u20ac inkl. moms <\/td><\/tr><tr><td>\u00a0Spotter GPS Watch \u2013 Air  (soon available in Sweden) <\/td><td>&nbsp;99,95 \u20ac inkl. moms <\/td><\/tr><tr><td>Pet Spotter  (soon available in Sweden) <\/td><td>99,95 \u20ac inkl. moms <\/td><\/tr><tr><td><\/td><td><\/td><\/tr><\/tbody><\/table><\/figure>\n\n\n\n<h2 class=\"wp-block-heading\"><br>F\u00f6rbetald kredit<\/h2>\n\n\n\n<figure class=\"wp-block-table\"><table><tbody><tr><td><strong>Antal m\u00e5nader <\/strong><\/td><td><strong>Pris<\/strong><\/td><\/tr><tr><td>3 m\u00e5nader<\/td><td>17,95 \u20ac inkl. moms<\/td><\/tr><tr><td>6 m\u00e5nader <\/td><td>34,95 \u20ac inkl. moms<\/td><\/tr><tr><td>12 m\u00e5nader <\/td><td>59,00 \u20ac inkl. moms<\/td><\/tr><\/tbody><\/table><\/figure>\n\n\n\n<p><br>Tags: hur dyr, pris, priser<\/p>\n","protected":false},"excerpt":{"rendered":"<p>Alla v\u00e5ra produkter \u00e4r mycket prisv\u00e4rda, b\u00e5de att k\u00f6pa och [&hellip;]<\/p>\n","protected":false},"author":8,"featured_media":0,"parent":15053,"menu_order":0,"comment_status":"closed","ping_status":"closed","template":"faq-content.php","meta":{"_acf_changed":false,"footnotes":""},"categories":[],"tags":[],"class_list":["post-15247","page","type-page","status-publish","hentry"],"acf":[],"yoast_head":"<!-- This site is optimized with the Yoast SEO plugin v25.9 - https:\/\/yoast.com\/wordpress\/plugins\/seo\/ -->\n<title>Vad kostar en Spotter? - Spotter Sweden<\/title>\n<meta name=\"robots\" content=\"index, follow, max-snippet:-1, max-image-preview:large, max-video-preview:-1\" \/>\n<link rel=\"canonical\" href=\"https:\/\/www.spottergps.com\/se\/stod\/vad-kostar-en-spotter\/\" \/>\n<meta property=\"og:locale\" content=\"sv_SE\" \/>\n<meta property=\"og:type\" content=\"article\" \/>\n<meta property=\"og:title\" content=\"Vad kostar en Spotter? - Spotter Sweden\" \/>\n<meta property=\"og:description\" content=\"Alla v\u00e5ra produkter \u00e4r mycket prisv\u00e4rda, b\u00e5de att k\u00f6pa och [&hellip;]\" \/>\n<meta property=\"og:url\" content=\"https:\/\/www.spottergps.com\/se\/stod\/vad-kostar-en-spotter\/\" \/>\n<meta property=\"og:site_name\" content=\"Spotter Sweden\" \/>\n<meta property=\"article:modified_time\" content=\"2023-09-20T12:11:27+00:00\" \/>\n<meta name=\"twitter:card\" content=\"summary_large_image\" \/>\n<meta name=\"twitter:label1\" content=\"Ber\u00e4knad l\u00e4stid\" \/>\n\t<meta name=\"twitter:data1\" content=\"1 minut\" \/>\n<script type=\"application\/ld+json\" class=\"yoast-schema-graph\">{\"@context\":\"https:\/\/schema.org\",\"@graph\":[{\"@type\":\"WebPage\",\"@id\":\"https:\/\/www.spottergps.com\/se\/stod\/vad-kostar-en-spotter\/\",\"url\":\"https:\/\/www.spottergps.com\/se\/stod\/vad-kostar-en-spotter\/\",\"name\":\"Vad kostar en Spotter? - Spotter Sweden\",\"isPartOf\":{\"@id\":\"https:\/\/www.spottergps.com\/se\/#website\"},\"datePublished\":\"2021-11-19T13:59:56+00:00\",\"dateModified\":\"2023-09-20T12:11:27+00:00\",\"breadcrumb\":{\"@id\":\"https:\/\/www.spottergps.com\/se\/stod\/vad-kostar-en-spotter\/#breadcrumb\"},\"inLanguage\":\"sv-SE\",\"potentialAction\":[{\"@type\":\"ReadAction\",\"target\":[\"https:\/\/www.spottergps.com\/se\/stod\/vad-kostar-en-spotter\/\"]}]},{\"@type\":\"BreadcrumbList\",\"@id\":\"https:\/\/www.spottergps.com\/se\/stod\/vad-kostar-en-spotter\/#breadcrumb\",\"itemListElement\":[{\"@type\":\"ListItem\",\"position\":1,\"name\":\"Home\",\"item\":\"https:\/\/www.spottergps.com\/se\/\"},{\"@type\":\"ListItem\",\"position\":2,\"name\":\"Hur kan vi hj\u00e4lpa dig?\",\"item\":\"https:\/\/www.spottergps.com\/se\/stod\/\"},{\"@type\":\"ListItem\",\"position\":3,\"name\":\"Vad kostar en Spotter?\"}]},{\"@type\":\"WebSite\",\"@id\":\"https:\/\/www.spottergps.com\/se\/#website\",\"url\":\"https:\/\/www.spottergps.com\/se\/\",\"name\":\"Spotter Sweden\",\"description\":\"Spotter GPS Sweden\",\"potentialAction\":[{\"@type\":\"SearchAction\",\"target\":{\"@type\":\"EntryPoint\",\"urlTemplate\":\"https:\/\/www.spottergps.com\/se\/?s={search_term_string}\"},\"query-input\":{\"@type\":\"PropertyValueSpecification\",\"valueRequired\":true,\"valueName\":\"search_term_string\"}}],\"inLanguage\":\"sv-SE\"}]}<\/script>\n<!-- \/ Yoast SEO plugin. -->","yoast_head_json":{"title":"Vad kostar en Spotter? - Spotter Sweden","robots":{"index":"index","follow":"follow","max-snippet":"max-snippet:-1","max-image-preview":"max-image-preview:large","max-video-preview":"max-video-preview:-1"},"canonical":"https:\/\/www.spottergps.com\/se\/stod\/vad-kostar-en-spotter\/","og_locale":"sv_SE","og_type":"article","og_title":"Vad kostar en Spotter? - Spotter Sweden","og_description":"Alla v\u00e5ra produkter \u00e4r mycket prisv\u00e4rda, b\u00e5de att k\u00f6pa och [&hellip;]","og_url":"https:\/\/www.spottergps.com\/se\/stod\/vad-kostar-en-spotter\/","og_site_name":"Spotter Sweden","article_modified_time":"2023-09-20T12:11:27+00:00","twitter_card":"summary_large_image","twitter_misc":{"Ber\u00e4knad l\u00e4stid":"1 minut"},"schema":{"@context":"https:\/\/schema.org","@graph":[{"@type":"WebPage","@id":"https:\/\/www.spottergps.com\/se\/stod\/vad-kostar-en-spotter\/","url":"https:\/\/www.spottergps.com\/se\/stod\/vad-kostar-en-spotter\/","name":"Vad kostar en Spotter? - Spotter Sweden","isPartOf":{"@id":"https:\/\/www.spottergps.com\/se\/#website"},"datePublished":"2021-11-19T13:59:56+00:00","dateModified":"2023-09-20T12:11:27+00:00","breadcrumb":{"@id":"https:\/\/www.spottergps.com\/se\/stod\/vad-kostar-en-spotter\/#breadcrumb"},"inLanguage":"sv-SE","potentialAction":[{"@type":"ReadAction","target":["https:\/\/www.spottergps.com\/se\/stod\/vad-kostar-en-spotter\/"]}]},{"@type":"BreadcrumbList","@id":"https:\/\/www.spottergps.com\/se\/stod\/vad-kostar-en-spotter\/#breadcrumb","itemListElement":[{"@type":"ListItem","position":1,"name":"Home","item":"https:\/\/www.spottergps.com\/se\/"},{"@type":"ListItem","position":2,"name":"Hur kan vi hj\u00e4lpa dig?","item":"https:\/\/www.spottergps.com\/se\/stod\/"},{"@type":"ListItem","position":3,"name":"Vad kostar en Spotter?"}]},{"@type":"WebSite","@id":"https:\/\/www.spottergps.com\/se\/#website","url":"https:\/\/www.spottergps.com\/se\/","name":"Spotter Sweden","description":"Spotter GPS Sweden","potentialAction":[{"@type":"SearchAction","target":{"@type":"EntryPoint","urlTemplate":"https:\/\/www.spottergps.com\/se\/?s={search_term_string}"},"query-input":{"@type":"PropertyValueSpecification","valueRequired":true,"valueName":"search_term_string"}}],"inLanguage":"sv-SE"}]}},"_links":{"self":[{"href":"https:\/\/www.spottergps.com\/se\/wp-json\/wp\/v2\/pages\/15247","targetHints":{"allow":["GET"]}}],"collection":[{"href":"https:\/\/www.spottergps.com\/se\/wp-json\/wp\/v2\/pages"}],"about":[{"href":"https:\/\/www.spottergps.com\/se\/wp-json\/wp\/v2\/types\/page"}],"author":[{"embeddable":true,"href":"https:\/\/www.spottergps.com\/se\/wp-json\/wp\/v2\/users\/8"}],"replies":[{"embeddable":true,"href":"https:\/\/www.spottergps.com\/se\/wp-json\/wp\/v2\/comments?post=15247"}],"version-history":[{"count":6,"href":"https:\/\/www.spottergps.com\/se\/wp-json\/wp\/v2\/pages\/15247\/revisions"}],"predecessor-version":[{"id":15414,"href":"https:\/\/www.spottergps.com\/se\/wp-json\/wp\/v2\/pages\/15247\/revisions\/15414"}],"up":[{"embeddable":true,"href":"https:\/\/www.spottergps.com\/se\/wp-json\/wp\/v2\/pages\/15053"}],"wp:attachment":[{"href":"https:\/\/www.spottergps.com\/se\/wp-json\/wp\/v2\/media?parent=15247"}],"wp:term":[{"taxonomy":"category","embeddable":true,"href":"https:\/\/www.spottergps.com\/se\/wp-json\/wp\/v2\/categories?post=15247"},{"taxonomy":"post_tag","embeddable":true,"href":"https:\/\/www.spottergps.com\/se\/wp-json\/wp\/v2\/tags?post=15247"}],"curies":[{"name":"wp","href":"https:\/\/api.w.org\/{rel}","templated":true}]}}