{"id":15243,"date":"2021-11-19T13:36:31","date_gmt":"2021-11-19T13:36:31","guid":{"rendered":"https:\/\/www.spottergps.com\/se\/?page_id=15243"},"modified":"2023-09-20T12:10:40","modified_gmt":"2023-09-20T12:10:40","slug":"jag-kan-inte-lagga-till-en-extra-spotter-till-mitt-konto","status":"publish","type":"page","link":"https:\/\/www.spottergps.com\/se\/stod\/jag-kan-inte-lagga-till-en-extra-spotter-till-mitt-konto\/","title":{"rendered":"Jag kan inte l\u00e4gga till en extra Spotter till mitt konto"},"content":{"rendered":"\n<p>Kontrollera f\u00f6rst s\u00e5 att Spotter-koden (p\u00e5 det bl\u00e5 kortet) \u00e4r korrekt ifylld. Det verkar vara ett logiskt steg, men vi m\u00e4rker regelbundet att koden \u00e4r felaktigt kopierad fr\u00e5n kortet.<br><br>Har du redan l\u00e4nkat Spotter till ett annat konto? D\u00e5 m\u00e5ste du f\u00f6rst ta bort den fr\u00e5n det kontot. Detta kan g\u00f6ras genom att logga in via kontot som Spotter \u00e4r l\u00e4nkad till och g\u00e5 till Home-menyn. Till h\u00f6ger bredvid kartan kan du v\u00e4lja Spotter och dra den till papperskorgen l\u00e4ngst upp till h\u00f6ger p\u00e5 sk\u00e4rmen. Spotter-koden kan sedan kopplas till ett annat konto.<br><br>L\u00e4gg sedan till Spotter p\u00e5 kontot:&#8221;<\/p>\n\n\n\n<ul class=\"wp-block-list\">\n<li>Logga in p\u00e5 kontot <\/li>\n\n\n\n<li>Du g\u00e5r till menyn &#8221;L\u00e4gg till Spotter&#8221;. <\/li>\n\n\n\n<li>H\u00e4r anger den 12-siffriga Spotter-koden som st\u00e5r p\u00e5 det bl\u00e5 kortet. <\/li>\n\n\n\n<li>Spotter \u00e4r nu kopplad till ditt konto och du kan b\u00f6rja anv\u00e4nda den. <\/li>\n<\/ul>\n\n\n\n<p>Om dessa steg inte skulle fungera, kontakta <a href=\"https:\/\/www.spottergps.com\/se\/fraga-var-kundservice\/\" data-type=\"page\" data-id=\"15058\">kundservice<\/a>.<\/p>\n","protected":false},"excerpt":{"rendered":"<p>Kontrollera f\u00f6rst s\u00e5 att Spotter-koden (p\u00e5 det bl\u00e5 kortet) \u00e4r [&hellip;]<\/p>\n","protected":false},"author":8,"featured_media":0,"parent":15053,"menu_order":0,"comment_status":"closed","ping_status":"closed","template":"faq-content.php","meta":{"_acf_changed":false,"footnotes":""},"categories":[],"tags":[],"class_list":["post-15243","page","type-page","status-publish","hentry"],"acf":[],"yoast_head":"<!-- This site is optimized with the Yoast SEO plugin v25.9 - https:\/\/yoast.com\/wordpress\/plugins\/seo\/ -->\n<title>Jag kan inte l\u00e4gga till en extra Spotter<\/title>\n<meta name=\"robots\" content=\"index, follow, max-snippet:-1, max-image-preview:large, max-video-preview:-1\" \/>\n<link rel=\"canonical\" href=\"https:\/\/www.spottergps.com\/se\/stod\/jag-kan-inte-lagga-till-en-extra-spotter-till-mitt-konto\/\" \/>\n<meta property=\"og:locale\" content=\"sv_SE\" \/>\n<meta property=\"og:type\" content=\"article\" \/>\n<meta property=\"og:title\" content=\"Jag kan inte l\u00e4gga till en extra Spotter\" \/>\n<meta property=\"og:description\" content=\"Kontrollera f\u00f6rst s\u00e5 att Spotter-koden (p\u00e5 det bl\u00e5 kortet) \u00e4r [&hellip;]\" \/>\n<meta property=\"og:url\" content=\"https:\/\/www.spottergps.com\/se\/stod\/jag-kan-inte-lagga-till-en-extra-spotter-till-mitt-konto\/\" \/>\n<meta property=\"og:site_name\" content=\"Spotter Sweden\" \/>\n<meta property=\"article:modified_time\" content=\"2023-09-20T12:10:40+00:00\" \/>\n<meta name=\"twitter:card\" content=\"summary_large_image\" \/>\n<meta name=\"twitter:label1\" content=\"Ber\u00e4knad l\u00e4stid\" \/>\n\t<meta name=\"twitter:data1\" content=\"1 minut\" \/>\n<script type=\"application\/ld+json\" class=\"yoast-schema-graph\">{\"@context\":\"https:\/\/schema.org\",\"@graph\":[{\"@type\":\"WebPage\",\"@id\":\"https:\/\/www.spottergps.com\/se\/stod\/jag-kan-inte-lagga-till-en-extra-spotter-till-mitt-konto\/\",\"url\":\"https:\/\/www.spottergps.com\/se\/stod\/jag-kan-inte-lagga-till-en-extra-spotter-till-mitt-konto\/\",\"name\":\"Jag kan inte l\u00e4gga till en extra Spotter\",\"isPartOf\":{\"@id\":\"https:\/\/www.spottergps.com\/se\/#website\"},\"datePublished\":\"2021-11-19T13:36:31+00:00\",\"dateModified\":\"2023-09-20T12:10:40+00:00\",\"breadcrumb\":{\"@id\":\"https:\/\/www.spottergps.com\/se\/stod\/jag-kan-inte-lagga-till-en-extra-spotter-till-mitt-konto\/#breadcrumb\"},\"inLanguage\":\"sv-SE\",\"potentialAction\":[{\"@type\":\"ReadAction\",\"target\":[\"https:\/\/www.spottergps.com\/se\/stod\/jag-kan-inte-lagga-till-en-extra-spotter-till-mitt-konto\/\"]}]},{\"@type\":\"BreadcrumbList\",\"@id\":\"https:\/\/www.spottergps.com\/se\/stod\/jag-kan-inte-lagga-till-en-extra-spotter-till-mitt-konto\/#breadcrumb\",\"itemListElement\":[{\"@type\":\"ListItem\",\"position\":1,\"name\":\"Home\",\"item\":\"https:\/\/www.spottergps.com\/se\/\"},{\"@type\":\"ListItem\",\"position\":2,\"name\":\"Hur kan vi hj\u00e4lpa dig?\",\"item\":\"https:\/\/www.spottergps.com\/se\/stod\/\"},{\"@type\":\"ListItem\",\"position\":3,\"name\":\"Jag kan inte l\u00e4gga till en extra Spotter till mitt konto\"}]},{\"@type\":\"WebSite\",\"@id\":\"https:\/\/www.spottergps.com\/se\/#website\",\"url\":\"https:\/\/www.spottergps.com\/se\/\",\"name\":\"Spotter Sweden\",\"description\":\"Spotter GPS Sweden\",\"potentialAction\":[{\"@type\":\"SearchAction\",\"target\":{\"@type\":\"EntryPoint\",\"urlTemplate\":\"https:\/\/www.spottergps.com\/se\/?s={search_term_string}\"},\"query-input\":{\"@type\":\"PropertyValueSpecification\",\"valueRequired\":true,\"valueName\":\"search_term_string\"}}],\"inLanguage\":\"sv-SE\"}]}<\/script>\n<!-- \/ Yoast SEO plugin. -->","yoast_head_json":{"title":"Jag kan inte l\u00e4gga till en extra Spotter","robots":{"index":"index","follow":"follow","max-snippet":"max-snippet:-1","max-image-preview":"max-image-preview:large","max-video-preview":"max-video-preview:-1"},"canonical":"https:\/\/www.spottergps.com\/se\/stod\/jag-kan-inte-lagga-till-en-extra-spotter-till-mitt-konto\/","og_locale":"sv_SE","og_type":"article","og_title":"Jag kan inte l\u00e4gga till en extra Spotter","og_description":"Kontrollera f\u00f6rst s\u00e5 att Spotter-koden (p\u00e5 det bl\u00e5 kortet) \u00e4r [&hellip;]","og_url":"https:\/\/www.spottergps.com\/se\/stod\/jag-kan-inte-lagga-till-en-extra-spotter-till-mitt-konto\/","og_site_name":"Spotter Sweden","article_modified_time":"2023-09-20T12:10:40+00:00","twitter_card":"summary_large_image","twitter_misc":{"Ber\u00e4knad l\u00e4stid":"1 minut"},"schema":{"@context":"https:\/\/schema.org","@graph":[{"@type":"WebPage","@id":"https:\/\/www.spottergps.com\/se\/stod\/jag-kan-inte-lagga-till-en-extra-spotter-till-mitt-konto\/","url":"https:\/\/www.spottergps.com\/se\/stod\/jag-kan-inte-lagga-till-en-extra-spotter-till-mitt-konto\/","name":"Jag kan inte l\u00e4gga till en extra Spotter","isPartOf":{"@id":"https:\/\/www.spottergps.com\/se\/#website"},"datePublished":"2021-11-19T13:36:31+00:00","dateModified":"2023-09-20T12:10:40+00:00","breadcrumb":{"@id":"https:\/\/www.spottergps.com\/se\/stod\/jag-kan-inte-lagga-till-en-extra-spotter-till-mitt-konto\/#breadcrumb"},"inLanguage":"sv-SE","potentialAction":[{"@type":"ReadAction","target":["https:\/\/www.spottergps.com\/se\/stod\/jag-kan-inte-lagga-till-en-extra-spotter-till-mitt-konto\/"]}]},{"@type":"BreadcrumbList","@id":"https:\/\/www.spottergps.com\/se\/stod\/jag-kan-inte-lagga-till-en-extra-spotter-till-mitt-konto\/#breadcrumb","itemListElement":[{"@type":"ListItem","position":1,"name":"Home","item":"https:\/\/www.spottergps.com\/se\/"},{"@type":"ListItem","position":2,"name":"Hur kan vi hj\u00e4lpa dig?","item":"https:\/\/www.spottergps.com\/se\/stod\/"},{"@type":"ListItem","position":3,"name":"Jag kan inte l\u00e4gga till en extra Spotter till mitt konto"}]},{"@type":"WebSite","@id":"https:\/\/www.spottergps.com\/se\/#website","url":"https:\/\/www.spottergps.com\/se\/","name":"Spotter Sweden","description":"Spotter GPS Sweden","potentialAction":[{"@type":"SearchAction","target":{"@type":"EntryPoint","urlTemplate":"https:\/\/www.spottergps.com\/se\/?s={search_term_string}"},"query-input":{"@type":"PropertyValueSpecification","valueRequired":true,"valueName":"search_term_string"}}],"inLanguage":"sv-SE"}]}},"_links":{"self":[{"href":"https:\/\/www.spottergps.com\/se\/wp-json\/wp\/v2\/pages\/15243","targetHints":{"allow":["GET"]}}],"collection":[{"href":"https:\/\/www.spottergps.com\/se\/wp-json\/wp\/v2\/pages"}],"about":[{"href":"https:\/\/www.spottergps.com\/se\/wp-json\/wp\/v2\/types\/page"}],"author":[{"embeddable":true,"href":"https:\/\/www.spottergps.com\/se\/wp-json\/wp\/v2\/users\/8"}],"replies":[{"embeddable":true,"href":"https:\/\/www.spottergps.com\/se\/wp-json\/wp\/v2\/comments?post=15243"}],"version-history":[{"count":4,"href":"https:\/\/www.spottergps.com\/se\/wp-json\/wp\/v2\/pages\/15243\/revisions"}],"predecessor-version":[{"id":15413,"href":"https:\/\/www.spottergps.com\/se\/wp-json\/wp\/v2\/pages\/15243\/revisions\/15413"}],"up":[{"embeddable":true,"href":"https:\/\/www.spottergps.com\/se\/wp-json\/wp\/v2\/pages\/15053"}],"wp:attachment":[{"href":"https:\/\/www.spottergps.com\/se\/wp-json\/wp\/v2\/media?parent=15243"}],"wp:term":[{"taxonomy":"category","embeddable":true,"href":"https:\/\/www.spottergps.com\/se\/wp-json\/wp\/v2\/categories?post=15243"},{"taxonomy":"post_tag","embeddable":true,"href":"https:\/\/www.spottergps.com\/se\/wp-json\/wp\/v2\/tags?post=15243"}],"curies":[{"name":"wp","href":"https:\/\/api.w.org\/{rel}","templated":true}]}}