{"id":15240,"date":"2021-11-19T13:33:55","date_gmt":"2021-11-19T13:33:55","guid":{"rendered":"https:\/\/www.spottergps.com\/se\/?page_id=15240"},"modified":"2023-09-20T12:10:02","modified_gmt":"2023-09-20T12:10:02","slug":"jag-kan-inte-lagga-till-min-spotter","status":"publish","type":"page","link":"https:\/\/www.spottergps.com\/se\/stod\/jag-kan-inte-lagga-till-min-spotter\/","title":{"rendered":"Jag kan inte l\u00e4gga till min Spotter"},"content":{"rendered":"\n<p>Ibland kan detta h\u00e4nda p\u00e5 grund av ett stavfel. Den 12-siffriga Spotter-koden \u00e4r l\u00e5ng och d\u00e4rf\u00f6r \u00e4r det l\u00e4tt h\u00e4nt att man g\u00f6r ett misstag. F\u00f6rs\u00f6k igen och om det inte fungerar kan f\u00f6ljande vara aktuellt:<\/p>\n\n\n\n<p><strong>Spotter har redan lagts till p\u00e5 ett annat<\/strong> <strong>konto<\/strong><br>Om du inte kan l\u00e4gga till din Spotter p\u00e5 ett konto kan det vara s\u00e5 att Spotter fortfarande \u00e4r kopplad till ett annat konto. Till exempel din gamla e-postadress. Spotter kan n\u00e4mligen endast l\u00e4nkas till en e-postadress. Du l\u00f6ser detta p\u00e5 f\u00f6ljande s\u00e4tt:<\/p>\n\n\n\n<ol class=\"wp-block-list\">\n<li> <a href=\"https:\/\/my.spottergps.com\/SpotterApp\/index.html\" data-type=\"URL\" data-id=\"https:\/\/my.spottergps.com\/SpotterApp\/index.html\">Logga in<\/a> p\u00e5 ditt online-konto. <\/li>\n\n\n\n<li> G\u00e5 till \u201chome\u201d i menyn <\/li>\n\n\n\n<li> V\u00e4lj Spotter p\u00e5 kartan. <\/li>\n\n\n\n<li> Klicka p\u00e5 Spotter och g\u00e5 till \u201cinst\u00e4llningar\u201d.&nbsp; <\/li>\n\n\n\n<li> Klicka p\u00e5 \u201cradera system fr\u00e5n konto\u201d. <\/li>\n\n\n\n<li>Klicka sedan en g\u00e5ng till p\u00e5 \u201cradera\u201d om du \u00e4r s\u00e4ker p\u00e5 detta.<\/li>\n\n\n\n<li> Spotter \u00e4r nu borttagen fr\u00e5n kontot. <\/li>\n<\/ol>\n\n\n\n<p>Du kan nu l\u00e4gga till Spotter till det nya kontot med hj\u00e4lp av Spotter-koden. P\u00e5 grund av integritetssk\u00e4l (GDPR) kan vi inte ta bort Spotter fr\u00e5n ditt konto \u00e5t dig. <\/p>\n\n\n\n<p>Har till\u00e4gget inte lyckats \u00e4nnu? V\u00e4nligen kontakta v\u00e5r <a href=\"https:\/\/www.spottergps.com\/se\/fraga-var-kundservice\/\" data-type=\"page\" data-id=\"15058\">kundservice<\/a>.<\/p>\n\n\n\n<p><br>Tags: inte koppla<\/p>\n","protected":false},"excerpt":{"rendered":"<p>Ibland kan detta h\u00e4nda p\u00e5 grund av ett stavfel. Den [&hellip;]<\/p>\n","protected":false},"author":8,"featured_media":0,"parent":15053,"menu_order":0,"comment_status":"closed","ping_status":"closed","template":"faq-content.php","meta":{"_acf_changed":false,"footnotes":""},"categories":[],"tags":[],"class_list":["post-15240","page","type-page","status-publish","hentry"],"acf":[],"yoast_head":"<!-- This site is optimized with the Yoast SEO plugin v25.9 - https:\/\/yoast.com\/wordpress\/plugins\/seo\/ -->\n<title>Jag kan inte l\u00e4gga till min Spotter - Spotter Sweden<\/title>\n<meta name=\"robots\" content=\"index, follow, max-snippet:-1, max-image-preview:large, max-video-preview:-1\" \/>\n<link rel=\"canonical\" href=\"https:\/\/www.spottergps.com\/se\/stod\/jag-kan-inte-lagga-till-min-spotter\/\" \/>\n<meta property=\"og:locale\" content=\"sv_SE\" \/>\n<meta property=\"og:type\" content=\"article\" \/>\n<meta property=\"og:title\" content=\"Jag kan inte l\u00e4gga till min Spotter - Spotter Sweden\" \/>\n<meta property=\"og:description\" content=\"Ibland kan detta h\u00e4nda p\u00e5 grund av ett stavfel. Den [&hellip;]\" \/>\n<meta property=\"og:url\" content=\"https:\/\/www.spottergps.com\/se\/stod\/jag-kan-inte-lagga-till-min-spotter\/\" \/>\n<meta property=\"og:site_name\" content=\"Spotter Sweden\" \/>\n<meta property=\"article:modified_time\" content=\"2023-09-20T12:10:02+00:00\" \/>\n<meta name=\"twitter:card\" content=\"summary_large_image\" \/>\n<meta name=\"twitter:label1\" content=\"Ber\u00e4knad l\u00e4stid\" \/>\n\t<meta name=\"twitter:data1\" content=\"1 minut\" \/>\n<script type=\"application\/ld+json\" class=\"yoast-schema-graph\">{\"@context\":\"https:\/\/schema.org\",\"@graph\":[{\"@type\":\"WebPage\",\"@id\":\"https:\/\/www.spottergps.com\/se\/stod\/jag-kan-inte-lagga-till-min-spotter\/\",\"url\":\"https:\/\/www.spottergps.com\/se\/stod\/jag-kan-inte-lagga-till-min-spotter\/\",\"name\":\"Jag kan inte l\u00e4gga till min Spotter - Spotter Sweden\",\"isPartOf\":{\"@id\":\"https:\/\/www.spottergps.com\/se\/#website\"},\"datePublished\":\"2021-11-19T13:33:55+00:00\",\"dateModified\":\"2023-09-20T12:10:02+00:00\",\"breadcrumb\":{\"@id\":\"https:\/\/www.spottergps.com\/se\/stod\/jag-kan-inte-lagga-till-min-spotter\/#breadcrumb\"},\"inLanguage\":\"sv-SE\",\"potentialAction\":[{\"@type\":\"ReadAction\",\"target\":[\"https:\/\/www.spottergps.com\/se\/stod\/jag-kan-inte-lagga-till-min-spotter\/\"]}]},{\"@type\":\"BreadcrumbList\",\"@id\":\"https:\/\/www.spottergps.com\/se\/stod\/jag-kan-inte-lagga-till-min-spotter\/#breadcrumb\",\"itemListElement\":[{\"@type\":\"ListItem\",\"position\":1,\"name\":\"Home\",\"item\":\"https:\/\/www.spottergps.com\/se\/\"},{\"@type\":\"ListItem\",\"position\":2,\"name\":\"Hur kan vi hj\u00e4lpa dig?\",\"item\":\"https:\/\/www.spottergps.com\/se\/stod\/\"},{\"@type\":\"ListItem\",\"position\":3,\"name\":\"Jag kan inte l\u00e4gga till min Spotter\"}]},{\"@type\":\"WebSite\",\"@id\":\"https:\/\/www.spottergps.com\/se\/#website\",\"url\":\"https:\/\/www.spottergps.com\/se\/\",\"name\":\"Spotter Sweden\",\"description\":\"Spotter GPS Sweden\",\"potentialAction\":[{\"@type\":\"SearchAction\",\"target\":{\"@type\":\"EntryPoint\",\"urlTemplate\":\"https:\/\/www.spottergps.com\/se\/?s={search_term_string}\"},\"query-input\":{\"@type\":\"PropertyValueSpecification\",\"valueRequired\":true,\"valueName\":\"search_term_string\"}}],\"inLanguage\":\"sv-SE\"}]}<\/script>\n<!-- \/ Yoast SEO plugin. -->","yoast_head_json":{"title":"Jag kan inte l\u00e4gga till min Spotter - Spotter Sweden","robots":{"index":"index","follow":"follow","max-snippet":"max-snippet:-1","max-image-preview":"max-image-preview:large","max-video-preview":"max-video-preview:-1"},"canonical":"https:\/\/www.spottergps.com\/se\/stod\/jag-kan-inte-lagga-till-min-spotter\/","og_locale":"sv_SE","og_type":"article","og_title":"Jag kan inte l\u00e4gga till min Spotter - Spotter Sweden","og_description":"Ibland kan detta h\u00e4nda p\u00e5 grund av ett stavfel. Den [&hellip;]","og_url":"https:\/\/www.spottergps.com\/se\/stod\/jag-kan-inte-lagga-till-min-spotter\/","og_site_name":"Spotter Sweden","article_modified_time":"2023-09-20T12:10:02+00:00","twitter_card":"summary_large_image","twitter_misc":{"Ber\u00e4knad l\u00e4stid":"1 minut"},"schema":{"@context":"https:\/\/schema.org","@graph":[{"@type":"WebPage","@id":"https:\/\/www.spottergps.com\/se\/stod\/jag-kan-inte-lagga-till-min-spotter\/","url":"https:\/\/www.spottergps.com\/se\/stod\/jag-kan-inte-lagga-till-min-spotter\/","name":"Jag kan inte l\u00e4gga till min Spotter - Spotter Sweden","isPartOf":{"@id":"https:\/\/www.spottergps.com\/se\/#website"},"datePublished":"2021-11-19T13:33:55+00:00","dateModified":"2023-09-20T12:10:02+00:00","breadcrumb":{"@id":"https:\/\/www.spottergps.com\/se\/stod\/jag-kan-inte-lagga-till-min-spotter\/#breadcrumb"},"inLanguage":"sv-SE","potentialAction":[{"@type":"ReadAction","target":["https:\/\/www.spottergps.com\/se\/stod\/jag-kan-inte-lagga-till-min-spotter\/"]}]},{"@type":"BreadcrumbList","@id":"https:\/\/www.spottergps.com\/se\/stod\/jag-kan-inte-lagga-till-min-spotter\/#breadcrumb","itemListElement":[{"@type":"ListItem","position":1,"name":"Home","item":"https:\/\/www.spottergps.com\/se\/"},{"@type":"ListItem","position":2,"name":"Hur kan vi hj\u00e4lpa dig?","item":"https:\/\/www.spottergps.com\/se\/stod\/"},{"@type":"ListItem","position":3,"name":"Jag kan inte l\u00e4gga till min Spotter"}]},{"@type":"WebSite","@id":"https:\/\/www.spottergps.com\/se\/#website","url":"https:\/\/www.spottergps.com\/se\/","name":"Spotter Sweden","description":"Spotter GPS Sweden","potentialAction":[{"@type":"SearchAction","target":{"@type":"EntryPoint","urlTemplate":"https:\/\/www.spottergps.com\/se\/?s={search_term_string}"},"query-input":{"@type":"PropertyValueSpecification","valueRequired":true,"valueName":"search_term_string"}}],"inLanguage":"sv-SE"}]}},"_links":{"self":[{"href":"https:\/\/www.spottergps.com\/se\/wp-json\/wp\/v2\/pages\/15240","targetHints":{"allow":["GET"]}}],"collection":[{"href":"https:\/\/www.spottergps.com\/se\/wp-json\/wp\/v2\/pages"}],"about":[{"href":"https:\/\/www.spottergps.com\/se\/wp-json\/wp\/v2\/types\/page"}],"author":[{"embeddable":true,"href":"https:\/\/www.spottergps.com\/se\/wp-json\/wp\/v2\/users\/8"}],"replies":[{"embeddable":true,"href":"https:\/\/www.spottergps.com\/se\/wp-json\/wp\/v2\/comments?post=15240"}],"version-history":[{"count":3,"href":"https:\/\/www.spottergps.com\/se\/wp-json\/wp\/v2\/pages\/15240\/revisions"}],"predecessor-version":[{"id":15412,"href":"https:\/\/www.spottergps.com\/se\/wp-json\/wp\/v2\/pages\/15240\/revisions\/15412"}],"up":[{"embeddable":true,"href":"https:\/\/www.spottergps.com\/se\/wp-json\/wp\/v2\/pages\/15053"}],"wp:attachment":[{"href":"https:\/\/www.spottergps.com\/se\/wp-json\/wp\/v2\/media?parent=15240"}],"wp:term":[{"taxonomy":"category","embeddable":true,"href":"https:\/\/www.spottergps.com\/se\/wp-json\/wp\/v2\/categories?post=15240"},{"taxonomy":"post_tag","embeddable":true,"href":"https:\/\/www.spottergps.com\/se\/wp-json\/wp\/v2\/tags?post=15240"}],"curies":[{"name":"wp","href":"https:\/\/api.w.org\/{rel}","templated":true}]}}