{"id":15237,"date":"2021-11-19T13:21:54","date_gmt":"2021-11-19T13:21:54","guid":{"rendered":"https:\/\/www.spottergps.com\/se\/?page_id=15237"},"modified":"2025-12-10T07:44:28","modified_gmt":"2025-12-10T07:44:28","slug":"jag-far-inga-meddelanden-i-spotter-appen","status":"publish","type":"page","link":"https:\/\/www.spottergps.com\/se\/stod\/jag-far-inga-meddelanden-i-spotter-appen\/","title":{"rendered":"Jag f\u00e5r inga meddelanden i Spotter-appen"},"content":{"rendered":"\n<p>N\u00e4r du \u00e4r inloggad via Spotter-appen f\u00e5r du pushnotiser. Dessa visas omedelbart p\u00e5 sk\u00e4rmen s\u00e5 snart meddelandet skickas. Om du inte f\u00e5r n\u00e5gra aviseringar s\u00e5 har du f\u00f6rmodligen inte (\u00e4nnu) gett tillst\u00e5nd till detta. Du kan enkelt justera detta i inst\u00e4llningarna p\u00e5 din smartphone. Allts\u00e5 inte via Spotter-appen.<\/p>\n\n\n\n<h2 class=\"wp-block-heading\">P\u00e5 Android-enheter<\/h2>\n\n\n\n<ul class=\"wp-block-list\"><li> G\u00e5 till \u2018Inst\u00e4llningar\u2019 <\/li><li> Sedan till \u2018Aviseringar\u2019 <\/li><li> G\u00e5 till Spotter-appen <\/li><li> S\u00e4tt p\u00e5 aviseringar h\u00e4r <\/li><\/ul>\n\n\n\n<h2 class=\"wp-block-heading\">P\u00e5 Apple-enheter<\/h2>\n\n\n\n<ul class=\"wp-block-list\"><li> G\u00e5 till \u2018inst\u00e4llningar\u2019\u00a0 <\/li><li> Sedan till Spotter-appen <\/li><li> G\u00e5 sedan till &#8221;notiser&#8221; <\/li><li> S\u00e4tt p\u00e5 \u2018notiser\u2019. <\/li><\/ul>\n\n\n\n<p><\/p>\n\n\n\n<p>Tags: Spotter app, Android, Apple<\/p>\n","protected":false},"excerpt":{"rendered":"<p>N\u00e4r du \u00e4r inloggad via Spotter-appen f\u00e5r du pushnotiser. Dessa [&hellip;]<\/p>\n","protected":false},"author":8,"featured_media":0,"parent":15053,"menu_order":0,"comment_status":"closed","ping_status":"closed","template":"faq-content.php","meta":{"_acf_changed":false,"footnotes":""},"categories":[],"tags":[],"class_list":["post-15237","page","type-page","status-publish","hentry"],"acf":[],"yoast_head":"<!-- This site is optimized with the Yoast SEO plugin v25.9 - https:\/\/yoast.com\/wordpress\/plugins\/seo\/ -->\n<title>Jag f\u00e5r inga meddelanden i Spotter-appen - Spotter Sweden<\/title>\n<meta name=\"robots\" content=\"noindex, nofollow\" \/>\n<meta property=\"og:locale\" content=\"sv_SE\" \/>\n<meta property=\"og:type\" content=\"article\" \/>\n<meta property=\"og:title\" content=\"Jag f\u00e5r inga meddelanden i Spotter-appen - Spotter Sweden\" \/>\n<meta property=\"og:description\" content=\"N\u00e4r du \u00e4r inloggad via Spotter-appen f\u00e5r du pushnotiser. Dessa [&hellip;]\" \/>\n<meta property=\"og:url\" content=\"https:\/\/www.spottergps.com\/se\/stod\/jag-far-inga-meddelanden-i-spotter-appen\/\" \/>\n<meta property=\"og:site_name\" content=\"Spotter Sweden\" \/>\n<meta property=\"article:modified_time\" content=\"2025-12-10T07:44:28+00:00\" \/>\n<meta name=\"twitter:card\" content=\"summary_large_image\" \/>\n<meta name=\"twitter:label1\" content=\"Ber\u00e4knad l\u00e4stid\" \/>\n\t<meta name=\"twitter:data1\" content=\"1 minut\" \/>\n<script type=\"application\/ld+json\" class=\"yoast-schema-graph\">{\"@context\":\"https:\/\/schema.org\",\"@graph\":[{\"@type\":\"WebPage\",\"@id\":\"https:\/\/www.spottergps.com\/se\/stod\/jag-far-inga-meddelanden-i-spotter-appen\/\",\"url\":\"https:\/\/www.spottergps.com\/se\/stod\/jag-far-inga-meddelanden-i-spotter-appen\/\",\"name\":\"Jag f\u00e5r inga meddelanden i Spotter-appen - Spotter Sweden\",\"isPartOf\":{\"@id\":\"https:\/\/www.spottergps.com\/se\/#website\"},\"datePublished\":\"2021-11-19T13:21:54+00:00\",\"dateModified\":\"2025-12-10T07:44:28+00:00\",\"breadcrumb\":{\"@id\":\"https:\/\/www.spottergps.com\/se\/stod\/jag-far-inga-meddelanden-i-spotter-appen\/#breadcrumb\"},\"inLanguage\":\"sv-SE\",\"potentialAction\":[{\"@type\":\"ReadAction\",\"target\":[\"https:\/\/www.spottergps.com\/se\/stod\/jag-far-inga-meddelanden-i-spotter-appen\/\"]}]},{\"@type\":\"BreadcrumbList\",\"@id\":\"https:\/\/www.spottergps.com\/se\/stod\/jag-far-inga-meddelanden-i-spotter-appen\/#breadcrumb\",\"itemListElement\":[{\"@type\":\"ListItem\",\"position\":1,\"name\":\"Home\",\"item\":\"https:\/\/www.spottergps.com\/se\/\"},{\"@type\":\"ListItem\",\"position\":2,\"name\":\"Hur kan vi hj\u00e4lpa dig?\",\"item\":\"https:\/\/www.spottergps.com\/se\/stod\/\"},{\"@type\":\"ListItem\",\"position\":3,\"name\":\"Jag f\u00e5r inga meddelanden i Spotter-appen\"}]},{\"@type\":\"WebSite\",\"@id\":\"https:\/\/www.spottergps.com\/se\/#website\",\"url\":\"https:\/\/www.spottergps.com\/se\/\",\"name\":\"Spotter Sweden\",\"description\":\"Spotter GPS Sweden\",\"potentialAction\":[{\"@type\":\"SearchAction\",\"target\":{\"@type\":\"EntryPoint\",\"urlTemplate\":\"https:\/\/www.spottergps.com\/se\/?s={search_term_string}\"},\"query-input\":{\"@type\":\"PropertyValueSpecification\",\"valueRequired\":true,\"valueName\":\"search_term_string\"}}],\"inLanguage\":\"sv-SE\"}]}<\/script>\n<!-- \/ Yoast SEO plugin. -->","yoast_head_json":{"title":"Jag f\u00e5r inga meddelanden i Spotter-appen - Spotter Sweden","robots":{"index":"noindex","follow":"nofollow"},"og_locale":"sv_SE","og_type":"article","og_title":"Jag f\u00e5r inga meddelanden i Spotter-appen - Spotter Sweden","og_description":"N\u00e4r du \u00e4r inloggad via Spotter-appen f\u00e5r du pushnotiser. Dessa [&hellip;]","og_url":"https:\/\/www.spottergps.com\/se\/stod\/jag-far-inga-meddelanden-i-spotter-appen\/","og_site_name":"Spotter Sweden","article_modified_time":"2025-12-10T07:44:28+00:00","twitter_card":"summary_large_image","twitter_misc":{"Ber\u00e4knad l\u00e4stid":"1 minut"},"schema":{"@context":"https:\/\/schema.org","@graph":[{"@type":"WebPage","@id":"https:\/\/www.spottergps.com\/se\/stod\/jag-far-inga-meddelanden-i-spotter-appen\/","url":"https:\/\/www.spottergps.com\/se\/stod\/jag-far-inga-meddelanden-i-spotter-appen\/","name":"Jag f\u00e5r inga meddelanden i Spotter-appen - Spotter Sweden","isPartOf":{"@id":"https:\/\/www.spottergps.com\/se\/#website"},"datePublished":"2021-11-19T13:21:54+00:00","dateModified":"2025-12-10T07:44:28+00:00","breadcrumb":{"@id":"https:\/\/www.spottergps.com\/se\/stod\/jag-far-inga-meddelanden-i-spotter-appen\/#breadcrumb"},"inLanguage":"sv-SE","potentialAction":[{"@type":"ReadAction","target":["https:\/\/www.spottergps.com\/se\/stod\/jag-far-inga-meddelanden-i-spotter-appen\/"]}]},{"@type":"BreadcrumbList","@id":"https:\/\/www.spottergps.com\/se\/stod\/jag-far-inga-meddelanden-i-spotter-appen\/#breadcrumb","itemListElement":[{"@type":"ListItem","position":1,"name":"Home","item":"https:\/\/www.spottergps.com\/se\/"},{"@type":"ListItem","position":2,"name":"Hur kan vi hj\u00e4lpa dig?","item":"https:\/\/www.spottergps.com\/se\/stod\/"},{"@type":"ListItem","position":3,"name":"Jag f\u00e5r inga meddelanden i Spotter-appen"}]},{"@type":"WebSite","@id":"https:\/\/www.spottergps.com\/se\/#website","url":"https:\/\/www.spottergps.com\/se\/","name":"Spotter Sweden","description":"Spotter GPS Sweden","potentialAction":[{"@type":"SearchAction","target":{"@type":"EntryPoint","urlTemplate":"https:\/\/www.spottergps.com\/se\/?s={search_term_string}"},"query-input":{"@type":"PropertyValueSpecification","valueRequired":true,"valueName":"search_term_string"}}],"inLanguage":"sv-SE"}]}},"_links":{"self":[{"href":"https:\/\/www.spottergps.com\/se\/wp-json\/wp\/v2\/pages\/15237","targetHints":{"allow":["GET"]}}],"collection":[{"href":"https:\/\/www.spottergps.com\/se\/wp-json\/wp\/v2\/pages"}],"about":[{"href":"https:\/\/www.spottergps.com\/se\/wp-json\/wp\/v2\/types\/page"}],"author":[{"embeddable":true,"href":"https:\/\/www.spottergps.com\/se\/wp-json\/wp\/v2\/users\/8"}],"replies":[{"embeddable":true,"href":"https:\/\/www.spottergps.com\/se\/wp-json\/wp\/v2\/comments?post=15237"}],"version-history":[{"count":1,"href":"https:\/\/www.spottergps.com\/se\/wp-json\/wp\/v2\/pages\/15237\/revisions"}],"predecessor-version":[{"id":15238,"href":"https:\/\/www.spottergps.com\/se\/wp-json\/wp\/v2\/pages\/15237\/revisions\/15238"}],"up":[{"embeddable":true,"href":"https:\/\/www.spottergps.com\/se\/wp-json\/wp\/v2\/pages\/15053"}],"wp:attachment":[{"href":"https:\/\/www.spottergps.com\/se\/wp-json\/wp\/v2\/media?parent=15237"}],"wp:term":[{"taxonomy":"category","embeddable":true,"href":"https:\/\/www.spottergps.com\/se\/wp-json\/wp\/v2\/categories?post=15237"},{"taxonomy":"post_tag","embeddable":true,"href":"https:\/\/www.spottergps.com\/se\/wp-json\/wp\/v2\/tags?post=15237"}],"curies":[{"name":"wp","href":"https:\/\/api.w.org\/{rel}","templated":true}]}}