{"id":15230,"date":"2021-11-19T13:12:45","date_gmt":"2021-11-19T13:12:45","guid":{"rendered":"https:\/\/www.spottergps.com\/se\/?page_id=15230"},"modified":"2023-09-20T12:02:40","modified_gmt":"2023-09-20T12:02:40","slug":"jag-kan-inte-ladda-ner-spotter-appen","status":"publish","type":"page","link":"https:\/\/www.spottergps.com\/se\/stod\/jag-kan-inte-ladda-ner-spotter-appen\/","title":{"rendered":"Jag kan inte ladda ner Spotter-appen"},"content":{"rendered":"\n<p>Vad synd att du inte har kunnat ladda ner Spotter-appen \u00e4n. Vi hj\u00e4lper dig med det genom att f\u00f6lja stegen nedan.<\/p>\n\n\n\n<h2 class=\"wp-block-heading\">Steg 1: internetanslutning<\/h2>\n\n\n\n<p>Det \u00e4r bra att alltid kontrollera grundvillkoren f\u00f6rst. Kontrollera att enheten \u00e4r ansluten till internet. En WiFi-anslutning rekommenderas f\u00f6r att ladda ner appen. Men du kan ocks\u00e5 anv\u00e4nda mobildata. Kontrollera att du \u00e4r ansluten till ett n\u00e4tverk.\\<\/p>\n\n\n\n<h2 class=\"wp-block-heading\">Steg 2: R\u00e4tt butik<\/h2>\n\n\n\n<p>Du \u00e4r ansluten till ett n\u00e4tverk. Kontrollera nu att App Store eller Google Play Butik \u00e4r inst\u00e4lld p\u00e5 r\u00e4tt land. Spotter-appen kan endast laddas ner inom l\u00e4nder i Europa.<\/p>\n\n\n\n<h2 class=\"wp-block-heading\">Steg 3: r\u00e4tt mjukvara<\/h2>\n\n\n\n<p>Kontrollera sedan att du har r\u00e4tt mjukvaruversion p\u00e5 din enhet. Spotter-appen kr\u00e4ver f\u00f6ljande mjukvaruversioner:&nbsp;<br>Android: 4.4 och senare&nbsp; &nbsp; &nbsp; &nbsp; &nbsp; &nbsp; &nbsp; &nbsp; &nbsp; &nbsp; &nbsp; &nbsp; &nbsp; &nbsp; &nbsp; &nbsp;&nbsp;&nbsp;<br>iOS:&nbsp; 9.0 och senare<\/p>\n\n\n\n<h2 class=\"wp-block-heading\">Steg 4<\/h2>\n\n\n\n<p>Nu n\u00e4r grunderna \u00e4r p\u00e5 plats kan du ladda ner Spotter-appen fr\u00e5n Google Play Butik eller App Store.<\/p>\n\n\n\n<p><strong>Google play butik<\/strong><\/p>\n\n\n\n<ol class=\"wp-block-list\">\n<li>\u00d6ppna Google Play Butik app. <\/li>\n\n\n\n<li>S\u00f6k p\u00e5 \u2018Spotter\u2019. <\/li>\n\n\n\n<li>V\u00e4lj Spotter-appen. <\/li>\n\n\n\n<li>Tryck p\u00e5 installera. <\/li>\n\n\n\n<li>F\u00f6lj instruktionerna p\u00e5 sk\u00e4rmen. <\/li>\n\n\n\n<li>N\u00e4r appen \u00e4r nerladdad, tryck p\u00e5 \u00f6ppna och logga in med dina uppgifter.<\/li>\n<\/ol>\n\n\n\n<p>Appen finns alltid p\u00e5 hemsk\u00e4rmen. Du kanske m\u00e5ste bl\u00e4ddra till n\u00e4sta sida f\u00f6r att hitta den.<\/p>\n\n\n\n<p><strong>App store<\/strong><\/p>\n\n\n\n<ol class=\"wp-block-list\">\n<li> G\u00e5 till App Store. <\/li>\n\n\n\n<li> G\u00e5 till s\u00f6k (nere till h\u00f6ger) och skriv \u2018Spotter\u2019 i s\u00f6kf\u00e4ltet. <\/li>\n\n\n\n<li> Tryck nu p\u00e5 Spotter-appen. <\/li>\n\n\n\n<li> Tryck p\u00e5 installera <\/li>\n\n\n\n<li> Appen laddas ner och installeras. <\/li>\n\n\n\n<li>\u00d6ppna appen och logga nu in med dina uppgifter.<\/li>\n<\/ol>\n\n\n\n<p>Appen finns alltid p\u00e5 hemsk\u00e4rmen. Du kanske m\u00e5ste bl\u00e4ddra till n\u00e4sta sida f\u00f6r att hitta den. Om dessa steg inte skulle fungera, kontakta <a href=\"https:\/\/www.spottergps.com\/se\/fraga-var-kundservice\/\" data-type=\"page\" data-id=\"15058\">kundservice<\/a>.<\/p>\n","protected":false},"excerpt":{"rendered":"<p>Vad synd att du inte har kunnat ladda ner Spotter-appen [&hellip;]<\/p>\n","protected":false},"author":8,"featured_media":0,"parent":15053,"menu_order":0,"comment_status":"closed","ping_status":"closed","template":"faq-content.php","meta":{"_acf_changed":false,"footnotes":""},"categories":[5],"tags":[],"class_list":["post-15230","page","type-page","status-publish","hentry","category-faq"],"acf":[],"yoast_head":"<!-- This site is optimized with the Yoast SEO plugin v25.9 - https:\/\/yoast.com\/wordpress\/plugins\/seo\/ -->\n<title>Jag kan inte ladda ner Spotter-appen - Spotter Sweden<\/title>\n<meta name=\"robots\" content=\"index, follow, max-snippet:-1, max-image-preview:large, max-video-preview:-1\" \/>\n<link rel=\"canonical\" href=\"https:\/\/www.spottergps.com\/se\/stod\/jag-kan-inte-ladda-ner-spotter-appen\/\" \/>\n<meta property=\"og:locale\" content=\"sv_SE\" \/>\n<meta property=\"og:type\" content=\"article\" \/>\n<meta property=\"og:title\" content=\"Jag kan inte ladda ner Spotter-appen - Spotter Sweden\" \/>\n<meta property=\"og:description\" content=\"Vad synd att du inte har kunnat ladda ner Spotter-appen [&hellip;]\" \/>\n<meta property=\"og:url\" content=\"https:\/\/www.spottergps.com\/se\/stod\/jag-kan-inte-ladda-ner-spotter-appen\/\" \/>\n<meta property=\"og:site_name\" content=\"Spotter Sweden\" \/>\n<meta property=\"article:modified_time\" content=\"2023-09-20T12:02:40+00:00\" \/>\n<meta name=\"twitter:card\" content=\"summary_large_image\" \/>\n<meta name=\"twitter:label1\" content=\"Ber\u00e4knad l\u00e4stid\" \/>\n\t<meta name=\"twitter:data1\" content=\"2 minuter\" \/>\n<script type=\"application\/ld+json\" class=\"yoast-schema-graph\">{\"@context\":\"https:\/\/schema.org\",\"@graph\":[{\"@type\":\"WebPage\",\"@id\":\"https:\/\/www.spottergps.com\/se\/stod\/jag-kan-inte-ladda-ner-spotter-appen\/\",\"url\":\"https:\/\/www.spottergps.com\/se\/stod\/jag-kan-inte-ladda-ner-spotter-appen\/\",\"name\":\"Jag kan inte ladda ner Spotter-appen - Spotter Sweden\",\"isPartOf\":{\"@id\":\"https:\/\/www.spottergps.com\/se\/#website\"},\"datePublished\":\"2021-11-19T13:12:45+00:00\",\"dateModified\":\"2023-09-20T12:02:40+00:00\",\"breadcrumb\":{\"@id\":\"https:\/\/www.spottergps.com\/se\/stod\/jag-kan-inte-ladda-ner-spotter-appen\/#breadcrumb\"},\"inLanguage\":\"sv-SE\",\"potentialAction\":[{\"@type\":\"ReadAction\",\"target\":[\"https:\/\/www.spottergps.com\/se\/stod\/jag-kan-inte-ladda-ner-spotter-appen\/\"]}]},{\"@type\":\"BreadcrumbList\",\"@id\":\"https:\/\/www.spottergps.com\/se\/stod\/jag-kan-inte-ladda-ner-spotter-appen\/#breadcrumb\",\"itemListElement\":[{\"@type\":\"ListItem\",\"position\":1,\"name\":\"Home\",\"item\":\"https:\/\/www.spottergps.com\/se\/\"},{\"@type\":\"ListItem\",\"position\":2,\"name\":\"Hur kan vi hj\u00e4lpa dig?\",\"item\":\"https:\/\/www.spottergps.com\/se\/stod\/\"},{\"@type\":\"ListItem\",\"position\":3,\"name\":\"Jag kan inte ladda ner Spotter-appen\"}]},{\"@type\":\"WebSite\",\"@id\":\"https:\/\/www.spottergps.com\/se\/#website\",\"url\":\"https:\/\/www.spottergps.com\/se\/\",\"name\":\"Spotter Sweden\",\"description\":\"Spotter GPS Sweden\",\"potentialAction\":[{\"@type\":\"SearchAction\",\"target\":{\"@type\":\"EntryPoint\",\"urlTemplate\":\"https:\/\/www.spottergps.com\/se\/?s={search_term_string}\"},\"query-input\":{\"@type\":\"PropertyValueSpecification\",\"valueRequired\":true,\"valueName\":\"search_term_string\"}}],\"inLanguage\":\"sv-SE\"}]}<\/script>\n<!-- \/ Yoast SEO plugin. -->","yoast_head_json":{"title":"Jag kan inte ladda ner Spotter-appen - Spotter Sweden","robots":{"index":"index","follow":"follow","max-snippet":"max-snippet:-1","max-image-preview":"max-image-preview:large","max-video-preview":"max-video-preview:-1"},"canonical":"https:\/\/www.spottergps.com\/se\/stod\/jag-kan-inte-ladda-ner-spotter-appen\/","og_locale":"sv_SE","og_type":"article","og_title":"Jag kan inte ladda ner Spotter-appen - Spotter Sweden","og_description":"Vad synd att du inte har kunnat ladda ner Spotter-appen [&hellip;]","og_url":"https:\/\/www.spottergps.com\/se\/stod\/jag-kan-inte-ladda-ner-spotter-appen\/","og_site_name":"Spotter Sweden","article_modified_time":"2023-09-20T12:02:40+00:00","twitter_card":"summary_large_image","twitter_misc":{"Ber\u00e4knad l\u00e4stid":"2 minuter"},"schema":{"@context":"https:\/\/schema.org","@graph":[{"@type":"WebPage","@id":"https:\/\/www.spottergps.com\/se\/stod\/jag-kan-inte-ladda-ner-spotter-appen\/","url":"https:\/\/www.spottergps.com\/se\/stod\/jag-kan-inte-ladda-ner-spotter-appen\/","name":"Jag kan inte ladda ner Spotter-appen - Spotter Sweden","isPartOf":{"@id":"https:\/\/www.spottergps.com\/se\/#website"},"datePublished":"2021-11-19T13:12:45+00:00","dateModified":"2023-09-20T12:02:40+00:00","breadcrumb":{"@id":"https:\/\/www.spottergps.com\/se\/stod\/jag-kan-inte-ladda-ner-spotter-appen\/#breadcrumb"},"inLanguage":"sv-SE","potentialAction":[{"@type":"ReadAction","target":["https:\/\/www.spottergps.com\/se\/stod\/jag-kan-inte-ladda-ner-spotter-appen\/"]}]},{"@type":"BreadcrumbList","@id":"https:\/\/www.spottergps.com\/se\/stod\/jag-kan-inte-ladda-ner-spotter-appen\/#breadcrumb","itemListElement":[{"@type":"ListItem","position":1,"name":"Home","item":"https:\/\/www.spottergps.com\/se\/"},{"@type":"ListItem","position":2,"name":"Hur kan vi hj\u00e4lpa dig?","item":"https:\/\/www.spottergps.com\/se\/stod\/"},{"@type":"ListItem","position":3,"name":"Jag kan inte ladda ner Spotter-appen"}]},{"@type":"WebSite","@id":"https:\/\/www.spottergps.com\/se\/#website","url":"https:\/\/www.spottergps.com\/se\/","name":"Spotter Sweden","description":"Spotter GPS Sweden","potentialAction":[{"@type":"SearchAction","target":{"@type":"EntryPoint","urlTemplate":"https:\/\/www.spottergps.com\/se\/?s={search_term_string}"},"query-input":{"@type":"PropertyValueSpecification","valueRequired":true,"valueName":"search_term_string"}}],"inLanguage":"sv-SE"}]}},"_links":{"self":[{"href":"https:\/\/www.spottergps.com\/se\/wp-json\/wp\/v2\/pages\/15230","targetHints":{"allow":["GET"]}}],"collection":[{"href":"https:\/\/www.spottergps.com\/se\/wp-json\/wp\/v2\/pages"}],"about":[{"href":"https:\/\/www.spottergps.com\/se\/wp-json\/wp\/v2\/types\/page"}],"author":[{"embeddable":true,"href":"https:\/\/www.spottergps.com\/se\/wp-json\/wp\/v2\/users\/8"}],"replies":[{"embeddable":true,"href":"https:\/\/www.spottergps.com\/se\/wp-json\/wp\/v2\/comments?post=15230"}],"version-history":[{"count":2,"href":"https:\/\/www.spottergps.com\/se\/wp-json\/wp\/v2\/pages\/15230\/revisions"}],"predecessor-version":[{"id":15408,"href":"https:\/\/www.spottergps.com\/se\/wp-json\/wp\/v2\/pages\/15230\/revisions\/15408"}],"up":[{"embeddable":true,"href":"https:\/\/www.spottergps.com\/se\/wp-json\/wp\/v2\/pages\/15053"}],"wp:attachment":[{"href":"https:\/\/www.spottergps.com\/se\/wp-json\/wp\/v2\/media?parent=15230"}],"wp:term":[{"taxonomy":"category","embeddable":true,"href":"https:\/\/www.spottergps.com\/se\/wp-json\/wp\/v2\/categories?post=15230"},{"taxonomy":"post_tag","embeddable":true,"href":"https:\/\/www.spottergps.com\/se\/wp-json\/wp\/v2\/tags?post=15230"}],"curies":[{"name":"wp","href":"https:\/\/api.w.org\/{rel}","templated":true}]}}