{"id":15227,"date":"2021-11-19T13:07:02","date_gmt":"2021-11-19T13:07:02","guid":{"rendered":"https:\/\/www.spottergps.com\/se\/?page_id=15227"},"modified":"2021-11-19T15:04:33","modified_gmt":"2021-11-19T15:04:33","slug":"hur-uppdaterar-jag-spotter-appen","status":"publish","type":"page","link":"https:\/\/www.spottergps.com\/se\/hur-uppdaterar-jag-spotter-appen\/","title":{"rendered":"Hur uppdaterar jag Spotter-appen?"},"content":{"rendered":"\n<p>Spotter-appen uppdateras regelbundet med nya funktioner eller buggfixar. Det \u00e4r d\u00e4rf\u00f6r viktigt att h\u00e5lla ett \u00f6ga p\u00e5 dessa uppdateringar. Ofta installeras dessa uppdateringar automatiskt p\u00e5 enheter och du beh\u00f6ver inte vidta n\u00e5gra \u00e5tg\u00e4rder. Om du inte har st\u00e4llt in det s\u00e5 h\u00e4r rekommenderar vi att du h\u00e5ller ett \u00f6ga p\u00e5 dessa uppdateringar och installerar dem regelbundet. P\u00e5 s\u00e5 s\u00e4tt s\u00e4kerst\u00e4ller du en optimal anv\u00e4ndarupplevelse och du anv\u00e4nder alltid de senaste funktionerna.<\/p>\n\n\n\n<h2 class=\"wp-block-heading\">iOS<\/h2>\n\n\n\n<p>N\u00e4r du \u00f6ppnar Appstore ser du en s\u00f6kfunktion l\u00e4ngst ner till h\u00f6ger. D\u00e4r s\u00f6ker du p\u00e5 &#8221;spotter gps&#8221;. Spotter-appen dyker nu upp. Klicka p\u00e5 appikonen s\u00e5 hittar du information om hur aktuell appen \u00e4r och om den beh\u00f6ver uppdateras med en nyare version.<\/p>\n\n\n\n<div class=\"wp-block-image\"><figure class=\"aligncenter\"><a href=\"https:\/\/apps.apple.com\/se\/app\/spotter-gps-tracker\/id997370912\" target=\"_blank\" rel=\"noreferrer noopener\"><img decoding=\"async\" src=\"https:\/\/www.spottergps.com\/wp-content\/uploads\/2015\/05\/AppStore-e1589534547197.png\" alt=\"Spotter - AppStore\" class=\"wp-image-199\" \/><\/a><\/figure><\/div>\n\n\n\n<h2 class=\"wp-block-heading\">Android<\/h2>\n\n\n\n<p>N\u00e4r du \u00f6ppnar Play Butik, klicka p\u00e5 menyknappen (cirkel) uppe till h\u00f6ger eller anv\u00e4nd s\u00f6ksk\u00e4rmen och skriv in &#8221;spotter gps&#8221;. Klicka sedan p\u00e5 &#8221;hantera appar och enheter&#8221;. D\u00e5 kommer du till uppdateringssidan. S\u00f6k sedan efter &#8221;Spotter GPS&#8221; p\u00e5 den h\u00e4r sidan. N\u00e4r du har hittat appen klickar du p\u00e5 &#8221;uppdatera&#8221;. Appen uppdateras nu.<\/p>\n\n\n\n<div class=\"wp-block-image\"><figure class=\"aligncenter\"><a href=\"https:\/\/play.google.com\/store\/apps\/details?id=com.spottergps.spotter&amp;hl=sv&amp;gl=SE\"><img decoding=\"async\" src=\"https:\/\/www.spottergps.com\/wp-content\/uploads\/2015\/05\/PlayStore-e1589534566122.png\" alt=\"Spotter - PlayStore\" \/><\/a><\/figure><\/div>\n\n\n\n<h2 class=\"wp-block-heading\">Webb-app&nbsp;<\/h2>\n\n\n\n<p>Om du anv\u00e4nder <a href=\"https:\/\/my.spottergps.com\/\">webb-appen<\/a> kommer den automatiskt att uppdateras med uppdateringar. Du beh\u00f6ver inte g\u00f6ra n\u00e5got sj\u00e4lv.<\/p>\n\n\n\n<p><\/p>\n\n\n\n<p>Tags: uppdatera, ny version<\/p>\n","protected":false},"excerpt":{"rendered":"<p>Spotter-appen uppdateras regelbundet med nya funktioner eller buggfixar. Det \u00e4r [&hellip;]<\/p>\n","protected":false},"author":8,"featured_media":0,"parent":0,"menu_order":0,"comment_status":"closed","ping_status":"closed","template":"faq-content.php","meta":{"_acf_changed":false,"footnotes":""},"categories":[],"tags":[],"class_list":["post-15227","page","type-page","status-publish","hentry"],"acf":[],"yoast_head":"<!-- This site is optimized with the Yoast SEO plugin v25.9 - https:\/\/yoast.com\/wordpress\/plugins\/seo\/ -->\n<title>Hur uppdaterar jag Spotter-appen? - Spotter Sweden<\/title>\n<meta name=\"robots\" content=\"index, follow, max-snippet:-1, max-image-preview:large, max-video-preview:-1\" \/>\n<link rel=\"canonical\" href=\"https:\/\/www.spottergps.com\/se\/hur-uppdaterar-jag-spotter-appen\/\" \/>\n<meta property=\"og:locale\" content=\"sv_SE\" \/>\n<meta property=\"og:type\" content=\"article\" \/>\n<meta property=\"og:title\" content=\"Hur uppdaterar jag Spotter-appen? - Spotter Sweden\" \/>\n<meta property=\"og:description\" content=\"Spotter-appen uppdateras regelbundet med nya funktioner eller buggfixar. Det \u00e4r [&hellip;]\" \/>\n<meta property=\"og:url\" content=\"https:\/\/www.spottergps.com\/se\/hur-uppdaterar-jag-spotter-appen\/\" \/>\n<meta property=\"og:site_name\" content=\"Spotter Sweden\" \/>\n<meta property=\"article:modified_time\" content=\"2021-11-19T15:04:33+00:00\" \/>\n<meta property=\"og:image\" content=\"https:\/\/www.spottergps.com\/wp-content\/uploads\/2015\/05\/AppStore-e1589534547197.png\" \/>\n<meta name=\"twitter:card\" content=\"summary_large_image\" \/>\n<meta name=\"twitter:label1\" content=\"Ber\u00e4knad l\u00e4stid\" \/>\n\t<meta name=\"twitter:data1\" content=\"1 minut\" \/>\n<script type=\"application\/ld+json\" class=\"yoast-schema-graph\">{\"@context\":\"https:\/\/schema.org\",\"@graph\":[{\"@type\":\"WebPage\",\"@id\":\"https:\/\/www.spottergps.com\/se\/hur-uppdaterar-jag-spotter-appen\/\",\"url\":\"https:\/\/www.spottergps.com\/se\/hur-uppdaterar-jag-spotter-appen\/\",\"name\":\"Hur uppdaterar jag Spotter-appen? - Spotter Sweden\",\"isPartOf\":{\"@id\":\"https:\/\/www.spottergps.com\/se\/#website\"},\"primaryImageOfPage\":{\"@id\":\"https:\/\/www.spottergps.com\/se\/hur-uppdaterar-jag-spotter-appen\/#primaryimage\"},\"image\":{\"@id\":\"https:\/\/www.spottergps.com\/se\/hur-uppdaterar-jag-spotter-appen\/#primaryimage\"},\"thumbnailUrl\":\"https:\/\/www.spottergps.com\/wp-content\/uploads\/2015\/05\/AppStore-e1589534547197.png\",\"datePublished\":\"2021-11-19T13:07:02+00:00\",\"dateModified\":\"2021-11-19T15:04:33+00:00\",\"breadcrumb\":{\"@id\":\"https:\/\/www.spottergps.com\/se\/hur-uppdaterar-jag-spotter-appen\/#breadcrumb\"},\"inLanguage\":\"sv-SE\",\"potentialAction\":[{\"@type\":\"ReadAction\",\"target\":[\"https:\/\/www.spottergps.com\/se\/hur-uppdaterar-jag-spotter-appen\/\"]}]},{\"@type\":\"ImageObject\",\"inLanguage\":\"sv-SE\",\"@id\":\"https:\/\/www.spottergps.com\/se\/hur-uppdaterar-jag-spotter-appen\/#primaryimage\",\"url\":\"https:\/\/www.spottergps.com\/wp-content\/uploads\/2015\/05\/AppStore-e1589534547197.png\",\"contentUrl\":\"https:\/\/www.spottergps.com\/wp-content\/uploads\/2015\/05\/AppStore-e1589534547197.png\"},{\"@type\":\"BreadcrumbList\",\"@id\":\"https:\/\/www.spottergps.com\/se\/hur-uppdaterar-jag-spotter-appen\/#breadcrumb\",\"itemListElement\":[{\"@type\":\"ListItem\",\"position\":1,\"name\":\"Home\",\"item\":\"https:\/\/www.spottergps.com\/se\/\"},{\"@type\":\"ListItem\",\"position\":2,\"name\":\"Hur uppdaterar jag Spotter-appen?\"}]},{\"@type\":\"WebSite\",\"@id\":\"https:\/\/www.spottergps.com\/se\/#website\",\"url\":\"https:\/\/www.spottergps.com\/se\/\",\"name\":\"Spotter Sweden\",\"description\":\"Spotter GPS Sweden\",\"potentialAction\":[{\"@type\":\"SearchAction\",\"target\":{\"@type\":\"EntryPoint\",\"urlTemplate\":\"https:\/\/www.spottergps.com\/se\/?s={search_term_string}\"},\"query-input\":{\"@type\":\"PropertyValueSpecification\",\"valueRequired\":true,\"valueName\":\"search_term_string\"}}],\"inLanguage\":\"sv-SE\"}]}<\/script>\n<!-- \/ Yoast SEO plugin. -->","yoast_head_json":{"title":"Hur uppdaterar jag Spotter-appen? - Spotter Sweden","robots":{"index":"index","follow":"follow","max-snippet":"max-snippet:-1","max-image-preview":"max-image-preview:large","max-video-preview":"max-video-preview:-1"},"canonical":"https:\/\/www.spottergps.com\/se\/hur-uppdaterar-jag-spotter-appen\/","og_locale":"sv_SE","og_type":"article","og_title":"Hur uppdaterar jag Spotter-appen? - Spotter Sweden","og_description":"Spotter-appen uppdateras regelbundet med nya funktioner eller buggfixar. Det \u00e4r [&hellip;]","og_url":"https:\/\/www.spottergps.com\/se\/hur-uppdaterar-jag-spotter-appen\/","og_site_name":"Spotter Sweden","article_modified_time":"2021-11-19T15:04:33+00:00","og_image":[{"url":"https:\/\/www.spottergps.com\/wp-content\/uploads\/2015\/05\/AppStore-e1589534547197.png","type":"","width":"","height":""}],"twitter_card":"summary_large_image","twitter_misc":{"Ber\u00e4knad l\u00e4stid":"1 minut"},"schema":{"@context":"https:\/\/schema.org","@graph":[{"@type":"WebPage","@id":"https:\/\/www.spottergps.com\/se\/hur-uppdaterar-jag-spotter-appen\/","url":"https:\/\/www.spottergps.com\/se\/hur-uppdaterar-jag-spotter-appen\/","name":"Hur uppdaterar jag Spotter-appen? - Spotter Sweden","isPartOf":{"@id":"https:\/\/www.spottergps.com\/se\/#website"},"primaryImageOfPage":{"@id":"https:\/\/www.spottergps.com\/se\/hur-uppdaterar-jag-spotter-appen\/#primaryimage"},"image":{"@id":"https:\/\/www.spottergps.com\/se\/hur-uppdaterar-jag-spotter-appen\/#primaryimage"},"thumbnailUrl":"https:\/\/www.spottergps.com\/wp-content\/uploads\/2015\/05\/AppStore-e1589534547197.png","datePublished":"2021-11-19T13:07:02+00:00","dateModified":"2021-11-19T15:04:33+00:00","breadcrumb":{"@id":"https:\/\/www.spottergps.com\/se\/hur-uppdaterar-jag-spotter-appen\/#breadcrumb"},"inLanguage":"sv-SE","potentialAction":[{"@type":"ReadAction","target":["https:\/\/www.spottergps.com\/se\/hur-uppdaterar-jag-spotter-appen\/"]}]},{"@type":"ImageObject","inLanguage":"sv-SE","@id":"https:\/\/www.spottergps.com\/se\/hur-uppdaterar-jag-spotter-appen\/#primaryimage","url":"https:\/\/www.spottergps.com\/wp-content\/uploads\/2015\/05\/AppStore-e1589534547197.png","contentUrl":"https:\/\/www.spottergps.com\/wp-content\/uploads\/2015\/05\/AppStore-e1589534547197.png"},{"@type":"BreadcrumbList","@id":"https:\/\/www.spottergps.com\/se\/hur-uppdaterar-jag-spotter-appen\/#breadcrumb","itemListElement":[{"@type":"ListItem","position":1,"name":"Home","item":"https:\/\/www.spottergps.com\/se\/"},{"@type":"ListItem","position":2,"name":"Hur uppdaterar jag Spotter-appen?"}]},{"@type":"WebSite","@id":"https:\/\/www.spottergps.com\/se\/#website","url":"https:\/\/www.spottergps.com\/se\/","name":"Spotter Sweden","description":"Spotter GPS Sweden","potentialAction":[{"@type":"SearchAction","target":{"@type":"EntryPoint","urlTemplate":"https:\/\/www.spottergps.com\/se\/?s={search_term_string}"},"query-input":{"@type":"PropertyValueSpecification","valueRequired":true,"valueName":"search_term_string"}}],"inLanguage":"sv-SE"}]}},"_links":{"self":[{"href":"https:\/\/www.spottergps.com\/se\/wp-json\/wp\/v2\/pages\/15227","targetHints":{"allow":["GET"]}}],"collection":[{"href":"https:\/\/www.spottergps.com\/se\/wp-json\/wp\/v2\/pages"}],"about":[{"href":"https:\/\/www.spottergps.com\/se\/wp-json\/wp\/v2\/types\/page"}],"author":[{"embeddable":true,"href":"https:\/\/www.spottergps.com\/se\/wp-json\/wp\/v2\/users\/8"}],"replies":[{"embeddable":true,"href":"https:\/\/www.spottergps.com\/se\/wp-json\/wp\/v2\/comments?post=15227"}],"version-history":[{"count":3,"href":"https:\/\/www.spottergps.com\/se\/wp-json\/wp\/v2\/pages\/15227\/revisions"}],"predecessor-version":[{"id":15295,"href":"https:\/\/www.spottergps.com\/se\/wp-json\/wp\/v2\/pages\/15227\/revisions\/15295"}],"wp:attachment":[{"href":"https:\/\/www.spottergps.com\/se\/wp-json\/wp\/v2\/media?parent=15227"}],"wp:term":[{"taxonomy":"category","embeddable":true,"href":"https:\/\/www.spottergps.com\/se\/wp-json\/wp\/v2\/categories?post=15227"},{"taxonomy":"post_tag","embeddable":true,"href":"https:\/\/www.spottergps.com\/se\/wp-json\/wp\/v2\/tags?post=15227"}],"curies":[{"name":"wp","href":"https:\/\/api.w.org\/{rel}","templated":true}]}}