{"id":15223,"date":"2021-11-19T12:59:44","date_gmt":"2021-11-19T12:59:44","guid":{"rendered":"https:\/\/www.spottergps.com\/se\/?page_id=15223"},"modified":"2025-12-10T07:46:48","modified_gmt":"2025-12-10T07:46:48","slug":"ladda-ner-spotter-appen","status":"publish","type":"page","link":"https:\/\/www.spottergps.com\/se\/stod\/ladda-ner-spotter-appen\/","title":{"rendered":"Ladda ner Spotter-appen"},"content":{"rendered":"\n<p>Ladda ner Spotter-appen s\u00e5 att du enkelt kan logga in n\u00e4r du \u00e4r p\u00e5 spr\u00e5ng och f\u00e5 push-notiser p\u00e5 din smartphone. Detta \u00e4r ett kort meddelande som du ser direkt p\u00e5 sk\u00e4rmen p\u00e5 din telefon, \u00e4ven om du inte har Spotter-appen \u00f6ppen. Spotter-appen \u00e4r GRATIS att ladda ner.<\/p>\n\n\n\n<h2 class=\"wp-block-heading\">iOS<\/h2>\n\n\n\n<p>G\u00e5 till Appstore med din Apple-enhet och s\u00f6k p\u00e5 &#8217;Spotter GPS&#8217; via s\u00f6kfunktionen. Spotter-appen dyker upp, klicka nu p\u00e5 &#8221;ladda ner&#8221;. Eller klicka p\u00e5 bilden nedan f\u00f6r att ladda ner appen direkt till din Apple-enhet.<\/p>\n\n\n\n<figure class=\"wp-block-image is-resized\"><a href=\"https:\/\/apps.apple.com\/se\/app\/spotter-gps-tracker\/id997370912\" target=\"_blank\" rel=\"noreferrer noopener\"><img loading=\"lazy\" decoding=\"async\" src=\"https:\/\/www.spottergps.com\/wp-content\/uploads\/2015\/05\/AppStore.png\" alt=\"Spotter - AppStore\" class=\"wp-image-199\" width=\"190\" height=\"63\" \/><\/a><\/figure>\n\n\n\n<h2 class=\"wp-block-heading\">Android<\/h2>\n\n\n\n<p>G\u00e5 till Play Butik p\u00e5 din Android-enhet och s\u00f6k p\u00e5 &#8217;Spotter GPS&#8217; via s\u00f6kfunktionen. Spotter-appen dyker upp, klicka nu p\u00e5 &#8221;ladda ner&#8221;. Eller klicka p\u00e5 bilden nedan f\u00f6r att ladda ner appen direkt p\u00e5 din Android-enhet.\u00a0<\/p>\n\n\n\n<figure class=\"wp-block-image is-resized\"><a href=\"https:\/\/play.google.com\/store\/apps\/details?id=com.spottergps.spotter&amp;hl=sv&amp;gl=SE\" target=\"_blank\" rel=\"noreferrer noopener\"><img loading=\"lazy\" decoding=\"async\" src=\"https:\/\/www.spottergps.com\/wp-content\/uploads\/2015\/05\/PlayStore.png\" alt=\"Spotter - PlayStore\" class=\"wp-image-200\" width=\"189\" height=\"62\" \/><\/a><\/figure>\n\n\n\n<h2 class=\"wp-block-heading\">Webb-app f\u00f6r alla enheter<\/h2>\n\n\n\n<p>Du kan anv\u00e4nda Spotter Web-app p\u00e5 vilken enhet som helst. Du g\u00e5r till <a href=\"https:\/\/my.spottergps.com\/\">https:\/\/my.spottergps.com\/\u00a0<\/a> och loggar in med dina uppgifter. <br>Tips: G\u00f6r en genv\u00e4g till den h\u00e4r sidan p\u00e5 din startsk\u00e4rm s\u00e5 att du enkelt kan anv\u00e4nda appen.<br><br><br>Tags: Ios, Android<\/p>\n\n\n\n<h2 class=\"wp-block-heading\"><br><\/h2>\n","protected":false},"excerpt":{"rendered":"<p>Ladda ner Spotter-appen s\u00e5 att du enkelt kan logga in [&hellip;]<\/p>\n","protected":false},"author":8,"featured_media":0,"parent":15053,"menu_order":0,"comment_status":"closed","ping_status":"closed","template":"faq-content.php","meta":{"_acf_changed":false,"footnotes":""},"categories":[],"tags":[],"class_list":["post-15223","page","type-page","status-publish","hentry"],"acf":[],"yoast_head":"<!-- This site is optimized with the Yoast SEO plugin v25.9 - https:\/\/yoast.com\/wordpress\/plugins\/seo\/ -->\n<title>Ladda ner Spotter-appen - Spotter Sweden<\/title>\n<meta name=\"robots\" content=\"noindex, nofollow\" \/>\n<meta property=\"og:locale\" content=\"sv_SE\" \/>\n<meta property=\"og:type\" content=\"article\" \/>\n<meta property=\"og:title\" content=\"Ladda ner Spotter-appen - Spotter Sweden\" \/>\n<meta property=\"og:description\" content=\"Ladda ner Spotter-appen s\u00e5 att du enkelt kan logga in [&hellip;]\" \/>\n<meta property=\"og:url\" content=\"https:\/\/www.spottergps.com\/se\/stod\/ladda-ner-spotter-appen\/\" \/>\n<meta property=\"og:site_name\" content=\"Spotter Sweden\" \/>\n<meta property=\"article:modified_time\" content=\"2025-12-10T07:46:48+00:00\" \/>\n<meta name=\"twitter:card\" content=\"summary_large_image\" \/>\n<meta name=\"twitter:label1\" content=\"Ber\u00e4knad l\u00e4stid\" \/>\n\t<meta name=\"twitter:data1\" content=\"2 minuter\" \/>\n<script type=\"application\/ld+json\" class=\"yoast-schema-graph\">{\"@context\":\"https:\/\/schema.org\",\"@graph\":[{\"@type\":\"WebPage\",\"@id\":\"https:\/\/www.spottergps.com\/se\/stod\/ladda-ner-spotter-appen\/\",\"url\":\"https:\/\/www.spottergps.com\/se\/stod\/ladda-ner-spotter-appen\/\",\"name\":\"Ladda ner Spotter-appen - Spotter Sweden\",\"isPartOf\":{\"@id\":\"https:\/\/www.spottergps.com\/se\/#website\"},\"primaryImageOfPage\":{\"@id\":\"https:\/\/www.spottergps.com\/se\/stod\/ladda-ner-spotter-appen\/#primaryimage\"},\"image\":{\"@id\":\"https:\/\/www.spottergps.com\/se\/stod\/ladda-ner-spotter-appen\/#primaryimage\"},\"thumbnailUrl\":\"https:\/\/www.spottergps.com\/wp-content\/uploads\/2015\/05\/AppStore.png\",\"datePublished\":\"2021-11-19T12:59:44+00:00\",\"dateModified\":\"2025-12-10T07:46:48+00:00\",\"breadcrumb\":{\"@id\":\"https:\/\/www.spottergps.com\/se\/stod\/ladda-ner-spotter-appen\/#breadcrumb\"},\"inLanguage\":\"sv-SE\",\"potentialAction\":[{\"@type\":\"ReadAction\",\"target\":[\"https:\/\/www.spottergps.com\/se\/stod\/ladda-ner-spotter-appen\/\"]}]},{\"@type\":\"ImageObject\",\"inLanguage\":\"sv-SE\",\"@id\":\"https:\/\/www.spottergps.com\/se\/stod\/ladda-ner-spotter-appen\/#primaryimage\",\"url\":\"https:\/\/www.spottergps.com\/wp-content\/uploads\/2015\/05\/AppStore.png\",\"contentUrl\":\"https:\/\/www.spottergps.com\/wp-content\/uploads\/2015\/05\/AppStore.png\"},{\"@type\":\"BreadcrumbList\",\"@id\":\"https:\/\/www.spottergps.com\/se\/stod\/ladda-ner-spotter-appen\/#breadcrumb\",\"itemListElement\":[{\"@type\":\"ListItem\",\"position\":1,\"name\":\"Home\",\"item\":\"https:\/\/www.spottergps.com\/se\/\"},{\"@type\":\"ListItem\",\"position\":2,\"name\":\"Hur kan vi hj\u00e4lpa dig?\",\"item\":\"https:\/\/www.spottergps.com\/se\/stod\/\"},{\"@type\":\"ListItem\",\"position\":3,\"name\":\"Ladda ner Spotter-appen\"}]},{\"@type\":\"WebSite\",\"@id\":\"https:\/\/www.spottergps.com\/se\/#website\",\"url\":\"https:\/\/www.spottergps.com\/se\/\",\"name\":\"Spotter Sweden\",\"description\":\"Spotter GPS Sweden\",\"potentialAction\":[{\"@type\":\"SearchAction\",\"target\":{\"@type\":\"EntryPoint\",\"urlTemplate\":\"https:\/\/www.spottergps.com\/se\/?s={search_term_string}\"},\"query-input\":{\"@type\":\"PropertyValueSpecification\",\"valueRequired\":true,\"valueName\":\"search_term_string\"}}],\"inLanguage\":\"sv-SE\"}]}<\/script>\n<!-- \/ Yoast SEO plugin. -->","yoast_head_json":{"title":"Ladda ner Spotter-appen - Spotter Sweden","robots":{"index":"noindex","follow":"nofollow"},"og_locale":"sv_SE","og_type":"article","og_title":"Ladda ner Spotter-appen - Spotter Sweden","og_description":"Ladda ner Spotter-appen s\u00e5 att du enkelt kan logga in [&hellip;]","og_url":"https:\/\/www.spottergps.com\/se\/stod\/ladda-ner-spotter-appen\/","og_site_name":"Spotter Sweden","article_modified_time":"2025-12-10T07:46:48+00:00","twitter_card":"summary_large_image","twitter_misc":{"Ber\u00e4knad l\u00e4stid":"2 minuter"},"schema":{"@context":"https:\/\/schema.org","@graph":[{"@type":"WebPage","@id":"https:\/\/www.spottergps.com\/se\/stod\/ladda-ner-spotter-appen\/","url":"https:\/\/www.spottergps.com\/se\/stod\/ladda-ner-spotter-appen\/","name":"Ladda ner Spotter-appen - Spotter Sweden","isPartOf":{"@id":"https:\/\/www.spottergps.com\/se\/#website"},"primaryImageOfPage":{"@id":"https:\/\/www.spottergps.com\/se\/stod\/ladda-ner-spotter-appen\/#primaryimage"},"image":{"@id":"https:\/\/www.spottergps.com\/se\/stod\/ladda-ner-spotter-appen\/#primaryimage"},"thumbnailUrl":"https:\/\/www.spottergps.com\/wp-content\/uploads\/2015\/05\/AppStore.png","datePublished":"2021-11-19T12:59:44+00:00","dateModified":"2025-12-10T07:46:48+00:00","breadcrumb":{"@id":"https:\/\/www.spottergps.com\/se\/stod\/ladda-ner-spotter-appen\/#breadcrumb"},"inLanguage":"sv-SE","potentialAction":[{"@type":"ReadAction","target":["https:\/\/www.spottergps.com\/se\/stod\/ladda-ner-spotter-appen\/"]}]},{"@type":"ImageObject","inLanguage":"sv-SE","@id":"https:\/\/www.spottergps.com\/se\/stod\/ladda-ner-spotter-appen\/#primaryimage","url":"https:\/\/www.spottergps.com\/wp-content\/uploads\/2015\/05\/AppStore.png","contentUrl":"https:\/\/www.spottergps.com\/wp-content\/uploads\/2015\/05\/AppStore.png"},{"@type":"BreadcrumbList","@id":"https:\/\/www.spottergps.com\/se\/stod\/ladda-ner-spotter-appen\/#breadcrumb","itemListElement":[{"@type":"ListItem","position":1,"name":"Home","item":"https:\/\/www.spottergps.com\/se\/"},{"@type":"ListItem","position":2,"name":"Hur kan vi hj\u00e4lpa dig?","item":"https:\/\/www.spottergps.com\/se\/stod\/"},{"@type":"ListItem","position":3,"name":"Ladda ner Spotter-appen"}]},{"@type":"WebSite","@id":"https:\/\/www.spottergps.com\/se\/#website","url":"https:\/\/www.spottergps.com\/se\/","name":"Spotter Sweden","description":"Spotter GPS Sweden","potentialAction":[{"@type":"SearchAction","target":{"@type":"EntryPoint","urlTemplate":"https:\/\/www.spottergps.com\/se\/?s={search_term_string}"},"query-input":{"@type":"PropertyValueSpecification","valueRequired":true,"valueName":"search_term_string"}}],"inLanguage":"sv-SE"}]}},"_links":{"self":[{"href":"https:\/\/www.spottergps.com\/se\/wp-json\/wp\/v2\/pages\/15223","targetHints":{"allow":["GET"]}}],"collection":[{"href":"https:\/\/www.spottergps.com\/se\/wp-json\/wp\/v2\/pages"}],"about":[{"href":"https:\/\/www.spottergps.com\/se\/wp-json\/wp\/v2\/types\/page"}],"author":[{"embeddable":true,"href":"https:\/\/www.spottergps.com\/se\/wp-json\/wp\/v2\/users\/8"}],"replies":[{"embeddable":true,"href":"https:\/\/www.spottergps.com\/se\/wp-json\/wp\/v2\/comments?post=15223"}],"version-history":[{"count":2,"href":"https:\/\/www.spottergps.com\/se\/wp-json\/wp\/v2\/pages\/15223\/revisions"}],"predecessor-version":[{"id":15225,"href":"https:\/\/www.spottergps.com\/se\/wp-json\/wp\/v2\/pages\/15223\/revisions\/15225"}],"up":[{"embeddable":true,"href":"https:\/\/www.spottergps.com\/se\/wp-json\/wp\/v2\/pages\/15053"}],"wp:attachment":[{"href":"https:\/\/www.spottergps.com\/se\/wp-json\/wp\/v2\/media?parent=15223"}],"wp:term":[{"taxonomy":"category","embeddable":true,"href":"https:\/\/www.spottergps.com\/se\/wp-json\/wp\/v2\/categories?post=15223"},{"taxonomy":"post_tag","embeddable":true,"href":"https:\/\/www.spottergps.com\/se\/wp-json\/wp\/v2\/tags?post=15223"}],"curies":[{"name":"wp","href":"https:\/\/api.w.org\/{rel}","templated":true}]}}