{"id":15219,"date":"2021-11-19T12:48:12","date_gmt":"2021-11-19T12:48:12","guid":{"rendered":"https:\/\/www.spottergps.com\/se\/?page_id=15219"},"modified":"2021-11-19T12:48:13","modified_gmt":"2021-11-19T12:48:13","slug":"min-spotter-laddas-inte-upp","status":"publish","type":"page","link":"https:\/\/www.spottergps.com\/se\/stod\/min-spotter-laddas-inte-upp\/","title":{"rendered":"Min Spotter laddas inte upp"},"content":{"rendered":"\n<p>Kontrollera vilken produkt du har och hur du kan ladda Spotter p\u00e5 b\u00e4sta s\u00e4tt.<\/p>\n\n\n\n<h3 class=\"wp-block-heading\">Spotter GPS Watch<\/h3>\n\n\n\n<p>Anv\u00e4nd den medf\u00f6ljande USB-kabeln f\u00f6r laddning. Du placerar laddarens tv\u00e5 spetsar p\u00e5 kontakterna p\u00e5 baksidan av Spotter GPS Watch. Placera sedan \u00e4nden av kabeln i en USB-port eller USB-laddare och Spotter GPS Watch b\u00f6rjar laddas. Ett batteri som laddas visas p\u00e5 sk\u00e4rmen p\u00e5 Spotter GPS Watch. S\u00e5 snart det \u00e4r fullt (efter 4 timmar \u00e4r klockan fulladdad) kan du koppla bort Spotter GPS Watch fr\u00e5n str\u00f6mmen och s\u00e4tta p\u00e5 den.<br><br>Se till att laddspetsarna sitter ordentligt p\u00e5 Spotter GPS Watch. Om spetsarna inte sitter ordentligt kommer Spotter inte att laddas. Om du s\u00e4tter Spotter p\u00e5 laddning n\u00e4r den \u00e4r helt tom tar det 5-10 minuter innan du kan s\u00e4tta p\u00e5 Spotter.<\/p>\n\n\n\n<h3 class=\"wp-block-heading\">Spotter GPS Tracker\u00a0<\/h3>\n\n\n\n<p>Du ansluter USB-kabeln till USB-laddaren och kopplar in den i v\u00e4gguttaget. S\u00e4tt \u00e4nden av USB-kabeln i porten p\u00e5 sidan av Spotter GPS Tracker eller placera Spotter i laddningsdockan. Spotter GPS Tracker \u00e4r fulladdad inom 2-3 timmar. Se till att \u00e4nden av USB-kabeln \u00e4r ordentligt isatt i Spotter GPS Tracker, annars laddas inte Spotter.<\/p>\n\n\n\n<h3 class=\"wp-block-heading\">Pet Spotter<\/h3>\n\n\n\n<p>Anv\u00e4nd den medf\u00f6ljande USB-kabeln f\u00f6r laddning. Pet Spotter har en magnetladdare som klickar fast sig p\u00e5 Pet Spotter. N\u00e4r laddaren \u00e4r ordentligt ansluten kommer LED-ringen att lysa och blinka. N\u00e4r Pet Spotter har laddats till 5 % kommer den att sl\u00e5s p\u00e5 automatiskt och avge ett ljud.<\/p>\n\n\n\n<h3 class=\"wp-block-heading\">Spotter GPS Watch \u2013 Air<\/h3>\n\n\n\n<p>Anv\u00e4nd den medf\u00f6ljande USB-kabeln f\u00f6r laddning. Spotter GPS Watch \u2013 Air har en magnetladdare som klickar sig fast p\u00e5 Spotter GPS Watch. Du s\u00e4tter sedan i \u00e4nden av kabeln i en USB-port och Spotter Watch \u2013 Air b\u00f6rjar laddas. Ett batteri som laddas visas p\u00e5 sk\u00e4rmen p\u00e5 Spotter GPS Watch \u2013 Air. N\u00e4r den \u00e4r full (efter 4 timmar \u00e4r klockan fulladdad) kan du koppla bort Spotter GPS Watch \u2013 Air fr\u00e5n str\u00f6mmen och sl\u00e5 p\u00e5 den.<br><\/p>\n\n\n\n<p>Tags: GPS Watch laddas inte upp, GPS Tracker laddas inte upp<\/p>\n","protected":false},"excerpt":{"rendered":"<p>Kontrollera vilken produkt du har och hur du kan ladda [&hellip;]<\/p>\n","protected":false},"author":8,"featured_media":0,"parent":15053,"menu_order":0,"comment_status":"closed","ping_status":"closed","template":"faq-content.php","meta":{"_acf_changed":false,"footnotes":""},"categories":[],"tags":[],"class_list":["post-15219","page","type-page","status-publish","hentry"],"acf":[],"yoast_head":"<!-- This site is optimized with the Yoast SEO plugin v25.9 - https:\/\/yoast.com\/wordpress\/plugins\/seo\/ -->\n<title>Min Spotter laddas inte upp - Spotter Sweden<\/title>\n<meta name=\"robots\" content=\"index, follow, max-snippet:-1, max-image-preview:large, max-video-preview:-1\" \/>\n<link rel=\"canonical\" href=\"https:\/\/www.spottergps.com\/se\/stod\/min-spotter-laddas-inte-upp\/\" \/>\n<meta property=\"og:locale\" content=\"sv_SE\" \/>\n<meta property=\"og:type\" content=\"article\" \/>\n<meta property=\"og:title\" content=\"Min Spotter laddas inte upp - Spotter Sweden\" \/>\n<meta property=\"og:description\" content=\"Kontrollera vilken produkt du har och hur du kan ladda [&hellip;]\" \/>\n<meta property=\"og:url\" content=\"https:\/\/www.spottergps.com\/se\/stod\/min-spotter-laddas-inte-upp\/\" \/>\n<meta property=\"og:site_name\" content=\"Spotter Sweden\" \/>\n<meta property=\"article:modified_time\" content=\"2021-11-19T12:48:13+00:00\" \/>\n<meta name=\"twitter:card\" content=\"summary_large_image\" \/>\n<meta name=\"twitter:label1\" content=\"Ber\u00e4knad l\u00e4stid\" \/>\n\t<meta name=\"twitter:data1\" content=\"2 minuter\" \/>\n<script type=\"application\/ld+json\" class=\"yoast-schema-graph\">{\"@context\":\"https:\/\/schema.org\",\"@graph\":[{\"@type\":\"WebPage\",\"@id\":\"https:\/\/www.spottergps.com\/se\/stod\/min-spotter-laddas-inte-upp\/\",\"url\":\"https:\/\/www.spottergps.com\/se\/stod\/min-spotter-laddas-inte-upp\/\",\"name\":\"Min Spotter laddas inte upp - Spotter Sweden\",\"isPartOf\":{\"@id\":\"https:\/\/www.spottergps.com\/se\/#website\"},\"datePublished\":\"2021-11-19T12:48:12+00:00\",\"dateModified\":\"2021-11-19T12:48:13+00:00\",\"breadcrumb\":{\"@id\":\"https:\/\/www.spottergps.com\/se\/stod\/min-spotter-laddas-inte-upp\/#breadcrumb\"},\"inLanguage\":\"sv-SE\",\"potentialAction\":[{\"@type\":\"ReadAction\",\"target\":[\"https:\/\/www.spottergps.com\/se\/stod\/min-spotter-laddas-inte-upp\/\"]}]},{\"@type\":\"BreadcrumbList\",\"@id\":\"https:\/\/www.spottergps.com\/se\/stod\/min-spotter-laddas-inte-upp\/#breadcrumb\",\"itemListElement\":[{\"@type\":\"ListItem\",\"position\":1,\"name\":\"Home\",\"item\":\"https:\/\/www.spottergps.com\/se\/\"},{\"@type\":\"ListItem\",\"position\":2,\"name\":\"Hur kan vi hj\u00e4lpa dig?\",\"item\":\"https:\/\/www.spottergps.com\/se\/stod\/\"},{\"@type\":\"ListItem\",\"position\":3,\"name\":\"Min Spotter laddas inte upp\"}]},{\"@type\":\"WebSite\",\"@id\":\"https:\/\/www.spottergps.com\/se\/#website\",\"url\":\"https:\/\/www.spottergps.com\/se\/\",\"name\":\"Spotter Sweden\",\"description\":\"Spotter GPS Sweden\",\"potentialAction\":[{\"@type\":\"SearchAction\",\"target\":{\"@type\":\"EntryPoint\",\"urlTemplate\":\"https:\/\/www.spottergps.com\/se\/?s={search_term_string}\"},\"query-input\":{\"@type\":\"PropertyValueSpecification\",\"valueRequired\":true,\"valueName\":\"search_term_string\"}}],\"inLanguage\":\"sv-SE\"}]}<\/script>\n<!-- \/ Yoast SEO plugin. -->","yoast_head_json":{"title":"Min Spotter laddas inte upp - Spotter Sweden","robots":{"index":"index","follow":"follow","max-snippet":"max-snippet:-1","max-image-preview":"max-image-preview:large","max-video-preview":"max-video-preview:-1"},"canonical":"https:\/\/www.spottergps.com\/se\/stod\/min-spotter-laddas-inte-upp\/","og_locale":"sv_SE","og_type":"article","og_title":"Min Spotter laddas inte upp - Spotter Sweden","og_description":"Kontrollera vilken produkt du har och hur du kan ladda [&hellip;]","og_url":"https:\/\/www.spottergps.com\/se\/stod\/min-spotter-laddas-inte-upp\/","og_site_name":"Spotter Sweden","article_modified_time":"2021-11-19T12:48:13+00:00","twitter_card":"summary_large_image","twitter_misc":{"Ber\u00e4knad l\u00e4stid":"2 minuter"},"schema":{"@context":"https:\/\/schema.org","@graph":[{"@type":"WebPage","@id":"https:\/\/www.spottergps.com\/se\/stod\/min-spotter-laddas-inte-upp\/","url":"https:\/\/www.spottergps.com\/se\/stod\/min-spotter-laddas-inte-upp\/","name":"Min Spotter laddas inte upp - Spotter Sweden","isPartOf":{"@id":"https:\/\/www.spottergps.com\/se\/#website"},"datePublished":"2021-11-19T12:48:12+00:00","dateModified":"2021-11-19T12:48:13+00:00","breadcrumb":{"@id":"https:\/\/www.spottergps.com\/se\/stod\/min-spotter-laddas-inte-upp\/#breadcrumb"},"inLanguage":"sv-SE","potentialAction":[{"@type":"ReadAction","target":["https:\/\/www.spottergps.com\/se\/stod\/min-spotter-laddas-inte-upp\/"]}]},{"@type":"BreadcrumbList","@id":"https:\/\/www.spottergps.com\/se\/stod\/min-spotter-laddas-inte-upp\/#breadcrumb","itemListElement":[{"@type":"ListItem","position":1,"name":"Home","item":"https:\/\/www.spottergps.com\/se\/"},{"@type":"ListItem","position":2,"name":"Hur kan vi hj\u00e4lpa dig?","item":"https:\/\/www.spottergps.com\/se\/stod\/"},{"@type":"ListItem","position":3,"name":"Min Spotter laddas inte upp"}]},{"@type":"WebSite","@id":"https:\/\/www.spottergps.com\/se\/#website","url":"https:\/\/www.spottergps.com\/se\/","name":"Spotter Sweden","description":"Spotter GPS Sweden","potentialAction":[{"@type":"SearchAction","target":{"@type":"EntryPoint","urlTemplate":"https:\/\/www.spottergps.com\/se\/?s={search_term_string}"},"query-input":{"@type":"PropertyValueSpecification","valueRequired":true,"valueName":"search_term_string"}}],"inLanguage":"sv-SE"}]}},"_links":{"self":[{"href":"https:\/\/www.spottergps.com\/se\/wp-json\/wp\/v2\/pages\/15219","targetHints":{"allow":["GET"]}}],"collection":[{"href":"https:\/\/www.spottergps.com\/se\/wp-json\/wp\/v2\/pages"}],"about":[{"href":"https:\/\/www.spottergps.com\/se\/wp-json\/wp\/v2\/types\/page"}],"author":[{"embeddable":true,"href":"https:\/\/www.spottergps.com\/se\/wp-json\/wp\/v2\/users\/8"}],"replies":[{"embeddable":true,"href":"https:\/\/www.spottergps.com\/se\/wp-json\/wp\/v2\/comments?post=15219"}],"version-history":[{"count":1,"href":"https:\/\/www.spottergps.com\/se\/wp-json\/wp\/v2\/pages\/15219\/revisions"}],"predecessor-version":[{"id":15220,"href":"https:\/\/www.spottergps.com\/se\/wp-json\/wp\/v2\/pages\/15219\/revisions\/15220"}],"up":[{"embeddable":true,"href":"https:\/\/www.spottergps.com\/se\/wp-json\/wp\/v2\/pages\/15053"}],"wp:attachment":[{"href":"https:\/\/www.spottergps.com\/se\/wp-json\/wp\/v2\/media?parent=15219"}],"wp:term":[{"taxonomy":"category","embeddable":true,"href":"https:\/\/www.spottergps.com\/se\/wp-json\/wp\/v2\/categories?post=15219"},{"taxonomy":"post_tag","embeddable":true,"href":"https:\/\/www.spottergps.com\/se\/wp-json\/wp\/v2\/tags?post=15219"}],"curies":[{"name":"wp","href":"https:\/\/api.w.org\/{rel}","templated":true}]}}