{"id":15216,"date":"2021-11-19T12:44:57","date_gmt":"2021-11-19T12:44:57","guid":{"rendered":"https:\/\/www.spottergps.com\/se\/?page_id=15216"},"modified":"2021-11-19T12:44:58","modified_gmt":"2021-11-19T12:44:58","slug":"hur-vet-jag-att-batteriet-nastan-ar-tomt","status":"publish","type":"page","link":"https:\/\/www.spottergps.com\/se\/stod\/hur-vet-jag-att-batteriet-nastan-ar-tomt\/","title":{"rendered":"Hur vet jag att batteriet n\u00e4stan \u00e4r tomt?"},"content":{"rendered":"\n<p>Detta visas p\u00e5 olika s\u00e4tt f\u00f6r varje produkt, vilket vi f\u00f6rklarar per produkt nedan.<\/p>\n\n\n\n<h3 class=\"wp-block-heading\">Spotter GPS-tracker<\/h3>\n\n\n\n<p>Om den bl\u00e5 LED-lampan p\u00e5 Spotter GPS Tracker lyser snabbt betyder det att batteriet \u00e4r mindre \u00e4n 15 %. Du kan ocks\u00e5 se batteristatus i Spotter-kontot. N\u00e4r du loggar in p\u00e5 kontot, g\u00e5 till kartan och klicka h\u00e4r p\u00e5 Spotter, en sk\u00e4rm kommer fram. P\u00e5 den h\u00e4r sk\u00e4rmen kan du se batteristatus.<br><br>Dessutom f\u00e5r du en pushnotis via Spotter-appen och ett e-postmeddelande till den kopplade e-postadressen\u00a0n\u00e4r batteriet n\u00e4stan \u00e4r tomt.<\/p>\n\n\n\n<h3 class=\"wp-block-heading\">Spotter GPS Watch<\/h3>\n\n\n\n<p>F\u00f6r Spotter GPS Watch visas ett batteri p\u00e5 klockans display uppe till h\u00f6ger. H\u00e4r kan du se hur fullt batteriet \u00e4r. Du kan ocks\u00e5 se batteristatus i Spotter-kontot. N\u00e4r du loggar in p\u00e5 kontot, g\u00e5 till kartan och klicka h\u00e4r p\u00e5 Spotter, en sk\u00e4rm kommer fram. P\u00e5 den h\u00e4r sk\u00e4rmen kan du se batteristatus.<br><br>Dessutom f\u00e5r du en pushnotis via Spotter-appen och ett e-postmeddelande till den kopplade e-postadressen om batteriprocenten \u00e4r mindre \u00e4n 15 %.<\/p>\n\n\n\n<h3 class=\"wp-block-heading\">Pet Spotter<\/h3>\n\n\n\n<p>Du ser batteristatusen i Spotter-kontot. N\u00e4r du loggar in p\u00e5 kontot, g\u00e5 till kartan och klicka h\u00e4r p\u00e5 Spotter, en sk\u00e4rm kommer upp. P\u00e5 den h\u00e4r sk\u00e4rmen kan du se batteristatus. N\u00e4r Pet Spotter \u00e4r tom kommer du att h\u00f6ra ett ljud och Pet Spotter st\u00e4ngs av. Dessutom f\u00e5r du en pushnotis via Spotter-appen och ett e-postmeddelande till den kopplade e-postadressen om batteriprocenten \u00e4r mindre \u00e4n 15 %.<\/p>\n\n\n\n<h3 class=\"wp-block-heading\">Spotter GPS Watch \u2013 Air<\/h3>\n\n\n\n<p>F\u00f6r Spotter GPS Watch Air visas ett batteri l\u00e4ngst upp till h\u00f6ger p\u00e5 klockans sk\u00e4rm. H\u00e4r kan du se hur fullt batteriet \u00e4r. Du kan ocks\u00e5 se batteristatus i Spotter-kontot. N\u00e4r du loggar in p\u00e5 kontot, g\u00e5 till kartan och klicka h\u00e4r p\u00e5 Spotter, en sk\u00e4rm kommer upp. P\u00e5 den h\u00e4r sk\u00e4rmen kan du se batteristatus.<br><br>Dessutom f\u00e5r du en pushnotis via Spotter-appen och ett e-postmeddelande till den kopplade e-postadressen om batteriprocenten \u00e4r mindre \u00e4n 15 %. <br><br><br>Tags: \u00e4r tomt, batteri<\/p>\n","protected":false},"excerpt":{"rendered":"<p>Detta visas p\u00e5 olika s\u00e4tt f\u00f6r varje produkt, vilket vi [&hellip;]<\/p>\n","protected":false},"author":8,"featured_media":0,"parent":15053,"menu_order":0,"comment_status":"closed","ping_status":"closed","template":"faq-content.php","meta":{"_acf_changed":false,"footnotes":""},"categories":[],"tags":[],"class_list":["post-15216","page","type-page","status-publish","hentry"],"acf":[],"yoast_head":"<!-- This site is optimized with the Yoast SEO plugin v25.9 - https:\/\/yoast.com\/wordpress\/plugins\/seo\/ -->\n<title>Hur vet jag att batteriet n\u00e4stan \u00e4r tomt? - Spotter Sweden<\/title>\n<meta name=\"robots\" content=\"index, follow, max-snippet:-1, max-image-preview:large, max-video-preview:-1\" \/>\n<link rel=\"canonical\" href=\"https:\/\/www.spottergps.com\/se\/stod\/hur-vet-jag-att-batteriet-nastan-ar-tomt\/\" \/>\n<meta property=\"og:locale\" content=\"sv_SE\" \/>\n<meta property=\"og:type\" content=\"article\" \/>\n<meta property=\"og:title\" content=\"Hur vet jag att batteriet n\u00e4stan \u00e4r tomt? - Spotter Sweden\" \/>\n<meta property=\"og:description\" content=\"Detta visas p\u00e5 olika s\u00e4tt f\u00f6r varje produkt, vilket vi [&hellip;]\" \/>\n<meta property=\"og:url\" content=\"https:\/\/www.spottergps.com\/se\/stod\/hur-vet-jag-att-batteriet-nastan-ar-tomt\/\" \/>\n<meta property=\"og:site_name\" content=\"Spotter Sweden\" \/>\n<meta property=\"article:modified_time\" content=\"2021-11-19T12:44:58+00:00\" \/>\n<meta name=\"twitter:card\" content=\"summary_large_image\" \/>\n<meta name=\"twitter:label1\" content=\"Ber\u00e4knad l\u00e4stid\" \/>\n\t<meta name=\"twitter:data1\" content=\"2 minuter\" \/>\n<script type=\"application\/ld+json\" class=\"yoast-schema-graph\">{\"@context\":\"https:\/\/schema.org\",\"@graph\":[{\"@type\":\"WebPage\",\"@id\":\"https:\/\/www.spottergps.com\/se\/stod\/hur-vet-jag-att-batteriet-nastan-ar-tomt\/\",\"url\":\"https:\/\/www.spottergps.com\/se\/stod\/hur-vet-jag-att-batteriet-nastan-ar-tomt\/\",\"name\":\"Hur vet jag att batteriet n\u00e4stan \u00e4r tomt? - Spotter Sweden\",\"isPartOf\":{\"@id\":\"https:\/\/www.spottergps.com\/se\/#website\"},\"datePublished\":\"2021-11-19T12:44:57+00:00\",\"dateModified\":\"2021-11-19T12:44:58+00:00\",\"breadcrumb\":{\"@id\":\"https:\/\/www.spottergps.com\/se\/stod\/hur-vet-jag-att-batteriet-nastan-ar-tomt\/#breadcrumb\"},\"inLanguage\":\"sv-SE\",\"potentialAction\":[{\"@type\":\"ReadAction\",\"target\":[\"https:\/\/www.spottergps.com\/se\/stod\/hur-vet-jag-att-batteriet-nastan-ar-tomt\/\"]}]},{\"@type\":\"BreadcrumbList\",\"@id\":\"https:\/\/www.spottergps.com\/se\/stod\/hur-vet-jag-att-batteriet-nastan-ar-tomt\/#breadcrumb\",\"itemListElement\":[{\"@type\":\"ListItem\",\"position\":1,\"name\":\"Home\",\"item\":\"https:\/\/www.spottergps.com\/se\/\"},{\"@type\":\"ListItem\",\"position\":2,\"name\":\"Hur kan vi hj\u00e4lpa dig?\",\"item\":\"https:\/\/www.spottergps.com\/se\/stod\/\"},{\"@type\":\"ListItem\",\"position\":3,\"name\":\"Hur vet jag att batteriet n\u00e4stan \u00e4r tomt?\"}]},{\"@type\":\"WebSite\",\"@id\":\"https:\/\/www.spottergps.com\/se\/#website\",\"url\":\"https:\/\/www.spottergps.com\/se\/\",\"name\":\"Spotter Sweden\",\"description\":\"Spotter GPS Sweden\",\"potentialAction\":[{\"@type\":\"SearchAction\",\"target\":{\"@type\":\"EntryPoint\",\"urlTemplate\":\"https:\/\/www.spottergps.com\/se\/?s={search_term_string}\"},\"query-input\":{\"@type\":\"PropertyValueSpecification\",\"valueRequired\":true,\"valueName\":\"search_term_string\"}}],\"inLanguage\":\"sv-SE\"}]}<\/script>\n<!-- \/ Yoast SEO plugin. -->","yoast_head_json":{"title":"Hur vet jag att batteriet n\u00e4stan \u00e4r tomt? - Spotter Sweden","robots":{"index":"index","follow":"follow","max-snippet":"max-snippet:-1","max-image-preview":"max-image-preview:large","max-video-preview":"max-video-preview:-1"},"canonical":"https:\/\/www.spottergps.com\/se\/stod\/hur-vet-jag-att-batteriet-nastan-ar-tomt\/","og_locale":"sv_SE","og_type":"article","og_title":"Hur vet jag att batteriet n\u00e4stan \u00e4r tomt? - Spotter Sweden","og_description":"Detta visas p\u00e5 olika s\u00e4tt f\u00f6r varje produkt, vilket vi [&hellip;]","og_url":"https:\/\/www.spottergps.com\/se\/stod\/hur-vet-jag-att-batteriet-nastan-ar-tomt\/","og_site_name":"Spotter Sweden","article_modified_time":"2021-11-19T12:44:58+00:00","twitter_card":"summary_large_image","twitter_misc":{"Ber\u00e4knad l\u00e4stid":"2 minuter"},"schema":{"@context":"https:\/\/schema.org","@graph":[{"@type":"WebPage","@id":"https:\/\/www.spottergps.com\/se\/stod\/hur-vet-jag-att-batteriet-nastan-ar-tomt\/","url":"https:\/\/www.spottergps.com\/se\/stod\/hur-vet-jag-att-batteriet-nastan-ar-tomt\/","name":"Hur vet jag att batteriet n\u00e4stan \u00e4r tomt? - Spotter Sweden","isPartOf":{"@id":"https:\/\/www.spottergps.com\/se\/#website"},"datePublished":"2021-11-19T12:44:57+00:00","dateModified":"2021-11-19T12:44:58+00:00","breadcrumb":{"@id":"https:\/\/www.spottergps.com\/se\/stod\/hur-vet-jag-att-batteriet-nastan-ar-tomt\/#breadcrumb"},"inLanguage":"sv-SE","potentialAction":[{"@type":"ReadAction","target":["https:\/\/www.spottergps.com\/se\/stod\/hur-vet-jag-att-batteriet-nastan-ar-tomt\/"]}]},{"@type":"BreadcrumbList","@id":"https:\/\/www.spottergps.com\/se\/stod\/hur-vet-jag-att-batteriet-nastan-ar-tomt\/#breadcrumb","itemListElement":[{"@type":"ListItem","position":1,"name":"Home","item":"https:\/\/www.spottergps.com\/se\/"},{"@type":"ListItem","position":2,"name":"Hur kan vi hj\u00e4lpa dig?","item":"https:\/\/www.spottergps.com\/se\/stod\/"},{"@type":"ListItem","position":3,"name":"Hur vet jag att batteriet n\u00e4stan \u00e4r tomt?"}]},{"@type":"WebSite","@id":"https:\/\/www.spottergps.com\/se\/#website","url":"https:\/\/www.spottergps.com\/se\/","name":"Spotter Sweden","description":"Spotter GPS Sweden","potentialAction":[{"@type":"SearchAction","target":{"@type":"EntryPoint","urlTemplate":"https:\/\/www.spottergps.com\/se\/?s={search_term_string}"},"query-input":{"@type":"PropertyValueSpecification","valueRequired":true,"valueName":"search_term_string"}}],"inLanguage":"sv-SE"}]}},"_links":{"self":[{"href":"https:\/\/www.spottergps.com\/se\/wp-json\/wp\/v2\/pages\/15216","targetHints":{"allow":["GET"]}}],"collection":[{"href":"https:\/\/www.spottergps.com\/se\/wp-json\/wp\/v2\/pages"}],"about":[{"href":"https:\/\/www.spottergps.com\/se\/wp-json\/wp\/v2\/types\/page"}],"author":[{"embeddable":true,"href":"https:\/\/www.spottergps.com\/se\/wp-json\/wp\/v2\/users\/8"}],"replies":[{"embeddable":true,"href":"https:\/\/www.spottergps.com\/se\/wp-json\/wp\/v2\/comments?post=15216"}],"version-history":[{"count":1,"href":"https:\/\/www.spottergps.com\/se\/wp-json\/wp\/v2\/pages\/15216\/revisions"}],"predecessor-version":[{"id":15217,"href":"https:\/\/www.spottergps.com\/se\/wp-json\/wp\/v2\/pages\/15216\/revisions\/15217"}],"up":[{"embeddable":true,"href":"https:\/\/www.spottergps.com\/se\/wp-json\/wp\/v2\/pages\/15053"}],"wp:attachment":[{"href":"https:\/\/www.spottergps.com\/se\/wp-json\/wp\/v2\/media?parent=15216"}],"wp:term":[{"taxonomy":"category","embeddable":true,"href":"https:\/\/www.spottergps.com\/se\/wp-json\/wp\/v2\/categories?post=15216"},{"taxonomy":"post_tag","embeddable":true,"href":"https:\/\/www.spottergps.com\/se\/wp-json\/wp\/v2\/tags?post=15216"}],"curies":[{"name":"wp","href":"https:\/\/api.w.org\/{rel}","templated":true}]}}