{"id":15213,"date":"2021-11-19T12:40:02","date_gmt":"2021-11-19T12:40:02","guid":{"rendered":"https:\/\/www.spottergps.com\/se\/?page_id=15213"},"modified":"2025-10-14T10:10:15","modified_gmt":"2025-10-14T10:10:15","slug":"hur-lange-racker-batteriet","status":"publish","type":"page","link":"https:\/\/www.spottergps.com\/se\/stod\/hur-lange-racker-batteriet\/","title":{"rendered":"Hur l\u00e4nge r\u00e4cker batteriet?"},"content":{"rendered":"\n<h2 class=\"wp-block-heading\">Spotter X10 GPS Tracker<\/h2>\n\n\n\n<p><a href=\"https:\/\/shop.spottergps.com\/se\/gps-tracker\/spotter-x10.html\">Spotter X10 GPS Tracker<\/a>s batteri kan r\u00e4cka i upp till <strong>7 dagar<\/strong>, beroende p\u00e5 anv\u00e4ndningen. Vid intensiv anv\u00e4ndning r\u00e4cker Spotter i genomsnitt mellan 2-4 dagar. Vid r\u00f6relse skickar Spotter GPS-tracker var 60:e sekund en plats och vid stillast\u00e5ende var 30:e minut.<\/p>\n\n\n\n<h2 class=\"wp-block-heading\">Spotter Senior GPS Watch<\/h2>\n\n\n\n<p>Batteriet i <a href=\"https:\/\/shop.spottergps.com\/se\/\/spotter-senior-gps-watch-4g.html\">Spotter Senior GPS Watch<\/a> har en maximal standby-tid p\u00e5 <strong>7 dagar<\/strong>. \u00c4ven h\u00e4r g\u00e4ller att batteritiden i genomsnitt \u00e4r mellan 2-4 dagar. Beroende p\u00e5 anv\u00e4ndningen. Vid r\u00f6relse skickar Spotter Senior GPS Watch en plats var 5:e minut och vid stillast\u00e5ende var 5:e timme. Du kan ocks\u00e5 beg\u00e4ra platsangivelse manuellt, varefter du f\u00e5r se en plats var 20:e sekund i 3 minuter.<\/p>\n\n\n\n<h2 class=\"wp-block-heading\">Spotter GPS Watch Explorer<\/h2>\n\n\n\n<p>Batteriet i <a href=\"https:\/\/shop.spottergps.com\/se\/\/spotter-gps-watch-explorer-4g-green.html\">Spotter GPS Watch Explore<\/a>r har en maximal standby-tid p\u00e5 <strong>7 dagar<\/strong>. \u00c4ven h\u00e4r g\u00e4ller att batteritiden i genomsnitt \u00e4r mellan 2-4 dagar. Beroende p\u00e5 anv\u00e4ndningen. Vid r\u00f6relse skickar Spotter Senior GPS Watch en plats var 5:e minut och vid stillast\u00e5ende var 5:e timme. Du kan ocks\u00e5 beg\u00e4ra platsangivelse manuellt, varefter du f\u00e5r se en plats var 20:e sekund i 3 minuter.<\/p>\n\n\n\n<h2 class=\"wp-block-heading\">Animal Spotter<\/h2>\n\n\n\n<p><a href=\"https:\/\/shop.spottergps.com\/se\/\/animal-spotter.html\">Animal Spotters<\/a> batteri kan r\u00e4cka i upp till <strong>3-7 dagar<\/strong>, beroende p\u00e5 anv\u00e4ndningen. Vid intensiv anv\u00e4ndning r\u00e4cker Spotter i genomsnitt mellan 3-5 dagar. <br><br><br>Tags: r\u00e4cker, batteritid<\/p>\n","protected":false},"excerpt":{"rendered":"<p>Spotter X10 GPS Tracker Spotter X10 GPS Trackers batteri kan [&hellip;]<\/p>\n","protected":false},"author":8,"featured_media":0,"parent":15053,"menu_order":0,"comment_status":"closed","ping_status":"closed","template":"faq-content.php","meta":{"_acf_changed":false,"footnotes":""},"categories":[5],"tags":[],"class_list":["post-15213","page","type-page","status-publish","hentry","category-faq"],"acf":[],"yoast_head":"<!-- This site is optimized with the Yoast SEO plugin v25.9 - https:\/\/yoast.com\/wordpress\/plugins\/seo\/ -->\n<title>Hur l\u00e4nge r\u00e4cker batteriet? - Spotter Sweden<\/title>\n<meta name=\"robots\" content=\"index, follow, max-snippet:-1, max-image-preview:large, max-video-preview:-1\" \/>\n<link rel=\"canonical\" href=\"https:\/\/www.spottergps.com\/se\/stod\/hur-lange-racker-batteriet\/\" \/>\n<meta property=\"og:locale\" content=\"sv_SE\" \/>\n<meta property=\"og:type\" content=\"article\" \/>\n<meta property=\"og:title\" content=\"Hur l\u00e4nge r\u00e4cker batteriet? - Spotter Sweden\" \/>\n<meta property=\"og:description\" content=\"Spotter X10 GPS Tracker Spotter X10 GPS Trackers batteri kan [&hellip;]\" \/>\n<meta property=\"og:url\" content=\"https:\/\/www.spottergps.com\/se\/stod\/hur-lange-racker-batteriet\/\" \/>\n<meta property=\"og:site_name\" content=\"Spotter Sweden\" \/>\n<meta property=\"article:modified_time\" content=\"2025-10-14T10:10:15+00:00\" \/>\n<meta name=\"twitter:card\" content=\"summary_large_image\" \/>\n<meta name=\"twitter:label1\" content=\"Ber\u00e4knad l\u00e4stid\" \/>\n\t<meta name=\"twitter:data1\" content=\"2 minuter\" \/>\n<script type=\"application\/ld+json\" class=\"yoast-schema-graph\">{\"@context\":\"https:\/\/schema.org\",\"@graph\":[{\"@type\":\"WebPage\",\"@id\":\"https:\/\/www.spottergps.com\/se\/stod\/hur-lange-racker-batteriet\/\",\"url\":\"https:\/\/www.spottergps.com\/se\/stod\/hur-lange-racker-batteriet\/\",\"name\":\"Hur l\u00e4nge r\u00e4cker batteriet? - Spotter Sweden\",\"isPartOf\":{\"@id\":\"https:\/\/www.spottergps.com\/se\/#website\"},\"datePublished\":\"2021-11-19T12:40:02+00:00\",\"dateModified\":\"2025-10-14T10:10:15+00:00\",\"breadcrumb\":{\"@id\":\"https:\/\/www.spottergps.com\/se\/stod\/hur-lange-racker-batteriet\/#breadcrumb\"},\"inLanguage\":\"sv-SE\",\"potentialAction\":[{\"@type\":\"ReadAction\",\"target\":[\"https:\/\/www.spottergps.com\/se\/stod\/hur-lange-racker-batteriet\/\"]}]},{\"@type\":\"BreadcrumbList\",\"@id\":\"https:\/\/www.spottergps.com\/se\/stod\/hur-lange-racker-batteriet\/#breadcrumb\",\"itemListElement\":[{\"@type\":\"ListItem\",\"position\":1,\"name\":\"Home\",\"item\":\"https:\/\/www.spottergps.com\/se\/\"},{\"@type\":\"ListItem\",\"position\":2,\"name\":\"Hur kan vi hj\u00e4lpa dig?\",\"item\":\"https:\/\/www.spottergps.com\/se\/stod\/\"},{\"@type\":\"ListItem\",\"position\":3,\"name\":\"Hur l\u00e4nge r\u00e4cker batteriet?\"}]},{\"@type\":\"WebSite\",\"@id\":\"https:\/\/www.spottergps.com\/se\/#website\",\"url\":\"https:\/\/www.spottergps.com\/se\/\",\"name\":\"Spotter Sweden\",\"description\":\"Spotter GPS Sweden\",\"potentialAction\":[{\"@type\":\"SearchAction\",\"target\":{\"@type\":\"EntryPoint\",\"urlTemplate\":\"https:\/\/www.spottergps.com\/se\/?s={search_term_string}\"},\"query-input\":{\"@type\":\"PropertyValueSpecification\",\"valueRequired\":true,\"valueName\":\"search_term_string\"}}],\"inLanguage\":\"sv-SE\"}]}<\/script>\n<!-- \/ Yoast SEO plugin. -->","yoast_head_json":{"title":"Hur l\u00e4nge r\u00e4cker batteriet? - Spotter Sweden","robots":{"index":"index","follow":"follow","max-snippet":"max-snippet:-1","max-image-preview":"max-image-preview:large","max-video-preview":"max-video-preview:-1"},"canonical":"https:\/\/www.spottergps.com\/se\/stod\/hur-lange-racker-batteriet\/","og_locale":"sv_SE","og_type":"article","og_title":"Hur l\u00e4nge r\u00e4cker batteriet? - Spotter Sweden","og_description":"Spotter X10 GPS Tracker Spotter X10 GPS Trackers batteri kan [&hellip;]","og_url":"https:\/\/www.spottergps.com\/se\/stod\/hur-lange-racker-batteriet\/","og_site_name":"Spotter Sweden","article_modified_time":"2025-10-14T10:10:15+00:00","twitter_card":"summary_large_image","twitter_misc":{"Ber\u00e4knad l\u00e4stid":"2 minuter"},"schema":{"@context":"https:\/\/schema.org","@graph":[{"@type":"WebPage","@id":"https:\/\/www.spottergps.com\/se\/stod\/hur-lange-racker-batteriet\/","url":"https:\/\/www.spottergps.com\/se\/stod\/hur-lange-racker-batteriet\/","name":"Hur l\u00e4nge r\u00e4cker batteriet? - Spotter Sweden","isPartOf":{"@id":"https:\/\/www.spottergps.com\/se\/#website"},"datePublished":"2021-11-19T12:40:02+00:00","dateModified":"2025-10-14T10:10:15+00:00","breadcrumb":{"@id":"https:\/\/www.spottergps.com\/se\/stod\/hur-lange-racker-batteriet\/#breadcrumb"},"inLanguage":"sv-SE","potentialAction":[{"@type":"ReadAction","target":["https:\/\/www.spottergps.com\/se\/stod\/hur-lange-racker-batteriet\/"]}]},{"@type":"BreadcrumbList","@id":"https:\/\/www.spottergps.com\/se\/stod\/hur-lange-racker-batteriet\/#breadcrumb","itemListElement":[{"@type":"ListItem","position":1,"name":"Home","item":"https:\/\/www.spottergps.com\/se\/"},{"@type":"ListItem","position":2,"name":"Hur kan vi hj\u00e4lpa dig?","item":"https:\/\/www.spottergps.com\/se\/stod\/"},{"@type":"ListItem","position":3,"name":"Hur l\u00e4nge r\u00e4cker batteriet?"}]},{"@type":"WebSite","@id":"https:\/\/www.spottergps.com\/se\/#website","url":"https:\/\/www.spottergps.com\/se\/","name":"Spotter Sweden","description":"Spotter GPS Sweden","potentialAction":[{"@type":"SearchAction","target":{"@type":"EntryPoint","urlTemplate":"https:\/\/www.spottergps.com\/se\/?s={search_term_string}"},"query-input":{"@type":"PropertyValueSpecification","valueRequired":true,"valueName":"search_term_string"}}],"inLanguage":"sv-SE"}]}},"_links":{"self":[{"href":"https:\/\/www.spottergps.com\/se\/wp-json\/wp\/v2\/pages\/15213","targetHints":{"allow":["GET"]}}],"collection":[{"href":"https:\/\/www.spottergps.com\/se\/wp-json\/wp\/v2\/pages"}],"about":[{"href":"https:\/\/www.spottergps.com\/se\/wp-json\/wp\/v2\/types\/page"}],"author":[{"embeddable":true,"href":"https:\/\/www.spottergps.com\/se\/wp-json\/wp\/v2\/users\/8"}],"replies":[{"embeddable":true,"href":"https:\/\/www.spottergps.com\/se\/wp-json\/wp\/v2\/comments?post=15213"}],"version-history":[{"count":3,"href":"https:\/\/www.spottergps.com\/se\/wp-json\/wp\/v2\/pages\/15213\/revisions"}],"predecessor-version":[{"id":15554,"href":"https:\/\/www.spottergps.com\/se\/wp-json\/wp\/v2\/pages\/15213\/revisions\/15554"}],"up":[{"embeddable":true,"href":"https:\/\/www.spottergps.com\/se\/wp-json\/wp\/v2\/pages\/15053"}],"wp:attachment":[{"href":"https:\/\/www.spottergps.com\/se\/wp-json\/wp\/v2\/media?parent=15213"}],"wp:term":[{"taxonomy":"category","embeddable":true,"href":"https:\/\/www.spottergps.com\/se\/wp-json\/wp\/v2\/categories?post=15213"},{"taxonomy":"post_tag","embeddable":true,"href":"https:\/\/www.spottergps.com\/se\/wp-json\/wp\/v2\/tags?post=15213"}],"curies":[{"name":"wp","href":"https:\/\/api.w.org\/{rel}","templated":true}]}}