{"id":15210,"date":"2021-11-19T12:35:46","date_gmt":"2021-11-19T12:35:46","guid":{"rendered":"https:\/\/www.spottergps.com\/se\/?page_id=15210"},"modified":"2025-12-10T07:47:15","modified_gmt":"2025-12-10T07:47:15","slug":"ladda-spotter-gps-watch","status":"publish","type":"page","link":"https:\/\/www.spottergps.com\/se\/stod\/ladda-spotter-gps-watch\/","title":{"rendered":"Ladda Spotter GPS Watch"},"content":{"rendered":"\n<p>Ladda batteriet fullst\u00e4ndigt i 2-3 timmar innan du b\u00f6rjar anv\u00e4nda Spotter GPS Watch. Anv\u00e4nd den medf\u00f6ljande USB-kabeln f\u00f6r detta. Du placerar laddarens tv\u00e5 spetsar p\u00e5 kontakterna p\u00e5 baksidan av Spotter GPS Watch. Anslut sedan \u00e4nden av kabeln till en USB-port och Spotter Watch b\u00f6rjar laddas. Ett batteri som laddas visas p\u00e5 sk\u00e4rmen p\u00e5 Spotter GPS Watch. N\u00e4r det \u00e4r fullt kan du koppla bort Spotter GPS Watch fr\u00e5n str\u00f6mmen och aktivera den.<br><br>F\u00f6r mer information och st\u00f6djande bildmaterial kan du g\u00e5 till v\u00e5r online <a href=\"https:\/\/www.spottergps.com\/se\/anvandarmanualer\/\">bruksanvisning<\/a>.<\/p>\n","protected":false},"excerpt":{"rendered":"<p>Ladda batteriet fullst\u00e4ndigt i 2-3 timmar innan du b\u00f6rjar anv\u00e4nda [&hellip;]<\/p>\n","protected":false},"author":8,"featured_media":0,"parent":15053,"menu_order":0,"comment_status":"closed","ping_status":"closed","template":"faq-content.php","meta":{"_acf_changed":false,"footnotes":""},"categories":[],"tags":[],"class_list":["post-15210","page","type-page","status-publish","hentry"],"acf":[],"yoast_head":"<!-- This site is optimized with the Yoast SEO plugin v25.9 - https:\/\/yoast.com\/wordpress\/plugins\/seo\/ -->\n<title>Ladda Spotter GPS Watch - Spotter Sweden<\/title>\n<meta name=\"robots\" content=\"noindex, nofollow\" \/>\n<meta property=\"og:locale\" content=\"sv_SE\" \/>\n<meta property=\"og:type\" content=\"article\" \/>\n<meta property=\"og:title\" content=\"Ladda Spotter GPS Watch - Spotter Sweden\" \/>\n<meta property=\"og:description\" content=\"Ladda batteriet fullst\u00e4ndigt i 2-3 timmar innan du b\u00f6rjar anv\u00e4nda [&hellip;]\" \/>\n<meta property=\"og:url\" content=\"https:\/\/www.spottergps.com\/se\/stod\/ladda-spotter-gps-watch\/\" \/>\n<meta property=\"og:site_name\" content=\"Spotter Sweden\" \/>\n<meta property=\"article:modified_time\" content=\"2025-12-10T07:47:15+00:00\" \/>\n<meta name=\"twitter:card\" content=\"summary_large_image\" \/>\n<meta name=\"twitter:label1\" content=\"Ber\u00e4knad l\u00e4stid\" \/>\n\t<meta name=\"twitter:data1\" content=\"1 minut\" \/>\n<script type=\"application\/ld+json\" class=\"yoast-schema-graph\">{\"@context\":\"https:\/\/schema.org\",\"@graph\":[{\"@type\":\"WebPage\",\"@id\":\"https:\/\/www.spottergps.com\/se\/stod\/ladda-spotter-gps-watch\/\",\"url\":\"https:\/\/www.spottergps.com\/se\/stod\/ladda-spotter-gps-watch\/\",\"name\":\"Ladda Spotter GPS Watch - Spotter Sweden\",\"isPartOf\":{\"@id\":\"https:\/\/www.spottergps.com\/se\/#website\"},\"datePublished\":\"2021-11-19T12:35:46+00:00\",\"dateModified\":\"2025-12-10T07:47:15+00:00\",\"breadcrumb\":{\"@id\":\"https:\/\/www.spottergps.com\/se\/stod\/ladda-spotter-gps-watch\/#breadcrumb\"},\"inLanguage\":\"sv-SE\",\"potentialAction\":[{\"@type\":\"ReadAction\",\"target\":[\"https:\/\/www.spottergps.com\/se\/stod\/ladda-spotter-gps-watch\/\"]}]},{\"@type\":\"BreadcrumbList\",\"@id\":\"https:\/\/www.spottergps.com\/se\/stod\/ladda-spotter-gps-watch\/#breadcrumb\",\"itemListElement\":[{\"@type\":\"ListItem\",\"position\":1,\"name\":\"Home\",\"item\":\"https:\/\/www.spottergps.com\/se\/\"},{\"@type\":\"ListItem\",\"position\":2,\"name\":\"Hur kan vi hj\u00e4lpa dig?\",\"item\":\"https:\/\/www.spottergps.com\/se\/stod\/\"},{\"@type\":\"ListItem\",\"position\":3,\"name\":\"Ladda Spotter GPS Watch\"}]},{\"@type\":\"WebSite\",\"@id\":\"https:\/\/www.spottergps.com\/se\/#website\",\"url\":\"https:\/\/www.spottergps.com\/se\/\",\"name\":\"Spotter Sweden\",\"description\":\"Spotter GPS Sweden\",\"potentialAction\":[{\"@type\":\"SearchAction\",\"target\":{\"@type\":\"EntryPoint\",\"urlTemplate\":\"https:\/\/www.spottergps.com\/se\/?s={search_term_string}\"},\"query-input\":{\"@type\":\"PropertyValueSpecification\",\"valueRequired\":true,\"valueName\":\"search_term_string\"}}],\"inLanguage\":\"sv-SE\"}]}<\/script>\n<!-- \/ Yoast SEO plugin. -->","yoast_head_json":{"title":"Ladda Spotter GPS Watch - Spotter Sweden","robots":{"index":"noindex","follow":"nofollow"},"og_locale":"sv_SE","og_type":"article","og_title":"Ladda Spotter GPS Watch - Spotter Sweden","og_description":"Ladda batteriet fullst\u00e4ndigt i 2-3 timmar innan du b\u00f6rjar anv\u00e4nda [&hellip;]","og_url":"https:\/\/www.spottergps.com\/se\/stod\/ladda-spotter-gps-watch\/","og_site_name":"Spotter Sweden","article_modified_time":"2025-12-10T07:47:15+00:00","twitter_card":"summary_large_image","twitter_misc":{"Ber\u00e4knad l\u00e4stid":"1 minut"},"schema":{"@context":"https:\/\/schema.org","@graph":[{"@type":"WebPage","@id":"https:\/\/www.spottergps.com\/se\/stod\/ladda-spotter-gps-watch\/","url":"https:\/\/www.spottergps.com\/se\/stod\/ladda-spotter-gps-watch\/","name":"Ladda Spotter GPS Watch - Spotter Sweden","isPartOf":{"@id":"https:\/\/www.spottergps.com\/se\/#website"},"datePublished":"2021-11-19T12:35:46+00:00","dateModified":"2025-12-10T07:47:15+00:00","breadcrumb":{"@id":"https:\/\/www.spottergps.com\/se\/stod\/ladda-spotter-gps-watch\/#breadcrumb"},"inLanguage":"sv-SE","potentialAction":[{"@type":"ReadAction","target":["https:\/\/www.spottergps.com\/se\/stod\/ladda-spotter-gps-watch\/"]}]},{"@type":"BreadcrumbList","@id":"https:\/\/www.spottergps.com\/se\/stod\/ladda-spotter-gps-watch\/#breadcrumb","itemListElement":[{"@type":"ListItem","position":1,"name":"Home","item":"https:\/\/www.spottergps.com\/se\/"},{"@type":"ListItem","position":2,"name":"Hur kan vi hj\u00e4lpa dig?","item":"https:\/\/www.spottergps.com\/se\/stod\/"},{"@type":"ListItem","position":3,"name":"Ladda Spotter GPS Watch"}]},{"@type":"WebSite","@id":"https:\/\/www.spottergps.com\/se\/#website","url":"https:\/\/www.spottergps.com\/se\/","name":"Spotter Sweden","description":"Spotter GPS Sweden","potentialAction":[{"@type":"SearchAction","target":{"@type":"EntryPoint","urlTemplate":"https:\/\/www.spottergps.com\/se\/?s={search_term_string}"},"query-input":{"@type":"PropertyValueSpecification","valueRequired":true,"valueName":"search_term_string"}}],"inLanguage":"sv-SE"}]}},"_links":{"self":[{"href":"https:\/\/www.spottergps.com\/se\/wp-json\/wp\/v2\/pages\/15210","targetHints":{"allow":["GET"]}}],"collection":[{"href":"https:\/\/www.spottergps.com\/se\/wp-json\/wp\/v2\/pages"}],"about":[{"href":"https:\/\/www.spottergps.com\/se\/wp-json\/wp\/v2\/types\/page"}],"author":[{"embeddable":true,"href":"https:\/\/www.spottergps.com\/se\/wp-json\/wp\/v2\/users\/8"}],"replies":[{"embeddable":true,"href":"https:\/\/www.spottergps.com\/se\/wp-json\/wp\/v2\/comments?post=15210"}],"version-history":[{"count":1,"href":"https:\/\/www.spottergps.com\/se\/wp-json\/wp\/v2\/pages\/15210\/revisions"}],"predecessor-version":[{"id":15211,"href":"https:\/\/www.spottergps.com\/se\/wp-json\/wp\/v2\/pages\/15210\/revisions\/15211"}],"up":[{"embeddable":true,"href":"https:\/\/www.spottergps.com\/se\/wp-json\/wp\/v2\/pages\/15053"}],"wp:attachment":[{"href":"https:\/\/www.spottergps.com\/se\/wp-json\/wp\/v2\/media?parent=15210"}],"wp:term":[{"taxonomy":"category","embeddable":true,"href":"https:\/\/www.spottergps.com\/se\/wp-json\/wp\/v2\/categories?post=15210"},{"taxonomy":"post_tag","embeddable":true,"href":"https:\/\/www.spottergps.com\/se\/wp-json\/wp\/v2\/tags?post=15210"}],"curies":[{"name":"wp","href":"https:\/\/api.w.org\/{rel}","templated":true}]}}