{"id":15205,"date":"2021-11-19T12:32:43","date_gmt":"2021-11-19T12:32:43","guid":{"rendered":"https:\/\/www.spottergps.com\/se\/?page_id=15205"},"modified":"2025-12-10T07:47:52","modified_gmt":"2025-12-10T07:47:52","slug":"min-spotter-fungerar-inte-utomlands","status":"publish","type":"page","link":"https:\/\/www.spottergps.com\/se\/stod\/min-spotter-fungerar-inte-utomlands\/","title":{"rendered":"Min Spotter fungerar inte utomlands"},"content":{"rendered":"\n<p>Alla v\u00e5ra produkter fungerar i hela Europa. Vilka l\u00e4nder det inkluderar ser du <a href=\"https:\/\/www.spottergps.com\/se\/stod\/i-vilka-lander-fungerar-spotter\/\">h\u00e4r<\/a>. Utanf\u00f6r Europa har Spotter ingen n\u00e4tverkst\u00e4ckning och kan d\u00e4rf\u00f6r inte skicka platser. <br><br>Om Spotter har varit utanf\u00f6r Europa och d\u00e4refter \u00e5terv\u00e4nder in i Europa, blir det l\u00e4mpligaste n\u00e4tverket direkt anslutet. Om din Spotter inte fungerar rekommenderar vi att g\u00e5 igenom <a href=\"https:\/\/www.spottergps.com\/se\/stod\/ingen-platsangivelse-eller-ingen-aktiv-spotter\/\">dessa steg<\/a>.<\/p>\n\n\n\n<p><\/p>\n\n\n\n<p>Tags: L\u00e4nder, Europa<\/p>\n","protected":false},"excerpt":{"rendered":"<p>Alla v\u00e5ra produkter fungerar i hela Europa. Vilka l\u00e4nder det [&hellip;]<\/p>\n","protected":false},"author":8,"featured_media":0,"parent":15053,"menu_order":0,"comment_status":"closed","ping_status":"closed","template":"faq-content.php","meta":{"_acf_changed":false,"footnotes":""},"categories":[],"tags":[],"class_list":["post-15205","page","type-page","status-publish","hentry"],"acf":[],"yoast_head":"<!-- This site is optimized with the Yoast SEO plugin v25.9 - https:\/\/yoast.com\/wordpress\/plugins\/seo\/ -->\n<title>Min Spotter fungerar inte utomlands - Spotter Sweden<\/title>\n<meta name=\"robots\" content=\"noindex, nofollow\" \/>\n<meta property=\"og:locale\" content=\"sv_SE\" \/>\n<meta property=\"og:type\" content=\"article\" \/>\n<meta property=\"og:title\" content=\"Min Spotter fungerar inte utomlands - Spotter Sweden\" \/>\n<meta property=\"og:description\" content=\"Alla v\u00e5ra produkter fungerar i hela Europa. Vilka l\u00e4nder det [&hellip;]\" \/>\n<meta property=\"og:url\" content=\"https:\/\/www.spottergps.com\/se\/stod\/min-spotter-fungerar-inte-utomlands\/\" \/>\n<meta property=\"og:site_name\" content=\"Spotter Sweden\" \/>\n<meta property=\"article:modified_time\" content=\"2025-12-10T07:47:52+00:00\" \/>\n<meta name=\"twitter:card\" content=\"summary_large_image\" \/>\n<meta name=\"twitter:label1\" content=\"Ber\u00e4knad l\u00e4stid\" \/>\n\t<meta name=\"twitter:data1\" content=\"1 minut\" \/>\n<script type=\"application\/ld+json\" class=\"yoast-schema-graph\">{\"@context\":\"https:\/\/schema.org\",\"@graph\":[{\"@type\":\"WebPage\",\"@id\":\"https:\/\/www.spottergps.com\/se\/stod\/min-spotter-fungerar-inte-utomlands\/\",\"url\":\"https:\/\/www.spottergps.com\/se\/stod\/min-spotter-fungerar-inte-utomlands\/\",\"name\":\"Min Spotter fungerar inte utomlands - Spotter Sweden\",\"isPartOf\":{\"@id\":\"https:\/\/www.spottergps.com\/se\/#website\"},\"datePublished\":\"2021-11-19T12:32:43+00:00\",\"dateModified\":\"2025-12-10T07:47:52+00:00\",\"breadcrumb\":{\"@id\":\"https:\/\/www.spottergps.com\/se\/stod\/min-spotter-fungerar-inte-utomlands\/#breadcrumb\"},\"inLanguage\":\"sv-SE\",\"potentialAction\":[{\"@type\":\"ReadAction\",\"target\":[\"https:\/\/www.spottergps.com\/se\/stod\/min-spotter-fungerar-inte-utomlands\/\"]}]},{\"@type\":\"BreadcrumbList\",\"@id\":\"https:\/\/www.spottergps.com\/se\/stod\/min-spotter-fungerar-inte-utomlands\/#breadcrumb\",\"itemListElement\":[{\"@type\":\"ListItem\",\"position\":1,\"name\":\"Home\",\"item\":\"https:\/\/www.spottergps.com\/se\/\"},{\"@type\":\"ListItem\",\"position\":2,\"name\":\"Hur kan vi hj\u00e4lpa dig?\",\"item\":\"https:\/\/www.spottergps.com\/se\/stod\/\"},{\"@type\":\"ListItem\",\"position\":3,\"name\":\"Min Spotter fungerar inte utomlands\"}]},{\"@type\":\"WebSite\",\"@id\":\"https:\/\/www.spottergps.com\/se\/#website\",\"url\":\"https:\/\/www.spottergps.com\/se\/\",\"name\":\"Spotter Sweden\",\"description\":\"Spotter GPS Sweden\",\"potentialAction\":[{\"@type\":\"SearchAction\",\"target\":{\"@type\":\"EntryPoint\",\"urlTemplate\":\"https:\/\/www.spottergps.com\/se\/?s={search_term_string}\"},\"query-input\":{\"@type\":\"PropertyValueSpecification\",\"valueRequired\":true,\"valueName\":\"search_term_string\"}}],\"inLanguage\":\"sv-SE\"}]}<\/script>\n<!-- \/ Yoast SEO plugin. -->","yoast_head_json":{"title":"Min Spotter fungerar inte utomlands - Spotter Sweden","robots":{"index":"noindex","follow":"nofollow"},"og_locale":"sv_SE","og_type":"article","og_title":"Min Spotter fungerar inte utomlands - Spotter Sweden","og_description":"Alla v\u00e5ra produkter fungerar i hela Europa. Vilka l\u00e4nder det [&hellip;]","og_url":"https:\/\/www.spottergps.com\/se\/stod\/min-spotter-fungerar-inte-utomlands\/","og_site_name":"Spotter Sweden","article_modified_time":"2025-12-10T07:47:52+00:00","twitter_card":"summary_large_image","twitter_misc":{"Ber\u00e4knad l\u00e4stid":"1 minut"},"schema":{"@context":"https:\/\/schema.org","@graph":[{"@type":"WebPage","@id":"https:\/\/www.spottergps.com\/se\/stod\/min-spotter-fungerar-inte-utomlands\/","url":"https:\/\/www.spottergps.com\/se\/stod\/min-spotter-fungerar-inte-utomlands\/","name":"Min Spotter fungerar inte utomlands - Spotter Sweden","isPartOf":{"@id":"https:\/\/www.spottergps.com\/se\/#website"},"datePublished":"2021-11-19T12:32:43+00:00","dateModified":"2025-12-10T07:47:52+00:00","breadcrumb":{"@id":"https:\/\/www.spottergps.com\/se\/stod\/min-spotter-fungerar-inte-utomlands\/#breadcrumb"},"inLanguage":"sv-SE","potentialAction":[{"@type":"ReadAction","target":["https:\/\/www.spottergps.com\/se\/stod\/min-spotter-fungerar-inte-utomlands\/"]}]},{"@type":"BreadcrumbList","@id":"https:\/\/www.spottergps.com\/se\/stod\/min-spotter-fungerar-inte-utomlands\/#breadcrumb","itemListElement":[{"@type":"ListItem","position":1,"name":"Home","item":"https:\/\/www.spottergps.com\/se\/"},{"@type":"ListItem","position":2,"name":"Hur kan vi hj\u00e4lpa dig?","item":"https:\/\/www.spottergps.com\/se\/stod\/"},{"@type":"ListItem","position":3,"name":"Min Spotter fungerar inte utomlands"}]},{"@type":"WebSite","@id":"https:\/\/www.spottergps.com\/se\/#website","url":"https:\/\/www.spottergps.com\/se\/","name":"Spotter Sweden","description":"Spotter GPS Sweden","potentialAction":[{"@type":"SearchAction","target":{"@type":"EntryPoint","urlTemplate":"https:\/\/www.spottergps.com\/se\/?s={search_term_string}"},"query-input":{"@type":"PropertyValueSpecification","valueRequired":true,"valueName":"search_term_string"}}],"inLanguage":"sv-SE"}]}},"_links":{"self":[{"href":"https:\/\/www.spottergps.com\/se\/wp-json\/wp\/v2\/pages\/15205","targetHints":{"allow":["GET"]}}],"collection":[{"href":"https:\/\/www.spottergps.com\/se\/wp-json\/wp\/v2\/pages"}],"about":[{"href":"https:\/\/www.spottergps.com\/se\/wp-json\/wp\/v2\/types\/page"}],"author":[{"embeddable":true,"href":"https:\/\/www.spottergps.com\/se\/wp-json\/wp\/v2\/users\/8"}],"replies":[{"embeddable":true,"href":"https:\/\/www.spottergps.com\/se\/wp-json\/wp\/v2\/comments?post=15205"}],"version-history":[{"count":3,"href":"https:\/\/www.spottergps.com\/se\/wp-json\/wp\/v2\/pages\/15205\/revisions"}],"predecessor-version":[{"id":15314,"href":"https:\/\/www.spottergps.com\/se\/wp-json\/wp\/v2\/pages\/15205\/revisions\/15314"}],"up":[{"embeddable":true,"href":"https:\/\/www.spottergps.com\/se\/wp-json\/wp\/v2\/pages\/15053"}],"wp:attachment":[{"href":"https:\/\/www.spottergps.com\/se\/wp-json\/wp\/v2\/media?parent=15205"}],"wp:term":[{"taxonomy":"category","embeddable":true,"href":"https:\/\/www.spottergps.com\/se\/wp-json\/wp\/v2\/categories?post=15205"},{"taxonomy":"post_tag","embeddable":true,"href":"https:\/\/www.spottergps.com\/se\/wp-json\/wp\/v2\/tags?post=15205"}],"curies":[{"name":"wp","href":"https:\/\/api.w.org\/{rel}","templated":true}]}}