{"id":15202,"date":"2021-11-19T12:27:58","date_gmt":"2021-11-19T12:27:58","guid":{"rendered":"https:\/\/www.spottergps.com\/se\/?page_id=15202"},"modified":"2025-12-10T07:39:49","modified_gmt":"2025-12-10T07:39:49","slug":"behover-jag-ett-sim-kort","status":"publish","type":"page","link":"https:\/\/www.spottergps.com\/se\/stod\/behover-jag-ett-sim-kort\/","title":{"rendered":"Beh\u00f6ver jag ett SIM-kort?"},"content":{"rendered":"\n<p>Alla produkter fr\u00e5n Spotter \u00e4r f\u00f6rsedda med ett integrerat krypterat SIM-kort.&nbsp;Du beh\u00f6ver allts\u00e5 inte sj\u00e4lv skaffa ett SIM-kort f\u00f6r att kunna anv\u00e4nda produkten.&nbsp;Den stora f\u00f6rdelen \u00e4r att det g\u00f6r produkterna extra s\u00e4kra och att du kan b\u00f6rja anv\u00e4nda Spotter direkt efter leverans.<\/p>\n\n\n\n<h2 class=\"wp-block-heading\">Extra s\u00e4kra<\/h2>\n\n\n\n<p>Detta krypterade SIM-kort kommunicerar endast med v\u00e5r software och via en skyddad (VPN) anslutning. Det g\u00f6r produkterna mycket s\u00e4kra och otillg\u00e4ngliga f\u00f6r tredje part.<strong> <\/strong>L\u00e4s h\u00e4r hur vi hanterar <a href=\"https:\/\/www.spottergps.com\/se\/sakerhet-och-integritet\/\">s\u00e4kerheten och integriteten<\/a> f\u00f6r v\u00e5ra produkter och tj\u00e4nster.<\/p>\n\n\n\n<h2 class=\"wp-block-heading\">Optimal t\u00e4ckning i Europa<\/h2>\n\n\n\n<p>En doordat deze simkaart een roaming simkaart is, werkt deze in heel Europa en maakt altijd gebruik van de best beschikbare provider\/netwerk. Dit zorgt voor een optimaal bereik, ook wanneer er een storing is bij een provider. Deze simkaart stapt dan direct over op een ander netwerk.<\/p>\n","protected":false},"excerpt":{"rendered":"<p>Alla produkter fr\u00e5n Spotter \u00e4r f\u00f6rsedda med ett integrerat krypterat [&hellip;]<\/p>\n","protected":false},"author":8,"featured_media":0,"parent":15053,"menu_order":0,"comment_status":"closed","ping_status":"closed","template":"faq-content.php","meta":{"_acf_changed":false,"footnotes":""},"categories":[],"tags":[],"class_list":["post-15202","page","type-page","status-publish","hentry"],"acf":[],"yoast_head":"<!-- This site is optimized with the Yoast SEO plugin v25.9 - https:\/\/yoast.com\/wordpress\/plugins\/seo\/ -->\n<title>Beh\u00f6ver jag ett SIM-kort? - Spotter Sweden<\/title>\n<meta name=\"robots\" content=\"noindex, nofollow\" \/>\n<meta property=\"og:locale\" content=\"sv_SE\" \/>\n<meta property=\"og:type\" content=\"article\" \/>\n<meta property=\"og:title\" content=\"Beh\u00f6ver jag ett SIM-kort? - Spotter Sweden\" \/>\n<meta property=\"og:description\" content=\"Alla produkter fr\u00e5n Spotter \u00e4r f\u00f6rsedda med ett integrerat krypterat [&hellip;]\" \/>\n<meta property=\"og:url\" content=\"https:\/\/www.spottergps.com\/se\/stod\/behover-jag-ett-sim-kort\/\" \/>\n<meta property=\"og:site_name\" content=\"Spotter Sweden\" \/>\n<meta property=\"article:modified_time\" content=\"2025-12-10T07:39:49+00:00\" \/>\n<meta name=\"twitter:card\" content=\"summary_large_image\" \/>\n<meta name=\"twitter:label1\" content=\"Ber\u00e4knad l\u00e4stid\" \/>\n\t<meta name=\"twitter:data1\" content=\"1 minut\" \/>\n<script type=\"application\/ld+json\" class=\"yoast-schema-graph\">{\"@context\":\"https:\/\/schema.org\",\"@graph\":[{\"@type\":\"WebPage\",\"@id\":\"https:\/\/www.spottergps.com\/se\/stod\/behover-jag-ett-sim-kort\/\",\"url\":\"https:\/\/www.spottergps.com\/se\/stod\/behover-jag-ett-sim-kort\/\",\"name\":\"Beh\u00f6ver jag ett SIM-kort? - Spotter Sweden\",\"isPartOf\":{\"@id\":\"https:\/\/www.spottergps.com\/se\/#website\"},\"datePublished\":\"2021-11-19T12:27:58+00:00\",\"dateModified\":\"2025-12-10T07:39:49+00:00\",\"breadcrumb\":{\"@id\":\"https:\/\/www.spottergps.com\/se\/stod\/behover-jag-ett-sim-kort\/#breadcrumb\"},\"inLanguage\":\"sv-SE\",\"potentialAction\":[{\"@type\":\"ReadAction\",\"target\":[\"https:\/\/www.spottergps.com\/se\/stod\/behover-jag-ett-sim-kort\/\"]}]},{\"@type\":\"BreadcrumbList\",\"@id\":\"https:\/\/www.spottergps.com\/se\/stod\/behover-jag-ett-sim-kort\/#breadcrumb\",\"itemListElement\":[{\"@type\":\"ListItem\",\"position\":1,\"name\":\"Home\",\"item\":\"https:\/\/www.spottergps.com\/se\/\"},{\"@type\":\"ListItem\",\"position\":2,\"name\":\"Hur kan vi hj\u00e4lpa dig?\",\"item\":\"https:\/\/www.spottergps.com\/se\/stod\/\"},{\"@type\":\"ListItem\",\"position\":3,\"name\":\"Beh\u00f6ver jag ett SIM-kort?\"}]},{\"@type\":\"WebSite\",\"@id\":\"https:\/\/www.spottergps.com\/se\/#website\",\"url\":\"https:\/\/www.spottergps.com\/se\/\",\"name\":\"Spotter Sweden\",\"description\":\"Spotter GPS Sweden\",\"potentialAction\":[{\"@type\":\"SearchAction\",\"target\":{\"@type\":\"EntryPoint\",\"urlTemplate\":\"https:\/\/www.spottergps.com\/se\/?s={search_term_string}\"},\"query-input\":{\"@type\":\"PropertyValueSpecification\",\"valueRequired\":true,\"valueName\":\"search_term_string\"}}],\"inLanguage\":\"sv-SE\"}]}<\/script>\n<!-- \/ Yoast SEO plugin. -->","yoast_head_json":{"title":"Beh\u00f6ver jag ett SIM-kort? - Spotter Sweden","robots":{"index":"noindex","follow":"nofollow"},"og_locale":"sv_SE","og_type":"article","og_title":"Beh\u00f6ver jag ett SIM-kort? - Spotter Sweden","og_description":"Alla produkter fr\u00e5n Spotter \u00e4r f\u00f6rsedda med ett integrerat krypterat [&hellip;]","og_url":"https:\/\/www.spottergps.com\/se\/stod\/behover-jag-ett-sim-kort\/","og_site_name":"Spotter Sweden","article_modified_time":"2025-12-10T07:39:49+00:00","twitter_card":"summary_large_image","twitter_misc":{"Ber\u00e4knad l\u00e4stid":"1 minut"},"schema":{"@context":"https:\/\/schema.org","@graph":[{"@type":"WebPage","@id":"https:\/\/www.spottergps.com\/se\/stod\/behover-jag-ett-sim-kort\/","url":"https:\/\/www.spottergps.com\/se\/stod\/behover-jag-ett-sim-kort\/","name":"Beh\u00f6ver jag ett SIM-kort? - Spotter Sweden","isPartOf":{"@id":"https:\/\/www.spottergps.com\/se\/#website"},"datePublished":"2021-11-19T12:27:58+00:00","dateModified":"2025-12-10T07:39:49+00:00","breadcrumb":{"@id":"https:\/\/www.spottergps.com\/se\/stod\/behover-jag-ett-sim-kort\/#breadcrumb"},"inLanguage":"sv-SE","potentialAction":[{"@type":"ReadAction","target":["https:\/\/www.spottergps.com\/se\/stod\/behover-jag-ett-sim-kort\/"]}]},{"@type":"BreadcrumbList","@id":"https:\/\/www.spottergps.com\/se\/stod\/behover-jag-ett-sim-kort\/#breadcrumb","itemListElement":[{"@type":"ListItem","position":1,"name":"Home","item":"https:\/\/www.spottergps.com\/se\/"},{"@type":"ListItem","position":2,"name":"Hur kan vi hj\u00e4lpa dig?","item":"https:\/\/www.spottergps.com\/se\/stod\/"},{"@type":"ListItem","position":3,"name":"Beh\u00f6ver jag ett SIM-kort?"}]},{"@type":"WebSite","@id":"https:\/\/www.spottergps.com\/se\/#website","url":"https:\/\/www.spottergps.com\/se\/","name":"Spotter Sweden","description":"Spotter GPS Sweden","potentialAction":[{"@type":"SearchAction","target":{"@type":"EntryPoint","urlTemplate":"https:\/\/www.spottergps.com\/se\/?s={search_term_string}"},"query-input":{"@type":"PropertyValueSpecification","valueRequired":true,"valueName":"search_term_string"}}],"inLanguage":"sv-SE"}]}},"_links":{"self":[{"href":"https:\/\/www.spottergps.com\/se\/wp-json\/wp\/v2\/pages\/15202","targetHints":{"allow":["GET"]}}],"collection":[{"href":"https:\/\/www.spottergps.com\/se\/wp-json\/wp\/v2\/pages"}],"about":[{"href":"https:\/\/www.spottergps.com\/se\/wp-json\/wp\/v2\/types\/page"}],"author":[{"embeddable":true,"href":"https:\/\/www.spottergps.com\/se\/wp-json\/wp\/v2\/users\/8"}],"replies":[{"embeddable":true,"href":"https:\/\/www.spottergps.com\/se\/wp-json\/wp\/v2\/comments?post=15202"}],"version-history":[{"count":2,"href":"https:\/\/www.spottergps.com\/se\/wp-json\/wp\/v2\/pages\/15202\/revisions"}],"predecessor-version":[{"id":15293,"href":"https:\/\/www.spottergps.com\/se\/wp-json\/wp\/v2\/pages\/15202\/revisions\/15293"}],"up":[{"embeddable":true,"href":"https:\/\/www.spottergps.com\/se\/wp-json\/wp\/v2\/pages\/15053"}],"wp:attachment":[{"href":"https:\/\/www.spottergps.com\/se\/wp-json\/wp\/v2\/media?parent=15202"}],"wp:term":[{"taxonomy":"category","embeddable":true,"href":"https:\/\/www.spottergps.com\/se\/wp-json\/wp\/v2\/categories?post=15202"},{"taxonomy":"post_tag","embeddable":true,"href":"https:\/\/www.spottergps.com\/se\/wp-json\/wp\/v2\/tags?post=15202"}],"curies":[{"name":"wp","href":"https:\/\/api.w.org\/{rel}","templated":true}]}}