{"id":15196,"date":"2021-11-19T12:23:47","date_gmt":"2021-11-19T12:23:47","guid":{"rendered":"https:\/\/www.spottergps.com\/se\/?page_id=15196"},"modified":"2024-10-14T09:25:19","modified_gmt":"2024-10-14T09:25:19","slug":"i-vilka-lander-fungerar-spotter","status":"publish","type":"page","link":"https:\/\/www.spottergps.com\/se\/stod\/i-vilka-lander-fungerar-spotter\/","title":{"rendered":"I vilka l\u00e4nder fungerar Spotter?"},"content":{"rendered":"<div class=\"wp-block-image\">\n<figure class=\"alignright is-resized\"><img loading=\"lazy\" decoding=\"async\" width=\"480\" height=\"248\" src=\"https:\/\/www.spottergps.com\/se\/wp-content\/uploads\/sites\/5\/2024\/06\/spotter_-_worldwide_coverage_site_480.jpg\" alt=\"\" class=\"wp-image-15460\" style=\"width:606px;height:auto\" srcset=\"https:\/\/www.spottergps.com\/se\/wp-content\/uploads\/sites\/5\/2024\/06\/spotter_-_worldwide_coverage_site_480.jpg 480w, https:\/\/www.spottergps.com\/se\/wp-content\/uploads\/sites\/5\/2024\/06\/spotter_-_worldwide_coverage_site_480-300x155.jpg 300w, https:\/\/www.spottergps.com\/se\/wp-content\/uploads\/sites\/5\/2024\/06\/spotter_-_worldwide_coverage_site_480-245x127.jpg 245w\" sizes=\"auto, (max-width: 480px) 100vw, 480px\" \/><\/figure><\/div>\n\n\n<p>Alla v\u00e5ra produkter fungerar standardm\u00e4ssigt i hela Europa, s\u00e5 att du \u00e4ven p\u00e5 semestern kan anv\u00e4nda v\u00e5ra GPS-sp\u00e5rare utan extra kostnad. Ingen oro f\u00f6r h\u00f6ga datakostnader.<\/p>\n\n\n\n<p><strong>I sommar erbjuder vi dessutom m\u00f6jligheten att anv\u00e4nda v\u00e5ra produkter utanf\u00f6r Europa. Fr\u00e5n Aruba till Malaysia, med Spotter reser du \u00f6ver hela v\u00e4rlden!<\/strong> Nedan finner du en \u00f6versikt \u00f6ver de tillg\u00e4ngliga l\u00e4nderna och den tillh\u00f6rande t\u00e4ckningen.<\/p>\n\n\n\n<p>Bra att veta: funktionen av v\u00e5ra produkter \u00e4r alltid beroende av tillg\u00e4ngligheten av n\u00e4tverk i det aktuella landet<\/p>\n\n\n\n\n\n<div class=\"flex-shrink-0 flex flex-col relative items-end\">\n<div>\n<div class=\"pt-0.5 juice:pt-0\">\n<div class=\"gizmo-bot-avatar flex h-6 w-6 items-center justify-center overflow-hidden rounded-full juice:h-8 juice:w-8\">\n<h2 class=\"relative p-1 rounded-sm flex items-center justify-center bg-token-main-surface-primary text-token-text-primary h-8 w-8\"><span style=\"font-size: revert\">Europeisk och global t\u00e4ckning, vad v\u00e4ljer du?<\/span><\/h2>\n<\/div>\n<\/div>\n<\/div>\n<\/div>\n<div class=\"group\/conversation-turn relative flex w-full min-w-0 flex-col agent-turn\">\n<div class=\"flex-col gap-1 md:gap-3\">\n<div class=\"flex flex-grow flex-col max-w-full\">\n<div class=\"min-h-[20px] text-message flex flex-col items-start whitespace-pre-wrap break-words [.text-message+&amp;]:mt-5 juice:w-full juice:items-end overflow-x-auto gap-2\" dir=\"auto\" data-message-author-role=\"assistant\" data-message-id=\"ba267f80-6030-463d-95ac-9b34f415495d\">\n<div class=\"flex w-full flex-col gap-1 juice:empty:hidden juice:first:pt-[3px]\">\n<div class=\"markdown prose w-full break-words dark:prose-invert light\">\n<p>Alla v\u00e5ra produkter kan anv\u00e4ndas standardm\u00e4ssigt i hela Europa utan extra kostnad. Dessutom kan du i Spotter-appen v\u00e4lja global t\u00e4ckning. Denna globala tj\u00e4nst \u00e4r tillg\u00e4nglig mot en extra kostnad p\u00e5 9,95 \u20ac inklusive moms f\u00f6r en m\u00e5nad. <strong>\u00a0<\/strong>\u00a0Se nedan vilka l\u00e4nder som omfattas av europeisk och global t\u00e4ckning.<\/p>\n<p><strong>Standard: Europeisk t\u00e4ckning<\/strong><\/p>\n<\/div>\n<ul>\n<li>Belgien<\/li>\n<li>Bulgarien<\/li>\n<li>Cypern<\/li>\n<li>Danmark<\/li>\n<li>Estland<\/li>\n<li>Finland<\/li>\n<li>Frankrike<\/li>\n<li>Grekland<\/li>\n<li>Irland<\/li>\n<li>Island<\/li>\n<li>Italien<\/li>\n<li>Kroatien<\/li>\n<li>Lettland<\/li>\n<li>Litauen<\/li>\n<li>Luxemburg<\/li>\n<li>Malta<\/li>\n<li>Nederl\u00e4nderna<\/li>\n<li>Polen<\/li>\n<li>Portugal<\/li>\n<li>Rum\u00e4nien<\/li>\n<li>Schweiz<\/li>\n<li>Slovenien<\/li>\n<li>Slovakien<\/li>\n<li>Spanien<\/li>\n<li>Storbrittanien<\/li>\n<li>Sverige<\/li>\n<li>Schweiz*<\/li>\n<li>Tjeckien<\/li>\n<li>Tyskland<\/li>\n<li>Ungern<\/li>\n<li>\u00d6sterrike<\/li>\n<\/ul>\n<\/div>\n<\/div>\n<\/div>\n<\/div>\n<\/div>\n\n\n\n<p><strong>Valfritt: Global t\u00e4ckning<\/strong><\/p>\n<ul>\n<li>Afghanistan<\/li>\n<li>Albanien<\/li>\n<li>Andorra<\/li>\n<li>Argentina<\/li>\n<li>Armenien<\/li>\n<li>Aruba<\/li>\n<li>Australien*<\/li>\n<li>\u00d6sterrike<\/li>\n<li>Azerbajdzjan, Republiken<\/li>\n<li>Bangladesh<\/li>\n<li>Vitryssland, Republiken<\/li>\n<li>Belgien<\/li>\n<li>Belize<\/li>\n<li>Benin<\/li>\n<li>Bermuda<\/li>\n<li>Bolivia<\/li>\n<li>Bonaire<\/li>\n<li>Bosnien och Hercegovina<\/li>\n<li>Botswana<\/li>\n<li>Brasilien<\/li>\n<li>Brittiska Jungfru\u00f6arna<\/li>\n<li>Bulgarien<\/li>\n<li>Kambodja<\/li>\n<li>Kanada*<\/li>\n<li>Chile<\/li>\n<li>Kina<\/li>\n<li>Colombia<\/li>\n<li>Kongo, republiken<\/li>\n<li>Costa Rica<\/li>\n<li>Kroatien<\/li>\n<li>Cura\u00e7ao<\/li>\n<li>Cypern<\/li>\n<li>Tjeckien<\/li>\n<li>Danmark<\/li>\n<li>Egypten<\/li>\n<li>El Salvador<\/li>\n<li>Estland<\/li>\n<li>F\u00e4r\u00f6arna<\/li>\n<li>Finland<\/li>\n<li>Frankrike<\/li>\n<li>Franska Guyana<\/li>\n<li>Franska Antillerna<\/li>\n<li>Georgien<\/li>\n<li>Tyskland<\/li>\n<li>Ghana<\/li>\n<li>Gibraltar<\/li>\n<li>Grekland<\/li>\n<li>Gr\u00f6nland<\/li>\n<li>Guatemala<\/li>\n<li>Guernsey<\/li>\n<li>Guyana<\/li>\n<li>Honduras<\/li>\n<li>Hongkong<\/li>\n<li>Ungern<\/li>\n<li>Island<\/li>\n<li>Indien<\/li>\n<li>Indonesien<\/li>\n<li>Iran*<\/li>\n<li>Irak<\/li>\n<li>Irland<\/li>\n<li>Isle of Man<\/li>\n<li>Israel<\/li>\n<li>Italien<\/li>\n<li>Jamaica<\/li>\n<li>Japan*<\/li>\n<li>Jersey<\/li>\n<li>Jordanien<\/li>\n<li>Kazakstan<\/li>\n<li>Kenya<\/li>\n<li>Kosovo<\/li>\n<li>Kuwait<\/li>\n<li>Kirgizistan<\/li>\n<li>Lettland<\/li>\n<li>Liberia<\/li>\n<li>Liechtenstein<\/li>\n<li>Litauen<\/li>\n<li>Luxemburg<\/li>\n<li>Macao*<\/li>\n<li>Makedonien, Republiken<\/li>\n<li>Malaysia<\/li>\n<li>Malta<\/li>\n<li>Martinique<\/li>\n<li>Mexiko<\/li>\n<li>Moldavien, Republiken<\/li>\n<li>Monaco*<\/li>\n<li>Mongoliet<\/li>\n<li>Montenegro<\/li>\n<li>Myanmar<\/li>\n<li>Nederl\u00e4nderna<\/li>\n<li>Nya Zeeland<\/li>\n<li>Nicaragua<\/li>\n<li>Nigeria<\/li>\n<li>Norge<\/li>\n<li>Pakistan<\/li>\n<li>Palestina<\/li>\n<li>Panama<\/li>\n<li>Paraguay<\/li>\n<li>Peru<\/li>\n<li>Filippinerna<\/li>\n<li>Polen<\/li>\n<li>Portugal<\/li>\n<li>Puerto Rico*<\/li>\n<li>Qatar<\/li>\n<li>R\u00e9union<\/li>\n<li>Rum\u00e4nien<\/li>\n<li>Ryssland<\/li>\n<li>Rwanda<\/li>\n<li>Saudiarabien<\/li>\n<li>Serbien<\/li>\n<li>Singapore*<\/li>\n<li>Slovakien<\/li>\n<li>Slovenien<\/li>\n<li>Sydafrika<\/li>\n<li>Spanien<\/li>\n<li>Sudan*<\/li>\n<li>Surinam<\/li>\n<li>Sverige<\/li>\n<li>Taiwan*<\/li>\n<li>Tadzjikistan<\/li>\n<li>Thailand<\/li>\n<li>Trinidad och Tobago*<\/li>\n<li>Tunisien<\/li>\n<li>Turkiet<\/li>\n<li>Uganda<\/li>\n<li>Ukraina<\/li>\n<li>F\u00f6renade Arabemiraten*<\/li>\n<li>Storbritannien<\/li>\n<li>Schweiz*<\/li>\n<li>USA*<\/li>\n<li>Uzbekistan<\/li>\n<li>Vietnam<\/li>\n<li>Jemen<\/li>\n<li>Zimbabwe<\/li>\n<\/ul>\n\n\n\n<p>* endast tillg\u00e4nglig f\u00f6r 4G GPS-sp\u00e5rare<\/p>\n<p><br>Taggar: Europa, utlandet, v\u00e4rlden, semester, t\u00e4ckning, r\u00e4ckvidd.<\/p>\n\n\n","protected":false},"excerpt":{"rendered":"<p>Alla v\u00e5ra produkter fungerar standardm\u00e4ssigt i hela Europa, s\u00e5 att [&hellip;]<\/p>\n","protected":false},"author":8,"featured_media":0,"parent":15053,"menu_order":0,"comment_status":"closed","ping_status":"closed","template":"faq-content.php","meta":{"_acf_changed":false,"footnotes":""},"categories":[],"tags":[],"class_list":["post-15196","page","type-page","status-publish","hentry"],"acf":[],"yoast_head":"<!-- This site is optimized with the Yoast SEO plugin v25.9 - https:\/\/yoast.com\/wordpress\/plugins\/seo\/ -->\n<title>I vilka l\u00e4nder fungerar Spotter? - Spotter Sweden<\/title>\n<meta name=\"robots\" content=\"index, follow, max-snippet:-1, max-image-preview:large, max-video-preview:-1\" \/>\n<link rel=\"canonical\" href=\"https:\/\/www.spottergps.com\/se\/stod\/i-vilka-lander-fungerar-spotter\/\" \/>\n<meta property=\"og:locale\" content=\"sv_SE\" \/>\n<meta property=\"og:type\" content=\"article\" \/>\n<meta property=\"og:title\" content=\"I vilka l\u00e4nder fungerar Spotter? - Spotter Sweden\" \/>\n<meta property=\"og:description\" content=\"Alla v\u00e5ra produkter fungerar standardm\u00e4ssigt i hela Europa, s\u00e5 att [&hellip;]\" \/>\n<meta property=\"og:url\" content=\"https:\/\/www.spottergps.com\/se\/stod\/i-vilka-lander-fungerar-spotter\/\" \/>\n<meta property=\"og:site_name\" content=\"Spotter Sweden\" \/>\n<meta property=\"article:modified_time\" content=\"2024-10-14T09:25:19+00:00\" \/>\n<meta property=\"og:image\" content=\"https:\/\/www.spottergps.com\/se\/wp-content\/uploads\/sites\/5\/2024\/06\/spotter_-_worldwide_coverage_site_480.jpg\" \/>\n<meta name=\"twitter:card\" content=\"summary_large_image\" \/>\n<meta name=\"twitter:label1\" content=\"Ber\u00e4knad l\u00e4stid\" \/>\n\t<meta name=\"twitter:data1\" content=\"2 minuter\" \/>\n<script type=\"application\/ld+json\" class=\"yoast-schema-graph\">{\"@context\":\"https:\/\/schema.org\",\"@graph\":[{\"@type\":\"WebPage\",\"@id\":\"https:\/\/www.spottergps.com\/se\/stod\/i-vilka-lander-fungerar-spotter\/\",\"url\":\"https:\/\/www.spottergps.com\/se\/stod\/i-vilka-lander-fungerar-spotter\/\",\"name\":\"I vilka l\u00e4nder fungerar Spotter? - Spotter Sweden\",\"isPartOf\":{\"@id\":\"https:\/\/www.spottergps.com\/se\/#website\"},\"primaryImageOfPage\":{\"@id\":\"https:\/\/www.spottergps.com\/se\/stod\/i-vilka-lander-fungerar-spotter\/#primaryimage\"},\"image\":{\"@id\":\"https:\/\/www.spottergps.com\/se\/stod\/i-vilka-lander-fungerar-spotter\/#primaryimage\"},\"thumbnailUrl\":\"https:\/\/www.spottergps.com\/se\/wp-content\/uploads\/sites\/5\/2024\/06\/spotter_-_worldwide_coverage_site_480.jpg\",\"datePublished\":\"2021-11-19T12:23:47+00:00\",\"dateModified\":\"2024-10-14T09:25:19+00:00\",\"breadcrumb\":{\"@id\":\"https:\/\/www.spottergps.com\/se\/stod\/i-vilka-lander-fungerar-spotter\/#breadcrumb\"},\"inLanguage\":\"sv-SE\",\"potentialAction\":[{\"@type\":\"ReadAction\",\"target\":[\"https:\/\/www.spottergps.com\/se\/stod\/i-vilka-lander-fungerar-spotter\/\"]}]},{\"@type\":\"ImageObject\",\"inLanguage\":\"sv-SE\",\"@id\":\"https:\/\/www.spottergps.com\/se\/stod\/i-vilka-lander-fungerar-spotter\/#primaryimage\",\"url\":\"https:\/\/www.spottergps.com\/se\/wp-content\/uploads\/sites\/5\/2024\/06\/spotter_-_worldwide_coverage_site_480.jpg\",\"contentUrl\":\"https:\/\/www.spottergps.com\/se\/wp-content\/uploads\/sites\/5\/2024\/06\/spotter_-_worldwide_coverage_site_480.jpg\",\"width\":480,\"height\":248},{\"@type\":\"BreadcrumbList\",\"@id\":\"https:\/\/www.spottergps.com\/se\/stod\/i-vilka-lander-fungerar-spotter\/#breadcrumb\",\"itemListElement\":[{\"@type\":\"ListItem\",\"position\":1,\"name\":\"Home\",\"item\":\"https:\/\/www.spottergps.com\/se\/\"},{\"@type\":\"ListItem\",\"position\":2,\"name\":\"Hur kan vi hj\u00e4lpa dig?\",\"item\":\"https:\/\/www.spottergps.com\/se\/stod\/\"},{\"@type\":\"ListItem\",\"position\":3,\"name\":\"I vilka l\u00e4nder fungerar Spotter?\"}]},{\"@type\":\"WebSite\",\"@id\":\"https:\/\/www.spottergps.com\/se\/#website\",\"url\":\"https:\/\/www.spottergps.com\/se\/\",\"name\":\"Spotter Sweden\",\"description\":\"Spotter GPS Sweden\",\"potentialAction\":[{\"@type\":\"SearchAction\",\"target\":{\"@type\":\"EntryPoint\",\"urlTemplate\":\"https:\/\/www.spottergps.com\/se\/?s={search_term_string}\"},\"query-input\":{\"@type\":\"PropertyValueSpecification\",\"valueRequired\":true,\"valueName\":\"search_term_string\"}}],\"inLanguage\":\"sv-SE\"}]}<\/script>\n<!-- \/ Yoast SEO plugin. -->","yoast_head_json":{"title":"I vilka l\u00e4nder fungerar Spotter? - Spotter Sweden","robots":{"index":"index","follow":"follow","max-snippet":"max-snippet:-1","max-image-preview":"max-image-preview:large","max-video-preview":"max-video-preview:-1"},"canonical":"https:\/\/www.spottergps.com\/se\/stod\/i-vilka-lander-fungerar-spotter\/","og_locale":"sv_SE","og_type":"article","og_title":"I vilka l\u00e4nder fungerar Spotter? - Spotter Sweden","og_description":"Alla v\u00e5ra produkter fungerar standardm\u00e4ssigt i hela Europa, s\u00e5 att [&hellip;]","og_url":"https:\/\/www.spottergps.com\/se\/stod\/i-vilka-lander-fungerar-spotter\/","og_site_name":"Spotter Sweden","article_modified_time":"2024-10-14T09:25:19+00:00","og_image":[{"url":"https:\/\/www.spottergps.com\/se\/wp-content\/uploads\/sites\/5\/2024\/06\/spotter_-_worldwide_coverage_site_480.jpg","type":"","width":"","height":""}],"twitter_card":"summary_large_image","twitter_misc":{"Ber\u00e4knad l\u00e4stid":"2 minuter"},"schema":{"@context":"https:\/\/schema.org","@graph":[{"@type":"WebPage","@id":"https:\/\/www.spottergps.com\/se\/stod\/i-vilka-lander-fungerar-spotter\/","url":"https:\/\/www.spottergps.com\/se\/stod\/i-vilka-lander-fungerar-spotter\/","name":"I vilka l\u00e4nder fungerar Spotter? - Spotter Sweden","isPartOf":{"@id":"https:\/\/www.spottergps.com\/se\/#website"},"primaryImageOfPage":{"@id":"https:\/\/www.spottergps.com\/se\/stod\/i-vilka-lander-fungerar-spotter\/#primaryimage"},"image":{"@id":"https:\/\/www.spottergps.com\/se\/stod\/i-vilka-lander-fungerar-spotter\/#primaryimage"},"thumbnailUrl":"https:\/\/www.spottergps.com\/se\/wp-content\/uploads\/sites\/5\/2024\/06\/spotter_-_worldwide_coverage_site_480.jpg","datePublished":"2021-11-19T12:23:47+00:00","dateModified":"2024-10-14T09:25:19+00:00","breadcrumb":{"@id":"https:\/\/www.spottergps.com\/se\/stod\/i-vilka-lander-fungerar-spotter\/#breadcrumb"},"inLanguage":"sv-SE","potentialAction":[{"@type":"ReadAction","target":["https:\/\/www.spottergps.com\/se\/stod\/i-vilka-lander-fungerar-spotter\/"]}]},{"@type":"ImageObject","inLanguage":"sv-SE","@id":"https:\/\/www.spottergps.com\/se\/stod\/i-vilka-lander-fungerar-spotter\/#primaryimage","url":"https:\/\/www.spottergps.com\/se\/wp-content\/uploads\/sites\/5\/2024\/06\/spotter_-_worldwide_coverage_site_480.jpg","contentUrl":"https:\/\/www.spottergps.com\/se\/wp-content\/uploads\/sites\/5\/2024\/06\/spotter_-_worldwide_coverage_site_480.jpg","width":480,"height":248},{"@type":"BreadcrumbList","@id":"https:\/\/www.spottergps.com\/se\/stod\/i-vilka-lander-fungerar-spotter\/#breadcrumb","itemListElement":[{"@type":"ListItem","position":1,"name":"Home","item":"https:\/\/www.spottergps.com\/se\/"},{"@type":"ListItem","position":2,"name":"Hur kan vi hj\u00e4lpa dig?","item":"https:\/\/www.spottergps.com\/se\/stod\/"},{"@type":"ListItem","position":3,"name":"I vilka l\u00e4nder fungerar Spotter?"}]},{"@type":"WebSite","@id":"https:\/\/www.spottergps.com\/se\/#website","url":"https:\/\/www.spottergps.com\/se\/","name":"Spotter Sweden","description":"Spotter GPS Sweden","potentialAction":[{"@type":"SearchAction","target":{"@type":"EntryPoint","urlTemplate":"https:\/\/www.spottergps.com\/se\/?s={search_term_string}"},"query-input":{"@type":"PropertyValueSpecification","valueRequired":true,"valueName":"search_term_string"}}],"inLanguage":"sv-SE"}]}},"_links":{"self":[{"href":"https:\/\/www.spottergps.com\/se\/wp-json\/wp\/v2\/pages\/15196","targetHints":{"allow":["GET"]}}],"collection":[{"href":"https:\/\/www.spottergps.com\/se\/wp-json\/wp\/v2\/pages"}],"about":[{"href":"https:\/\/www.spottergps.com\/se\/wp-json\/wp\/v2\/types\/page"}],"author":[{"embeddable":true,"href":"https:\/\/www.spottergps.com\/se\/wp-json\/wp\/v2\/users\/8"}],"replies":[{"embeddable":true,"href":"https:\/\/www.spottergps.com\/se\/wp-json\/wp\/v2\/comments?post=15196"}],"version-history":[{"count":14,"href":"https:\/\/www.spottergps.com\/se\/wp-json\/wp\/v2\/pages\/15196\/revisions"}],"predecessor-version":[{"id":15499,"href":"https:\/\/www.spottergps.com\/se\/wp-json\/wp\/v2\/pages\/15196\/revisions\/15499"}],"up":[{"embeddable":true,"href":"https:\/\/www.spottergps.com\/se\/wp-json\/wp\/v2\/pages\/15053"}],"wp:attachment":[{"href":"https:\/\/www.spottergps.com\/se\/wp-json\/wp\/v2\/media?parent=15196"}],"wp:term":[{"taxonomy":"category","embeddable":true,"href":"https:\/\/www.spottergps.com\/se\/wp-json\/wp\/v2\/categories?post=15196"},{"taxonomy":"post_tag","embeddable":true,"href":"https:\/\/www.spottergps.com\/se\/wp-json\/wp\/v2\/tags?post=15196"}],"curies":[{"name":"wp","href":"https:\/\/api.w.org\/{rel}","templated":true}]}}