{"id":15193,"date":"2021-11-19T12:15:49","date_gmt":"2021-11-19T12:15:49","guid":{"rendered":"https:\/\/www.spottergps.com\/se\/?page_id=15193"},"modified":"2025-12-10T07:49:36","modified_gmt":"2025-12-10T07:49:36","slug":"vad-ar-skillnaden-mellan-gps-och-gprs","status":"publish","type":"page","link":"https:\/\/www.spottergps.com\/se\/stod\/vad-ar-skillnaden-mellan-gps-och-gprs\/","title":{"rendered":"Vad \u00e4r skillnaden mellan GPS och GPRS?"},"content":{"rendered":"\n<p>Spotters produkter anv\u00e4nder GPS (satelliter) f\u00f6r att best\u00e4mma platsinformation och GPRS (mobilt n\u00e4tverk) f\u00f6r att skicka dessa.<\/p>\n\n\n\n<h2 class=\"wp-block-heading\">GPS<\/h2>\n\n\n\n<p>GPS (Global Positioning System) \u00e4r ett positioneringssystem som m\u00e4ter via satelliter. Satelliterna ser till att noggrant avg\u00f6ra ett objekts position.<\/p>\n\n\n\n<h2 class=\"wp-block-heading\">GPRS<\/h2>\n\n\n\n<p>GPRS (General Packet Radio Service) \u00e4r en teknik i GSM-n\u00e4tverket (telefon) som g\u00f6r det m\u00f6jligt att skicka och ta emot mer information snabbare.<\/p>\n\n\n\n<h2 class=\"wp-block-heading\">\u00c4r GPS och GPRS skadliga?<\/h2>\n\n\n\n<p>GPS \u00e4r en mottagare och avger ingen skadlig str\u00e5lning. Anv\u00e4ndandet av GPRS \u00e4r lika med anv\u00e4ndandet av en mobiltelefon.<\/p>\n\n\n\n<p><\/p>\n\n\n\n<p>Tags: navigationssystem<\/p>\n","protected":false},"excerpt":{"rendered":"<p>Spotters produkter anv\u00e4nder GPS (satelliter) f\u00f6r att best\u00e4mma platsinformation och [&hellip;]<\/p>\n","protected":false},"author":8,"featured_media":0,"parent":15053,"menu_order":0,"comment_status":"closed","ping_status":"closed","template":"faq-content.php","meta":{"_acf_changed":false,"footnotes":""},"categories":[],"tags":[],"class_list":["post-15193","page","type-page","status-publish","hentry"],"acf":[],"yoast_head":"<!-- This site is optimized with the Yoast SEO plugin v25.9 - https:\/\/yoast.com\/wordpress\/plugins\/seo\/ -->\n<title>Vad \u00e4r skillnaden mellan GPS och GPRS? - Spotter Sweden<\/title>\n<meta name=\"robots\" content=\"noindex, nofollow\" \/>\n<meta property=\"og:locale\" content=\"sv_SE\" \/>\n<meta property=\"og:type\" content=\"article\" \/>\n<meta property=\"og:title\" content=\"Vad \u00e4r skillnaden mellan GPS och GPRS? - Spotter Sweden\" \/>\n<meta property=\"og:description\" content=\"Spotters produkter anv\u00e4nder GPS (satelliter) f\u00f6r att best\u00e4mma platsinformation och [&hellip;]\" \/>\n<meta property=\"og:url\" content=\"https:\/\/www.spottergps.com\/se\/stod\/vad-ar-skillnaden-mellan-gps-och-gprs\/\" \/>\n<meta property=\"og:site_name\" content=\"Spotter Sweden\" \/>\n<meta property=\"article:modified_time\" content=\"2025-12-10T07:49:36+00:00\" \/>\n<meta name=\"twitter:card\" content=\"summary_large_image\" \/>\n<meta name=\"twitter:label1\" content=\"Ber\u00e4knad l\u00e4stid\" \/>\n\t<meta name=\"twitter:data1\" content=\"1 minut\" \/>\n<script type=\"application\/ld+json\" class=\"yoast-schema-graph\">{\"@context\":\"https:\/\/schema.org\",\"@graph\":[{\"@type\":\"WebPage\",\"@id\":\"https:\/\/www.spottergps.com\/se\/stod\/vad-ar-skillnaden-mellan-gps-och-gprs\/\",\"url\":\"https:\/\/www.spottergps.com\/se\/stod\/vad-ar-skillnaden-mellan-gps-och-gprs\/\",\"name\":\"Vad \u00e4r skillnaden mellan GPS och GPRS? - Spotter Sweden\",\"isPartOf\":{\"@id\":\"https:\/\/www.spottergps.com\/se\/#website\"},\"datePublished\":\"2021-11-19T12:15:49+00:00\",\"dateModified\":\"2025-12-10T07:49:36+00:00\",\"breadcrumb\":{\"@id\":\"https:\/\/www.spottergps.com\/se\/stod\/vad-ar-skillnaden-mellan-gps-och-gprs\/#breadcrumb\"},\"inLanguage\":\"sv-SE\",\"potentialAction\":[{\"@type\":\"ReadAction\",\"target\":[\"https:\/\/www.spottergps.com\/se\/stod\/vad-ar-skillnaden-mellan-gps-och-gprs\/\"]}]},{\"@type\":\"BreadcrumbList\",\"@id\":\"https:\/\/www.spottergps.com\/se\/stod\/vad-ar-skillnaden-mellan-gps-och-gprs\/#breadcrumb\",\"itemListElement\":[{\"@type\":\"ListItem\",\"position\":1,\"name\":\"Home\",\"item\":\"https:\/\/www.spottergps.com\/se\/\"},{\"@type\":\"ListItem\",\"position\":2,\"name\":\"Hur kan vi hj\u00e4lpa dig?\",\"item\":\"https:\/\/www.spottergps.com\/se\/stod\/\"},{\"@type\":\"ListItem\",\"position\":3,\"name\":\"Vad \u00e4r skillnaden mellan GPS och GPRS?\"}]},{\"@type\":\"WebSite\",\"@id\":\"https:\/\/www.spottergps.com\/se\/#website\",\"url\":\"https:\/\/www.spottergps.com\/se\/\",\"name\":\"Spotter Sweden\",\"description\":\"Spotter GPS Sweden\",\"potentialAction\":[{\"@type\":\"SearchAction\",\"target\":{\"@type\":\"EntryPoint\",\"urlTemplate\":\"https:\/\/www.spottergps.com\/se\/?s={search_term_string}\"},\"query-input\":{\"@type\":\"PropertyValueSpecification\",\"valueRequired\":true,\"valueName\":\"search_term_string\"}}],\"inLanguage\":\"sv-SE\"}]}<\/script>\n<!-- \/ Yoast SEO plugin. -->","yoast_head_json":{"title":"Vad \u00e4r skillnaden mellan GPS och GPRS? - Spotter Sweden","robots":{"index":"noindex","follow":"nofollow"},"og_locale":"sv_SE","og_type":"article","og_title":"Vad \u00e4r skillnaden mellan GPS och GPRS? - Spotter Sweden","og_description":"Spotters produkter anv\u00e4nder GPS (satelliter) f\u00f6r att best\u00e4mma platsinformation och [&hellip;]","og_url":"https:\/\/www.spottergps.com\/se\/stod\/vad-ar-skillnaden-mellan-gps-och-gprs\/","og_site_name":"Spotter Sweden","article_modified_time":"2025-12-10T07:49:36+00:00","twitter_card":"summary_large_image","twitter_misc":{"Ber\u00e4knad l\u00e4stid":"1 minut"},"schema":{"@context":"https:\/\/schema.org","@graph":[{"@type":"WebPage","@id":"https:\/\/www.spottergps.com\/se\/stod\/vad-ar-skillnaden-mellan-gps-och-gprs\/","url":"https:\/\/www.spottergps.com\/se\/stod\/vad-ar-skillnaden-mellan-gps-och-gprs\/","name":"Vad \u00e4r skillnaden mellan GPS och GPRS? - Spotter Sweden","isPartOf":{"@id":"https:\/\/www.spottergps.com\/se\/#website"},"datePublished":"2021-11-19T12:15:49+00:00","dateModified":"2025-12-10T07:49:36+00:00","breadcrumb":{"@id":"https:\/\/www.spottergps.com\/se\/stod\/vad-ar-skillnaden-mellan-gps-och-gprs\/#breadcrumb"},"inLanguage":"sv-SE","potentialAction":[{"@type":"ReadAction","target":["https:\/\/www.spottergps.com\/se\/stod\/vad-ar-skillnaden-mellan-gps-och-gprs\/"]}]},{"@type":"BreadcrumbList","@id":"https:\/\/www.spottergps.com\/se\/stod\/vad-ar-skillnaden-mellan-gps-och-gprs\/#breadcrumb","itemListElement":[{"@type":"ListItem","position":1,"name":"Home","item":"https:\/\/www.spottergps.com\/se\/"},{"@type":"ListItem","position":2,"name":"Hur kan vi hj\u00e4lpa dig?","item":"https:\/\/www.spottergps.com\/se\/stod\/"},{"@type":"ListItem","position":3,"name":"Vad \u00e4r skillnaden mellan GPS och GPRS?"}]},{"@type":"WebSite","@id":"https:\/\/www.spottergps.com\/se\/#website","url":"https:\/\/www.spottergps.com\/se\/","name":"Spotter Sweden","description":"Spotter GPS Sweden","potentialAction":[{"@type":"SearchAction","target":{"@type":"EntryPoint","urlTemplate":"https:\/\/www.spottergps.com\/se\/?s={search_term_string}"},"query-input":{"@type":"PropertyValueSpecification","valueRequired":true,"valueName":"search_term_string"}}],"inLanguage":"sv-SE"}]}},"_links":{"self":[{"href":"https:\/\/www.spottergps.com\/se\/wp-json\/wp\/v2\/pages\/15193","targetHints":{"allow":["GET"]}}],"collection":[{"href":"https:\/\/www.spottergps.com\/se\/wp-json\/wp\/v2\/pages"}],"about":[{"href":"https:\/\/www.spottergps.com\/se\/wp-json\/wp\/v2\/types\/page"}],"author":[{"embeddable":true,"href":"https:\/\/www.spottergps.com\/se\/wp-json\/wp\/v2\/users\/8"}],"replies":[{"embeddable":true,"href":"https:\/\/www.spottergps.com\/se\/wp-json\/wp\/v2\/comments?post=15193"}],"version-history":[{"count":1,"href":"https:\/\/www.spottergps.com\/se\/wp-json\/wp\/v2\/pages\/15193\/revisions"}],"predecessor-version":[{"id":15194,"href":"https:\/\/www.spottergps.com\/se\/wp-json\/wp\/v2\/pages\/15193\/revisions\/15194"}],"up":[{"embeddable":true,"href":"https:\/\/www.spottergps.com\/se\/wp-json\/wp\/v2\/pages\/15053"}],"wp:attachment":[{"href":"https:\/\/www.spottergps.com\/se\/wp-json\/wp\/v2\/media?parent=15193"}],"wp:term":[{"taxonomy":"category","embeddable":true,"href":"https:\/\/www.spottergps.com\/se\/wp-json\/wp\/v2\/categories?post=15193"},{"taxonomy":"post_tag","embeddable":true,"href":"https:\/\/www.spottergps.com\/se\/wp-json\/wp\/v2\/tags?post=15193"}],"curies":[{"name":"wp","href":"https:\/\/api.w.org\/{rel}","templated":true}]}}