{"id":15188,"date":"2021-11-19T12:09:29","date_gmt":"2021-11-19T12:09:29","guid":{"rendered":"https:\/\/www.spottergps.com\/se\/?page_id=15188"},"modified":"2025-12-10T07:43:50","modified_gmt":"2025-12-10T07:43:50","slug":"ingen-platsangivelse-eller-ingen-aktiv-spotter","status":"publish","type":"page","link":"https:\/\/www.spottergps.com\/se\/stod\/ingen-platsangivelse-eller-ingen-aktiv-spotter\/","title":{"rendered":"Ingen platsangivelse eller ingen aktiv Spotter?"},"content":{"rendered":"\n<p>Om din Spotter inte ger n\u00e5gon platsangivelse trots att den borde g\u00f6ra det, har vi gjort en steg-f\u00f6r-steg-plan som du kan \u00e5terst\u00e4lla Spotter med. Klicka nedan p\u00e5 den produkten du har och f\u00f6lj stegen.<\/p>\n\n\n\n<h2 class=\"wp-block-heading\">Spotter GPS Watch<\/h2>\n\n\n\n<p> <a href=\"https:\/\/www.spottergps.com\/se\/aterstall-steg-for-steg-plan-spotter-gps-watch\/\" data-type=\"URL\" data-id=\"https:\/\/www.spottergps.com\/se\/aterstall-steg-for-steg-plan-spotter-gps-watch\/\" target=\"_blank\" rel=\"noreferrer noopener\">Se steg-f\u00f6r-steg-planen<\/a> <\/p>\n","protected":false},"excerpt":{"rendered":"<p>Om din Spotter inte ger n\u00e5gon platsangivelse trots att den [&hellip;]<\/p>\n","protected":false},"author":8,"featured_media":0,"parent":15053,"menu_order":0,"comment_status":"closed","ping_status":"closed","template":"faq-content.php","meta":{"_acf_changed":false,"footnotes":""},"categories":[],"tags":[],"class_list":["post-15188","page","type-page","status-publish","hentry"],"acf":[],"yoast_head":"<!-- This site is optimized with the Yoast SEO plugin v25.9 - https:\/\/yoast.com\/wordpress\/plugins\/seo\/ -->\n<title>Ingen platsangivelse eller ingen aktiv Spotter? - Spotter Sweden<\/title>\n<meta name=\"robots\" content=\"noindex, nofollow\" \/>\n<meta property=\"og:locale\" content=\"sv_SE\" \/>\n<meta property=\"og:type\" content=\"article\" \/>\n<meta property=\"og:title\" content=\"Ingen platsangivelse eller ingen aktiv Spotter? - Spotter Sweden\" \/>\n<meta property=\"og:description\" content=\"Om din Spotter inte ger n\u00e5gon platsangivelse trots att den [&hellip;]\" \/>\n<meta property=\"og:url\" content=\"https:\/\/www.spottergps.com\/se\/stod\/ingen-platsangivelse-eller-ingen-aktiv-spotter\/\" \/>\n<meta property=\"og:site_name\" content=\"Spotter Sweden\" \/>\n<meta property=\"article:modified_time\" content=\"2025-12-10T07:43:50+00:00\" \/>\n<meta name=\"twitter:card\" content=\"summary_large_image\" \/>\n<meta name=\"twitter:label1\" content=\"Ber\u00e4knad l\u00e4stid\" \/>\n\t<meta name=\"twitter:data1\" content=\"1 minut\" \/>\n<script type=\"application\/ld+json\" class=\"yoast-schema-graph\">{\"@context\":\"https:\/\/schema.org\",\"@graph\":[{\"@type\":\"WebPage\",\"@id\":\"https:\/\/www.spottergps.com\/se\/stod\/ingen-platsangivelse-eller-ingen-aktiv-spotter\/\",\"url\":\"https:\/\/www.spottergps.com\/se\/stod\/ingen-platsangivelse-eller-ingen-aktiv-spotter\/\",\"name\":\"Ingen platsangivelse eller ingen aktiv Spotter? - Spotter Sweden\",\"isPartOf\":{\"@id\":\"https:\/\/www.spottergps.com\/se\/#website\"},\"datePublished\":\"2021-11-19T12:09:29+00:00\",\"dateModified\":\"2025-12-10T07:43:50+00:00\",\"breadcrumb\":{\"@id\":\"https:\/\/www.spottergps.com\/se\/stod\/ingen-platsangivelse-eller-ingen-aktiv-spotter\/#breadcrumb\"},\"inLanguage\":\"sv-SE\",\"potentialAction\":[{\"@type\":\"ReadAction\",\"target\":[\"https:\/\/www.spottergps.com\/se\/stod\/ingen-platsangivelse-eller-ingen-aktiv-spotter\/\"]}]},{\"@type\":\"BreadcrumbList\",\"@id\":\"https:\/\/www.spottergps.com\/se\/stod\/ingen-platsangivelse-eller-ingen-aktiv-spotter\/#breadcrumb\",\"itemListElement\":[{\"@type\":\"ListItem\",\"position\":1,\"name\":\"Home\",\"item\":\"https:\/\/www.spottergps.com\/se\/\"},{\"@type\":\"ListItem\",\"position\":2,\"name\":\"Hur kan vi hj\u00e4lpa dig?\",\"item\":\"https:\/\/www.spottergps.com\/se\/stod\/\"},{\"@type\":\"ListItem\",\"position\":3,\"name\":\"Ingen platsangivelse eller ingen aktiv Spotter?\"}]},{\"@type\":\"WebSite\",\"@id\":\"https:\/\/www.spottergps.com\/se\/#website\",\"url\":\"https:\/\/www.spottergps.com\/se\/\",\"name\":\"Spotter Sweden\",\"description\":\"Spotter GPS Sweden\",\"potentialAction\":[{\"@type\":\"SearchAction\",\"target\":{\"@type\":\"EntryPoint\",\"urlTemplate\":\"https:\/\/www.spottergps.com\/se\/?s={search_term_string}\"},\"query-input\":{\"@type\":\"PropertyValueSpecification\",\"valueRequired\":true,\"valueName\":\"search_term_string\"}}],\"inLanguage\":\"sv-SE\"}]}<\/script>\n<!-- \/ Yoast SEO plugin. -->","yoast_head_json":{"title":"Ingen platsangivelse eller ingen aktiv Spotter? - Spotter Sweden","robots":{"index":"noindex","follow":"nofollow"},"og_locale":"sv_SE","og_type":"article","og_title":"Ingen platsangivelse eller ingen aktiv Spotter? - Spotter Sweden","og_description":"Om din Spotter inte ger n\u00e5gon platsangivelse trots att den [&hellip;]","og_url":"https:\/\/www.spottergps.com\/se\/stod\/ingen-platsangivelse-eller-ingen-aktiv-spotter\/","og_site_name":"Spotter Sweden","article_modified_time":"2025-12-10T07:43:50+00:00","twitter_card":"summary_large_image","twitter_misc":{"Ber\u00e4knad l\u00e4stid":"1 minut"},"schema":{"@context":"https:\/\/schema.org","@graph":[{"@type":"WebPage","@id":"https:\/\/www.spottergps.com\/se\/stod\/ingen-platsangivelse-eller-ingen-aktiv-spotter\/","url":"https:\/\/www.spottergps.com\/se\/stod\/ingen-platsangivelse-eller-ingen-aktiv-spotter\/","name":"Ingen platsangivelse eller ingen aktiv Spotter? - Spotter Sweden","isPartOf":{"@id":"https:\/\/www.spottergps.com\/se\/#website"},"datePublished":"2021-11-19T12:09:29+00:00","dateModified":"2025-12-10T07:43:50+00:00","breadcrumb":{"@id":"https:\/\/www.spottergps.com\/se\/stod\/ingen-platsangivelse-eller-ingen-aktiv-spotter\/#breadcrumb"},"inLanguage":"sv-SE","potentialAction":[{"@type":"ReadAction","target":["https:\/\/www.spottergps.com\/se\/stod\/ingen-platsangivelse-eller-ingen-aktiv-spotter\/"]}]},{"@type":"BreadcrumbList","@id":"https:\/\/www.spottergps.com\/se\/stod\/ingen-platsangivelse-eller-ingen-aktiv-spotter\/#breadcrumb","itemListElement":[{"@type":"ListItem","position":1,"name":"Home","item":"https:\/\/www.spottergps.com\/se\/"},{"@type":"ListItem","position":2,"name":"Hur kan vi hj\u00e4lpa dig?","item":"https:\/\/www.spottergps.com\/se\/stod\/"},{"@type":"ListItem","position":3,"name":"Ingen platsangivelse eller ingen aktiv Spotter?"}]},{"@type":"WebSite","@id":"https:\/\/www.spottergps.com\/se\/#website","url":"https:\/\/www.spottergps.com\/se\/","name":"Spotter Sweden","description":"Spotter GPS Sweden","potentialAction":[{"@type":"SearchAction","target":{"@type":"EntryPoint","urlTemplate":"https:\/\/www.spottergps.com\/se\/?s={search_term_string}"},"query-input":{"@type":"PropertyValueSpecification","valueRequired":true,"valueName":"search_term_string"}}],"inLanguage":"sv-SE"}]}},"_links":{"self":[{"href":"https:\/\/www.spottergps.com\/se\/wp-json\/wp\/v2\/pages\/15188","targetHints":{"allow":["GET"]}}],"collection":[{"href":"https:\/\/www.spottergps.com\/se\/wp-json\/wp\/v2\/pages"}],"about":[{"href":"https:\/\/www.spottergps.com\/se\/wp-json\/wp\/v2\/types\/page"}],"author":[{"embeddable":true,"href":"https:\/\/www.spottergps.com\/se\/wp-json\/wp\/v2\/users\/8"}],"replies":[{"embeddable":true,"href":"https:\/\/www.spottergps.com\/se\/wp-json\/wp\/v2\/comments?post=15188"}],"version-history":[{"count":4,"href":"https:\/\/www.spottergps.com\/se\/wp-json\/wp\/v2\/pages\/15188\/revisions"}],"predecessor-version":[{"id":15405,"href":"https:\/\/www.spottergps.com\/se\/wp-json\/wp\/v2\/pages\/15188\/revisions\/15405"}],"up":[{"embeddable":true,"href":"https:\/\/www.spottergps.com\/se\/wp-json\/wp\/v2\/pages\/15053"}],"wp:attachment":[{"href":"https:\/\/www.spottergps.com\/se\/wp-json\/wp\/v2\/media?parent=15188"}],"wp:term":[{"taxonomy":"category","embeddable":true,"href":"https:\/\/www.spottergps.com\/se\/wp-json\/wp\/v2\/categories?post=15188"},{"taxonomy":"post_tag","embeddable":true,"href":"https:\/\/www.spottergps.com\/se\/wp-json\/wp\/v2\/tags?post=15188"}],"curies":[{"name":"wp","href":"https:\/\/api.w.org\/{rel}","templated":true}]}}