{"id":15184,"date":"2021-11-19T12:05:18","date_gmt":"2021-11-19T12:05:18","guid":{"rendered":"https:\/\/www.spottergps.com\/se\/?page_id=15184"},"modified":"2025-12-10T07:43:07","modified_gmt":"2025-12-10T07:43:07","slug":"hur-kan-jag-ta-bort-en-spotter","status":"publish","type":"page","link":"https:\/\/www.spottergps.com\/se\/stod\/hur-kan-jag-ta-bort-en-spotter\/","title":{"rendered":"Hur kan jag ta bort en Spotter?"},"content":{"rendered":"\n<p>Du kan radera Spotter genom att f\u00f6lja f\u00f6ljande steg. P\u00e5 grund av integritetssk\u00e4l (GDPR) kan vi inte g\u00f6ra det \u00e5t dig.&nbsp;<\/p>\n\n\n\n<ul class=\"wp-block-list\"><li><a href=\"https:\/\/my.spottergps.com\/\">Logga in h\u00e4r<\/a> p\u00e5 ditt online-konto. <\/li><li>G\u00e5 till \u201chome\u201d i menyn. <\/li><li>V\u00e4lj Spotter p\u00e5 kartan. <\/li><li>Klicka p\u00e5 Spotter och g\u00e5 till \u201dinst\u00e4llningar\u201d.\u00a0<\/li><li>Klicka p\u00e5 \u201cradera system fr\u00e5n konto\u201d. <\/li><li>Klicka sedan en g\u00e5ng till p\u00e5 \u201cradera\u201d om du \u00e4r s\u00e4ker p\u00e5 detta.<\/li><li>Spotter \u00e4r nu borttagen fr\u00e5n kontot. <br><\/li><\/ul>\n\n\n\n<p>Tags: radera, ta bort Spotter fr\u00e5n konto<\/p>\n","protected":false},"excerpt":{"rendered":"<p>Du kan radera Spotter genom att f\u00f6lja f\u00f6ljande steg. P\u00e5 [&hellip;]<\/p>\n","protected":false},"author":8,"featured_media":0,"parent":15053,"menu_order":0,"comment_status":"closed","ping_status":"closed","template":"faq-content.php","meta":{"_acf_changed":false,"footnotes":""},"categories":[],"tags":[],"class_list":["post-15184","page","type-page","status-publish","hentry"],"acf":[],"yoast_head":"<!-- This site is optimized with the Yoast SEO plugin v25.9 - https:\/\/yoast.com\/wordpress\/plugins\/seo\/ -->\n<title>Hur kan jag ta bort en Spotter? - Spotter Sweden<\/title>\n<meta name=\"robots\" content=\"noindex, nofollow\" \/>\n<meta property=\"og:locale\" content=\"sv_SE\" \/>\n<meta property=\"og:type\" content=\"article\" \/>\n<meta property=\"og:title\" content=\"Hur kan jag ta bort en Spotter? - Spotter Sweden\" \/>\n<meta property=\"og:description\" content=\"Du kan radera Spotter genom att f\u00f6lja f\u00f6ljande steg. P\u00e5 [&hellip;]\" \/>\n<meta property=\"og:url\" content=\"https:\/\/www.spottergps.com\/se\/stod\/hur-kan-jag-ta-bort-en-spotter\/\" \/>\n<meta property=\"og:site_name\" content=\"Spotter Sweden\" \/>\n<meta property=\"article:modified_time\" content=\"2025-12-10T07:43:07+00:00\" \/>\n<meta name=\"twitter:card\" content=\"summary_large_image\" \/>\n<meta name=\"twitter:label1\" content=\"Ber\u00e4knad l\u00e4stid\" \/>\n\t<meta name=\"twitter:data1\" content=\"1 minut\" \/>\n<script type=\"application\/ld+json\" class=\"yoast-schema-graph\">{\"@context\":\"https:\/\/schema.org\",\"@graph\":[{\"@type\":\"WebPage\",\"@id\":\"https:\/\/www.spottergps.com\/se\/stod\/hur-kan-jag-ta-bort-en-spotter\/\",\"url\":\"https:\/\/www.spottergps.com\/se\/stod\/hur-kan-jag-ta-bort-en-spotter\/\",\"name\":\"Hur kan jag ta bort en Spotter? - Spotter Sweden\",\"isPartOf\":{\"@id\":\"https:\/\/www.spottergps.com\/se\/#website\"},\"datePublished\":\"2021-11-19T12:05:18+00:00\",\"dateModified\":\"2025-12-10T07:43:07+00:00\",\"breadcrumb\":{\"@id\":\"https:\/\/www.spottergps.com\/se\/stod\/hur-kan-jag-ta-bort-en-spotter\/#breadcrumb\"},\"inLanguage\":\"sv-SE\",\"potentialAction\":[{\"@type\":\"ReadAction\",\"target\":[\"https:\/\/www.spottergps.com\/se\/stod\/hur-kan-jag-ta-bort-en-spotter\/\"]}]},{\"@type\":\"BreadcrumbList\",\"@id\":\"https:\/\/www.spottergps.com\/se\/stod\/hur-kan-jag-ta-bort-en-spotter\/#breadcrumb\",\"itemListElement\":[{\"@type\":\"ListItem\",\"position\":1,\"name\":\"Home\",\"item\":\"https:\/\/www.spottergps.com\/se\/\"},{\"@type\":\"ListItem\",\"position\":2,\"name\":\"Hur kan vi hj\u00e4lpa dig?\",\"item\":\"https:\/\/www.spottergps.com\/se\/stod\/\"},{\"@type\":\"ListItem\",\"position\":3,\"name\":\"Hur kan jag ta bort en Spotter?\"}]},{\"@type\":\"WebSite\",\"@id\":\"https:\/\/www.spottergps.com\/se\/#website\",\"url\":\"https:\/\/www.spottergps.com\/se\/\",\"name\":\"Spotter Sweden\",\"description\":\"Spotter GPS Sweden\",\"potentialAction\":[{\"@type\":\"SearchAction\",\"target\":{\"@type\":\"EntryPoint\",\"urlTemplate\":\"https:\/\/www.spottergps.com\/se\/?s={search_term_string}\"},\"query-input\":{\"@type\":\"PropertyValueSpecification\",\"valueRequired\":true,\"valueName\":\"search_term_string\"}}],\"inLanguage\":\"sv-SE\"}]}<\/script>\n<!-- \/ Yoast SEO plugin. -->","yoast_head_json":{"title":"Hur kan jag ta bort en Spotter? - Spotter Sweden","robots":{"index":"noindex","follow":"nofollow"},"og_locale":"sv_SE","og_type":"article","og_title":"Hur kan jag ta bort en Spotter? - Spotter Sweden","og_description":"Du kan radera Spotter genom att f\u00f6lja f\u00f6ljande steg. P\u00e5 [&hellip;]","og_url":"https:\/\/www.spottergps.com\/se\/stod\/hur-kan-jag-ta-bort-en-spotter\/","og_site_name":"Spotter Sweden","article_modified_time":"2025-12-10T07:43:07+00:00","twitter_card":"summary_large_image","twitter_misc":{"Ber\u00e4knad l\u00e4stid":"1 minut"},"schema":{"@context":"https:\/\/schema.org","@graph":[{"@type":"WebPage","@id":"https:\/\/www.spottergps.com\/se\/stod\/hur-kan-jag-ta-bort-en-spotter\/","url":"https:\/\/www.spottergps.com\/se\/stod\/hur-kan-jag-ta-bort-en-spotter\/","name":"Hur kan jag ta bort en Spotter? - Spotter Sweden","isPartOf":{"@id":"https:\/\/www.spottergps.com\/se\/#website"},"datePublished":"2021-11-19T12:05:18+00:00","dateModified":"2025-12-10T07:43:07+00:00","breadcrumb":{"@id":"https:\/\/www.spottergps.com\/se\/stod\/hur-kan-jag-ta-bort-en-spotter\/#breadcrumb"},"inLanguage":"sv-SE","potentialAction":[{"@type":"ReadAction","target":["https:\/\/www.spottergps.com\/se\/stod\/hur-kan-jag-ta-bort-en-spotter\/"]}]},{"@type":"BreadcrumbList","@id":"https:\/\/www.spottergps.com\/se\/stod\/hur-kan-jag-ta-bort-en-spotter\/#breadcrumb","itemListElement":[{"@type":"ListItem","position":1,"name":"Home","item":"https:\/\/www.spottergps.com\/se\/"},{"@type":"ListItem","position":2,"name":"Hur kan vi hj\u00e4lpa dig?","item":"https:\/\/www.spottergps.com\/se\/stod\/"},{"@type":"ListItem","position":3,"name":"Hur kan jag ta bort en Spotter?"}]},{"@type":"WebSite","@id":"https:\/\/www.spottergps.com\/se\/#website","url":"https:\/\/www.spottergps.com\/se\/","name":"Spotter Sweden","description":"Spotter GPS Sweden","potentialAction":[{"@type":"SearchAction","target":{"@type":"EntryPoint","urlTemplate":"https:\/\/www.spottergps.com\/se\/?s={search_term_string}"},"query-input":{"@type":"PropertyValueSpecification","valueRequired":true,"valueName":"search_term_string"}}],"inLanguage":"sv-SE"}]}},"_links":{"self":[{"href":"https:\/\/www.spottergps.com\/se\/wp-json\/wp\/v2\/pages\/15184","targetHints":{"allow":["GET"]}}],"collection":[{"href":"https:\/\/www.spottergps.com\/se\/wp-json\/wp\/v2\/pages"}],"about":[{"href":"https:\/\/www.spottergps.com\/se\/wp-json\/wp\/v2\/types\/page"}],"author":[{"embeddable":true,"href":"https:\/\/www.spottergps.com\/se\/wp-json\/wp\/v2\/users\/8"}],"replies":[{"embeddable":true,"href":"https:\/\/www.spottergps.com\/se\/wp-json\/wp\/v2\/comments?post=15184"}],"version-history":[{"count":2,"href":"https:\/\/www.spottergps.com\/se\/wp-json\/wp\/v2\/pages\/15184\/revisions"}],"predecessor-version":[{"id":15292,"href":"https:\/\/www.spottergps.com\/se\/wp-json\/wp\/v2\/pages\/15184\/revisions\/15292"}],"up":[{"embeddable":true,"href":"https:\/\/www.spottergps.com\/se\/wp-json\/wp\/v2\/pages\/15053"}],"wp:attachment":[{"href":"https:\/\/www.spottergps.com\/se\/wp-json\/wp\/v2\/media?parent=15184"}],"wp:term":[{"taxonomy":"category","embeddable":true,"href":"https:\/\/www.spottergps.com\/se\/wp-json\/wp\/v2\/categories?post=15184"},{"taxonomy":"post_tag","embeddable":true,"href":"https:\/\/www.spottergps.com\/se\/wp-json\/wp\/v2\/tags?post=15184"}],"curies":[{"name":"wp","href":"https:\/\/api.w.org\/{rel}","templated":true}]}}