{"id":15181,"date":"2021-11-19T12:02:02","date_gmt":"2021-11-19T12:02:02","guid":{"rendered":"https:\/\/www.spottergps.com\/se\/?page_id=15181"},"modified":"2025-12-10T07:39:30","modified_gmt":"2025-12-10T07:39:30","slug":"ar-spotter-forsedd-med-ett-sim-kort","status":"publish","type":"page","link":"https:\/\/www.spottergps.com\/se\/stod\/ar-spotter-forsedd-med-ett-sim-kort\/","title":{"rendered":"\u00c4r Spotter f\u00f6rsedd med ett SIM-kort?"},"content":{"rendered":"\n<p>Produkterna \u00e4r f\u00f6rsedda med ett inbyggt roaming SIM-kort, som ser till att Spotter fungerar i hela Europa p\u00e5 alla tillg\u00e4ngliga mobila n\u00e4tverk utan extra kostnader. \u00c4ven inom Sverige fungerar produkterna p\u00e5 alla tillg\u00e4ngliga mobila n\u00e4tverk. <br><br>Anledningen \u00e4r att vi inte vill vara beroende av n\u00e4tverkst\u00e4ckningen fr\u00e5n en enskild mobiloperat\u00f6r i ett land (eller region) utan produkterna v\u00e4ljer alltid det b\u00e4sta tillg\u00e4ngliga mobila n\u00e4tverket oavsett mobiloperat\u00f6ren. Det betyder att n\u00e4r du ringer till Spotter GPS Watch eller Spotter GPS Tracker s\u00e5 \u00e4r det till ett europeiskt mobilnummer och de vanliga samtalskostnaderna fr\u00e5n din telefonoperat\u00f6r g\u00e4ller.<\/p>\n","protected":false},"excerpt":{"rendered":"<p>Produkterna \u00e4r f\u00f6rsedda med ett inbyggt roaming SIM-kort, som ser [&hellip;]<\/p>\n","protected":false},"author":8,"featured_media":0,"parent":15053,"menu_order":0,"comment_status":"closed","ping_status":"closed","template":"faq-content.php","meta":{"_acf_changed":false,"footnotes":""},"categories":[],"tags":[],"class_list":["post-15181","page","type-page","status-publish","hentry"],"acf":[],"yoast_head":"<!-- This site is optimized with the Yoast SEO plugin v25.9 - https:\/\/yoast.com\/wordpress\/plugins\/seo\/ -->\n<title>\u00c4r Spotter f\u00f6rsedd med ett SIM-kort? - Spotter Sweden<\/title>\n<meta name=\"robots\" content=\"noindex, nofollow\" \/>\n<meta property=\"og:locale\" content=\"sv_SE\" \/>\n<meta property=\"og:type\" content=\"article\" \/>\n<meta property=\"og:title\" content=\"\u00c4r Spotter f\u00f6rsedd med ett SIM-kort? - Spotter Sweden\" \/>\n<meta property=\"og:description\" content=\"Produkterna \u00e4r f\u00f6rsedda med ett inbyggt roaming SIM-kort, som ser [&hellip;]\" \/>\n<meta property=\"og:url\" content=\"https:\/\/www.spottergps.com\/se\/stod\/ar-spotter-forsedd-med-ett-sim-kort\/\" \/>\n<meta property=\"og:site_name\" content=\"Spotter Sweden\" \/>\n<meta property=\"article:modified_time\" content=\"2025-12-10T07:39:30+00:00\" \/>\n<meta name=\"twitter:card\" content=\"summary_large_image\" \/>\n<meta name=\"twitter:label1\" content=\"Ber\u00e4knad l\u00e4stid\" \/>\n\t<meta name=\"twitter:data1\" content=\"1 minut\" \/>\n<script type=\"application\/ld+json\" class=\"yoast-schema-graph\">{\"@context\":\"https:\/\/schema.org\",\"@graph\":[{\"@type\":\"WebPage\",\"@id\":\"https:\/\/www.spottergps.com\/se\/stod\/ar-spotter-forsedd-med-ett-sim-kort\/\",\"url\":\"https:\/\/www.spottergps.com\/se\/stod\/ar-spotter-forsedd-med-ett-sim-kort\/\",\"name\":\"\u00c4r Spotter f\u00f6rsedd med ett SIM-kort? - Spotter Sweden\",\"isPartOf\":{\"@id\":\"https:\/\/www.spottergps.com\/se\/#website\"},\"datePublished\":\"2021-11-19T12:02:02+00:00\",\"dateModified\":\"2025-12-10T07:39:30+00:00\",\"breadcrumb\":{\"@id\":\"https:\/\/www.spottergps.com\/se\/stod\/ar-spotter-forsedd-med-ett-sim-kort\/#breadcrumb\"},\"inLanguage\":\"sv-SE\",\"potentialAction\":[{\"@type\":\"ReadAction\",\"target\":[\"https:\/\/www.spottergps.com\/se\/stod\/ar-spotter-forsedd-med-ett-sim-kort\/\"]}]},{\"@type\":\"BreadcrumbList\",\"@id\":\"https:\/\/www.spottergps.com\/se\/stod\/ar-spotter-forsedd-med-ett-sim-kort\/#breadcrumb\",\"itemListElement\":[{\"@type\":\"ListItem\",\"position\":1,\"name\":\"Home\",\"item\":\"https:\/\/www.spottergps.com\/se\/\"},{\"@type\":\"ListItem\",\"position\":2,\"name\":\"Hur kan vi hj\u00e4lpa dig?\",\"item\":\"https:\/\/www.spottergps.com\/se\/stod\/\"},{\"@type\":\"ListItem\",\"position\":3,\"name\":\"\u00c4r Spotter f\u00f6rsedd med ett SIM-kort?\"}]},{\"@type\":\"WebSite\",\"@id\":\"https:\/\/www.spottergps.com\/se\/#website\",\"url\":\"https:\/\/www.spottergps.com\/se\/\",\"name\":\"Spotter Sweden\",\"description\":\"Spotter GPS Sweden\",\"potentialAction\":[{\"@type\":\"SearchAction\",\"target\":{\"@type\":\"EntryPoint\",\"urlTemplate\":\"https:\/\/www.spottergps.com\/se\/?s={search_term_string}\"},\"query-input\":{\"@type\":\"PropertyValueSpecification\",\"valueRequired\":true,\"valueName\":\"search_term_string\"}}],\"inLanguage\":\"sv-SE\"}]}<\/script>\n<!-- \/ Yoast SEO plugin. -->","yoast_head_json":{"title":"\u00c4r Spotter f\u00f6rsedd med ett SIM-kort? - Spotter Sweden","robots":{"index":"noindex","follow":"nofollow"},"og_locale":"sv_SE","og_type":"article","og_title":"\u00c4r Spotter f\u00f6rsedd med ett SIM-kort? - Spotter Sweden","og_description":"Produkterna \u00e4r f\u00f6rsedda med ett inbyggt roaming SIM-kort, som ser [&hellip;]","og_url":"https:\/\/www.spottergps.com\/se\/stod\/ar-spotter-forsedd-med-ett-sim-kort\/","og_site_name":"Spotter Sweden","article_modified_time":"2025-12-10T07:39:30+00:00","twitter_card":"summary_large_image","twitter_misc":{"Ber\u00e4knad l\u00e4stid":"1 minut"},"schema":{"@context":"https:\/\/schema.org","@graph":[{"@type":"WebPage","@id":"https:\/\/www.spottergps.com\/se\/stod\/ar-spotter-forsedd-med-ett-sim-kort\/","url":"https:\/\/www.spottergps.com\/se\/stod\/ar-spotter-forsedd-med-ett-sim-kort\/","name":"\u00c4r Spotter f\u00f6rsedd med ett SIM-kort? - Spotter Sweden","isPartOf":{"@id":"https:\/\/www.spottergps.com\/se\/#website"},"datePublished":"2021-11-19T12:02:02+00:00","dateModified":"2025-12-10T07:39:30+00:00","breadcrumb":{"@id":"https:\/\/www.spottergps.com\/se\/stod\/ar-spotter-forsedd-med-ett-sim-kort\/#breadcrumb"},"inLanguage":"sv-SE","potentialAction":[{"@type":"ReadAction","target":["https:\/\/www.spottergps.com\/se\/stod\/ar-spotter-forsedd-med-ett-sim-kort\/"]}]},{"@type":"BreadcrumbList","@id":"https:\/\/www.spottergps.com\/se\/stod\/ar-spotter-forsedd-med-ett-sim-kort\/#breadcrumb","itemListElement":[{"@type":"ListItem","position":1,"name":"Home","item":"https:\/\/www.spottergps.com\/se\/"},{"@type":"ListItem","position":2,"name":"Hur kan vi hj\u00e4lpa dig?","item":"https:\/\/www.spottergps.com\/se\/stod\/"},{"@type":"ListItem","position":3,"name":"\u00c4r Spotter f\u00f6rsedd med ett SIM-kort?"}]},{"@type":"WebSite","@id":"https:\/\/www.spottergps.com\/se\/#website","url":"https:\/\/www.spottergps.com\/se\/","name":"Spotter Sweden","description":"Spotter GPS Sweden","potentialAction":[{"@type":"SearchAction","target":{"@type":"EntryPoint","urlTemplate":"https:\/\/www.spottergps.com\/se\/?s={search_term_string}"},"query-input":{"@type":"PropertyValueSpecification","valueRequired":true,"valueName":"search_term_string"}}],"inLanguage":"sv-SE"}]}},"_links":{"self":[{"href":"https:\/\/www.spottergps.com\/se\/wp-json\/wp\/v2\/pages\/15181","targetHints":{"allow":["GET"]}}],"collection":[{"href":"https:\/\/www.spottergps.com\/se\/wp-json\/wp\/v2\/pages"}],"about":[{"href":"https:\/\/www.spottergps.com\/se\/wp-json\/wp\/v2\/types\/page"}],"author":[{"embeddable":true,"href":"https:\/\/www.spottergps.com\/se\/wp-json\/wp\/v2\/users\/8"}],"replies":[{"embeddable":true,"href":"https:\/\/www.spottergps.com\/se\/wp-json\/wp\/v2\/comments?post=15181"}],"version-history":[{"count":1,"href":"https:\/\/www.spottergps.com\/se\/wp-json\/wp\/v2\/pages\/15181\/revisions"}],"predecessor-version":[{"id":15182,"href":"https:\/\/www.spottergps.com\/se\/wp-json\/wp\/v2\/pages\/15181\/revisions\/15182"}],"up":[{"embeddable":true,"href":"https:\/\/www.spottergps.com\/se\/wp-json\/wp\/v2\/pages\/15053"}],"wp:attachment":[{"href":"https:\/\/www.spottergps.com\/se\/wp-json\/wp\/v2\/media?parent=15181"}],"wp:term":[{"taxonomy":"category","embeddable":true,"href":"https:\/\/www.spottergps.com\/se\/wp-json\/wp\/v2\/categories?post=15181"},{"taxonomy":"post_tag","embeddable":true,"href":"https:\/\/www.spottergps.com\/se\/wp-json\/wp\/v2\/tags?post=15181"}],"curies":[{"name":"wp","href":"https:\/\/api.w.org\/{rel}","templated":true}]}}