{"id":15175,"date":"2021-11-19T11:28:46","date_gmt":"2021-11-19T11:28:46","guid":{"rendered":"https:\/\/www.spottergps.com\/se\/?page_id=15175"},"modified":"2025-10-14T10:05:46","modified_gmt":"2025-10-14T10:05:46","slug":"ar-spotter-vattentat","status":"publish","type":"page","link":"https:\/\/www.spottergps.com\/se\/stod\/ar-spotter-vattentat\/","title":{"rendered":"\u00c4r Spotter vattent\u00e4t?"},"content":{"rendered":"\n<p>Spotter GPS Tracker och Spotter GPS Watch \u00e4r Vattent\u00e5liga och dammt\u00e4ta (IP66) och st\u00e4nks\u00e4ker. Se d\u00e4rf\u00f6r till att Spotter inte kommer i kontakt med f\u00f6r mycket vatten (l\u00e5ngvarigt under vatten).<br><\/p>\n\n\n\n<p><a href=\"https:\/\/shop.spottergps.com\/se\/\/spotter-gps-watch-explorer-4g-green.html\"><strong>Spotter GPS Watch Explorer<\/strong><br><\/a>Spotter GPS Watch Explorer \u00e4r vattent\u00e4t (IPX7). Det betyder att Pet Spotter t\u00e5l tillf\u00e4llig exponering f\u00f6r vatten till 1 meters djup under maximalt 30 minuter.<br><br><a href=\"https:\/\/shop.spottergps.com\/se\/\/spotter-senior-gps-watch-4g.html\"><strong>Spotter Senior GPS Watch<\/strong><br><\/a>Spotter Senior GPS Watch \u00e4r vattent\u00e4t (IPX7). Det betyder att Pet Spotter t\u00e5l tillf\u00e4llig exponering f\u00f6r vatten till 1 meters djup under maximalt 30 minuter.<br><br><strong><a href=\"https:\/\/shop.spottergps.com\/se\/animal-spotter.html\">Animal Spotter<\/a><\/strong><br>Animal Spotter \u00e4r vattent\u00e4t (IP67). Detta inneb\u00e4r att denna GPS-tracker \u00e4r helt dammt\u00e4t och kan s\u00e4nkas ner upp till 1 meter djup. Vi rekommenderar att inte simma eller duscha med Animal Spotter.<\/p>\n\n\n\n<p><strong><a href=\"https:\/\/shop.spottergps.com\/se\/gps-tracker\/spotter-x10.html\">Spotter X10 GPS Tracker<\/a><\/strong><br>Spotter X10 GPS Tracker \u00e4r vattent\u00e4t (IP67). Detta inneb\u00e4r att denna GPS-tracker \u00e4r helt dammt\u00e4t och kan s\u00e4nkas ner upp till 1 meter djup. Vi rekommenderar att inte simma eller duscha med Animal Spotter.<br><br><\/p>\n\n\n\n<p><\/p>\n","protected":false},"excerpt":{"rendered":"<p>Spotter GPS Tracker och Spotter GPS Watch \u00e4r Vattent\u00e5liga och [&hellip;]<\/p>\n","protected":false},"author":8,"featured_media":0,"parent":15053,"menu_order":0,"comment_status":"closed","ping_status":"closed","template":"faq-content.php","meta":{"_acf_changed":false,"footnotes":""},"categories":[],"tags":[],"class_list":["post-15175","page","type-page","status-publish","hentry"],"acf":[],"yoast_head":"<!-- This site is optimized with the Yoast SEO plugin v25.9 - https:\/\/yoast.com\/wordpress\/plugins\/seo\/ -->\n<title>\u00c4r Spotter vattent\u00e4t? - Spotter Sweden<\/title>\n<meta name=\"robots\" content=\"index, follow, max-snippet:-1, max-image-preview:large, max-video-preview:-1\" \/>\n<link rel=\"canonical\" href=\"https:\/\/www.spottergps.com\/se\/stod\/ar-spotter-vattentat\/\" \/>\n<meta property=\"og:locale\" content=\"sv_SE\" \/>\n<meta property=\"og:type\" content=\"article\" \/>\n<meta property=\"og:title\" content=\"\u00c4r Spotter vattent\u00e4t? - Spotter Sweden\" \/>\n<meta property=\"og:description\" content=\"Spotter GPS Tracker och Spotter GPS Watch \u00e4r Vattent\u00e5liga och [&hellip;]\" \/>\n<meta property=\"og:url\" content=\"https:\/\/www.spottergps.com\/se\/stod\/ar-spotter-vattentat\/\" \/>\n<meta property=\"og:site_name\" content=\"Spotter Sweden\" \/>\n<meta property=\"article:modified_time\" content=\"2025-10-14T10:05:46+00:00\" \/>\n<meta name=\"twitter:card\" content=\"summary_large_image\" \/>\n<meta name=\"twitter:label1\" content=\"Ber\u00e4knad l\u00e4stid\" \/>\n\t<meta name=\"twitter:data1\" content=\"1 minut\" \/>\n<script type=\"application\/ld+json\" class=\"yoast-schema-graph\">{\"@context\":\"https:\/\/schema.org\",\"@graph\":[{\"@type\":\"WebPage\",\"@id\":\"https:\/\/www.spottergps.com\/se\/stod\/ar-spotter-vattentat\/\",\"url\":\"https:\/\/www.spottergps.com\/se\/stod\/ar-spotter-vattentat\/\",\"name\":\"\u00c4r Spotter vattent\u00e4t? - Spotter Sweden\",\"isPartOf\":{\"@id\":\"https:\/\/www.spottergps.com\/se\/#website\"},\"datePublished\":\"2021-11-19T11:28:46+00:00\",\"dateModified\":\"2025-10-14T10:05:46+00:00\",\"breadcrumb\":{\"@id\":\"https:\/\/www.spottergps.com\/se\/stod\/ar-spotter-vattentat\/#breadcrumb\"},\"inLanguage\":\"sv-SE\",\"potentialAction\":[{\"@type\":\"ReadAction\",\"target\":[\"https:\/\/www.spottergps.com\/se\/stod\/ar-spotter-vattentat\/\"]}]},{\"@type\":\"BreadcrumbList\",\"@id\":\"https:\/\/www.spottergps.com\/se\/stod\/ar-spotter-vattentat\/#breadcrumb\",\"itemListElement\":[{\"@type\":\"ListItem\",\"position\":1,\"name\":\"Home\",\"item\":\"https:\/\/www.spottergps.com\/se\/\"},{\"@type\":\"ListItem\",\"position\":2,\"name\":\"Hur kan vi hj\u00e4lpa dig?\",\"item\":\"https:\/\/www.spottergps.com\/se\/stod\/\"},{\"@type\":\"ListItem\",\"position\":3,\"name\":\"\u00c4r Spotter vattent\u00e4t?\"}]},{\"@type\":\"WebSite\",\"@id\":\"https:\/\/www.spottergps.com\/se\/#website\",\"url\":\"https:\/\/www.spottergps.com\/se\/\",\"name\":\"Spotter Sweden\",\"description\":\"Spotter GPS Sweden\",\"potentialAction\":[{\"@type\":\"SearchAction\",\"target\":{\"@type\":\"EntryPoint\",\"urlTemplate\":\"https:\/\/www.spottergps.com\/se\/?s={search_term_string}\"},\"query-input\":{\"@type\":\"PropertyValueSpecification\",\"valueRequired\":true,\"valueName\":\"search_term_string\"}}],\"inLanguage\":\"sv-SE\"}]}<\/script>\n<!-- \/ Yoast SEO plugin. -->","yoast_head_json":{"title":"\u00c4r Spotter vattent\u00e4t? - Spotter Sweden","robots":{"index":"index","follow":"follow","max-snippet":"max-snippet:-1","max-image-preview":"max-image-preview:large","max-video-preview":"max-video-preview:-1"},"canonical":"https:\/\/www.spottergps.com\/se\/stod\/ar-spotter-vattentat\/","og_locale":"sv_SE","og_type":"article","og_title":"\u00c4r Spotter vattent\u00e4t? - Spotter Sweden","og_description":"Spotter GPS Tracker och Spotter GPS Watch \u00e4r Vattent\u00e5liga och [&hellip;]","og_url":"https:\/\/www.spottergps.com\/se\/stod\/ar-spotter-vattentat\/","og_site_name":"Spotter Sweden","article_modified_time":"2025-10-14T10:05:46+00:00","twitter_card":"summary_large_image","twitter_misc":{"Ber\u00e4knad l\u00e4stid":"1 minut"},"schema":{"@context":"https:\/\/schema.org","@graph":[{"@type":"WebPage","@id":"https:\/\/www.spottergps.com\/se\/stod\/ar-spotter-vattentat\/","url":"https:\/\/www.spottergps.com\/se\/stod\/ar-spotter-vattentat\/","name":"\u00c4r Spotter vattent\u00e4t? - Spotter Sweden","isPartOf":{"@id":"https:\/\/www.spottergps.com\/se\/#website"},"datePublished":"2021-11-19T11:28:46+00:00","dateModified":"2025-10-14T10:05:46+00:00","breadcrumb":{"@id":"https:\/\/www.spottergps.com\/se\/stod\/ar-spotter-vattentat\/#breadcrumb"},"inLanguage":"sv-SE","potentialAction":[{"@type":"ReadAction","target":["https:\/\/www.spottergps.com\/se\/stod\/ar-spotter-vattentat\/"]}]},{"@type":"BreadcrumbList","@id":"https:\/\/www.spottergps.com\/se\/stod\/ar-spotter-vattentat\/#breadcrumb","itemListElement":[{"@type":"ListItem","position":1,"name":"Home","item":"https:\/\/www.spottergps.com\/se\/"},{"@type":"ListItem","position":2,"name":"Hur kan vi hj\u00e4lpa dig?","item":"https:\/\/www.spottergps.com\/se\/stod\/"},{"@type":"ListItem","position":3,"name":"\u00c4r Spotter vattent\u00e4t?"}]},{"@type":"WebSite","@id":"https:\/\/www.spottergps.com\/se\/#website","url":"https:\/\/www.spottergps.com\/se\/","name":"Spotter Sweden","description":"Spotter GPS Sweden","potentialAction":[{"@type":"SearchAction","target":{"@type":"EntryPoint","urlTemplate":"https:\/\/www.spottergps.com\/se\/?s={search_term_string}"},"query-input":{"@type":"PropertyValueSpecification","valueRequired":true,"valueName":"search_term_string"}}],"inLanguage":"sv-SE"}]}},"_links":{"self":[{"href":"https:\/\/www.spottergps.com\/se\/wp-json\/wp\/v2\/pages\/15175","targetHints":{"allow":["GET"]}}],"collection":[{"href":"https:\/\/www.spottergps.com\/se\/wp-json\/wp\/v2\/pages"}],"about":[{"href":"https:\/\/www.spottergps.com\/se\/wp-json\/wp\/v2\/types\/page"}],"author":[{"embeddable":true,"href":"https:\/\/www.spottergps.com\/se\/wp-json\/wp\/v2\/users\/8"}],"replies":[{"embeddable":true,"href":"https:\/\/www.spottergps.com\/se\/wp-json\/wp\/v2\/comments?post=15175"}],"version-history":[{"count":5,"href":"https:\/\/www.spottergps.com\/se\/wp-json\/wp\/v2\/pages\/15175\/revisions"}],"predecessor-version":[{"id":15552,"href":"https:\/\/www.spottergps.com\/se\/wp-json\/wp\/v2\/pages\/15175\/revisions\/15552"}],"up":[{"embeddable":true,"href":"https:\/\/www.spottergps.com\/se\/wp-json\/wp\/v2\/pages\/15053"}],"wp:attachment":[{"href":"https:\/\/www.spottergps.com\/se\/wp-json\/wp\/v2\/media?parent=15175"}],"wp:term":[{"taxonomy":"category","embeddable":true,"href":"https:\/\/www.spottergps.com\/se\/wp-json\/wp\/v2\/categories?post=15175"},{"taxonomy":"post_tag","embeddable":true,"href":"https:\/\/www.spottergps.com\/se\/wp-json\/wp\/v2\/tags?post=15175"}],"curies":[{"name":"wp","href":"https:\/\/api.w.org\/{rel}","templated":true}]}}