{"id":15172,"date":"2021-11-19T10:51:55","date_gmt":"2021-11-19T10:51:55","guid":{"rendered":"https:\/\/www.spottergps.com\/se\/?page_id=15172"},"modified":"2025-12-10T07:40:47","modified_gmt":"2025-12-10T07:40:47","slug":"hur-fungerar-spotters-produkter","status":"publish","type":"page","link":"https:\/\/www.spottergps.com\/se\/stod\/hur-fungerar-spotters-produkter\/","title":{"rendered":"Hur fungerar Spotters produkter?"},"content":{"rendered":"\n<p>Genom anv\u00e4ndning av Global Postitioning System (GPS) avg\u00f6r produkten den aktuella platsen. H\u00e4r anv\u00e4nds den h\u00f6gsta GPS-klassen vilket g\u00f6r att platsangivelserna \u00e4r mycket exakta. Sedan skickas platserna i produkten via det krypterade interna SIM-kortet genom en skyddad VPN-anslutning till ditt online-konto d\u00e4r du ser all data. F\u00f6r att kunna se datan beh\u00f6ver du en internetuppkoppling.<br><\/p>\n\n\n\n<figure class=\"wp-block-image size-large\"><img loading=\"lazy\" decoding=\"async\" width=\"1024\" height=\"520\" src=\"http:\/\/www.spottergps.com\/se\/wp-content\/uploads\/sites\/5\/2021\/10\/S\u00e5-fungerar-Spotter-GPS-trackern.jpg\" alt=\"S\u00e5-fungerar-Spotter-GPS-trackern\" class=\"wp-image-14892\" srcset=\"https:\/\/www.spottergps.com\/se\/wp-content\/uploads\/sites\/5\/2021\/10\/S\u00e5-fungerar-Spotter-GPS-trackern.jpg 1024w, https:\/\/www.spottergps.com\/se\/wp-content\/uploads\/sites\/5\/2021\/10\/S\u00e5-fungerar-Spotter-GPS-trackern-300x152.jpg 300w, https:\/\/www.spottergps.com\/se\/wp-content\/uploads\/sites\/5\/2021\/10\/S\u00e5-fungerar-Spotter-GPS-trackern-768x390.jpg 768w, https:\/\/www.spottergps.com\/se\/wp-content\/uploads\/sites\/5\/2021\/10\/S\u00e5-fungerar-Spotter-GPS-trackern-245x124.jpg 245w\" sizes=\"auto, (max-width: 1024px) 100vw, 1024px\" \/><\/figure>\n\n\n\n<p> Tags: funktion, funktionering <\/p>\n","protected":false},"excerpt":{"rendered":"<p>Genom anv\u00e4ndning av Global Postitioning System (GPS) avg\u00f6r produkten den [&hellip;]<\/p>\n","protected":false},"author":8,"featured_media":0,"parent":15053,"menu_order":0,"comment_status":"closed","ping_status":"closed","template":"faq-content.php","meta":{"_acf_changed":false,"footnotes":""},"categories":[],"tags":[],"class_list":["post-15172","page","type-page","status-publish","hentry"],"acf":[],"yoast_head":"<!-- This site is optimized with the Yoast SEO plugin v25.9 - https:\/\/yoast.com\/wordpress\/plugins\/seo\/ -->\n<title>Hur fungerar Spotters produkter? - Spotter Sweden<\/title>\n<meta name=\"robots\" content=\"noindex, nofollow\" \/>\n<meta property=\"og:locale\" content=\"sv_SE\" \/>\n<meta property=\"og:type\" content=\"article\" \/>\n<meta property=\"og:title\" content=\"Hur fungerar Spotters produkter? - Spotter Sweden\" \/>\n<meta property=\"og:description\" content=\"Genom anv\u00e4ndning av Global Postitioning System (GPS) avg\u00f6r produkten den [&hellip;]\" \/>\n<meta property=\"og:url\" content=\"https:\/\/www.spottergps.com\/se\/stod\/hur-fungerar-spotters-produkter\/\" \/>\n<meta property=\"og:site_name\" content=\"Spotter Sweden\" \/>\n<meta property=\"article:modified_time\" content=\"2025-12-10T07:40:47+00:00\" \/>\n<meta name=\"twitter:card\" content=\"summary_large_image\" \/>\n<meta name=\"twitter:label1\" content=\"Ber\u00e4knad l\u00e4stid\" \/>\n\t<meta name=\"twitter:data1\" content=\"1 minut\" \/>\n<script type=\"application\/ld+json\" class=\"yoast-schema-graph\">{\"@context\":\"https:\/\/schema.org\",\"@graph\":[{\"@type\":\"WebPage\",\"@id\":\"https:\/\/www.spottergps.com\/se\/stod\/hur-fungerar-spotters-produkter\/\",\"url\":\"https:\/\/www.spottergps.com\/se\/stod\/hur-fungerar-spotters-produkter\/\",\"name\":\"Hur fungerar Spotters produkter? - Spotter Sweden\",\"isPartOf\":{\"@id\":\"https:\/\/www.spottergps.com\/se\/#website\"},\"datePublished\":\"2021-11-19T10:51:55+00:00\",\"dateModified\":\"2025-12-10T07:40:47+00:00\",\"breadcrumb\":{\"@id\":\"https:\/\/www.spottergps.com\/se\/stod\/hur-fungerar-spotters-produkter\/#breadcrumb\"},\"inLanguage\":\"sv-SE\",\"potentialAction\":[{\"@type\":\"ReadAction\",\"target\":[\"https:\/\/www.spottergps.com\/se\/stod\/hur-fungerar-spotters-produkter\/\"]}]},{\"@type\":\"BreadcrumbList\",\"@id\":\"https:\/\/www.spottergps.com\/se\/stod\/hur-fungerar-spotters-produkter\/#breadcrumb\",\"itemListElement\":[{\"@type\":\"ListItem\",\"position\":1,\"name\":\"Home\",\"item\":\"https:\/\/www.spottergps.com\/se\/\"},{\"@type\":\"ListItem\",\"position\":2,\"name\":\"Hur kan vi hj\u00e4lpa dig?\",\"item\":\"https:\/\/www.spottergps.com\/se\/stod\/\"},{\"@type\":\"ListItem\",\"position\":3,\"name\":\"Hur fungerar Spotters produkter?\"}]},{\"@type\":\"WebSite\",\"@id\":\"https:\/\/www.spottergps.com\/se\/#website\",\"url\":\"https:\/\/www.spottergps.com\/se\/\",\"name\":\"Spotter Sweden\",\"description\":\"Spotter GPS Sweden\",\"potentialAction\":[{\"@type\":\"SearchAction\",\"target\":{\"@type\":\"EntryPoint\",\"urlTemplate\":\"https:\/\/www.spottergps.com\/se\/?s={search_term_string}\"},\"query-input\":{\"@type\":\"PropertyValueSpecification\",\"valueRequired\":true,\"valueName\":\"search_term_string\"}}],\"inLanguage\":\"sv-SE\"}]}<\/script>\n<!-- \/ Yoast SEO plugin. -->","yoast_head_json":{"title":"Hur fungerar Spotters produkter? - Spotter Sweden","robots":{"index":"noindex","follow":"nofollow"},"og_locale":"sv_SE","og_type":"article","og_title":"Hur fungerar Spotters produkter? - Spotter Sweden","og_description":"Genom anv\u00e4ndning av Global Postitioning System (GPS) avg\u00f6r produkten den [&hellip;]","og_url":"https:\/\/www.spottergps.com\/se\/stod\/hur-fungerar-spotters-produkter\/","og_site_name":"Spotter Sweden","article_modified_time":"2025-12-10T07:40:47+00:00","twitter_card":"summary_large_image","twitter_misc":{"Ber\u00e4knad l\u00e4stid":"1 minut"},"schema":{"@context":"https:\/\/schema.org","@graph":[{"@type":"WebPage","@id":"https:\/\/www.spottergps.com\/se\/stod\/hur-fungerar-spotters-produkter\/","url":"https:\/\/www.spottergps.com\/se\/stod\/hur-fungerar-spotters-produkter\/","name":"Hur fungerar Spotters produkter? - Spotter Sweden","isPartOf":{"@id":"https:\/\/www.spottergps.com\/se\/#website"},"datePublished":"2021-11-19T10:51:55+00:00","dateModified":"2025-12-10T07:40:47+00:00","breadcrumb":{"@id":"https:\/\/www.spottergps.com\/se\/stod\/hur-fungerar-spotters-produkter\/#breadcrumb"},"inLanguage":"sv-SE","potentialAction":[{"@type":"ReadAction","target":["https:\/\/www.spottergps.com\/se\/stod\/hur-fungerar-spotters-produkter\/"]}]},{"@type":"BreadcrumbList","@id":"https:\/\/www.spottergps.com\/se\/stod\/hur-fungerar-spotters-produkter\/#breadcrumb","itemListElement":[{"@type":"ListItem","position":1,"name":"Home","item":"https:\/\/www.spottergps.com\/se\/"},{"@type":"ListItem","position":2,"name":"Hur kan vi hj\u00e4lpa dig?","item":"https:\/\/www.spottergps.com\/se\/stod\/"},{"@type":"ListItem","position":3,"name":"Hur fungerar Spotters produkter?"}]},{"@type":"WebSite","@id":"https:\/\/www.spottergps.com\/se\/#website","url":"https:\/\/www.spottergps.com\/se\/","name":"Spotter Sweden","description":"Spotter GPS Sweden","potentialAction":[{"@type":"SearchAction","target":{"@type":"EntryPoint","urlTemplate":"https:\/\/www.spottergps.com\/se\/?s={search_term_string}"},"query-input":{"@type":"PropertyValueSpecification","valueRequired":true,"valueName":"search_term_string"}}],"inLanguage":"sv-SE"}]}},"_links":{"self":[{"href":"https:\/\/www.spottergps.com\/se\/wp-json\/wp\/v2\/pages\/15172","targetHints":{"allow":["GET"]}}],"collection":[{"href":"https:\/\/www.spottergps.com\/se\/wp-json\/wp\/v2\/pages"}],"about":[{"href":"https:\/\/www.spottergps.com\/se\/wp-json\/wp\/v2\/types\/page"}],"author":[{"embeddable":true,"href":"https:\/\/www.spottergps.com\/se\/wp-json\/wp\/v2\/users\/8"}],"replies":[{"embeddable":true,"href":"https:\/\/www.spottergps.com\/se\/wp-json\/wp\/v2\/comments?post=15172"}],"version-history":[{"count":2,"href":"https:\/\/www.spottergps.com\/se\/wp-json\/wp\/v2\/pages\/15172\/revisions"}],"predecessor-version":[{"id":15400,"href":"https:\/\/www.spottergps.com\/se\/wp-json\/wp\/v2\/pages\/15172\/revisions\/15400"}],"up":[{"embeddable":true,"href":"https:\/\/www.spottergps.com\/se\/wp-json\/wp\/v2\/pages\/15053"}],"wp:attachment":[{"href":"https:\/\/www.spottergps.com\/se\/wp-json\/wp\/v2\/media?parent=15172"}],"wp:term":[{"taxonomy":"category","embeddable":true,"href":"https:\/\/www.spottergps.com\/se\/wp-json\/wp\/v2\/categories?post=15172"},{"taxonomy":"post_tag","embeddable":true,"href":"https:\/\/www.spottergps.com\/se\/wp-json\/wp\/v2\/tags?post=15172"}],"curies":[{"name":"wp","href":"https:\/\/api.w.org\/{rel}","templated":true}]}}