{"id":15165,"date":"2021-11-19T10:38:33","date_gmt":"2021-11-19T10:38:33","guid":{"rendered":"https:\/\/www.spottergps.com\/se\/?page_id=15165"},"modified":"2023-09-20T11:34:21","modified_gmt":"2023-09-20T11:34:21","slug":"funktioner-spotter-gps-watch","status":"publish","type":"page","link":"https:\/\/www.spottergps.com\/se\/stod\/funktioner-spotter-gps-watch\/","title":{"rendered":"Funktioner Spotter GPS Watch"},"content":{"rendered":"\n<h2 class=\"wp-block-heading\">Se platsangivelse<\/h2>\n\n\n\n<p><a href=\"https:\/\/shop.spottergps.com\/se\/spotter-gps-watch-black2.html\" data-type=\"URL\" data-id=\"https:\/\/shop.spottergps.com\/se\/spotter-gps-watch-black2.html\">Spotter GPS Watch<\/a> skickar en plats var 5:e minut n\u00e4r den \u00e4r i r\u00f6relse.\u00a0N\u00e4r Spotter GPS Watch inte \u00e4r i r\u00f6relse, skickas platsen var 5:e timme. Spotter GPS Watch \u00e4r f\u00f6rsedd med en r\u00f6relsesensor som k\u00e4nner av skillnaden mellan r\u00f6relse och stillast\u00e5ende. Genom att g\u00e5 till &#8217;Karta&#8217; i online-kontot, ser du platsangivelserna fr\u00e5n Spotter GPS Watch. Du kan visa alla platser fr\u00e5n de senaste 24 timmarna, d\u00e4refter raderas informationen.<br><br>Skulle du f\u00f6redra att visa platser oftare \u00e4n varannan minut? D\u00e5 kan du manuellt beg\u00e4ra platsangivelse. Genom att g\u00e5 till Karta, kan du klicka p\u00e5 ikonen som anger var Spotter GPS Watch \u00e4r just nu och d\u00e4r v\u00e4lja alternativet \u2018beg\u00e4r plats\u2019. Under tre minuters tid f\u00e5r du nu var 20:e sekund den aktuella platsen fr\u00e5n Spotter GPS Watch. G\u00e5 till Home-menyn och v\u00e4lj Spotter p\u00e5 kartan, tryck sedan &#8221;Mer&#8221;\u00a0 fr\u00e5n menyn och v\u00e4lj sedan &#8221;Beg\u00e4r plats&#8221;. Detta ing\u00e5r i den f\u00f6rbetalda krediten och inga extra kostnader l\u00e4ggs till. Den h\u00e4r funktionen finns endast tillg\u00e4nglig f\u00f6r Spotter GPS Watch.<\/p>\n\n\n\n<h2 class=\"wp-block-heading\">St\u00e4lla in zoner<\/h2>\n\n\n\n<p>Med Spotter GPS Watch kan du mycket enkelt st\u00e4lla in en zon. Du loggar in och g\u00e5r i menyn till rubriken Zoner och drar en av ikonerna (hem, jobb, v\u00e4nner etc.) till kartan f\u00f6r att g\u00f6ra en zon. Anpassa zonens storlek genom att f\u00f6rstora eller f\u00f6rminska radien. N\u00e4r en platsangivelse som ligger utanf\u00f6r en zon tas emot f\u00e5r du direkt ett meddelande. Det \u00e4r m\u00f6jligt att st\u00e4lla in 5 olika zoner.<\/p>\n\n\n\n<h2 class=\"wp-block-heading\">SOS alarm<\/h2>\n\n\n\n<p>Tryck 3 sekunder p\u00e5 SOS-knappen p\u00e5 den h\u00f6gra sidan av Spotter GPS Watch och det visas en text p\u00e5 klockan \u2018SOS Skickat\u2019. Den kopplade anv\u00e4ndaren f\u00e5r ett SOS-meddelande med Spotters namn och plats via e-mail och som pushnotis p\u00e5 smartphone.<\/p>\n\n\n\n<h2 class=\"wp-block-heading\">Tring mig<\/h2>\n\n\n\n<p>Med den h\u00e4r funktionen kan du starta en ringsignal p\u00e5 avst\u00e5nd. Detta kan du g\u00f6ra genom alternativet &#8221;Tringel&#8221; i appen. Tryck p\u00e5 ikonen som visar Spotters nuvarande plats, v\u00e4lj \u2018Mer\u2019 och tryck p\u00e5 &#8221;Tringel&#8221;. Under 1 minuts tid avger nu Spotter GPS Watch en ringsignal.<\/p>\n\n\n\n<h2 class=\"wp-block-heading\">St\u00e4lla in alarm<\/h2>\n\n\n\n<p>St\u00e4ll in 3 olika alarmtider n\u00e4r du vill att ett alarm ska ringa p\u00e5 Spotter GPS Watch. Beh\u00f6ver du t ex inta mediciner p\u00e5 en viss tid eller beh\u00f6ver ditt barn komma hem i tid f\u00f6r middagen? St\u00e4ll in ett eng\u00e5ngsalarm eller st\u00e4ll in alarm som ringer p\u00e5 vissa dagar i veckan. Alarmet st\u00e4ngs av manuellt genom att vidr\u00f6ra displayen p\u00e5 Spotter GPS Watch. Efter 30 sekunder st\u00e4ngs alarmet av automatiskt.<br><br>Obs: Alarmet ringer \u00e4ven om Spotter GPS Watch \u00e4r avst\u00e4ngd, s\u00e5 l\u00e4nge batteriet \u00e4r laddat.<\/p>\n\n\n\n<h2 class=\"wp-block-heading\">Stegr\u00e4knare<\/h2>\n\n\n\n<p>Med stegr\u00e4knaren kan du h\u00e5lla koll p\u00e5 hur m\u00e5nga steg du har tagit. Antalet steg nollst\u00e4lls dagligen, s\u00e5 att du till slut f\u00e5r en god \u00f6versikt p\u00e5 hur m\u00e5nga steg som tagits per dag. G\u00e5 till hemsk\u00e4rmen och klicka p\u00e5 Spotter p\u00e5 kartan, v\u00e4lj &#8221;Mer&#8221; och klicka p\u00e5 &#8221;Stegr\u00e4knare&#8221;. Klicka sedan p\u00e5 reglaget f\u00f6r stegr\u00e4knare (pedometer). N\u00e4r detta \u00e4r bl\u00e5tt \u00e4r stegr\u00e4knaren aktiverad. Antalet steg visas b\u00e5de via appen och p\u00e5 Spotter GPS Watch.<\/p>\n\n\n\n<h2 class=\"wp-block-heading\">Ringa<\/h2>\n\n\n\n<p>Du kan \u00e4ven ringa till Spotter GPS Watch, till exempel om en person \u00e4r i ett n\u00f6dl\u00e4ge och du \u00f6nskar att f\u00e5 kontakt. Logga in i Spotter-appen och tryck p\u00e5 ikonen f\u00f6r Spotter GPS Watch p\u00e5 kartan. Fr\u00e5n menyn som \u00f6ppnas v\u00e4ljer du &#8221;Ring&#8221;. Nu ringer det i Spotter GPS Watch. Samtalet kan accepteras genom att trycka p\u00e5 den silvriga ikonen under displayen p\u00e5 Spotter GPS Watch. Telefonsamtalet kan avslutas genom att trycka p\u00e5 den r\u00f6da telefonluren i displayen p\u00e5 Spotter GPS Watch.<br><br><strong>Obs<\/strong>: N\u00e4r du ringer till Spotter GPS Watch fr\u00e5n din egen smartphone \u00e4r detta exklusive den f\u00f6rbetalda krediten. Du ringer till ett europeiskt mobiltelefonnummer och samtalskostnaderna fr\u00e5n din mobiloperat\u00f6r g\u00e4ller.<br><br>Spotter GPS Watch \u00e4r f\u00f6rsedd med ett inbyggt roaming SIM-kort, som ser till att Spotter GPS Watch fungerar i hela Europa p\u00e5 alla tillg\u00e4ngliga mobila n\u00e4tverk utan merkostnad. \u00c4ven inom Sverige fungerar Spotter GPS Watch p\u00e5 alla tillg\u00e4ngliga mobila n\u00e4tverk. Anledningen \u00e4r att Spotter GPS Watch inte vill vara beroende av n\u00e4tverkst\u00e4ckningen fr\u00e5n en enskild mobiloperat\u00f6r i ett land (eller region), utan Spotter GPS Watch v\u00e4ljer alltid det b\u00e4sta tillg\u00e4ngliga mobila n\u00e4tverket oberoende av mobiloperat\u00f6ren. Det \u00e4r ocks\u00e5 m\u00f6jligt att ringa till Spotter via Skype, detta s\u00e4tt att ringa \u00e4r billigare.<br><br><strong>Tips:<\/strong> Efter att du har ringt till Spotter GPS Watch kan du spara telefonnumret, s\u00e5 att du \u00e4ven utanf\u00f6r appen kan ringa direkt till Spotter GPS Watch.<br><br><br>Tags: GPS Watch visa plats, GPS Watch st\u00e4lla in zon, GPS Watch sos alarm, GPS Watch tring mig, GPS Watch st\u00e4lla in alarm, GPS Watch stegr\u00e4knare, GPS Watch ringa. <\/p>\n","protected":false},"excerpt":{"rendered":"<p>Se platsangivelse Spotter GPS Watch skickar en plats var 5:e [&hellip;]<\/p>\n","protected":false},"author":8,"featured_media":0,"parent":15053,"menu_order":0,"comment_status":"closed","ping_status":"closed","template":"faq-content.php","meta":{"_acf_changed":false,"footnotes":""},"categories":[],"tags":[],"class_list":["post-15165","page","type-page","status-publish","hentry"],"acf":[],"yoast_head":"<!-- This site is optimized with the Yoast SEO plugin v25.9 - https:\/\/yoast.com\/wordpress\/plugins\/seo\/ -->\n<title>Funktioner Spotter GPS Watch - Spotter Sweden<\/title>\n<meta name=\"robots\" content=\"index, follow, max-snippet:-1, max-image-preview:large, max-video-preview:-1\" \/>\n<link rel=\"canonical\" href=\"https:\/\/www.spottergps.com\/se\/stod\/funktioner-spotter-gps-watch\/\" \/>\n<meta property=\"og:locale\" content=\"sv_SE\" \/>\n<meta property=\"og:type\" content=\"article\" \/>\n<meta property=\"og:title\" content=\"Funktioner Spotter GPS Watch - Spotter Sweden\" \/>\n<meta property=\"og:description\" content=\"Se platsangivelse Spotter GPS Watch skickar en plats var 5:e [&hellip;]\" \/>\n<meta property=\"og:url\" content=\"https:\/\/www.spottergps.com\/se\/stod\/funktioner-spotter-gps-watch\/\" \/>\n<meta property=\"og:site_name\" content=\"Spotter Sweden\" \/>\n<meta property=\"article:modified_time\" content=\"2023-09-20T11:34:21+00:00\" \/>\n<meta name=\"twitter:card\" content=\"summary_large_image\" \/>\n<meta name=\"twitter:label1\" content=\"Ber\u00e4knad l\u00e4stid\" \/>\n\t<meta name=\"twitter:data1\" content=\"4 minuter\" \/>\n<script type=\"application\/ld+json\" class=\"yoast-schema-graph\">{\"@context\":\"https:\/\/schema.org\",\"@graph\":[{\"@type\":\"WebPage\",\"@id\":\"https:\/\/www.spottergps.com\/se\/stod\/funktioner-spotter-gps-watch\/\",\"url\":\"https:\/\/www.spottergps.com\/se\/stod\/funktioner-spotter-gps-watch\/\",\"name\":\"Funktioner Spotter GPS Watch - Spotter Sweden\",\"isPartOf\":{\"@id\":\"https:\/\/www.spottergps.com\/se\/#website\"},\"datePublished\":\"2021-11-19T10:38:33+00:00\",\"dateModified\":\"2023-09-20T11:34:21+00:00\",\"breadcrumb\":{\"@id\":\"https:\/\/www.spottergps.com\/se\/stod\/funktioner-spotter-gps-watch\/#breadcrumb\"},\"inLanguage\":\"sv-SE\",\"potentialAction\":[{\"@type\":\"ReadAction\",\"target\":[\"https:\/\/www.spottergps.com\/se\/stod\/funktioner-spotter-gps-watch\/\"]}]},{\"@type\":\"BreadcrumbList\",\"@id\":\"https:\/\/www.spottergps.com\/se\/stod\/funktioner-spotter-gps-watch\/#breadcrumb\",\"itemListElement\":[{\"@type\":\"ListItem\",\"position\":1,\"name\":\"Home\",\"item\":\"https:\/\/www.spottergps.com\/se\/\"},{\"@type\":\"ListItem\",\"position\":2,\"name\":\"Hur kan vi hj\u00e4lpa dig?\",\"item\":\"https:\/\/www.spottergps.com\/se\/stod\/\"},{\"@type\":\"ListItem\",\"position\":3,\"name\":\"Funktioner Spotter GPS Watch\"}]},{\"@type\":\"WebSite\",\"@id\":\"https:\/\/www.spottergps.com\/se\/#website\",\"url\":\"https:\/\/www.spottergps.com\/se\/\",\"name\":\"Spotter Sweden\",\"description\":\"Spotter GPS Sweden\",\"potentialAction\":[{\"@type\":\"SearchAction\",\"target\":{\"@type\":\"EntryPoint\",\"urlTemplate\":\"https:\/\/www.spottergps.com\/se\/?s={search_term_string}\"},\"query-input\":{\"@type\":\"PropertyValueSpecification\",\"valueRequired\":true,\"valueName\":\"search_term_string\"}}],\"inLanguage\":\"sv-SE\"}]}<\/script>\n<!-- \/ Yoast SEO plugin. -->","yoast_head_json":{"title":"Funktioner Spotter GPS Watch - Spotter Sweden","robots":{"index":"index","follow":"follow","max-snippet":"max-snippet:-1","max-image-preview":"max-image-preview:large","max-video-preview":"max-video-preview:-1"},"canonical":"https:\/\/www.spottergps.com\/se\/stod\/funktioner-spotter-gps-watch\/","og_locale":"sv_SE","og_type":"article","og_title":"Funktioner Spotter GPS Watch - Spotter Sweden","og_description":"Se platsangivelse Spotter GPS Watch skickar en plats var 5:e [&hellip;]","og_url":"https:\/\/www.spottergps.com\/se\/stod\/funktioner-spotter-gps-watch\/","og_site_name":"Spotter Sweden","article_modified_time":"2023-09-20T11:34:21+00:00","twitter_card":"summary_large_image","twitter_misc":{"Ber\u00e4knad l\u00e4stid":"4 minuter"},"schema":{"@context":"https:\/\/schema.org","@graph":[{"@type":"WebPage","@id":"https:\/\/www.spottergps.com\/se\/stod\/funktioner-spotter-gps-watch\/","url":"https:\/\/www.spottergps.com\/se\/stod\/funktioner-spotter-gps-watch\/","name":"Funktioner Spotter GPS Watch - Spotter Sweden","isPartOf":{"@id":"https:\/\/www.spottergps.com\/se\/#website"},"datePublished":"2021-11-19T10:38:33+00:00","dateModified":"2023-09-20T11:34:21+00:00","breadcrumb":{"@id":"https:\/\/www.spottergps.com\/se\/stod\/funktioner-spotter-gps-watch\/#breadcrumb"},"inLanguage":"sv-SE","potentialAction":[{"@type":"ReadAction","target":["https:\/\/www.spottergps.com\/se\/stod\/funktioner-spotter-gps-watch\/"]}]},{"@type":"BreadcrumbList","@id":"https:\/\/www.spottergps.com\/se\/stod\/funktioner-spotter-gps-watch\/#breadcrumb","itemListElement":[{"@type":"ListItem","position":1,"name":"Home","item":"https:\/\/www.spottergps.com\/se\/"},{"@type":"ListItem","position":2,"name":"Hur kan vi hj\u00e4lpa dig?","item":"https:\/\/www.spottergps.com\/se\/stod\/"},{"@type":"ListItem","position":3,"name":"Funktioner Spotter GPS Watch"}]},{"@type":"WebSite","@id":"https:\/\/www.spottergps.com\/se\/#website","url":"https:\/\/www.spottergps.com\/se\/","name":"Spotter Sweden","description":"Spotter GPS Sweden","potentialAction":[{"@type":"SearchAction","target":{"@type":"EntryPoint","urlTemplate":"https:\/\/www.spottergps.com\/se\/?s={search_term_string}"},"query-input":{"@type":"PropertyValueSpecification","valueRequired":true,"valueName":"search_term_string"}}],"inLanguage":"sv-SE"}]}},"_links":{"self":[{"href":"https:\/\/www.spottergps.com\/se\/wp-json\/wp\/v2\/pages\/15165","targetHints":{"allow":["GET"]}}],"collection":[{"href":"https:\/\/www.spottergps.com\/se\/wp-json\/wp\/v2\/pages"}],"about":[{"href":"https:\/\/www.spottergps.com\/se\/wp-json\/wp\/v2\/types\/page"}],"author":[{"embeddable":true,"href":"https:\/\/www.spottergps.com\/se\/wp-json\/wp\/v2\/users\/8"}],"replies":[{"embeddable":true,"href":"https:\/\/www.spottergps.com\/se\/wp-json\/wp\/v2\/comments?post=15165"}],"version-history":[{"count":2,"href":"https:\/\/www.spottergps.com\/se\/wp-json\/wp\/v2\/pages\/15165\/revisions"}],"predecessor-version":[{"id":15399,"href":"https:\/\/www.spottergps.com\/se\/wp-json\/wp\/v2\/pages\/15165\/revisions\/15399"}],"up":[{"embeddable":true,"href":"https:\/\/www.spottergps.com\/se\/wp-json\/wp\/v2\/pages\/15053"}],"wp:attachment":[{"href":"https:\/\/www.spottergps.com\/se\/wp-json\/wp\/v2\/media?parent=15165"}],"wp:term":[{"taxonomy":"category","embeddable":true,"href":"https:\/\/www.spottergps.com\/se\/wp-json\/wp\/v2\/categories?post=15165"},{"taxonomy":"post_tag","embeddable":true,"href":"https:\/\/www.spottergps.com\/se\/wp-json\/wp\/v2\/tags?post=15165"}],"curies":[{"name":"wp","href":"https:\/\/api.w.org\/{rel}","templated":true}]}}