{"id":15160,"date":"2021-11-19T09:48:38","date_gmt":"2021-11-19T09:48:38","guid":{"rendered":"https:\/\/www.spottergps.com\/se\/?page_id=15160"},"modified":"2025-12-10T07:50:13","modified_gmt":"2025-12-10T07:50:13","slug":"vad-innehaller-forpackningen","status":"publish","type":"page","link":"https:\/\/www.spottergps.com\/se\/stod\/vad-innehaller-forpackningen\/","title":{"rendered":"Vad inneh\u00e5ller f\u00f6rpackningen?"},"content":{"rendered":"\n<p>Vi har olika produkter i assortimentet som alla har ett eget inneh\u00e5ll i f\u00f6rpackningen.&nbsp;<\/p>\n\n\n\n<h2 class=\"wp-block-heading\">I f\u00f6rpackningen till Spotter GPS Watch<\/h2>\n\n\n\n<ul class=\"wp-block-list\">\n<li>Spotter GPS Watch <\/li>\n\n\n\n<li>USB-laddare <\/li>\n\n\n\n<li>Spotter-kod  <\/li>\n\n\n\n<li>Quick guide&nbsp; <\/li>\n<\/ul>\n\n\n\n<h2 class=\"wp-block-heading\">I f\u00f6rpackningen till Spotter GPS Tracker<\/h2>\n\n\n\n<ul class=\"wp-block-list\">\n<li>Spotter GPS Tracker <\/li>\n\n\n\n<li>USB-kabel <\/li>\n\n\n\n<li>USB-laddare  <\/li>\n\n\n\n<li>Spotter-kod <\/li>\n\n\n\n<li>Monteringsring <\/li>\n\n\n\n<li>Quick guide&nbsp; <\/li>\n<\/ul>\n\n\n\n<h2 class=\"wp-block-heading\">I f\u00f6rpackningen till Spotter GPS Tracker X10<\/h2>\n\n\n\n<ul class=\"wp-block-list\">\n<li>Spotter GPS Tracker X10<\/li>\n\n\n\n<li>USB-kabel (magnetisk)<\/li>\n\n\n\n<li>Spotter-kod <\/li>\n\n\n\n<li>Quick guide&nbsp; <\/li>\n<\/ul>\n\n\n\n<h2 class=\"wp-block-heading\">I f\u00f6rpackningen till Pet Spotter \u2013 Dog GPS tracker<\/h2>\n\n\n\n<ul class=\"wp-block-list\">\n<li>Pet Spotter GPS Tracker <\/li>\n\n\n\n<li>USB-kabel <\/li>\n\n\n\n<li>USB-lader <\/li>\n\n\n\n<li>Spotter-kod  <\/li>\n\n\n\n<li>Monteringskl\u00e4mma metall <\/li>\n\n\n\n<li>Quick guide&nbsp; <\/li>\n<\/ul>\n\n\n\n<h2 class=\"wp-block-heading\">I f\u00f6rpackningen till Pet Spotter \u2013 Cat GPS tracker<\/h2>\n\n\n\n<ul class=\"wp-block-list\">\n<li>Pet Spotter GPS Tracker <\/li>\n\n\n\n<li>USB-kabel <\/li>\n\n\n\n<li>USB-lader <\/li>\n\n\n\n<li>Spotter-kod  <\/li>\n\n\n\n<li>Silikonfodral <\/li>\n\n\n\n<li>Quick guide&nbsp; <br><\/li>\n<\/ul>\n\n\n\n<p><br>Tags: inneh\u00e5ll f\u00f6rpackning, f\u00f6rpackning GPS Watch, f\u00f6rpackning GPS Tracker, f\u00f6rpackning GPS Wecare<\/p>\n\n\n\n<p><\/p>\n","protected":false},"excerpt":{"rendered":"<p>Vi har olika produkter i assortimentet som alla har ett [&hellip;]<\/p>\n","protected":false},"author":8,"featured_media":0,"parent":15053,"menu_order":0,"comment_status":"closed","ping_status":"closed","template":"faq-content.php","meta":{"_acf_changed":false,"footnotes":""},"categories":[],"tags":[],"class_list":["post-15160","page","type-page","status-publish","hentry"],"acf":[],"yoast_head":"<!-- This site is optimized with the Yoast SEO plugin v25.9 - https:\/\/yoast.com\/wordpress\/plugins\/seo\/ -->\n<title>Vad inneh\u00e5ller f\u00f6rpackningen? - Spotter Sweden<\/title>\n<meta name=\"robots\" content=\"noindex, nofollow\" \/>\n<meta property=\"og:locale\" content=\"sv_SE\" \/>\n<meta property=\"og:type\" content=\"article\" \/>\n<meta property=\"og:title\" content=\"Vad inneh\u00e5ller f\u00f6rpackningen? - Spotter Sweden\" \/>\n<meta property=\"og:description\" content=\"Vi har olika produkter i assortimentet som alla har ett [&hellip;]\" \/>\n<meta property=\"og:url\" content=\"https:\/\/www.spottergps.com\/se\/stod\/vad-innehaller-forpackningen\/\" \/>\n<meta property=\"og:site_name\" content=\"Spotter Sweden\" \/>\n<meta property=\"article:modified_time\" content=\"2025-12-10T07:50:13+00:00\" \/>\n<meta name=\"twitter:card\" content=\"summary_large_image\" \/>\n<meta name=\"twitter:label1\" content=\"Ber\u00e4knad l\u00e4stid\" \/>\n\t<meta name=\"twitter:data1\" content=\"1 minut\" \/>\n<script type=\"application\/ld+json\" class=\"yoast-schema-graph\">{\"@context\":\"https:\/\/schema.org\",\"@graph\":[{\"@type\":\"WebPage\",\"@id\":\"https:\/\/www.spottergps.com\/se\/stod\/vad-innehaller-forpackningen\/\",\"url\":\"https:\/\/www.spottergps.com\/se\/stod\/vad-innehaller-forpackningen\/\",\"name\":\"Vad inneh\u00e5ller f\u00f6rpackningen? - Spotter Sweden\",\"isPartOf\":{\"@id\":\"https:\/\/www.spottergps.com\/se\/#website\"},\"datePublished\":\"2021-11-19T09:48:38+00:00\",\"dateModified\":\"2025-12-10T07:50:13+00:00\",\"breadcrumb\":{\"@id\":\"https:\/\/www.spottergps.com\/se\/stod\/vad-innehaller-forpackningen\/#breadcrumb\"},\"inLanguage\":\"sv-SE\",\"potentialAction\":[{\"@type\":\"ReadAction\",\"target\":[\"https:\/\/www.spottergps.com\/se\/stod\/vad-innehaller-forpackningen\/\"]}]},{\"@type\":\"BreadcrumbList\",\"@id\":\"https:\/\/www.spottergps.com\/se\/stod\/vad-innehaller-forpackningen\/#breadcrumb\",\"itemListElement\":[{\"@type\":\"ListItem\",\"position\":1,\"name\":\"Home\",\"item\":\"https:\/\/www.spottergps.com\/se\/\"},{\"@type\":\"ListItem\",\"position\":2,\"name\":\"Hur kan vi hj\u00e4lpa dig?\",\"item\":\"https:\/\/www.spottergps.com\/se\/stod\/\"},{\"@type\":\"ListItem\",\"position\":3,\"name\":\"Vad inneh\u00e5ller f\u00f6rpackningen?\"}]},{\"@type\":\"WebSite\",\"@id\":\"https:\/\/www.spottergps.com\/se\/#website\",\"url\":\"https:\/\/www.spottergps.com\/se\/\",\"name\":\"Spotter Sweden\",\"description\":\"Spotter GPS Sweden\",\"potentialAction\":[{\"@type\":\"SearchAction\",\"target\":{\"@type\":\"EntryPoint\",\"urlTemplate\":\"https:\/\/www.spottergps.com\/se\/?s={search_term_string}\"},\"query-input\":{\"@type\":\"PropertyValueSpecification\",\"valueRequired\":true,\"valueName\":\"search_term_string\"}}],\"inLanguage\":\"sv-SE\"}]}<\/script>\n<!-- \/ Yoast SEO plugin. -->","yoast_head_json":{"title":"Vad inneh\u00e5ller f\u00f6rpackningen? - Spotter Sweden","robots":{"index":"noindex","follow":"nofollow"},"og_locale":"sv_SE","og_type":"article","og_title":"Vad inneh\u00e5ller f\u00f6rpackningen? - Spotter Sweden","og_description":"Vi har olika produkter i assortimentet som alla har ett [&hellip;]","og_url":"https:\/\/www.spottergps.com\/se\/stod\/vad-innehaller-forpackningen\/","og_site_name":"Spotter Sweden","article_modified_time":"2025-12-10T07:50:13+00:00","twitter_card":"summary_large_image","twitter_misc":{"Ber\u00e4knad l\u00e4stid":"1 minut"},"schema":{"@context":"https:\/\/schema.org","@graph":[{"@type":"WebPage","@id":"https:\/\/www.spottergps.com\/se\/stod\/vad-innehaller-forpackningen\/","url":"https:\/\/www.spottergps.com\/se\/stod\/vad-innehaller-forpackningen\/","name":"Vad inneh\u00e5ller f\u00f6rpackningen? - Spotter Sweden","isPartOf":{"@id":"https:\/\/www.spottergps.com\/se\/#website"},"datePublished":"2021-11-19T09:48:38+00:00","dateModified":"2025-12-10T07:50:13+00:00","breadcrumb":{"@id":"https:\/\/www.spottergps.com\/se\/stod\/vad-innehaller-forpackningen\/#breadcrumb"},"inLanguage":"sv-SE","potentialAction":[{"@type":"ReadAction","target":["https:\/\/www.spottergps.com\/se\/stod\/vad-innehaller-forpackningen\/"]}]},{"@type":"BreadcrumbList","@id":"https:\/\/www.spottergps.com\/se\/stod\/vad-innehaller-forpackningen\/#breadcrumb","itemListElement":[{"@type":"ListItem","position":1,"name":"Home","item":"https:\/\/www.spottergps.com\/se\/"},{"@type":"ListItem","position":2,"name":"Hur kan vi hj\u00e4lpa dig?","item":"https:\/\/www.spottergps.com\/se\/stod\/"},{"@type":"ListItem","position":3,"name":"Vad inneh\u00e5ller f\u00f6rpackningen?"}]},{"@type":"WebSite","@id":"https:\/\/www.spottergps.com\/se\/#website","url":"https:\/\/www.spottergps.com\/se\/","name":"Spotter Sweden","description":"Spotter GPS Sweden","potentialAction":[{"@type":"SearchAction","target":{"@type":"EntryPoint","urlTemplate":"https:\/\/www.spottergps.com\/se\/?s={search_term_string}"},"query-input":{"@type":"PropertyValueSpecification","valueRequired":true,"valueName":"search_term_string"}}],"inLanguage":"sv-SE"}]}},"_links":{"self":[{"href":"https:\/\/www.spottergps.com\/se\/wp-json\/wp\/v2\/pages\/15160","targetHints":{"allow":["GET"]}}],"collection":[{"href":"https:\/\/www.spottergps.com\/se\/wp-json\/wp\/v2\/pages"}],"about":[{"href":"https:\/\/www.spottergps.com\/se\/wp-json\/wp\/v2\/types\/page"}],"author":[{"embeddable":true,"href":"https:\/\/www.spottergps.com\/se\/wp-json\/wp\/v2\/users\/8"}],"replies":[{"embeddable":true,"href":"https:\/\/www.spottergps.com\/se\/wp-json\/wp\/v2\/comments?post=15160"}],"version-history":[{"count":4,"href":"https:\/\/www.spottergps.com\/se\/wp-json\/wp\/v2\/pages\/15160\/revisions"}],"predecessor-version":[{"id":15425,"href":"https:\/\/www.spottergps.com\/se\/wp-json\/wp\/v2\/pages\/15160\/revisions\/15425"}],"up":[{"embeddable":true,"href":"https:\/\/www.spottergps.com\/se\/wp-json\/wp\/v2\/pages\/15053"}],"wp:attachment":[{"href":"https:\/\/www.spottergps.com\/se\/wp-json\/wp\/v2\/media?parent=15160"}],"wp:term":[{"taxonomy":"category","embeddable":true,"href":"https:\/\/www.spottergps.com\/se\/wp-json\/wp\/v2\/categories?post=15160"},{"taxonomy":"post_tag","embeddable":true,"href":"https:\/\/www.spottergps.com\/se\/wp-json\/wp\/v2\/tags?post=15160"}],"curies":[{"name":"wp","href":"https:\/\/api.w.org\/{rel}","templated":true}]}}