{"id":15157,"date":"2021-11-19T09:17:41","date_gmt":"2021-11-19T09:17:41","guid":{"rendered":"https:\/\/www.spottergps.com\/se\/?page_id=15157"},"modified":"2021-11-19T09:17:41","modified_gmt":"2021-11-19T09:17:41","slug":"vad-ar-en-wizard","status":"publish","type":"page","link":"https:\/\/www.spottergps.com\/se\/stod\/vad-ar-en-wizard\/","title":{"rendered":"Vad \u00e4r en wizard?"},"content":{"rendered":"\n<p>En wizard hj\u00e4lper dig som anv\u00e4ndare att kontrollera en Spotters funktion.\u00a0Wizard kontrollerar basinst\u00e4llningarna samt GPS och GPRS-mottagning. S\u00e5 startar installations-wizard.<\/p>\n\n\n\n<p><strong>S\u00e5 startar installations-wizard<\/strong><\/p>\n\n\n\n<ul class=\"wp-block-list\"><li><a href=\"https:\/\/my.spottergps.com\/\">Registrera ett konto h\u00e4r<\/a> om du inte redan har gjort det. <\/li><li>Logga in p\u00e5 kontot. <\/li><li>Det visas en sk\u00e4rm med en beg\u00e4ran om att ange Spotter-koden. Om du redan har ett konto, g\u00e5r du i menyn till \u201cL\u00e4gg till Spotter\u201d. <\/li><li>Ange h\u00e4r den 12-siffriga Spotter-koden som st\u00e5r p\u00e5 kortet i f\u00f6rpackningen.<\/li><li>Du anger f\u00f6r vilket \u00e4ndam\u00e5l du ska anv\u00e4nda Spotter (v\u00e4lj en bild). <\/li><li>Ge ett namn till Spotter (till exempel Alice). <\/li><li>V\u00e4lj en f\u00e4rg som du strax ser p\u00e5 kartan. <\/li><li>Vill du ocks\u00e5 l\u00e4gga till ett foto? Om du inte vill det s\u00e5 klickar du p\u00e5 \u201cklar\u201d. <\/li><\/ul>\n\n\n\n<p>Nu testas Spotter och du ser f\u00f6ljande st\u00e5 p\u00e5 sk\u00e4rmen:<\/p>\n\n\n\n<ul class=\"wp-block-list\"><li>Se till att Spotter \u00e4r helt uppladdad. <\/li><li>G\u00e5 utomhus f\u00f6r optimal mottagning. <\/li><li>S\u00e4tt p\u00e5 Spotter. <\/li><li>V\u00e4nta p\u00e5 den f\u00f6rsta platsangivelsen fr\u00e5n Spotter. <\/li><\/ul>\n\n\n\n<p>Alla funktioner kontrolleras nu. Om detta gick bra, s\u00e5 kan du avsluta wizard. Nu kan du b\u00f6rja anv\u00e4nda Spotter.<\/p>\n","protected":false},"excerpt":{"rendered":"<p>En wizard hj\u00e4lper dig som anv\u00e4ndare att kontrollera en Spotters [&hellip;]<\/p>\n","protected":false},"author":8,"featured_media":0,"parent":15053,"menu_order":0,"comment_status":"closed","ping_status":"closed","template":"faq-content.php","meta":{"_acf_changed":false,"footnotes":""},"categories":[],"tags":[],"class_list":["post-15157","page","type-page","status-publish","hentry"],"acf":[],"yoast_head":"<!-- This site is optimized with the Yoast SEO plugin v25.9 - https:\/\/yoast.com\/wordpress\/plugins\/seo\/ -->\n<title>Vad \u00e4r en wizard? - Spotter Sweden<\/title>\n<meta name=\"robots\" content=\"index, follow, max-snippet:-1, max-image-preview:large, max-video-preview:-1\" \/>\n<link rel=\"canonical\" href=\"https:\/\/www.spottergps.com\/se\/stod\/vad-ar-en-wizard\/\" \/>\n<meta property=\"og:locale\" content=\"sv_SE\" \/>\n<meta property=\"og:type\" content=\"article\" \/>\n<meta property=\"og:title\" content=\"Vad \u00e4r en wizard? - Spotter Sweden\" \/>\n<meta property=\"og:description\" content=\"En wizard hj\u00e4lper dig som anv\u00e4ndare att kontrollera en Spotters [&hellip;]\" \/>\n<meta property=\"og:url\" content=\"https:\/\/www.spottergps.com\/se\/stod\/vad-ar-en-wizard\/\" \/>\n<meta property=\"og:site_name\" content=\"Spotter Sweden\" \/>\n<meta name=\"twitter:card\" content=\"summary_large_image\" \/>\n<meta name=\"twitter:label1\" content=\"Ber\u00e4knad l\u00e4stid\" \/>\n\t<meta name=\"twitter:data1\" content=\"1 minut\" \/>\n<script type=\"application\/ld+json\" class=\"yoast-schema-graph\">{\"@context\":\"https:\/\/schema.org\",\"@graph\":[{\"@type\":\"WebPage\",\"@id\":\"https:\/\/www.spottergps.com\/se\/stod\/vad-ar-en-wizard\/\",\"url\":\"https:\/\/www.spottergps.com\/se\/stod\/vad-ar-en-wizard\/\",\"name\":\"Vad \u00e4r en wizard? - Spotter Sweden\",\"isPartOf\":{\"@id\":\"https:\/\/www.spottergps.com\/se\/#website\"},\"datePublished\":\"2021-11-19T09:17:41+00:00\",\"breadcrumb\":{\"@id\":\"https:\/\/www.spottergps.com\/se\/stod\/vad-ar-en-wizard\/#breadcrumb\"},\"inLanguage\":\"sv-SE\",\"potentialAction\":[{\"@type\":\"ReadAction\",\"target\":[\"https:\/\/www.spottergps.com\/se\/stod\/vad-ar-en-wizard\/\"]}]},{\"@type\":\"BreadcrumbList\",\"@id\":\"https:\/\/www.spottergps.com\/se\/stod\/vad-ar-en-wizard\/#breadcrumb\",\"itemListElement\":[{\"@type\":\"ListItem\",\"position\":1,\"name\":\"Home\",\"item\":\"https:\/\/www.spottergps.com\/se\/\"},{\"@type\":\"ListItem\",\"position\":2,\"name\":\"Hur kan vi hj\u00e4lpa dig?\",\"item\":\"https:\/\/www.spottergps.com\/se\/stod\/\"},{\"@type\":\"ListItem\",\"position\":3,\"name\":\"Vad \u00e4r en wizard?\"}]},{\"@type\":\"WebSite\",\"@id\":\"https:\/\/www.spottergps.com\/se\/#website\",\"url\":\"https:\/\/www.spottergps.com\/se\/\",\"name\":\"Spotter Sweden\",\"description\":\"Spotter GPS Sweden\",\"potentialAction\":[{\"@type\":\"SearchAction\",\"target\":{\"@type\":\"EntryPoint\",\"urlTemplate\":\"https:\/\/www.spottergps.com\/se\/?s={search_term_string}\"},\"query-input\":{\"@type\":\"PropertyValueSpecification\",\"valueRequired\":true,\"valueName\":\"search_term_string\"}}],\"inLanguage\":\"sv-SE\"}]}<\/script>\n<!-- \/ Yoast SEO plugin. -->","yoast_head_json":{"title":"Vad \u00e4r en wizard? - Spotter Sweden","robots":{"index":"index","follow":"follow","max-snippet":"max-snippet:-1","max-image-preview":"max-image-preview:large","max-video-preview":"max-video-preview:-1"},"canonical":"https:\/\/www.spottergps.com\/se\/stod\/vad-ar-en-wizard\/","og_locale":"sv_SE","og_type":"article","og_title":"Vad \u00e4r en wizard? - Spotter Sweden","og_description":"En wizard hj\u00e4lper dig som anv\u00e4ndare att kontrollera en Spotters [&hellip;]","og_url":"https:\/\/www.spottergps.com\/se\/stod\/vad-ar-en-wizard\/","og_site_name":"Spotter Sweden","twitter_card":"summary_large_image","twitter_misc":{"Ber\u00e4knad l\u00e4stid":"1 minut"},"schema":{"@context":"https:\/\/schema.org","@graph":[{"@type":"WebPage","@id":"https:\/\/www.spottergps.com\/se\/stod\/vad-ar-en-wizard\/","url":"https:\/\/www.spottergps.com\/se\/stod\/vad-ar-en-wizard\/","name":"Vad \u00e4r en wizard? - Spotter Sweden","isPartOf":{"@id":"https:\/\/www.spottergps.com\/se\/#website"},"datePublished":"2021-11-19T09:17:41+00:00","breadcrumb":{"@id":"https:\/\/www.spottergps.com\/se\/stod\/vad-ar-en-wizard\/#breadcrumb"},"inLanguage":"sv-SE","potentialAction":[{"@type":"ReadAction","target":["https:\/\/www.spottergps.com\/se\/stod\/vad-ar-en-wizard\/"]}]},{"@type":"BreadcrumbList","@id":"https:\/\/www.spottergps.com\/se\/stod\/vad-ar-en-wizard\/#breadcrumb","itemListElement":[{"@type":"ListItem","position":1,"name":"Home","item":"https:\/\/www.spottergps.com\/se\/"},{"@type":"ListItem","position":2,"name":"Hur kan vi hj\u00e4lpa dig?","item":"https:\/\/www.spottergps.com\/se\/stod\/"},{"@type":"ListItem","position":3,"name":"Vad \u00e4r en wizard?"}]},{"@type":"WebSite","@id":"https:\/\/www.spottergps.com\/se\/#website","url":"https:\/\/www.spottergps.com\/se\/","name":"Spotter Sweden","description":"Spotter GPS Sweden","potentialAction":[{"@type":"SearchAction","target":{"@type":"EntryPoint","urlTemplate":"https:\/\/www.spottergps.com\/se\/?s={search_term_string}"},"query-input":{"@type":"PropertyValueSpecification","valueRequired":true,"valueName":"search_term_string"}}],"inLanguage":"sv-SE"}]}},"_links":{"self":[{"href":"https:\/\/www.spottergps.com\/se\/wp-json\/wp\/v2\/pages\/15157","targetHints":{"allow":["GET"]}}],"collection":[{"href":"https:\/\/www.spottergps.com\/se\/wp-json\/wp\/v2\/pages"}],"about":[{"href":"https:\/\/www.spottergps.com\/se\/wp-json\/wp\/v2\/types\/page"}],"author":[{"embeddable":true,"href":"https:\/\/www.spottergps.com\/se\/wp-json\/wp\/v2\/users\/8"}],"replies":[{"embeddable":true,"href":"https:\/\/www.spottergps.com\/se\/wp-json\/wp\/v2\/comments?post=15157"}],"version-history":[{"count":1,"href":"https:\/\/www.spottergps.com\/se\/wp-json\/wp\/v2\/pages\/15157\/revisions"}],"predecessor-version":[{"id":15158,"href":"https:\/\/www.spottergps.com\/se\/wp-json\/wp\/v2\/pages\/15157\/revisions\/15158"}],"up":[{"embeddable":true,"href":"https:\/\/www.spottergps.com\/se\/wp-json\/wp\/v2\/pages\/15053"}],"wp:attachment":[{"href":"https:\/\/www.spottergps.com\/se\/wp-json\/wp\/v2\/media?parent=15157"}],"wp:term":[{"taxonomy":"category","embeddable":true,"href":"https:\/\/www.spottergps.com\/se\/wp-json\/wp\/v2\/categories?post=15157"},{"taxonomy":"post_tag","embeddable":true,"href":"https:\/\/www.spottergps.com\/se\/wp-json\/wp\/v2\/tags?post=15157"}],"curies":[{"name":"wp","href":"https:\/\/api.w.org\/{rel}","templated":true}]}}