{"id":15151,"date":"2021-11-19T09:10:46","date_gmt":"2021-11-19T09:10:46","guid":{"rendered":"https:\/\/www.spottergps.com\/se\/?page_id=15151"},"modified":"2021-11-19T14:54:37","modified_gmt":"2021-11-19T14:54:37","slug":"installera-spotter-gps-watch-air","status":"publish","type":"page","link":"https:\/\/www.spottergps.com\/se\/stod\/installera-spotter-gps-watch-air\/","title":{"rendered":"Installera Spotter GPS Watch (Air)"},"content":{"rendered":"\n<p>V\u00e4lkommen till Spotter! Du installerar Spotter GPS Watch (Air) mycket enkelt genom att f\u00f6lja stegen nedan:&nbsp;<\/p>\n\n\n\n<ul class=\"wp-block-list\"><li>Ladda f\u00f6rst upp batteriet helt under 2-3 timmar. Anv\u00e4nd den medf\u00f6ljande USB-kabeln. <br><\/li><li>Tryck och h\u00e5ll in SOS-knappen p\u00e5 h\u00f6gersidan av Spotter GPS Watch (Air) under 5 sekunder f\u00f6r att starta den. Spotter-loggan visas nu p\u00e5 displayen och det h\u00f6rs ett ljud. Spotter GPS Watch (Air) anv\u00e4nder GPS och GPRS vilket g\u00f6r det viktigt med tillr\u00e4cklig mottagning. Vi rekommenderar d\u00e4rf\u00f6r att du startar Spotter GPS Watch (Air) i n\u00e4rheten av ett f\u00f6nster eller utomhus f\u00f6r optimal mottagning s\u00e5 att en position kan ber\u00e4knas. <br><\/li><li>Koppla Spotter till ditt online-konto s\u00e5 att du kan se och hantera all data. <a href=\"https:\/\/my.spottergps.com\/\">Klicka h\u00e4r<\/a> f\u00f6r att logga in eller f\u00f6r att registrera ett <a href=\"https:\/\/my.spottergps.com\/\">nytt konto<\/a>. <br><\/li><li>Logga nu in p\u00e5 ditt online-konto och en sk\u00e4rm visas med en beg\u00e4ran om att ange din Spotter-kod. H\u00e4r anger du Spotter-koden som st\u00e5r p\u00e5 kortet i f\u00f6rpackningen. Nu n\u00e4r online-kontot och Spotter \u00e4r kopplade, \u00e4r Spotter GPS Watch (Air) aktiv! <br><\/li><li>\u00c4ven p\u00e5 resande fot ser du data via Spotter-appen f\u00f6r smartphone och surfplatta. Spotter-appen finns tillg\u00e4nglig f\u00f6r iOS och Android och du kan ladda ner den i <a href=\"https:\/\/apps.apple.com\/se\/app\/spotter-gps-tracker\/id997370912\">Appstore<\/a> (iOS) och <a href=\"https:\/\/play.google.com\/store\/apps\/details?id=com.spottergps.spotter&amp;hl=sv&amp;gl=SE\">Play Butik<\/a> (Android). <\/li><\/ul>\n\n\n\n<p><\/p>\n\n\n\n<p>Tags: aktivera, f\u00f6rsta g\u00e5ngs anv\u00e4ndning, installera, ta i bruk, registrera konto, koppla spotter<\/p>\n","protected":false},"excerpt":{"rendered":"<p>V\u00e4lkommen till Spotter! Du installerar Spotter GPS Watch (Air) mycket [&hellip;]<\/p>\n","protected":false},"author":8,"featured_media":0,"parent":15053,"menu_order":0,"comment_status":"closed","ping_status":"closed","template":"faq-content.php","meta":{"_acf_changed":false,"footnotes":""},"categories":[],"tags":[],"class_list":["post-15151","page","type-page","status-publish","hentry"],"acf":[],"yoast_head":"<!-- This site is optimized with the Yoast SEO plugin v25.9 - https:\/\/yoast.com\/wordpress\/plugins\/seo\/ -->\n<title>Installera Spotter GPS Watch (Air) - Spotter Sweden<\/title>\n<meta name=\"robots\" content=\"index, follow, max-snippet:-1, max-image-preview:large, max-video-preview:-1\" \/>\n<link rel=\"canonical\" href=\"https:\/\/www.spottergps.com\/se\/stod\/installera-spotter-gps-watch-air\/\" \/>\n<meta property=\"og:locale\" content=\"sv_SE\" \/>\n<meta property=\"og:type\" content=\"article\" \/>\n<meta property=\"og:title\" content=\"Installera Spotter GPS Watch (Air) - Spotter Sweden\" \/>\n<meta property=\"og:description\" content=\"V\u00e4lkommen till Spotter! Du installerar Spotter GPS Watch (Air) mycket [&hellip;]\" \/>\n<meta property=\"og:url\" content=\"https:\/\/www.spottergps.com\/se\/stod\/installera-spotter-gps-watch-air\/\" \/>\n<meta property=\"og:site_name\" content=\"Spotter Sweden\" \/>\n<meta property=\"article:modified_time\" content=\"2021-11-19T14:54:37+00:00\" \/>\n<meta name=\"twitter:card\" content=\"summary_large_image\" \/>\n<meta name=\"twitter:label1\" content=\"Ber\u00e4knad l\u00e4stid\" \/>\n\t<meta name=\"twitter:data1\" content=\"1 minut\" \/>\n<script type=\"application\/ld+json\" class=\"yoast-schema-graph\">{\"@context\":\"https:\/\/schema.org\",\"@graph\":[{\"@type\":\"WebPage\",\"@id\":\"https:\/\/www.spottergps.com\/se\/stod\/installera-spotter-gps-watch-air\/\",\"url\":\"https:\/\/www.spottergps.com\/se\/stod\/installera-spotter-gps-watch-air\/\",\"name\":\"Installera Spotter GPS Watch (Air) - Spotter Sweden\",\"isPartOf\":{\"@id\":\"https:\/\/www.spottergps.com\/se\/#website\"},\"datePublished\":\"2021-11-19T09:10:46+00:00\",\"dateModified\":\"2021-11-19T14:54:37+00:00\",\"breadcrumb\":{\"@id\":\"https:\/\/www.spottergps.com\/se\/stod\/installera-spotter-gps-watch-air\/#breadcrumb\"},\"inLanguage\":\"sv-SE\",\"potentialAction\":[{\"@type\":\"ReadAction\",\"target\":[\"https:\/\/www.spottergps.com\/se\/stod\/installera-spotter-gps-watch-air\/\"]}]},{\"@type\":\"BreadcrumbList\",\"@id\":\"https:\/\/www.spottergps.com\/se\/stod\/installera-spotter-gps-watch-air\/#breadcrumb\",\"itemListElement\":[{\"@type\":\"ListItem\",\"position\":1,\"name\":\"Home\",\"item\":\"https:\/\/www.spottergps.com\/se\/\"},{\"@type\":\"ListItem\",\"position\":2,\"name\":\"Hur kan vi hj\u00e4lpa dig?\",\"item\":\"https:\/\/www.spottergps.com\/se\/stod\/\"},{\"@type\":\"ListItem\",\"position\":3,\"name\":\"Installera Spotter GPS Watch (Air)\"}]},{\"@type\":\"WebSite\",\"@id\":\"https:\/\/www.spottergps.com\/se\/#website\",\"url\":\"https:\/\/www.spottergps.com\/se\/\",\"name\":\"Spotter Sweden\",\"description\":\"Spotter GPS Sweden\",\"potentialAction\":[{\"@type\":\"SearchAction\",\"target\":{\"@type\":\"EntryPoint\",\"urlTemplate\":\"https:\/\/www.spottergps.com\/se\/?s={search_term_string}\"},\"query-input\":{\"@type\":\"PropertyValueSpecification\",\"valueRequired\":true,\"valueName\":\"search_term_string\"}}],\"inLanguage\":\"sv-SE\"}]}<\/script>\n<!-- \/ Yoast SEO plugin. -->","yoast_head_json":{"title":"Installera Spotter GPS Watch (Air) - Spotter Sweden","robots":{"index":"index","follow":"follow","max-snippet":"max-snippet:-1","max-image-preview":"max-image-preview:large","max-video-preview":"max-video-preview:-1"},"canonical":"https:\/\/www.spottergps.com\/se\/stod\/installera-spotter-gps-watch-air\/","og_locale":"sv_SE","og_type":"article","og_title":"Installera Spotter GPS Watch (Air) - Spotter Sweden","og_description":"V\u00e4lkommen till Spotter! Du installerar Spotter GPS Watch (Air) mycket [&hellip;]","og_url":"https:\/\/www.spottergps.com\/se\/stod\/installera-spotter-gps-watch-air\/","og_site_name":"Spotter Sweden","article_modified_time":"2021-11-19T14:54:37+00:00","twitter_card":"summary_large_image","twitter_misc":{"Ber\u00e4knad l\u00e4stid":"1 minut"},"schema":{"@context":"https:\/\/schema.org","@graph":[{"@type":"WebPage","@id":"https:\/\/www.spottergps.com\/se\/stod\/installera-spotter-gps-watch-air\/","url":"https:\/\/www.spottergps.com\/se\/stod\/installera-spotter-gps-watch-air\/","name":"Installera Spotter GPS Watch (Air) - Spotter Sweden","isPartOf":{"@id":"https:\/\/www.spottergps.com\/se\/#website"},"datePublished":"2021-11-19T09:10:46+00:00","dateModified":"2021-11-19T14:54:37+00:00","breadcrumb":{"@id":"https:\/\/www.spottergps.com\/se\/stod\/installera-spotter-gps-watch-air\/#breadcrumb"},"inLanguage":"sv-SE","potentialAction":[{"@type":"ReadAction","target":["https:\/\/www.spottergps.com\/se\/stod\/installera-spotter-gps-watch-air\/"]}]},{"@type":"BreadcrumbList","@id":"https:\/\/www.spottergps.com\/se\/stod\/installera-spotter-gps-watch-air\/#breadcrumb","itemListElement":[{"@type":"ListItem","position":1,"name":"Home","item":"https:\/\/www.spottergps.com\/se\/"},{"@type":"ListItem","position":2,"name":"Hur kan vi hj\u00e4lpa dig?","item":"https:\/\/www.spottergps.com\/se\/stod\/"},{"@type":"ListItem","position":3,"name":"Installera Spotter GPS Watch (Air)"}]},{"@type":"WebSite","@id":"https:\/\/www.spottergps.com\/se\/#website","url":"https:\/\/www.spottergps.com\/se\/","name":"Spotter Sweden","description":"Spotter GPS Sweden","potentialAction":[{"@type":"SearchAction","target":{"@type":"EntryPoint","urlTemplate":"https:\/\/www.spottergps.com\/se\/?s={search_term_string}"},"query-input":{"@type":"PropertyValueSpecification","valueRequired":true,"valueName":"search_term_string"}}],"inLanguage":"sv-SE"}]}},"_links":{"self":[{"href":"https:\/\/www.spottergps.com\/se\/wp-json\/wp\/v2\/pages\/15151","targetHints":{"allow":["GET"]}}],"collection":[{"href":"https:\/\/www.spottergps.com\/se\/wp-json\/wp\/v2\/pages"}],"about":[{"href":"https:\/\/www.spottergps.com\/se\/wp-json\/wp\/v2\/types\/page"}],"author":[{"embeddable":true,"href":"https:\/\/www.spottergps.com\/se\/wp-json\/wp\/v2\/users\/8"}],"replies":[{"embeddable":true,"href":"https:\/\/www.spottergps.com\/se\/wp-json\/wp\/v2\/comments?post=15151"}],"version-history":[{"count":2,"href":"https:\/\/www.spottergps.com\/se\/wp-json\/wp\/v2\/pages\/15151\/revisions"}],"predecessor-version":[{"id":15290,"href":"https:\/\/www.spottergps.com\/se\/wp-json\/wp\/v2\/pages\/15151\/revisions\/15290"}],"up":[{"embeddable":true,"href":"https:\/\/www.spottergps.com\/se\/wp-json\/wp\/v2\/pages\/15053"}],"wp:attachment":[{"href":"https:\/\/www.spottergps.com\/se\/wp-json\/wp\/v2\/media?parent=15151"}],"wp:term":[{"taxonomy":"category","embeddable":true,"href":"https:\/\/www.spottergps.com\/se\/wp-json\/wp\/v2\/categories?post=15151"},{"taxonomy":"post_tag","embeddable":true,"href":"https:\/\/www.spottergps.com\/se\/wp-json\/wp\/v2\/tags?post=15151"}],"curies":[{"name":"wp","href":"https:\/\/api.w.org\/{rel}","templated":true}]}}