{"id":15147,"date":"2021-11-19T08:59:48","date_gmt":"2021-11-19T08:59:48","guid":{"rendered":"https:\/\/www.spottergps.com\/se\/?page_id=15147"},"modified":"2025-12-10T07:38:51","modified_gmt":"2025-12-10T07:38:51","slug":"andra-sprak","status":"publish","type":"page","link":"https:\/\/www.spottergps.com\/se\/stod\/andra-sprak\/","title":{"rendered":"\u00c4ndra spr\u00e5k"},"content":{"rendered":"\n<p><strong>Via desktop\/dator<\/strong><\/p>\n\n\n\n<ul class=\"wp-block-list\"><li>Logga in p\u00e5 ditt online-konto via desktop. <\/li><li>Klik links onderin op de tandwieltjes. <\/li><li>Sedan klickar du p\u00e5 spr\u00e5ket.<\/li><li>D\u00e4refter visas olika spr\u00e5k som du kan v\u00e4lja p\u00e5. <\/li><li>V\u00e4lj nu det \u00f6nskade spr\u00e5ket. <\/li><\/ul>\n\n\n\n<p><strong>Via appen<\/strong><\/p>\n\n\n\n<ul class=\"wp-block-list\"><li> \u00d6ppna appen och logga in p\u00e5 ditt konto.\u00a0 <\/li><li> \u00d6ppna menyn h\u00f6gst upp till v\u00e4nster. <\/li><li> L\u00e4ngst ner i menyn kan du v\u00e4lja &#8221;spr\u00e5k&#8221; <\/li><li> V\u00e4lj nu det \u00f6nskade spr\u00e5ket. <\/li><\/ul>\n","protected":false},"excerpt":{"rendered":"<p>Via desktop\/dator Logga in p\u00e5 ditt online-konto via desktop. Klik [&hellip;]<\/p>\n","protected":false},"author":8,"featured_media":0,"parent":15053,"menu_order":0,"comment_status":"closed","ping_status":"closed","template":"faq-content.php","meta":{"_acf_changed":false,"footnotes":""},"categories":[],"tags":[],"class_list":["post-15147","page","type-page","status-publish","hentry"],"acf":[],"yoast_head":"<!-- This site is optimized with the Yoast SEO plugin v25.9 - https:\/\/yoast.com\/wordpress\/plugins\/seo\/ -->\n<title>\u00c4ndra spr\u00e5k - Spotter Sweden<\/title>\n<meta name=\"robots\" content=\"noindex, nofollow\" \/>\n<meta property=\"og:locale\" content=\"sv_SE\" \/>\n<meta property=\"og:type\" content=\"article\" \/>\n<meta property=\"og:title\" content=\"\u00c4ndra spr\u00e5k - Spotter Sweden\" \/>\n<meta property=\"og:description\" content=\"Via desktop\/dator Logga in p\u00e5 ditt online-konto via desktop. Klik [&hellip;]\" \/>\n<meta property=\"og:url\" content=\"https:\/\/www.spottergps.com\/se\/stod\/andra-sprak\/\" \/>\n<meta property=\"og:site_name\" content=\"Spotter Sweden\" \/>\n<meta property=\"article:modified_time\" content=\"2025-12-10T07:38:51+00:00\" \/>\n<meta name=\"twitter:card\" content=\"summary_large_image\" \/>\n<meta name=\"twitter:label1\" content=\"Ber\u00e4knad l\u00e4stid\" \/>\n\t<meta name=\"twitter:data1\" content=\"1 minut\" \/>\n<script type=\"application\/ld+json\" class=\"yoast-schema-graph\">{\"@context\":\"https:\/\/schema.org\",\"@graph\":[{\"@type\":\"WebPage\",\"@id\":\"https:\/\/www.spottergps.com\/se\/stod\/andra-sprak\/\",\"url\":\"https:\/\/www.spottergps.com\/se\/stod\/andra-sprak\/\",\"name\":\"\u00c4ndra spr\u00e5k - Spotter Sweden\",\"isPartOf\":{\"@id\":\"https:\/\/www.spottergps.com\/se\/#website\"},\"datePublished\":\"2021-11-19T08:59:48+00:00\",\"dateModified\":\"2025-12-10T07:38:51+00:00\",\"breadcrumb\":{\"@id\":\"https:\/\/www.spottergps.com\/se\/stod\/andra-sprak\/#breadcrumb\"},\"inLanguage\":\"sv-SE\",\"potentialAction\":[{\"@type\":\"ReadAction\",\"target\":[\"https:\/\/www.spottergps.com\/se\/stod\/andra-sprak\/\"]}]},{\"@type\":\"BreadcrumbList\",\"@id\":\"https:\/\/www.spottergps.com\/se\/stod\/andra-sprak\/#breadcrumb\",\"itemListElement\":[{\"@type\":\"ListItem\",\"position\":1,\"name\":\"Home\",\"item\":\"https:\/\/www.spottergps.com\/se\/\"},{\"@type\":\"ListItem\",\"position\":2,\"name\":\"Hur kan vi hj\u00e4lpa dig?\",\"item\":\"https:\/\/www.spottergps.com\/se\/stod\/\"},{\"@type\":\"ListItem\",\"position\":3,\"name\":\"\u00c4ndra spr\u00e5k\"}]},{\"@type\":\"WebSite\",\"@id\":\"https:\/\/www.spottergps.com\/se\/#website\",\"url\":\"https:\/\/www.spottergps.com\/se\/\",\"name\":\"Spotter Sweden\",\"description\":\"Spotter GPS Sweden\",\"potentialAction\":[{\"@type\":\"SearchAction\",\"target\":{\"@type\":\"EntryPoint\",\"urlTemplate\":\"https:\/\/www.spottergps.com\/se\/?s={search_term_string}\"},\"query-input\":{\"@type\":\"PropertyValueSpecification\",\"valueRequired\":true,\"valueName\":\"search_term_string\"}}],\"inLanguage\":\"sv-SE\"}]}<\/script>\n<!-- \/ Yoast SEO plugin. -->","yoast_head_json":{"title":"\u00c4ndra spr\u00e5k - Spotter Sweden","robots":{"index":"noindex","follow":"nofollow"},"og_locale":"sv_SE","og_type":"article","og_title":"\u00c4ndra spr\u00e5k - Spotter Sweden","og_description":"Via desktop\/dator Logga in p\u00e5 ditt online-konto via desktop. Klik [&hellip;]","og_url":"https:\/\/www.spottergps.com\/se\/stod\/andra-sprak\/","og_site_name":"Spotter Sweden","article_modified_time":"2025-12-10T07:38:51+00:00","twitter_card":"summary_large_image","twitter_misc":{"Ber\u00e4knad l\u00e4stid":"1 minut"},"schema":{"@context":"https:\/\/schema.org","@graph":[{"@type":"WebPage","@id":"https:\/\/www.spottergps.com\/se\/stod\/andra-sprak\/","url":"https:\/\/www.spottergps.com\/se\/stod\/andra-sprak\/","name":"\u00c4ndra spr\u00e5k - Spotter Sweden","isPartOf":{"@id":"https:\/\/www.spottergps.com\/se\/#website"},"datePublished":"2021-11-19T08:59:48+00:00","dateModified":"2025-12-10T07:38:51+00:00","breadcrumb":{"@id":"https:\/\/www.spottergps.com\/se\/stod\/andra-sprak\/#breadcrumb"},"inLanguage":"sv-SE","potentialAction":[{"@type":"ReadAction","target":["https:\/\/www.spottergps.com\/se\/stod\/andra-sprak\/"]}]},{"@type":"BreadcrumbList","@id":"https:\/\/www.spottergps.com\/se\/stod\/andra-sprak\/#breadcrumb","itemListElement":[{"@type":"ListItem","position":1,"name":"Home","item":"https:\/\/www.spottergps.com\/se\/"},{"@type":"ListItem","position":2,"name":"Hur kan vi hj\u00e4lpa dig?","item":"https:\/\/www.spottergps.com\/se\/stod\/"},{"@type":"ListItem","position":3,"name":"\u00c4ndra spr\u00e5k"}]},{"@type":"WebSite","@id":"https:\/\/www.spottergps.com\/se\/#website","url":"https:\/\/www.spottergps.com\/se\/","name":"Spotter Sweden","description":"Spotter GPS Sweden","potentialAction":[{"@type":"SearchAction","target":{"@type":"EntryPoint","urlTemplate":"https:\/\/www.spottergps.com\/se\/?s={search_term_string}"},"query-input":{"@type":"PropertyValueSpecification","valueRequired":true,"valueName":"search_term_string"}}],"inLanguage":"sv-SE"}]}},"_links":{"self":[{"href":"https:\/\/www.spottergps.com\/se\/wp-json\/wp\/v2\/pages\/15147","targetHints":{"allow":["GET"]}}],"collection":[{"href":"https:\/\/www.spottergps.com\/se\/wp-json\/wp\/v2\/pages"}],"about":[{"href":"https:\/\/www.spottergps.com\/se\/wp-json\/wp\/v2\/types\/page"}],"author":[{"embeddable":true,"href":"https:\/\/www.spottergps.com\/se\/wp-json\/wp\/v2\/users\/8"}],"replies":[{"embeddable":true,"href":"https:\/\/www.spottergps.com\/se\/wp-json\/wp\/v2\/comments?post=15147"}],"version-history":[{"count":1,"href":"https:\/\/www.spottergps.com\/se\/wp-json\/wp\/v2\/pages\/15147\/revisions"}],"predecessor-version":[{"id":15148,"href":"https:\/\/www.spottergps.com\/se\/wp-json\/wp\/v2\/pages\/15147\/revisions\/15148"}],"up":[{"embeddable":true,"href":"https:\/\/www.spottergps.com\/se\/wp-json\/wp\/v2\/pages\/15053"}],"wp:attachment":[{"href":"https:\/\/www.spottergps.com\/se\/wp-json\/wp\/v2\/media?parent=15147"}],"wp:term":[{"taxonomy":"category","embeddable":true,"href":"https:\/\/www.spottergps.com\/se\/wp-json\/wp\/v2\/categories?post=15147"},{"taxonomy":"post_tag","embeddable":true,"href":"https:\/\/www.spottergps.com\/se\/wp-json\/wp\/v2\/tags?post=15147"}],"curies":[{"name":"wp","href":"https:\/\/api.w.org\/{rel}","templated":true}]}}