{"id":15144,"date":"2021-11-19T08:55:57","date_gmt":"2021-11-19T08:55:57","guid":{"rendered":"https:\/\/www.spottergps.com\/se\/?page_id=15144"},"modified":"2025-12-10T07:38:28","modified_gmt":"2025-12-10T07:38:28","slug":"andra-min-e-postadress","status":"publish","type":"page","link":"https:\/\/www.spottergps.com\/se\/stod\/andra-min-e-postadress\/","title":{"rendered":"\u00c4ndra min e-postadress"},"content":{"rendered":"\n<p> E-postadressen f\u00f6r ett konto kan inte \u00e4ndras. Du registrerar d\u00e4rf\u00f6r ett nytt konto med den nya e-postadressen.\u00a0 <\/p>\n\n\n\n<p> <strong>Steg 1: Ta bort Spotter fr\u00e5n det gamla kontot <\/strong><\/p>\n\n\n\n<ul class=\"wp-block-list\"><li> <a href=\"https:\/\/my.spottergps.com\/\">Logga in h\u00e4r<\/a> p\u00e5 ditt online-konto. <\/li><li> G\u00e5 till \u201chome\u201d i menyn. <\/li><li> V\u00e4lj Spotter p\u00e5 kartan. <\/li><li> Klicka p\u00e5 Spotter och g\u00e5 till\u00a0 \u201cinst\u00e4llningar\u201d. Bevara Spotter-koden f\u00f6r att kunna koppla denna till ett nytt konto. <\/li><li> Klicka nu p\u00e5 \u201cradera system fr\u00e5n konto\u201d. <\/li><li> Klicka en g\u00e5ng till p\u00e5 \u201cradera\u201d om du \u00e4r s\u00e4ker p\u00e5 detta. <\/li><li> Spotter \u00e4r nu borttagen fr\u00e5n kontot. <\/li><\/ul>\n\n\n\n<p><strong>Steg 2: registrera nytt konto<\/strong><\/p>\n\n\n\n<ul class=\"wp-block-list\"><li> Skapa sedan ett nytt konto via <a href=\"https:\/\/my.spottergps.com\/\">inloggningssidan<\/a> och klicka p\u00e5 \u201cregistrera\u201d. <\/li><li> Maak hier uw account aan. Vervolgens wordt er gevraagd om uw e-mailadres te bevestigen. <\/li><li> Logga nu in p\u00e5 ditt nya online-konto, och en sk\u00e4rm visas d\u00e4r du blir ombedd att ange din Spotter-kod. <\/li><li> Ange h\u00e4r den 12-siffriga Spotter-koden som st\u00e5r p\u00e5 kortet. <\/li><li> Nu \u00e4r Spotter kopplad till ditt nya konto och din e-postadress \u00e4r \u00e4ndrad.\u00a0 <\/li><\/ul>\n","protected":false},"excerpt":{"rendered":"<p>E-postadressen f\u00f6r ett konto kan inte \u00e4ndras. Du registrerar d\u00e4rf\u00f6r [&hellip;]<\/p>\n","protected":false},"author":8,"featured_media":0,"parent":15053,"menu_order":0,"comment_status":"closed","ping_status":"closed","template":"faq-content.php","meta":{"_acf_changed":false,"footnotes":""},"categories":[],"tags":[],"class_list":["post-15144","page","type-page","status-publish","hentry"],"acf":[],"yoast_head":"<!-- This site is optimized with the Yoast SEO plugin v25.9 - https:\/\/yoast.com\/wordpress\/plugins\/seo\/ -->\n<title>\u00c4ndra min e-postadress - Spotter Sweden<\/title>\n<meta name=\"robots\" content=\"noindex, nofollow\" \/>\n<meta property=\"og:locale\" content=\"sv_SE\" \/>\n<meta property=\"og:type\" content=\"article\" \/>\n<meta property=\"og:title\" content=\"\u00c4ndra min e-postadress - Spotter Sweden\" \/>\n<meta property=\"og:description\" content=\"E-postadressen f\u00f6r ett konto kan inte \u00e4ndras. Du registrerar d\u00e4rf\u00f6r [&hellip;]\" \/>\n<meta property=\"og:url\" content=\"https:\/\/www.spottergps.com\/se\/stod\/andra-min-e-postadress\/\" \/>\n<meta property=\"og:site_name\" content=\"Spotter Sweden\" \/>\n<meta property=\"article:modified_time\" content=\"2025-12-10T07:38:28+00:00\" \/>\n<meta name=\"twitter:card\" content=\"summary_large_image\" \/>\n<meta name=\"twitter:label1\" content=\"Ber\u00e4knad l\u00e4stid\" \/>\n\t<meta name=\"twitter:data1\" content=\"1 minut\" \/>\n<script type=\"application\/ld+json\" class=\"yoast-schema-graph\">{\"@context\":\"https:\/\/schema.org\",\"@graph\":[{\"@type\":\"WebPage\",\"@id\":\"https:\/\/www.spottergps.com\/se\/stod\/andra-min-e-postadress\/\",\"url\":\"https:\/\/www.spottergps.com\/se\/stod\/andra-min-e-postadress\/\",\"name\":\"\u00c4ndra min e-postadress - Spotter Sweden\",\"isPartOf\":{\"@id\":\"https:\/\/www.spottergps.com\/se\/#website\"},\"datePublished\":\"2021-11-19T08:55:57+00:00\",\"dateModified\":\"2025-12-10T07:38:28+00:00\",\"breadcrumb\":{\"@id\":\"https:\/\/www.spottergps.com\/se\/stod\/andra-min-e-postadress\/#breadcrumb\"},\"inLanguage\":\"sv-SE\",\"potentialAction\":[{\"@type\":\"ReadAction\",\"target\":[\"https:\/\/www.spottergps.com\/se\/stod\/andra-min-e-postadress\/\"]}]},{\"@type\":\"BreadcrumbList\",\"@id\":\"https:\/\/www.spottergps.com\/se\/stod\/andra-min-e-postadress\/#breadcrumb\",\"itemListElement\":[{\"@type\":\"ListItem\",\"position\":1,\"name\":\"Home\",\"item\":\"https:\/\/www.spottergps.com\/se\/\"},{\"@type\":\"ListItem\",\"position\":2,\"name\":\"Hur kan vi hj\u00e4lpa dig?\",\"item\":\"https:\/\/www.spottergps.com\/se\/stod\/\"},{\"@type\":\"ListItem\",\"position\":3,\"name\":\"\u00c4ndra min e-postadress\"}]},{\"@type\":\"WebSite\",\"@id\":\"https:\/\/www.spottergps.com\/se\/#website\",\"url\":\"https:\/\/www.spottergps.com\/se\/\",\"name\":\"Spotter Sweden\",\"description\":\"Spotter GPS Sweden\",\"potentialAction\":[{\"@type\":\"SearchAction\",\"target\":{\"@type\":\"EntryPoint\",\"urlTemplate\":\"https:\/\/www.spottergps.com\/se\/?s={search_term_string}\"},\"query-input\":{\"@type\":\"PropertyValueSpecification\",\"valueRequired\":true,\"valueName\":\"search_term_string\"}}],\"inLanguage\":\"sv-SE\"}]}<\/script>\n<!-- \/ Yoast SEO plugin. -->","yoast_head_json":{"title":"\u00c4ndra min e-postadress - Spotter Sweden","robots":{"index":"noindex","follow":"nofollow"},"og_locale":"sv_SE","og_type":"article","og_title":"\u00c4ndra min e-postadress - Spotter Sweden","og_description":"E-postadressen f\u00f6r ett konto kan inte \u00e4ndras. Du registrerar d\u00e4rf\u00f6r [&hellip;]","og_url":"https:\/\/www.spottergps.com\/se\/stod\/andra-min-e-postadress\/","og_site_name":"Spotter Sweden","article_modified_time":"2025-12-10T07:38:28+00:00","twitter_card":"summary_large_image","twitter_misc":{"Ber\u00e4knad l\u00e4stid":"1 minut"},"schema":{"@context":"https:\/\/schema.org","@graph":[{"@type":"WebPage","@id":"https:\/\/www.spottergps.com\/se\/stod\/andra-min-e-postadress\/","url":"https:\/\/www.spottergps.com\/se\/stod\/andra-min-e-postadress\/","name":"\u00c4ndra min e-postadress - Spotter Sweden","isPartOf":{"@id":"https:\/\/www.spottergps.com\/se\/#website"},"datePublished":"2021-11-19T08:55:57+00:00","dateModified":"2025-12-10T07:38:28+00:00","breadcrumb":{"@id":"https:\/\/www.spottergps.com\/se\/stod\/andra-min-e-postadress\/#breadcrumb"},"inLanguage":"sv-SE","potentialAction":[{"@type":"ReadAction","target":["https:\/\/www.spottergps.com\/se\/stod\/andra-min-e-postadress\/"]}]},{"@type":"BreadcrumbList","@id":"https:\/\/www.spottergps.com\/se\/stod\/andra-min-e-postadress\/#breadcrumb","itemListElement":[{"@type":"ListItem","position":1,"name":"Home","item":"https:\/\/www.spottergps.com\/se\/"},{"@type":"ListItem","position":2,"name":"Hur kan vi hj\u00e4lpa dig?","item":"https:\/\/www.spottergps.com\/se\/stod\/"},{"@type":"ListItem","position":3,"name":"\u00c4ndra min e-postadress"}]},{"@type":"WebSite","@id":"https:\/\/www.spottergps.com\/se\/#website","url":"https:\/\/www.spottergps.com\/se\/","name":"Spotter Sweden","description":"Spotter GPS Sweden","potentialAction":[{"@type":"SearchAction","target":{"@type":"EntryPoint","urlTemplate":"https:\/\/www.spottergps.com\/se\/?s={search_term_string}"},"query-input":{"@type":"PropertyValueSpecification","valueRequired":true,"valueName":"search_term_string"}}],"inLanguage":"sv-SE"}]}},"_links":{"self":[{"href":"https:\/\/www.spottergps.com\/se\/wp-json\/wp\/v2\/pages\/15144","targetHints":{"allow":["GET"]}}],"collection":[{"href":"https:\/\/www.spottergps.com\/se\/wp-json\/wp\/v2\/pages"}],"about":[{"href":"https:\/\/www.spottergps.com\/se\/wp-json\/wp\/v2\/types\/page"}],"author":[{"embeddable":true,"href":"https:\/\/www.spottergps.com\/se\/wp-json\/wp\/v2\/users\/8"}],"replies":[{"embeddable":true,"href":"https:\/\/www.spottergps.com\/se\/wp-json\/wp\/v2\/comments?post=15144"}],"version-history":[{"count":1,"href":"https:\/\/www.spottergps.com\/se\/wp-json\/wp\/v2\/pages\/15144\/revisions"}],"predecessor-version":[{"id":15145,"href":"https:\/\/www.spottergps.com\/se\/wp-json\/wp\/v2\/pages\/15144\/revisions\/15145"}],"up":[{"embeddable":true,"href":"https:\/\/www.spottergps.com\/se\/wp-json\/wp\/v2\/pages\/15053"}],"wp:attachment":[{"href":"https:\/\/www.spottergps.com\/se\/wp-json\/wp\/v2\/media?parent=15144"}],"wp:term":[{"taxonomy":"category","embeddable":true,"href":"https:\/\/www.spottergps.com\/se\/wp-json\/wp\/v2\/categories?post=15144"},{"taxonomy":"post_tag","embeddable":true,"href":"https:\/\/www.spottergps.com\/se\/wp-json\/wp\/v2\/tags?post=15144"}],"curies":[{"name":"wp","href":"https:\/\/api.w.org\/{rel}","templated":true}]}}