{"id":15141,"date":"2021-11-19T08:45:42","date_gmt":"2021-11-19T08:45:42","guid":{"rendered":"https:\/\/www.spottergps.com\/se\/?page_id=15141"},"modified":"2025-12-10T07:45:03","modified_gmt":"2025-12-10T07:45:03","slug":"jag-kan-inte-langre-logga-in","status":"publish","type":"page","link":"https:\/\/www.spottergps.com\/se\/stod\/jag-kan-inte-langre-logga-in\/","title":{"rendered":"Jag kan inte l\u00e4ngre logga in"},"content":{"rendered":"\n<p>Om det visas ett meddelande att ditt anv\u00e4ndarnamn och\/eller l\u00f6senord \u00e4r felaktigt, st\u00e4mmer inte kombinationen som du har angett. Leta i s\u00e5 fall upp de r\u00e4tta uppgifterna, eller beg\u00e4r ett nytt l\u00f6senord. Det g\u00f6r du p\u00e5 f\u00f6ljande s\u00e4tt:<\/p>\n\n\n\n<ol class=\"wp-block-list\"><li>G\u00e5 till <a href=\"https:\/\/my.spottergps.com\/\">online-konto<\/a> och klicka p\u00e5 \u2018gl\u00f6mt l\u00f6senord\u2019. <\/li><li> Ange h\u00e4r e-postadressen f\u00f6r kontot. <\/li><li> Du f\u00e5r en notifikation om att ett e-postmeddelande skickas. <\/li><li> \u00d6ppna e-postmeddelandet och klicka p\u00e5 l\u00e4nken. <\/li><li> Ange ett nytt l\u00f6senord. <\/li><li>G\u00e5 tillbaka till inloggningssidan och logga in med det nya l\u00f6senordet.<\/li><\/ol>\n","protected":false},"excerpt":{"rendered":"<p>Om det visas ett meddelande att ditt anv\u00e4ndarnamn och\/eller l\u00f6senord [&hellip;]<\/p>\n","protected":false},"author":8,"featured_media":0,"parent":15053,"menu_order":0,"comment_status":"closed","ping_status":"closed","template":"faq-content.php","meta":{"_acf_changed":false,"footnotes":""},"categories":[],"tags":[],"class_list":["post-15141","page","type-page","status-publish","hentry"],"acf":[],"yoast_head":"<!-- This site is optimized with the Yoast SEO plugin v25.9 - https:\/\/yoast.com\/wordpress\/plugins\/seo\/ -->\n<title>Jag kan inte l\u00e4ngre logga in - Spotter Sweden<\/title>\n<meta name=\"robots\" content=\"noindex, nofollow\" \/>\n<meta property=\"og:locale\" content=\"sv_SE\" \/>\n<meta property=\"og:type\" content=\"article\" \/>\n<meta property=\"og:title\" content=\"Jag kan inte l\u00e4ngre logga in - Spotter Sweden\" \/>\n<meta property=\"og:description\" content=\"Om det visas ett meddelande att ditt anv\u00e4ndarnamn och\/eller l\u00f6senord [&hellip;]\" \/>\n<meta property=\"og:url\" content=\"https:\/\/www.spottergps.com\/se\/stod\/jag-kan-inte-langre-logga-in\/\" \/>\n<meta property=\"og:site_name\" content=\"Spotter Sweden\" \/>\n<meta property=\"article:modified_time\" content=\"2025-12-10T07:45:03+00:00\" \/>\n<meta name=\"twitter:card\" content=\"summary_large_image\" \/>\n<meta name=\"twitter:label1\" content=\"Ber\u00e4knad l\u00e4stid\" \/>\n\t<meta name=\"twitter:data1\" content=\"1 minut\" \/>\n<script type=\"application\/ld+json\" class=\"yoast-schema-graph\">{\"@context\":\"https:\/\/schema.org\",\"@graph\":[{\"@type\":\"WebPage\",\"@id\":\"https:\/\/www.spottergps.com\/se\/stod\/jag-kan-inte-langre-logga-in\/\",\"url\":\"https:\/\/www.spottergps.com\/se\/stod\/jag-kan-inte-langre-logga-in\/\",\"name\":\"Jag kan inte l\u00e4ngre logga in - Spotter Sweden\",\"isPartOf\":{\"@id\":\"https:\/\/www.spottergps.com\/se\/#website\"},\"datePublished\":\"2021-11-19T08:45:42+00:00\",\"dateModified\":\"2025-12-10T07:45:03+00:00\",\"breadcrumb\":{\"@id\":\"https:\/\/www.spottergps.com\/se\/stod\/jag-kan-inte-langre-logga-in\/#breadcrumb\"},\"inLanguage\":\"sv-SE\",\"potentialAction\":[{\"@type\":\"ReadAction\",\"target\":[\"https:\/\/www.spottergps.com\/se\/stod\/jag-kan-inte-langre-logga-in\/\"]}]},{\"@type\":\"BreadcrumbList\",\"@id\":\"https:\/\/www.spottergps.com\/se\/stod\/jag-kan-inte-langre-logga-in\/#breadcrumb\",\"itemListElement\":[{\"@type\":\"ListItem\",\"position\":1,\"name\":\"Home\",\"item\":\"https:\/\/www.spottergps.com\/se\/\"},{\"@type\":\"ListItem\",\"position\":2,\"name\":\"Hur kan vi hj\u00e4lpa dig?\",\"item\":\"https:\/\/www.spottergps.com\/se\/stod\/\"},{\"@type\":\"ListItem\",\"position\":3,\"name\":\"Jag kan inte l\u00e4ngre logga in\"}]},{\"@type\":\"WebSite\",\"@id\":\"https:\/\/www.spottergps.com\/se\/#website\",\"url\":\"https:\/\/www.spottergps.com\/se\/\",\"name\":\"Spotter Sweden\",\"description\":\"Spotter GPS Sweden\",\"potentialAction\":[{\"@type\":\"SearchAction\",\"target\":{\"@type\":\"EntryPoint\",\"urlTemplate\":\"https:\/\/www.spottergps.com\/se\/?s={search_term_string}\"},\"query-input\":{\"@type\":\"PropertyValueSpecification\",\"valueRequired\":true,\"valueName\":\"search_term_string\"}}],\"inLanguage\":\"sv-SE\"}]}<\/script>\n<!-- \/ Yoast SEO plugin. -->","yoast_head_json":{"title":"Jag kan inte l\u00e4ngre logga in - Spotter Sweden","robots":{"index":"noindex","follow":"nofollow"},"og_locale":"sv_SE","og_type":"article","og_title":"Jag kan inte l\u00e4ngre logga in - Spotter Sweden","og_description":"Om det visas ett meddelande att ditt anv\u00e4ndarnamn och\/eller l\u00f6senord [&hellip;]","og_url":"https:\/\/www.spottergps.com\/se\/stod\/jag-kan-inte-langre-logga-in\/","og_site_name":"Spotter Sweden","article_modified_time":"2025-12-10T07:45:03+00:00","twitter_card":"summary_large_image","twitter_misc":{"Ber\u00e4knad l\u00e4stid":"1 minut"},"schema":{"@context":"https:\/\/schema.org","@graph":[{"@type":"WebPage","@id":"https:\/\/www.spottergps.com\/se\/stod\/jag-kan-inte-langre-logga-in\/","url":"https:\/\/www.spottergps.com\/se\/stod\/jag-kan-inte-langre-logga-in\/","name":"Jag kan inte l\u00e4ngre logga in - Spotter Sweden","isPartOf":{"@id":"https:\/\/www.spottergps.com\/se\/#website"},"datePublished":"2021-11-19T08:45:42+00:00","dateModified":"2025-12-10T07:45:03+00:00","breadcrumb":{"@id":"https:\/\/www.spottergps.com\/se\/stod\/jag-kan-inte-langre-logga-in\/#breadcrumb"},"inLanguage":"sv-SE","potentialAction":[{"@type":"ReadAction","target":["https:\/\/www.spottergps.com\/se\/stod\/jag-kan-inte-langre-logga-in\/"]}]},{"@type":"BreadcrumbList","@id":"https:\/\/www.spottergps.com\/se\/stod\/jag-kan-inte-langre-logga-in\/#breadcrumb","itemListElement":[{"@type":"ListItem","position":1,"name":"Home","item":"https:\/\/www.spottergps.com\/se\/"},{"@type":"ListItem","position":2,"name":"Hur kan vi hj\u00e4lpa dig?","item":"https:\/\/www.spottergps.com\/se\/stod\/"},{"@type":"ListItem","position":3,"name":"Jag kan inte l\u00e4ngre logga in"}]},{"@type":"WebSite","@id":"https:\/\/www.spottergps.com\/se\/#website","url":"https:\/\/www.spottergps.com\/se\/","name":"Spotter Sweden","description":"Spotter GPS Sweden","potentialAction":[{"@type":"SearchAction","target":{"@type":"EntryPoint","urlTemplate":"https:\/\/www.spottergps.com\/se\/?s={search_term_string}"},"query-input":{"@type":"PropertyValueSpecification","valueRequired":true,"valueName":"search_term_string"}}],"inLanguage":"sv-SE"}]}},"_links":{"self":[{"href":"https:\/\/www.spottergps.com\/se\/wp-json\/wp\/v2\/pages\/15141","targetHints":{"allow":["GET"]}}],"collection":[{"href":"https:\/\/www.spottergps.com\/se\/wp-json\/wp\/v2\/pages"}],"about":[{"href":"https:\/\/www.spottergps.com\/se\/wp-json\/wp\/v2\/types\/page"}],"author":[{"embeddable":true,"href":"https:\/\/www.spottergps.com\/se\/wp-json\/wp\/v2\/users\/8"}],"replies":[{"embeddable":true,"href":"https:\/\/www.spottergps.com\/se\/wp-json\/wp\/v2\/comments?post=15141"}],"version-history":[{"count":2,"href":"https:\/\/www.spottergps.com\/se\/wp-json\/wp\/v2\/pages\/15141\/revisions"}],"predecessor-version":[{"id":15289,"href":"https:\/\/www.spottergps.com\/se\/wp-json\/wp\/v2\/pages\/15141\/revisions\/15289"}],"up":[{"embeddable":true,"href":"https:\/\/www.spottergps.com\/se\/wp-json\/wp\/v2\/pages\/15053"}],"wp:attachment":[{"href":"https:\/\/www.spottergps.com\/se\/wp-json\/wp\/v2\/media?parent=15141"}],"wp:term":[{"taxonomy":"category","embeddable":true,"href":"https:\/\/www.spottergps.com\/se\/wp-json\/wp\/v2\/categories?post=15141"},{"taxonomy":"post_tag","embeddable":true,"href":"https:\/\/www.spottergps.com\/se\/wp-json\/wp\/v2\/tags?post=15141"}],"curies":[{"name":"wp","href":"https:\/\/api.w.org\/{rel}","templated":true}]}}