{"id":15135,"date":"2021-11-19T08:38:57","date_gmt":"2021-11-19T08:38:57","guid":{"rendered":"https:\/\/www.spottergps.com\/se\/?page_id=15135"},"modified":"2025-12-10T07:46:11","modified_gmt":"2025-12-10T07:46:11","slug":"koppla-spotter-till-mitt-konto","status":"publish","type":"page","link":"https:\/\/www.spottergps.com\/se\/stod\/koppla-spotter-till-mitt-konto\/","title":{"rendered":"Koppla Spotter till mitt konto"},"content":{"rendered":"\n<p>Du kopplar en ny Spotter till ett konto p\u00e5 f\u00f6ljande s\u00e4tt:<\/p>\n\n\n\n<ul class=\"wp-block-list\"><li><a href=\"https:\/\/my.spottergps.com\/\">Registrera ett konto h\u00e4r<\/a> om du \u00e4nnu inte har gjort detta. <\/li><li>Logga in p\u00e5 kontot. <\/li><li>Det visas en sk\u00e4rm med en beg\u00e4ran om att fylla i din Spotter-kod. Om du redan har ett konto, g\u00e5r du i menyn till \u201cL\u00e4gg till Spotter\u201d. <\/li><li>H\u00e4r fyller du i den 12-siffriga Spotter-koden som st\u00e5r p\u00e5 (det bl\u00e5) kortet i f\u00f6rpackningen. <\/li><li>Nu \u00e4r produkten kopplad till ditt konto och du kan b\u00f6rja anv\u00e4nda Spotter. <\/li><\/ul>\n\n\n\n<p>Det \u00e4r m\u00f6jligt att koppla flera Spotters till ett och samma konto. P\u00e5 s\u00e5 vis f\u00e5r du en \u00f6versikt av alla Spotter-anv\u00e4ndare p\u00e5 en och samma karta.<\/p>\n","protected":false},"excerpt":{"rendered":"<p>Du kopplar en ny Spotter till ett konto p\u00e5 f\u00f6ljande [&hellip;]<\/p>\n","protected":false},"author":8,"featured_media":0,"parent":15053,"menu_order":0,"comment_status":"closed","ping_status":"closed","template":"faq-content.php","meta":{"_acf_changed":false,"footnotes":""},"categories":[],"tags":[],"class_list":["post-15135","page","type-page","status-publish","hentry"],"acf":[],"yoast_head":"<!-- This site is optimized with the Yoast SEO plugin v25.9 - https:\/\/yoast.com\/wordpress\/plugins\/seo\/ -->\n<title>Koppla Spotter till mitt konto - Spotter Sweden<\/title>\n<meta name=\"robots\" content=\"noindex, nofollow\" \/>\n<meta property=\"og:locale\" content=\"sv_SE\" \/>\n<meta property=\"og:type\" content=\"article\" \/>\n<meta property=\"og:title\" content=\"Koppla Spotter till mitt konto - Spotter Sweden\" \/>\n<meta property=\"og:description\" content=\"Du kopplar en ny Spotter till ett konto p\u00e5 f\u00f6ljande [&hellip;]\" \/>\n<meta property=\"og:url\" content=\"https:\/\/www.spottergps.com\/se\/stod\/koppla-spotter-till-mitt-konto\/\" \/>\n<meta property=\"og:site_name\" content=\"Spotter Sweden\" \/>\n<meta property=\"article:modified_time\" content=\"2025-12-10T07:46:11+00:00\" \/>\n<meta name=\"twitter:card\" content=\"summary_large_image\" \/>\n<meta name=\"twitter:label1\" content=\"Ber\u00e4knad l\u00e4stid\" \/>\n\t<meta name=\"twitter:data1\" content=\"1 minut\" \/>\n<script type=\"application\/ld+json\" class=\"yoast-schema-graph\">{\"@context\":\"https:\/\/schema.org\",\"@graph\":[{\"@type\":\"WebPage\",\"@id\":\"https:\/\/www.spottergps.com\/se\/stod\/koppla-spotter-till-mitt-konto\/\",\"url\":\"https:\/\/www.spottergps.com\/se\/stod\/koppla-spotter-till-mitt-konto\/\",\"name\":\"Koppla Spotter till mitt konto - Spotter Sweden\",\"isPartOf\":{\"@id\":\"https:\/\/www.spottergps.com\/se\/#website\"},\"datePublished\":\"2021-11-19T08:38:57+00:00\",\"dateModified\":\"2025-12-10T07:46:11+00:00\",\"breadcrumb\":{\"@id\":\"https:\/\/www.spottergps.com\/se\/stod\/koppla-spotter-till-mitt-konto\/#breadcrumb\"},\"inLanguage\":\"sv-SE\",\"potentialAction\":[{\"@type\":\"ReadAction\",\"target\":[\"https:\/\/www.spottergps.com\/se\/stod\/koppla-spotter-till-mitt-konto\/\"]}]},{\"@type\":\"BreadcrumbList\",\"@id\":\"https:\/\/www.spottergps.com\/se\/stod\/koppla-spotter-till-mitt-konto\/#breadcrumb\",\"itemListElement\":[{\"@type\":\"ListItem\",\"position\":1,\"name\":\"Home\",\"item\":\"https:\/\/www.spottergps.com\/se\/\"},{\"@type\":\"ListItem\",\"position\":2,\"name\":\"Hur kan vi hj\u00e4lpa dig?\",\"item\":\"https:\/\/www.spottergps.com\/se\/stod\/\"},{\"@type\":\"ListItem\",\"position\":3,\"name\":\"Koppla Spotter till mitt konto\"}]},{\"@type\":\"WebSite\",\"@id\":\"https:\/\/www.spottergps.com\/se\/#website\",\"url\":\"https:\/\/www.spottergps.com\/se\/\",\"name\":\"Spotter Sweden\",\"description\":\"Spotter GPS Sweden\",\"potentialAction\":[{\"@type\":\"SearchAction\",\"target\":{\"@type\":\"EntryPoint\",\"urlTemplate\":\"https:\/\/www.spottergps.com\/se\/?s={search_term_string}\"},\"query-input\":{\"@type\":\"PropertyValueSpecification\",\"valueRequired\":true,\"valueName\":\"search_term_string\"}}],\"inLanguage\":\"sv-SE\"}]}<\/script>\n<!-- \/ Yoast SEO plugin. -->","yoast_head_json":{"title":"Koppla Spotter till mitt konto - Spotter Sweden","robots":{"index":"noindex","follow":"nofollow"},"og_locale":"sv_SE","og_type":"article","og_title":"Koppla Spotter till mitt konto - Spotter Sweden","og_description":"Du kopplar en ny Spotter till ett konto p\u00e5 f\u00f6ljande [&hellip;]","og_url":"https:\/\/www.spottergps.com\/se\/stod\/koppla-spotter-till-mitt-konto\/","og_site_name":"Spotter Sweden","article_modified_time":"2025-12-10T07:46:11+00:00","twitter_card":"summary_large_image","twitter_misc":{"Ber\u00e4knad l\u00e4stid":"1 minut"},"schema":{"@context":"https:\/\/schema.org","@graph":[{"@type":"WebPage","@id":"https:\/\/www.spottergps.com\/se\/stod\/koppla-spotter-till-mitt-konto\/","url":"https:\/\/www.spottergps.com\/se\/stod\/koppla-spotter-till-mitt-konto\/","name":"Koppla Spotter till mitt konto - Spotter Sweden","isPartOf":{"@id":"https:\/\/www.spottergps.com\/se\/#website"},"datePublished":"2021-11-19T08:38:57+00:00","dateModified":"2025-12-10T07:46:11+00:00","breadcrumb":{"@id":"https:\/\/www.spottergps.com\/se\/stod\/koppla-spotter-till-mitt-konto\/#breadcrumb"},"inLanguage":"sv-SE","potentialAction":[{"@type":"ReadAction","target":["https:\/\/www.spottergps.com\/se\/stod\/koppla-spotter-till-mitt-konto\/"]}]},{"@type":"BreadcrumbList","@id":"https:\/\/www.spottergps.com\/se\/stod\/koppla-spotter-till-mitt-konto\/#breadcrumb","itemListElement":[{"@type":"ListItem","position":1,"name":"Home","item":"https:\/\/www.spottergps.com\/se\/"},{"@type":"ListItem","position":2,"name":"Hur kan vi hj\u00e4lpa dig?","item":"https:\/\/www.spottergps.com\/se\/stod\/"},{"@type":"ListItem","position":3,"name":"Koppla Spotter till mitt konto"}]},{"@type":"WebSite","@id":"https:\/\/www.spottergps.com\/se\/#website","url":"https:\/\/www.spottergps.com\/se\/","name":"Spotter Sweden","description":"Spotter GPS Sweden","potentialAction":[{"@type":"SearchAction","target":{"@type":"EntryPoint","urlTemplate":"https:\/\/www.spottergps.com\/se\/?s={search_term_string}"},"query-input":{"@type":"PropertyValueSpecification","valueRequired":true,"valueName":"search_term_string"}}],"inLanguage":"sv-SE"}]}},"_links":{"self":[{"href":"https:\/\/www.spottergps.com\/se\/wp-json\/wp\/v2\/pages\/15135","targetHints":{"allow":["GET"]}}],"collection":[{"href":"https:\/\/www.spottergps.com\/se\/wp-json\/wp\/v2\/pages"}],"about":[{"href":"https:\/\/www.spottergps.com\/se\/wp-json\/wp\/v2\/types\/page"}],"author":[{"embeddable":true,"href":"https:\/\/www.spottergps.com\/se\/wp-json\/wp\/v2\/users\/8"}],"replies":[{"embeddable":true,"href":"https:\/\/www.spottergps.com\/se\/wp-json\/wp\/v2\/comments?post=15135"}],"version-history":[{"count":2,"href":"https:\/\/www.spottergps.com\/se\/wp-json\/wp\/v2\/pages\/15135\/revisions"}],"predecessor-version":[{"id":15287,"href":"https:\/\/www.spottergps.com\/se\/wp-json\/wp\/v2\/pages\/15135\/revisions\/15287"}],"up":[{"embeddable":true,"href":"https:\/\/www.spottergps.com\/se\/wp-json\/wp\/v2\/pages\/15053"}],"wp:attachment":[{"href":"https:\/\/www.spottergps.com\/se\/wp-json\/wp\/v2\/media?parent=15135"}],"wp:term":[{"taxonomy":"category","embeddable":true,"href":"https:\/\/www.spottergps.com\/se\/wp-json\/wp\/v2\/categories?post=15135"},{"taxonomy":"post_tag","embeddable":true,"href":"https:\/\/www.spottergps.com\/se\/wp-json\/wp\/v2\/tags?post=15135"}],"curies":[{"name":"wp","href":"https:\/\/api.w.org\/{rel}","templated":true}]}}