{"id":15132,"date":"2021-11-19T08:35:48","date_gmt":"2021-11-19T08:35:48","guid":{"rendered":"https:\/\/www.spottergps.com\/se\/?page_id=15132"},"modified":"2025-12-10T07:45:18","modified_gmt":"2025-12-10T07:45:18","slug":"kan-flera-personer-logga-in-samtidigt","status":"publish","type":"page","link":"https:\/\/www.spottergps.com\/se\/stod\/kan-flera-personer-logga-in-samtidigt\/","title":{"rendered":"Kan flera personer logga in samtidigt?"},"content":{"rendered":"\n<p>Javisst, flera personer kan logga in samtidigt p\u00e5 ett konto. Varje Spotter \u00e4r kopplad till endast ett konto. Alla som har tillg\u00e5ng till dess inloggningsuppgifter kan logga in. Detta kan \u00e4ven vara flera personer samtidigt. Notifikationerna som Spotter s\u00e4nder ut skickas till alla som \u00e4r inloggade via Spotter-appen.<br><br>S\u00e4g att ett team p\u00e5 10 personer har alla installerat Spotter-appen och \u00e4r inloggade p\u00e5 samma konto, s\u00e5 f\u00e5r alla 10 personer samma notifikationer.<\/p>\n","protected":false},"excerpt":{"rendered":"<p>Javisst, flera personer kan logga in samtidigt p\u00e5 ett konto. [&hellip;]<\/p>\n","protected":false},"author":8,"featured_media":0,"parent":15053,"menu_order":0,"comment_status":"closed","ping_status":"closed","template":"faq-content.php","meta":{"_acf_changed":false,"footnotes":""},"categories":[],"tags":[],"class_list":["post-15132","page","type-page","status-publish","hentry"],"acf":[],"yoast_head":"<!-- This site is optimized with the Yoast SEO plugin v25.9 - https:\/\/yoast.com\/wordpress\/plugins\/seo\/ -->\n<title>Kan flera personer logga in samtidigt? - Spotter Sweden<\/title>\n<meta name=\"robots\" content=\"noindex, nofollow\" \/>\n<meta property=\"og:locale\" content=\"sv_SE\" \/>\n<meta property=\"og:type\" content=\"article\" \/>\n<meta property=\"og:title\" content=\"Kan flera personer logga in samtidigt? - Spotter Sweden\" \/>\n<meta property=\"og:description\" content=\"Javisst, flera personer kan logga in samtidigt p\u00e5 ett konto. [&hellip;]\" \/>\n<meta property=\"og:url\" content=\"https:\/\/www.spottergps.com\/se\/stod\/kan-flera-personer-logga-in-samtidigt\/\" \/>\n<meta property=\"og:site_name\" content=\"Spotter Sweden\" \/>\n<meta property=\"article:modified_time\" content=\"2025-12-10T07:45:18+00:00\" \/>\n<meta name=\"twitter:card\" content=\"summary_large_image\" \/>\n<meta name=\"twitter:label1\" content=\"Ber\u00e4knad l\u00e4stid\" \/>\n\t<meta name=\"twitter:data1\" content=\"1 minut\" \/>\n<script type=\"application\/ld+json\" class=\"yoast-schema-graph\">{\"@context\":\"https:\/\/schema.org\",\"@graph\":[{\"@type\":\"WebPage\",\"@id\":\"https:\/\/www.spottergps.com\/se\/stod\/kan-flera-personer-logga-in-samtidigt\/\",\"url\":\"https:\/\/www.spottergps.com\/se\/stod\/kan-flera-personer-logga-in-samtidigt\/\",\"name\":\"Kan flera personer logga in samtidigt? - Spotter Sweden\",\"isPartOf\":{\"@id\":\"https:\/\/www.spottergps.com\/se\/#website\"},\"datePublished\":\"2021-11-19T08:35:48+00:00\",\"dateModified\":\"2025-12-10T07:45:18+00:00\",\"breadcrumb\":{\"@id\":\"https:\/\/www.spottergps.com\/se\/stod\/kan-flera-personer-logga-in-samtidigt\/#breadcrumb\"},\"inLanguage\":\"sv-SE\",\"potentialAction\":[{\"@type\":\"ReadAction\",\"target\":[\"https:\/\/www.spottergps.com\/se\/stod\/kan-flera-personer-logga-in-samtidigt\/\"]}]},{\"@type\":\"BreadcrumbList\",\"@id\":\"https:\/\/www.spottergps.com\/se\/stod\/kan-flera-personer-logga-in-samtidigt\/#breadcrumb\",\"itemListElement\":[{\"@type\":\"ListItem\",\"position\":1,\"name\":\"Home\",\"item\":\"https:\/\/www.spottergps.com\/se\/\"},{\"@type\":\"ListItem\",\"position\":2,\"name\":\"Hur kan vi hj\u00e4lpa dig?\",\"item\":\"https:\/\/www.spottergps.com\/se\/stod\/\"},{\"@type\":\"ListItem\",\"position\":3,\"name\":\"Kan flera personer logga in samtidigt?\"}]},{\"@type\":\"WebSite\",\"@id\":\"https:\/\/www.spottergps.com\/se\/#website\",\"url\":\"https:\/\/www.spottergps.com\/se\/\",\"name\":\"Spotter Sweden\",\"description\":\"Spotter GPS Sweden\",\"potentialAction\":[{\"@type\":\"SearchAction\",\"target\":{\"@type\":\"EntryPoint\",\"urlTemplate\":\"https:\/\/www.spottergps.com\/se\/?s={search_term_string}\"},\"query-input\":{\"@type\":\"PropertyValueSpecification\",\"valueRequired\":true,\"valueName\":\"search_term_string\"}}],\"inLanguage\":\"sv-SE\"}]}<\/script>\n<!-- \/ Yoast SEO plugin. -->","yoast_head_json":{"title":"Kan flera personer logga in samtidigt? - Spotter Sweden","robots":{"index":"noindex","follow":"nofollow"},"og_locale":"sv_SE","og_type":"article","og_title":"Kan flera personer logga in samtidigt? - Spotter Sweden","og_description":"Javisst, flera personer kan logga in samtidigt p\u00e5 ett konto. [&hellip;]","og_url":"https:\/\/www.spottergps.com\/se\/stod\/kan-flera-personer-logga-in-samtidigt\/","og_site_name":"Spotter Sweden","article_modified_time":"2025-12-10T07:45:18+00:00","twitter_card":"summary_large_image","twitter_misc":{"Ber\u00e4knad l\u00e4stid":"1 minut"},"schema":{"@context":"https:\/\/schema.org","@graph":[{"@type":"WebPage","@id":"https:\/\/www.spottergps.com\/se\/stod\/kan-flera-personer-logga-in-samtidigt\/","url":"https:\/\/www.spottergps.com\/se\/stod\/kan-flera-personer-logga-in-samtidigt\/","name":"Kan flera personer logga in samtidigt? - Spotter Sweden","isPartOf":{"@id":"https:\/\/www.spottergps.com\/se\/#website"},"datePublished":"2021-11-19T08:35:48+00:00","dateModified":"2025-12-10T07:45:18+00:00","breadcrumb":{"@id":"https:\/\/www.spottergps.com\/se\/stod\/kan-flera-personer-logga-in-samtidigt\/#breadcrumb"},"inLanguage":"sv-SE","potentialAction":[{"@type":"ReadAction","target":["https:\/\/www.spottergps.com\/se\/stod\/kan-flera-personer-logga-in-samtidigt\/"]}]},{"@type":"BreadcrumbList","@id":"https:\/\/www.spottergps.com\/se\/stod\/kan-flera-personer-logga-in-samtidigt\/#breadcrumb","itemListElement":[{"@type":"ListItem","position":1,"name":"Home","item":"https:\/\/www.spottergps.com\/se\/"},{"@type":"ListItem","position":2,"name":"Hur kan vi hj\u00e4lpa dig?","item":"https:\/\/www.spottergps.com\/se\/stod\/"},{"@type":"ListItem","position":3,"name":"Kan flera personer logga in samtidigt?"}]},{"@type":"WebSite","@id":"https:\/\/www.spottergps.com\/se\/#website","url":"https:\/\/www.spottergps.com\/se\/","name":"Spotter Sweden","description":"Spotter GPS Sweden","potentialAction":[{"@type":"SearchAction","target":{"@type":"EntryPoint","urlTemplate":"https:\/\/www.spottergps.com\/se\/?s={search_term_string}"},"query-input":{"@type":"PropertyValueSpecification","valueRequired":true,"valueName":"search_term_string"}}],"inLanguage":"sv-SE"}]}},"_links":{"self":[{"href":"https:\/\/www.spottergps.com\/se\/wp-json\/wp\/v2\/pages\/15132","targetHints":{"allow":["GET"]}}],"collection":[{"href":"https:\/\/www.spottergps.com\/se\/wp-json\/wp\/v2\/pages"}],"about":[{"href":"https:\/\/www.spottergps.com\/se\/wp-json\/wp\/v2\/types\/page"}],"author":[{"embeddable":true,"href":"https:\/\/www.spottergps.com\/se\/wp-json\/wp\/v2\/users\/8"}],"replies":[{"embeddable":true,"href":"https:\/\/www.spottergps.com\/se\/wp-json\/wp\/v2\/comments?post=15132"}],"version-history":[{"count":1,"href":"https:\/\/www.spottergps.com\/se\/wp-json\/wp\/v2\/pages\/15132\/revisions"}],"predecessor-version":[{"id":15133,"href":"https:\/\/www.spottergps.com\/se\/wp-json\/wp\/v2\/pages\/15132\/revisions\/15133"}],"up":[{"embeddable":true,"href":"https:\/\/www.spottergps.com\/se\/wp-json\/wp\/v2\/pages\/15053"}],"wp:attachment":[{"href":"https:\/\/www.spottergps.com\/se\/wp-json\/wp\/v2\/media?parent=15132"}],"wp:term":[{"taxonomy":"category","embeddable":true,"href":"https:\/\/www.spottergps.com\/se\/wp-json\/wp\/v2\/categories?post=15132"},{"taxonomy":"post_tag","embeddable":true,"href":"https:\/\/www.spottergps.com\/se\/wp-json\/wp\/v2\/tags?post=15132"}],"curies":[{"name":"wp","href":"https:\/\/api.w.org\/{rel}","templated":true}]}}