{"id":15108,"date":"2021-11-19T08:14:15","date_gmt":"2021-11-19T08:14:15","guid":{"rendered":"https:\/\/www.spottergps.com\/se\/?page_id=15108"},"modified":"2025-12-10T07:47:37","modified_gmt":"2025-12-10T07:47:37","slug":"marknadsforing-och-public-relations","status":"publish","type":"page","link":"https:\/\/www.spottergps.com\/se\/stod\/marknadsforing-och-public-relations\/","title":{"rendered":"Marknadsf\u00f6ring och Public Relations"},"content":{"rendered":"\n<p>V\u00e5r marknadsf\u00f6rings- och kommunikationsavdelning kan n\u00e5s via <a href=\"mailto:wendy@spottergps.com\">denna e-postadress<\/a>. Hit kan du v\u00e4nda dig f\u00f6r bl.a.: press- eller mediakontakt, marknadsf\u00f6ringsfr\u00e5gor, partnerskap och sponsring. Vi tar g\u00e4rna emot ditt meddelande! <br> <br><br> Tags: media, press, marknadsf\u00f6ringsavdelning, kommunikationsavdelning, pr<\/p>\n\n\n\n<p><\/p>\n","protected":false},"excerpt":{"rendered":"<p>V\u00e5r marknadsf\u00f6rings- och kommunikationsavdelning kan n\u00e5s via denna e-postadress. Hit [&hellip;]<\/p>\n","protected":false},"author":8,"featured_media":0,"parent":15053,"menu_order":0,"comment_status":"closed","ping_status":"closed","template":"faq-content.php","meta":{"_acf_changed":false,"footnotes":""},"categories":[],"tags":[],"class_list":["post-15108","page","type-page","status-publish","hentry"],"acf":[],"yoast_head":"<!-- This site is optimized with the Yoast SEO plugin v25.9 - https:\/\/yoast.com\/wordpress\/plugins\/seo\/ -->\n<title>Marknadsf\u00f6ring och Public Relations - Spotter Sweden<\/title>\n<meta name=\"robots\" content=\"noindex, nofollow\" \/>\n<meta property=\"og:locale\" content=\"sv_SE\" \/>\n<meta property=\"og:type\" content=\"article\" \/>\n<meta property=\"og:title\" content=\"Marknadsf\u00f6ring och Public Relations - Spotter Sweden\" \/>\n<meta property=\"og:description\" content=\"V\u00e5r marknadsf\u00f6rings- och kommunikationsavdelning kan n\u00e5s via denna e-postadress. Hit [&hellip;]\" \/>\n<meta property=\"og:url\" content=\"https:\/\/www.spottergps.com\/se\/stod\/marknadsforing-och-public-relations\/\" \/>\n<meta property=\"og:site_name\" content=\"Spotter Sweden\" \/>\n<meta property=\"article:modified_time\" content=\"2025-12-10T07:47:37+00:00\" \/>\n<meta name=\"twitter:card\" content=\"summary_large_image\" \/>\n<meta name=\"twitter:label1\" content=\"Ber\u00e4knad l\u00e4stid\" \/>\n\t<meta name=\"twitter:data1\" content=\"1 minut\" \/>\n<script type=\"application\/ld+json\" class=\"yoast-schema-graph\">{\"@context\":\"https:\/\/schema.org\",\"@graph\":[{\"@type\":\"WebPage\",\"@id\":\"https:\/\/www.spottergps.com\/se\/stod\/marknadsforing-och-public-relations\/\",\"url\":\"https:\/\/www.spottergps.com\/se\/stod\/marknadsforing-och-public-relations\/\",\"name\":\"Marknadsf\u00f6ring och Public Relations - Spotter Sweden\",\"isPartOf\":{\"@id\":\"https:\/\/www.spottergps.com\/se\/#website\"},\"datePublished\":\"2021-11-19T08:14:15+00:00\",\"dateModified\":\"2025-12-10T07:47:37+00:00\",\"breadcrumb\":{\"@id\":\"https:\/\/www.spottergps.com\/se\/stod\/marknadsforing-och-public-relations\/#breadcrumb\"},\"inLanguage\":\"sv-SE\",\"potentialAction\":[{\"@type\":\"ReadAction\",\"target\":[\"https:\/\/www.spottergps.com\/se\/stod\/marknadsforing-och-public-relations\/\"]}]},{\"@type\":\"BreadcrumbList\",\"@id\":\"https:\/\/www.spottergps.com\/se\/stod\/marknadsforing-och-public-relations\/#breadcrumb\",\"itemListElement\":[{\"@type\":\"ListItem\",\"position\":1,\"name\":\"Home\",\"item\":\"https:\/\/www.spottergps.com\/se\/\"},{\"@type\":\"ListItem\",\"position\":2,\"name\":\"Hur kan vi hj\u00e4lpa dig?\",\"item\":\"https:\/\/www.spottergps.com\/se\/stod\/\"},{\"@type\":\"ListItem\",\"position\":3,\"name\":\"Marknadsf\u00f6ring och Public Relations\"}]},{\"@type\":\"WebSite\",\"@id\":\"https:\/\/www.spottergps.com\/se\/#website\",\"url\":\"https:\/\/www.spottergps.com\/se\/\",\"name\":\"Spotter Sweden\",\"description\":\"Spotter GPS Sweden\",\"potentialAction\":[{\"@type\":\"SearchAction\",\"target\":{\"@type\":\"EntryPoint\",\"urlTemplate\":\"https:\/\/www.spottergps.com\/se\/?s={search_term_string}\"},\"query-input\":{\"@type\":\"PropertyValueSpecification\",\"valueRequired\":true,\"valueName\":\"search_term_string\"}}],\"inLanguage\":\"sv-SE\"}]}<\/script>\n<!-- \/ Yoast SEO plugin. -->","yoast_head_json":{"title":"Marknadsf\u00f6ring och Public Relations - Spotter Sweden","robots":{"index":"noindex","follow":"nofollow"},"og_locale":"sv_SE","og_type":"article","og_title":"Marknadsf\u00f6ring och Public Relations - Spotter Sweden","og_description":"V\u00e5r marknadsf\u00f6rings- och kommunikationsavdelning kan n\u00e5s via denna e-postadress. Hit [&hellip;]","og_url":"https:\/\/www.spottergps.com\/se\/stod\/marknadsforing-och-public-relations\/","og_site_name":"Spotter Sweden","article_modified_time":"2025-12-10T07:47:37+00:00","twitter_card":"summary_large_image","twitter_misc":{"Ber\u00e4knad l\u00e4stid":"1 minut"},"schema":{"@context":"https:\/\/schema.org","@graph":[{"@type":"WebPage","@id":"https:\/\/www.spottergps.com\/se\/stod\/marknadsforing-och-public-relations\/","url":"https:\/\/www.spottergps.com\/se\/stod\/marknadsforing-och-public-relations\/","name":"Marknadsf\u00f6ring och Public Relations - Spotter Sweden","isPartOf":{"@id":"https:\/\/www.spottergps.com\/se\/#website"},"datePublished":"2021-11-19T08:14:15+00:00","dateModified":"2025-12-10T07:47:37+00:00","breadcrumb":{"@id":"https:\/\/www.spottergps.com\/se\/stod\/marknadsforing-och-public-relations\/#breadcrumb"},"inLanguage":"sv-SE","potentialAction":[{"@type":"ReadAction","target":["https:\/\/www.spottergps.com\/se\/stod\/marknadsforing-och-public-relations\/"]}]},{"@type":"BreadcrumbList","@id":"https:\/\/www.spottergps.com\/se\/stod\/marknadsforing-och-public-relations\/#breadcrumb","itemListElement":[{"@type":"ListItem","position":1,"name":"Home","item":"https:\/\/www.spottergps.com\/se\/"},{"@type":"ListItem","position":2,"name":"Hur kan vi hj\u00e4lpa dig?","item":"https:\/\/www.spottergps.com\/se\/stod\/"},{"@type":"ListItem","position":3,"name":"Marknadsf\u00f6ring och Public Relations"}]},{"@type":"WebSite","@id":"https:\/\/www.spottergps.com\/se\/#website","url":"https:\/\/www.spottergps.com\/se\/","name":"Spotter Sweden","description":"Spotter GPS Sweden","potentialAction":[{"@type":"SearchAction","target":{"@type":"EntryPoint","urlTemplate":"https:\/\/www.spottergps.com\/se\/?s={search_term_string}"},"query-input":{"@type":"PropertyValueSpecification","valueRequired":true,"valueName":"search_term_string"}}],"inLanguage":"sv-SE"}]}},"_links":{"self":[{"href":"https:\/\/www.spottergps.com\/se\/wp-json\/wp\/v2\/pages\/15108","targetHints":{"allow":["GET"]}}],"collection":[{"href":"https:\/\/www.spottergps.com\/se\/wp-json\/wp\/v2\/pages"}],"about":[{"href":"https:\/\/www.spottergps.com\/se\/wp-json\/wp\/v2\/types\/page"}],"author":[{"embeddable":true,"href":"https:\/\/www.spottergps.com\/se\/wp-json\/wp\/v2\/users\/8"}],"replies":[{"embeddable":true,"href":"https:\/\/www.spottergps.com\/se\/wp-json\/wp\/v2\/comments?post=15108"}],"version-history":[{"count":5,"href":"https:\/\/www.spottergps.com\/se\/wp-json\/wp\/v2\/pages\/15108\/revisions"}],"predecessor-version":[{"id":15285,"href":"https:\/\/www.spottergps.com\/se\/wp-json\/wp\/v2\/pages\/15108\/revisions\/15285"}],"up":[{"embeddable":true,"href":"https:\/\/www.spottergps.com\/se\/wp-json\/wp\/v2\/pages\/15053"}],"wp:attachment":[{"href":"https:\/\/www.spottergps.com\/se\/wp-json\/wp\/v2\/media?parent=15108"}],"wp:term":[{"taxonomy":"category","embeddable":true,"href":"https:\/\/www.spottergps.com\/se\/wp-json\/wp\/v2\/categories?post=15108"},{"taxonomy":"post_tag","embeddable":true,"href":"https:\/\/www.spottergps.com\/se\/wp-json\/wp\/v2\/tags?post=15108"}],"curies":[{"name":"wp","href":"https:\/\/api.w.org\/{rel}","templated":true}]}}