{"id":15092,"date":"2021-11-19T08:03:14","date_gmt":"2021-11-19T08:03:14","guid":{"rendered":"https:\/\/www.spottergps.com\/se\/?page_id=15092"},"modified":"2025-12-10T07:42:54","modified_gmt":"2025-12-10T07:42:54","slug":"hur-kan-jag-kontakta-kundservice-algemeen","status":"publish","type":"page","link":"https:\/\/www.spottergps.com\/se\/stod\/hur-kan-jag-kontakta-kundservice-algemeen\/","title":{"rendered":"Hur kan jag kontakta kundservice?"},"content":{"rendered":"\n<p>V\u00e5r kundservice hj\u00e4lper dig g\u00e4rna vidare. F\u00f6r att kunna hj\u00e4lpa dig s\u00e5 bra och s\u00e5 snart som m\u00f6jligt med en fr\u00e5ga eller ett problem, har vi valt att kommunicera via e-post. Du kan n\u00e5 v\u00e5r kundservice via <a href=\"https:\/\/www.spottergps.com\/se\/fraga-var-kundservice\/\">kontaktformul\u00e4ret<\/a> p\u00e5 v\u00e5r hemsida. Vi str\u00e4var efter att svara p\u00e5 ditt meddelande inom tv\u00e5 arbetsdagar.<\/p>\n","protected":false},"excerpt":{"rendered":"<p>V\u00e5r kundservice hj\u00e4lper dig g\u00e4rna vidare. F\u00f6r att kunna hj\u00e4lpa [&hellip;]<\/p>\n","protected":false},"author":8,"featured_media":0,"parent":15053,"menu_order":0,"comment_status":"closed","ping_status":"closed","template":"faq-content.php","meta":{"_acf_changed":false,"footnotes":""},"categories":[],"tags":[],"class_list":["post-15092","page","type-page","status-publish","hentry"],"acf":[],"yoast_head":"<!-- This site is optimized with the Yoast SEO plugin v25.9 - https:\/\/yoast.com\/wordpress\/plugins\/seo\/ -->\n<title>Hur kan jag kontakta kundservice? - Spotter Sweden<\/title>\n<meta name=\"robots\" content=\"noindex, nofollow\" \/>\n<meta property=\"og:locale\" content=\"sv_SE\" \/>\n<meta property=\"og:type\" content=\"article\" \/>\n<meta property=\"og:title\" content=\"Hur kan jag kontakta kundservice? - Spotter Sweden\" \/>\n<meta property=\"og:description\" content=\"V\u00e5r kundservice hj\u00e4lper dig g\u00e4rna vidare. F\u00f6r att kunna hj\u00e4lpa [&hellip;]\" \/>\n<meta property=\"og:url\" content=\"https:\/\/www.spottergps.com\/se\/stod\/hur-kan-jag-kontakta-kundservice-algemeen\/\" \/>\n<meta property=\"og:site_name\" content=\"Spotter Sweden\" \/>\n<meta property=\"article:modified_time\" content=\"2025-12-10T07:42:54+00:00\" \/>\n<meta name=\"twitter:card\" content=\"summary_large_image\" \/>\n<meta name=\"twitter:label1\" content=\"Ber\u00e4knad l\u00e4stid\" \/>\n\t<meta name=\"twitter:data1\" content=\"1 minut\" \/>\n<script type=\"application\/ld+json\" class=\"yoast-schema-graph\">{\"@context\":\"https:\/\/schema.org\",\"@graph\":[{\"@type\":\"WebPage\",\"@id\":\"https:\/\/www.spottergps.com\/se\/stod\/hur-kan-jag-kontakta-kundservice-algemeen\/\",\"url\":\"https:\/\/www.spottergps.com\/se\/stod\/hur-kan-jag-kontakta-kundservice-algemeen\/\",\"name\":\"Hur kan jag kontakta kundservice? - Spotter Sweden\",\"isPartOf\":{\"@id\":\"https:\/\/www.spottergps.com\/se\/#website\"},\"datePublished\":\"2021-11-19T08:03:14+00:00\",\"dateModified\":\"2025-12-10T07:42:54+00:00\",\"breadcrumb\":{\"@id\":\"https:\/\/www.spottergps.com\/se\/stod\/hur-kan-jag-kontakta-kundservice-algemeen\/#breadcrumb\"},\"inLanguage\":\"sv-SE\",\"potentialAction\":[{\"@type\":\"ReadAction\",\"target\":[\"https:\/\/www.spottergps.com\/se\/stod\/hur-kan-jag-kontakta-kundservice-algemeen\/\"]}]},{\"@type\":\"BreadcrumbList\",\"@id\":\"https:\/\/www.spottergps.com\/se\/stod\/hur-kan-jag-kontakta-kundservice-algemeen\/#breadcrumb\",\"itemListElement\":[{\"@type\":\"ListItem\",\"position\":1,\"name\":\"Home\",\"item\":\"https:\/\/www.spottergps.com\/se\/\"},{\"@type\":\"ListItem\",\"position\":2,\"name\":\"Hur kan vi hj\u00e4lpa dig?\",\"item\":\"https:\/\/www.spottergps.com\/se\/stod\/\"},{\"@type\":\"ListItem\",\"position\":3,\"name\":\"Hur kan jag kontakta kundservice?\"}]},{\"@type\":\"WebSite\",\"@id\":\"https:\/\/www.spottergps.com\/se\/#website\",\"url\":\"https:\/\/www.spottergps.com\/se\/\",\"name\":\"Spotter Sweden\",\"description\":\"Spotter GPS Sweden\",\"potentialAction\":[{\"@type\":\"SearchAction\",\"target\":{\"@type\":\"EntryPoint\",\"urlTemplate\":\"https:\/\/www.spottergps.com\/se\/?s={search_term_string}\"},\"query-input\":{\"@type\":\"PropertyValueSpecification\",\"valueRequired\":true,\"valueName\":\"search_term_string\"}}],\"inLanguage\":\"sv-SE\"}]}<\/script>\n<!-- \/ Yoast SEO plugin. -->","yoast_head_json":{"title":"Hur kan jag kontakta kundservice? - Spotter Sweden","robots":{"index":"noindex","follow":"nofollow"},"og_locale":"sv_SE","og_type":"article","og_title":"Hur kan jag kontakta kundservice? - Spotter Sweden","og_description":"V\u00e5r kundservice hj\u00e4lper dig g\u00e4rna vidare. F\u00f6r att kunna hj\u00e4lpa [&hellip;]","og_url":"https:\/\/www.spottergps.com\/se\/stod\/hur-kan-jag-kontakta-kundservice-algemeen\/","og_site_name":"Spotter Sweden","article_modified_time":"2025-12-10T07:42:54+00:00","twitter_card":"summary_large_image","twitter_misc":{"Ber\u00e4knad l\u00e4stid":"1 minut"},"schema":{"@context":"https:\/\/schema.org","@graph":[{"@type":"WebPage","@id":"https:\/\/www.spottergps.com\/se\/stod\/hur-kan-jag-kontakta-kundservice-algemeen\/","url":"https:\/\/www.spottergps.com\/se\/stod\/hur-kan-jag-kontakta-kundservice-algemeen\/","name":"Hur kan jag kontakta kundservice? - Spotter Sweden","isPartOf":{"@id":"https:\/\/www.spottergps.com\/se\/#website"},"datePublished":"2021-11-19T08:03:14+00:00","dateModified":"2025-12-10T07:42:54+00:00","breadcrumb":{"@id":"https:\/\/www.spottergps.com\/se\/stod\/hur-kan-jag-kontakta-kundservice-algemeen\/#breadcrumb"},"inLanguage":"sv-SE","potentialAction":[{"@type":"ReadAction","target":["https:\/\/www.spottergps.com\/se\/stod\/hur-kan-jag-kontakta-kundservice-algemeen\/"]}]},{"@type":"BreadcrumbList","@id":"https:\/\/www.spottergps.com\/se\/stod\/hur-kan-jag-kontakta-kundservice-algemeen\/#breadcrumb","itemListElement":[{"@type":"ListItem","position":1,"name":"Home","item":"https:\/\/www.spottergps.com\/se\/"},{"@type":"ListItem","position":2,"name":"Hur kan vi hj\u00e4lpa dig?","item":"https:\/\/www.spottergps.com\/se\/stod\/"},{"@type":"ListItem","position":3,"name":"Hur kan jag kontakta kundservice?"}]},{"@type":"WebSite","@id":"https:\/\/www.spottergps.com\/se\/#website","url":"https:\/\/www.spottergps.com\/se\/","name":"Spotter Sweden","description":"Spotter GPS Sweden","potentialAction":[{"@type":"SearchAction","target":{"@type":"EntryPoint","urlTemplate":"https:\/\/www.spottergps.com\/se\/?s={search_term_string}"},"query-input":{"@type":"PropertyValueSpecification","valueRequired":true,"valueName":"search_term_string"}}],"inLanguage":"sv-SE"}]}},"_links":{"self":[{"href":"https:\/\/www.spottergps.com\/se\/wp-json\/wp\/v2\/pages\/15092","targetHints":{"allow":["GET"]}}],"collection":[{"href":"https:\/\/www.spottergps.com\/se\/wp-json\/wp\/v2\/pages"}],"about":[{"href":"https:\/\/www.spottergps.com\/se\/wp-json\/wp\/v2\/types\/page"}],"author":[{"embeddable":true,"href":"https:\/\/www.spottergps.com\/se\/wp-json\/wp\/v2\/users\/8"}],"replies":[{"embeddable":true,"href":"https:\/\/www.spottergps.com\/se\/wp-json\/wp\/v2\/comments?post=15092"}],"version-history":[{"count":3,"href":"https:\/\/www.spottergps.com\/se\/wp-json\/wp\/v2\/pages\/15092\/revisions"}],"predecessor-version":[{"id":15307,"href":"https:\/\/www.spottergps.com\/se\/wp-json\/wp\/v2\/pages\/15092\/revisions\/15307"}],"up":[{"embeddable":true,"href":"https:\/\/www.spottergps.com\/se\/wp-json\/wp\/v2\/pages\/15053"}],"wp:attachment":[{"href":"https:\/\/www.spottergps.com\/se\/wp-json\/wp\/v2\/media?parent=15092"}],"wp:term":[{"taxonomy":"category","embeddable":true,"href":"https:\/\/www.spottergps.com\/se\/wp-json\/wp\/v2\/categories?post=15092"},{"taxonomy":"post_tag","embeddable":true,"href":"https:\/\/www.spottergps.com\/se\/wp-json\/wp\/v2\/tags?post=15092"}],"curies":[{"name":"wp","href":"https:\/\/api.w.org\/{rel}","templated":true}]}}