{"id":15086,"date":"2021-11-19T07:59:03","date_gmt":"2021-11-19T07:59:03","guid":{"rendered":"https:\/\/www.spottergps.com\/se\/?page_id=15086"},"modified":"2025-12-10T07:51:03","modified_gmt":"2025-12-10T07:51:03","slug":"varfor-valjer-jag-spotter","status":"publish","type":"page","link":"https:\/\/www.spottergps.com\/se\/stod\/varfor-valjer-jag-spotter\/","title":{"rendered":"Varf\u00f6r v\u00e4ljer jag Spotter?"},"content":{"rendered":"\n<p>Med&nbsp;Spotter sp\u00e5rar du allt som \u00e4r dig k\u00e4rt. Det finns flera olika GPS-trackers tillg\u00e4ngliga, av varierande kvalitet. D\u00e4rf\u00f6r v\u00e4ljer du Spotter:<\/p>\n\n\n\n<ul class=\"wp-block-list\"><li> Mycket p\u00e5litlig \u2013 h\u00f6gsta GPS-klassen   <\/li><li> Anv\u00e4ndarv\u00e4nlig mjukvara &amp; Gratis app <\/li><li> H\u00f6gsta standard datas\u00e4kerhet <\/li><li> Kostnadseffektiv att k\u00f6pa och anv\u00e4nda <\/li><li> F\u00f6rbetald anv\u00e4ndning \u2013 allts\u00e5 inga f\u00f6rpliktelser <\/li><li> Fungerar i hela Europa <\/li><\/ul>\n","protected":false},"excerpt":{"rendered":"<p>Med&nbsp;Spotter sp\u00e5rar du allt som \u00e4r dig k\u00e4rt. Det finns [&hellip;]<\/p>\n","protected":false},"author":8,"featured_media":0,"parent":15053,"menu_order":0,"comment_status":"closed","ping_status":"closed","template":"faq-content.php","meta":{"_acf_changed":false,"footnotes":""},"categories":[5],"tags":[],"class_list":["post-15086","page","type-page","status-publish","hentry","category-faq"],"acf":[],"yoast_head":"<!-- This site is optimized with the Yoast SEO plugin v25.9 - https:\/\/yoast.com\/wordpress\/plugins\/seo\/ -->\n<title>Varf\u00f6r v\u00e4ljer jag Spotter? - Spotter Sweden<\/title>\n<meta name=\"robots\" content=\"noindex, nofollow\" \/>\n<meta property=\"og:locale\" content=\"sv_SE\" \/>\n<meta property=\"og:type\" content=\"article\" \/>\n<meta property=\"og:title\" content=\"Varf\u00f6r v\u00e4ljer jag Spotter? - Spotter Sweden\" \/>\n<meta property=\"og:description\" content=\"Med&nbsp;Spotter sp\u00e5rar du allt som \u00e4r dig k\u00e4rt. Det finns [&hellip;]\" \/>\n<meta property=\"og:url\" content=\"https:\/\/www.spottergps.com\/se\/stod\/varfor-valjer-jag-spotter\/\" \/>\n<meta property=\"og:site_name\" content=\"Spotter Sweden\" \/>\n<meta property=\"article:modified_time\" content=\"2025-12-10T07:51:03+00:00\" \/>\n<meta name=\"twitter:card\" content=\"summary_large_image\" \/>\n<meta name=\"twitter:label1\" content=\"Ber\u00e4knad l\u00e4stid\" \/>\n\t<meta name=\"twitter:data1\" content=\"1 minut\" \/>\n<script type=\"application\/ld+json\" class=\"yoast-schema-graph\">{\"@context\":\"https:\/\/schema.org\",\"@graph\":[{\"@type\":\"WebPage\",\"@id\":\"https:\/\/www.spottergps.com\/se\/stod\/varfor-valjer-jag-spotter\/\",\"url\":\"https:\/\/www.spottergps.com\/se\/stod\/varfor-valjer-jag-spotter\/\",\"name\":\"Varf\u00f6r v\u00e4ljer jag Spotter? - Spotter Sweden\",\"isPartOf\":{\"@id\":\"https:\/\/www.spottergps.com\/se\/#website\"},\"datePublished\":\"2021-11-19T07:59:03+00:00\",\"dateModified\":\"2025-12-10T07:51:03+00:00\",\"breadcrumb\":{\"@id\":\"https:\/\/www.spottergps.com\/se\/stod\/varfor-valjer-jag-spotter\/#breadcrumb\"},\"inLanguage\":\"sv-SE\",\"potentialAction\":[{\"@type\":\"ReadAction\",\"target\":[\"https:\/\/www.spottergps.com\/se\/stod\/varfor-valjer-jag-spotter\/\"]}]},{\"@type\":\"BreadcrumbList\",\"@id\":\"https:\/\/www.spottergps.com\/se\/stod\/varfor-valjer-jag-spotter\/#breadcrumb\",\"itemListElement\":[{\"@type\":\"ListItem\",\"position\":1,\"name\":\"Home\",\"item\":\"https:\/\/www.spottergps.com\/se\/\"},{\"@type\":\"ListItem\",\"position\":2,\"name\":\"Hur kan vi hj\u00e4lpa dig?\",\"item\":\"https:\/\/www.spottergps.com\/se\/stod\/\"},{\"@type\":\"ListItem\",\"position\":3,\"name\":\"Varf\u00f6r v\u00e4ljer jag Spotter?\"}]},{\"@type\":\"WebSite\",\"@id\":\"https:\/\/www.spottergps.com\/se\/#website\",\"url\":\"https:\/\/www.spottergps.com\/se\/\",\"name\":\"Spotter Sweden\",\"description\":\"Spotter GPS Sweden\",\"potentialAction\":[{\"@type\":\"SearchAction\",\"target\":{\"@type\":\"EntryPoint\",\"urlTemplate\":\"https:\/\/www.spottergps.com\/se\/?s={search_term_string}\"},\"query-input\":{\"@type\":\"PropertyValueSpecification\",\"valueRequired\":true,\"valueName\":\"search_term_string\"}}],\"inLanguage\":\"sv-SE\"}]}<\/script>\n<!-- \/ Yoast SEO plugin. -->","yoast_head_json":{"title":"Varf\u00f6r v\u00e4ljer jag Spotter? - Spotter Sweden","robots":{"index":"noindex","follow":"nofollow"},"og_locale":"sv_SE","og_type":"article","og_title":"Varf\u00f6r v\u00e4ljer jag Spotter? - Spotter Sweden","og_description":"Med&nbsp;Spotter sp\u00e5rar du allt som \u00e4r dig k\u00e4rt. Det finns [&hellip;]","og_url":"https:\/\/www.spottergps.com\/se\/stod\/varfor-valjer-jag-spotter\/","og_site_name":"Spotter Sweden","article_modified_time":"2025-12-10T07:51:03+00:00","twitter_card":"summary_large_image","twitter_misc":{"Ber\u00e4knad l\u00e4stid":"1 minut"},"schema":{"@context":"https:\/\/schema.org","@graph":[{"@type":"WebPage","@id":"https:\/\/www.spottergps.com\/se\/stod\/varfor-valjer-jag-spotter\/","url":"https:\/\/www.spottergps.com\/se\/stod\/varfor-valjer-jag-spotter\/","name":"Varf\u00f6r v\u00e4ljer jag Spotter? - Spotter Sweden","isPartOf":{"@id":"https:\/\/www.spottergps.com\/se\/#website"},"datePublished":"2021-11-19T07:59:03+00:00","dateModified":"2025-12-10T07:51:03+00:00","breadcrumb":{"@id":"https:\/\/www.spottergps.com\/se\/stod\/varfor-valjer-jag-spotter\/#breadcrumb"},"inLanguage":"sv-SE","potentialAction":[{"@type":"ReadAction","target":["https:\/\/www.spottergps.com\/se\/stod\/varfor-valjer-jag-spotter\/"]}]},{"@type":"BreadcrumbList","@id":"https:\/\/www.spottergps.com\/se\/stod\/varfor-valjer-jag-spotter\/#breadcrumb","itemListElement":[{"@type":"ListItem","position":1,"name":"Home","item":"https:\/\/www.spottergps.com\/se\/"},{"@type":"ListItem","position":2,"name":"Hur kan vi hj\u00e4lpa dig?","item":"https:\/\/www.spottergps.com\/se\/stod\/"},{"@type":"ListItem","position":3,"name":"Varf\u00f6r v\u00e4ljer jag Spotter?"}]},{"@type":"WebSite","@id":"https:\/\/www.spottergps.com\/se\/#website","url":"https:\/\/www.spottergps.com\/se\/","name":"Spotter Sweden","description":"Spotter GPS Sweden","potentialAction":[{"@type":"SearchAction","target":{"@type":"EntryPoint","urlTemplate":"https:\/\/www.spottergps.com\/se\/?s={search_term_string}"},"query-input":{"@type":"PropertyValueSpecification","valueRequired":true,"valueName":"search_term_string"}}],"inLanguage":"sv-SE"}]}},"_links":{"self":[{"href":"https:\/\/www.spottergps.com\/se\/wp-json\/wp\/v2\/pages\/15086","targetHints":{"allow":["GET"]}}],"collection":[{"href":"https:\/\/www.spottergps.com\/se\/wp-json\/wp\/v2\/pages"}],"about":[{"href":"https:\/\/www.spottergps.com\/se\/wp-json\/wp\/v2\/types\/page"}],"author":[{"embeddable":true,"href":"https:\/\/www.spottergps.com\/se\/wp-json\/wp\/v2\/users\/8"}],"replies":[{"embeddable":true,"href":"https:\/\/www.spottergps.com\/se\/wp-json\/wp\/v2\/comments?post=15086"}],"version-history":[{"count":3,"href":"https:\/\/www.spottergps.com\/se\/wp-json\/wp\/v2\/pages\/15086\/revisions"}],"predecessor-version":[{"id":15310,"href":"https:\/\/www.spottergps.com\/se\/wp-json\/wp\/v2\/pages\/15086\/revisions\/15310"}],"up":[{"embeddable":true,"href":"https:\/\/www.spottergps.com\/se\/wp-json\/wp\/v2\/pages\/15053"}],"wp:attachment":[{"href":"https:\/\/www.spottergps.com\/se\/wp-json\/wp\/v2\/media?parent=15086"}],"wp:term":[{"taxonomy":"category","embeddable":true,"href":"https:\/\/www.spottergps.com\/se\/wp-json\/wp\/v2\/categories?post=15086"},{"taxonomy":"post_tag","embeddable":true,"href":"https:\/\/www.spottergps.com\/se\/wp-json\/wp\/v2\/tags?post=15086"}],"curies":[{"name":"wp","href":"https:\/\/api.w.org\/{rel}","templated":true}]}}