{"id":15010,"date":"2021-10-20T10:17:57","date_gmt":"2021-10-20T10:17:57","guid":{"rendered":"https:\/\/www.spottergps.com\/se\/?page_id=15010"},"modified":"2026-01-12T13:40:30","modified_gmt":"2026-01-12T13:40:30","slug":"garanti-och-service","status":"publish","type":"page","link":"https:\/\/www.spottergps.com\/se\/garanti-och-service\/","title":{"rendered":"Garanti och service"},"content":{"rendered":"\n<p>Din Spotter levereras med en garanti p\u00e5 2 \u00e5r. Om du upplever n\u00e5got problem kan du skicka in din Spotter till oss s\u00e5 att vi kan hj\u00e4lpa dig l\u00f6sa problemet. Var v\u00e4nlig och l\u00e4s igenom v\u00e5ra garantivillkor innan du skickar in din produkt.<\/p>\n\n\n\n<h3 class=\"wp-block-heading\">V\u00e5ra garantivillkor<\/h3>\n\n\n\n<ol class=\"wp-block-list\">\n<li>Garantitiden p\u00e5 h\u00e5rdvaran \u00e4r 2 \u00e5r. Garantiperioden b\u00f6rjar fr\u00e5n det \u00f6gonblick h\u00e5rdvaran levereras. Ink\u00f6pskvittot fungerar som garantibevis, var d\u00e4rf\u00f6r noga med att f\u00f6rvara det p\u00e5 ett s\u00e4kert st\u00e4lle. <\/li>\n\n\n\n<li>Om synliga fel, brister eller skador uppkommer under arbetets utf\u00f6rande, p\u00e5 anv\u00e4nda material eller den levererade varan som ska ha funnits vid leveranstillf\u00e4llet, s\u00e5 kommer Spotter B.V. att under garantiperioden reparera eller byta ut dessa varor &#8211; efter eget val &#8211; utan kostnad. <\/li>\n\n\n\n<li>Spotter B.V. garanterar att den levererade varan har de egenskaper som kr\u00e4vs f\u00f6r normal anv\u00e4ndning. <\/li>\n\n\n\n<li>Garantin t\u00e4cker inte f\u00f6ljande:<\/li>\n<\/ol>\n\n\n\n<ul class=\"wp-block-list\">\n<li>Normalt slitage som bed\u00f6ms av Spotter B.V.<\/li>\n\n\n\n<li>Modifieringar p\u00e5 produkten eller reparationer som inte har utf\u00f6rts med Spotter B.V:s tillst\u00e5nd.<\/li>\n\n\n\n<li>Of\u00f6rm\u00e5ga att visa upp en giltig originalfaktura, eller om den \u00e4r skadad eller ol\u00e4slig.<\/li>\n\n\n\n<li>Defekter som uppst\u00e5r p\u00e5 grund av felaktig eller f\u00f6rsumlig anv\u00e4ndning.<\/li>\n\n\n\n<li>Skador som uppst\u00e5r p\u00e5 grund av upps\u00e5t, grov v\u00e5rdsl\u00f6shet eller bristande underh\u00e5ll.<\/li>\n\n\n\n<li>Skador p\u00e5 anslutningskontakter, kontakter och kablar som \u00e4r skadade och\/eller modifierade.<\/li>\n<\/ul>\n\n\n\n<h3 class=\"wp-block-heading\">\u00c5beropande av garantin<\/h3>\n\n\n\n<p>Du kan kontakta kundtj\u00e4nst via <a href=\"https:\/\/www.spottergps.com\/se\/\">kontaktf<\/a><a href=\"https:\/\/www.spottergps.com\/se\/kontakt\/\">ormul\u00e4ret<\/a>.<br><br>Vi kommer att kontrollera din Spotter och informera dig om n\u00e4sta steg. Beroende p\u00e5 dina svar kan Spotter B.V. skicka dig en returadress via e-post, d\u00e4r du kan skicka in din Spotter. Spotter B.V. kommer att unders\u00f6ka GPS-sp\u00e5raren och antingen skicka en ny produkt till dig eller reparera din GPS-sp\u00e5rare p\u00e5 v\u00e5r bekostnad.<\/p>\n\n\n\n<h3 class=\"wp-block-heading\">Klagom\u00e5l<\/h3>\n\n\n\n<p>Om du fortfarande har ett klagom\u00e5l trots v\u00e5r goda service, ber vi om urs\u00e4kt f\u00f6r det. Kundn\u00f6jdhet \u00e4r v\u00e5r h\u00f6gsta prioritet och vi g\u00f6r v\u00e5rt b\u00e4sta f\u00f6r att undvika misstag. Om du har n\u00e5gra klagom\u00e5l, kan du n\u00e5 oss p\u00e5 vardagar via <a href=\"mailto:info@spottergps.com\">info@spottergps.com<\/a>.<\/p>\n\n\n\n<p><strong>Om du fortfarande inte \u00e4r n\u00f6jd, v\u00e4nligen kontakta oss via kontaktuppgifterna nedan.<\/strong><\/p>\n\n\n\n<p>Spotter B.V. <br>Leeuwenhoekweg 20c <br>2661 CZ Bergschenhoek <br>Nederl\u00e4nderna<\/p>\n","protected":false},"excerpt":{"rendered":"<p>Din Spotter levereras med en garanti p\u00e5 2 \u00e5r. Om [&hellip;]<\/p>\n","protected":false},"author":8,"featured_media":0,"parent":0,"menu_order":0,"comment_status":"closed","ping_status":"closed","template":"","meta":{"_acf_changed":false,"footnotes":""},"categories":[],"tags":[],"class_list":["post-15010","page","type-page","status-publish","hentry"],"acf":[],"yoast_head":"<!-- This site is optimized with the Yoast SEO plugin v25.9 - https:\/\/yoast.com\/wordpress\/plugins\/seo\/ -->\n<title>Garanti och service - Spotter Sweden<\/title>\n<meta name=\"robots\" content=\"index, follow, max-snippet:-1, max-image-preview:large, max-video-preview:-1\" \/>\n<link rel=\"canonical\" href=\"https:\/\/www.spottergps.com\/se\/garanti-och-service\/\" \/>\n<meta property=\"og:locale\" content=\"sv_SE\" \/>\n<meta property=\"og:type\" content=\"article\" \/>\n<meta property=\"og:title\" content=\"Garanti och service - Spotter Sweden\" \/>\n<meta property=\"og:description\" content=\"Din Spotter levereras med en garanti p\u00e5 2 \u00e5r. Om [&hellip;]\" \/>\n<meta property=\"og:url\" content=\"https:\/\/www.spottergps.com\/se\/garanti-och-service\/\" \/>\n<meta property=\"og:site_name\" content=\"Spotter Sweden\" \/>\n<meta property=\"article:modified_time\" content=\"2026-01-12T13:40:30+00:00\" \/>\n<meta name=\"twitter:card\" content=\"summary_large_image\" \/>\n<meta name=\"twitter:label1\" content=\"Ber\u00e4knad l\u00e4stid\" \/>\n\t<meta name=\"twitter:data1\" content=\"2 minuter\" \/>\n<script type=\"application\/ld+json\" class=\"yoast-schema-graph\">{\"@context\":\"https:\/\/schema.org\",\"@graph\":[{\"@type\":\"WebPage\",\"@id\":\"https:\/\/www.spottergps.com\/se\/garanti-och-service\/\",\"url\":\"https:\/\/www.spottergps.com\/se\/garanti-och-service\/\",\"name\":\"Garanti och service - Spotter Sweden\",\"isPartOf\":{\"@id\":\"https:\/\/www.spottergps.com\/se\/#website\"},\"datePublished\":\"2021-10-20T10:17:57+00:00\",\"dateModified\":\"2026-01-12T13:40:30+00:00\",\"breadcrumb\":{\"@id\":\"https:\/\/www.spottergps.com\/se\/garanti-och-service\/#breadcrumb\"},\"inLanguage\":\"sv-SE\",\"potentialAction\":[{\"@type\":\"ReadAction\",\"target\":[\"https:\/\/www.spottergps.com\/se\/garanti-och-service\/\"]}]},{\"@type\":\"BreadcrumbList\",\"@id\":\"https:\/\/www.spottergps.com\/se\/garanti-och-service\/#breadcrumb\",\"itemListElement\":[{\"@type\":\"ListItem\",\"position\":1,\"name\":\"Home\",\"item\":\"https:\/\/www.spottergps.com\/se\/\"},{\"@type\":\"ListItem\",\"position\":2,\"name\":\"Garanti och service\"}]},{\"@type\":\"WebSite\",\"@id\":\"https:\/\/www.spottergps.com\/se\/#website\",\"url\":\"https:\/\/www.spottergps.com\/se\/\",\"name\":\"Spotter Sweden\",\"description\":\"Spotter GPS Sweden\",\"potentialAction\":[{\"@type\":\"SearchAction\",\"target\":{\"@type\":\"EntryPoint\",\"urlTemplate\":\"https:\/\/www.spottergps.com\/se\/?s={search_term_string}\"},\"query-input\":{\"@type\":\"PropertyValueSpecification\",\"valueRequired\":true,\"valueName\":\"search_term_string\"}}],\"inLanguage\":\"sv-SE\"}]}<\/script>\n<!-- \/ Yoast SEO plugin. -->","yoast_head_json":{"title":"Garanti och service - Spotter Sweden","robots":{"index":"index","follow":"follow","max-snippet":"max-snippet:-1","max-image-preview":"max-image-preview:large","max-video-preview":"max-video-preview:-1"},"canonical":"https:\/\/www.spottergps.com\/se\/garanti-och-service\/","og_locale":"sv_SE","og_type":"article","og_title":"Garanti och service - Spotter Sweden","og_description":"Din Spotter levereras med en garanti p\u00e5 2 \u00e5r. Om [&hellip;]","og_url":"https:\/\/www.spottergps.com\/se\/garanti-och-service\/","og_site_name":"Spotter Sweden","article_modified_time":"2026-01-12T13:40:30+00:00","twitter_card":"summary_large_image","twitter_misc":{"Ber\u00e4knad l\u00e4stid":"2 minuter"},"schema":{"@context":"https:\/\/schema.org","@graph":[{"@type":"WebPage","@id":"https:\/\/www.spottergps.com\/se\/garanti-och-service\/","url":"https:\/\/www.spottergps.com\/se\/garanti-och-service\/","name":"Garanti och service - Spotter Sweden","isPartOf":{"@id":"https:\/\/www.spottergps.com\/se\/#website"},"datePublished":"2021-10-20T10:17:57+00:00","dateModified":"2026-01-12T13:40:30+00:00","breadcrumb":{"@id":"https:\/\/www.spottergps.com\/se\/garanti-och-service\/#breadcrumb"},"inLanguage":"sv-SE","potentialAction":[{"@type":"ReadAction","target":["https:\/\/www.spottergps.com\/se\/garanti-och-service\/"]}]},{"@type":"BreadcrumbList","@id":"https:\/\/www.spottergps.com\/se\/garanti-och-service\/#breadcrumb","itemListElement":[{"@type":"ListItem","position":1,"name":"Home","item":"https:\/\/www.spottergps.com\/se\/"},{"@type":"ListItem","position":2,"name":"Garanti och service"}]},{"@type":"WebSite","@id":"https:\/\/www.spottergps.com\/se\/#website","url":"https:\/\/www.spottergps.com\/se\/","name":"Spotter Sweden","description":"Spotter GPS Sweden","potentialAction":[{"@type":"SearchAction","target":{"@type":"EntryPoint","urlTemplate":"https:\/\/www.spottergps.com\/se\/?s={search_term_string}"},"query-input":{"@type":"PropertyValueSpecification","valueRequired":true,"valueName":"search_term_string"}}],"inLanguage":"sv-SE"}]}},"_links":{"self":[{"href":"https:\/\/www.spottergps.com\/se\/wp-json\/wp\/v2\/pages\/15010","targetHints":{"allow":["GET"]}}],"collection":[{"href":"https:\/\/www.spottergps.com\/se\/wp-json\/wp\/v2\/pages"}],"about":[{"href":"https:\/\/www.spottergps.com\/se\/wp-json\/wp\/v2\/types\/page"}],"author":[{"embeddable":true,"href":"https:\/\/www.spottergps.com\/se\/wp-json\/wp\/v2\/users\/8"}],"replies":[{"embeddable":true,"href":"https:\/\/www.spottergps.com\/se\/wp-json\/wp\/v2\/comments?post=15010"}],"version-history":[{"count":6,"href":"https:\/\/www.spottergps.com\/se\/wp-json\/wp\/v2\/pages\/15010\/revisions"}],"predecessor-version":[{"id":15570,"href":"https:\/\/www.spottergps.com\/se\/wp-json\/wp\/v2\/pages\/15010\/revisions\/15570"}],"wp:attachment":[{"href":"https:\/\/www.spottergps.com\/se\/wp-json\/wp\/v2\/media?parent=15010"}],"wp:term":[{"taxonomy":"category","embeddable":true,"href":"https:\/\/www.spottergps.com\/se\/wp-json\/wp\/v2\/categories?post=15010"},{"taxonomy":"post_tag","embeddable":true,"href":"https:\/\/www.spottergps.com\/se\/wp-json\/wp\/v2\/tags?post=15010"}],"curies":[{"name":"wp","href":"https:\/\/api.w.org\/{rel}","templated":true}]}}