{"id":14999,"date":"2021-10-20T09:54:26","date_gmt":"2021-10-20T09:54:26","guid":{"rendered":"https:\/\/www.spottergps.com\/se\/?page_id=14999"},"modified":"2025-12-10T07:36:34","modified_gmt":"2025-12-10T07:36:34","slug":"kontakt","status":"publish","type":"page","link":"https:\/\/www.spottergps.com\/se\/kontakt\/","title":{"rendered":"Kontakt"},"content":{"rendered":"\n<p>Vi har \u00f6ppet alla arbetsdagar fr\u00e5n 08:30 &#8211; 12:30 och fr\u00e5n 13:00 &#8211; 17:00.<\/p>\n\n\n\n<p> Har du en fr\u00e5ga om hur din produkt fungerar eller en allm\u00e4n fr\u00e5ga? Se &#8217;<strong>vanliga fr\u00e5gor<\/strong>&#8217;. <strong>H\u00e4r har vi samlat och besvarat alla fr\u00e5gor<\/strong>. Du kommer f\u00f6rmodligen att hitta svaret p\u00e5 din fr\u00e5ga just d\u00e4r. <\/p>\n\n\n\n<p>Hittade du inte svaret ? Kontakta v\u00e5r <strong>supportavdelning<\/strong>. Vi str\u00e4var efter att besvara din fr\u00e5ga inom 48 timmar p\u00e5 arbetsdagar.<\/p>\n\n\n\n<p><strong>V\u00e5r adress <\/strong><br>Spotter B.V. <br>Leeuwenhoekweg 20c <br>2661 CZ BERGSCHENHOEK <br>Nederl\u00e4nderna<br><br>Handelskammarens nummer: 62825518 <br>L\u00e4s h\u00e4r <a href=\"https:\/\/www.spottergps.com\/se\/allmanna-villkor\/\">v\u00e5ra leverans- och kundtj\u00e4nstsvillkor<\/a> samt <a href=\"https:\/\/www.spottergps.com\/se\/garanti-och-service\/\">garanti- och servicevillkor<\/a>.<\/p>\n","protected":false},"excerpt":{"rendered":"<p>Vi har \u00f6ppet alla arbetsdagar fr\u00e5n 08:30 &#8211; 12:30 och [&hellip;]<\/p>\n","protected":false},"author":8,"featured_media":0,"parent":0,"menu_order":0,"comment_status":"closed","ping_status":"closed","template":"","meta":{"_acf_changed":false,"footnotes":""},"categories":[],"tags":[],"class_list":["post-14999","page","type-page","status-publish","hentry"],"acf":[],"yoast_head":"<!-- This site is optimized with the Yoast SEO plugin v25.9 - https:\/\/yoast.com\/wordpress\/plugins\/seo\/ -->\n<title>Hur kan vi hj\u00e4lpa dig? | Spotter<\/title>\n<meta name=\"description\" content=\"Har du fr\u00e5gor om v\u00e5ra produkter? Se de vanligaste fr\u00e5gorna fr\u00e5n v\u00e5ra anv\u00e4ndare eller ta kontakt direkt med v\u00e5r kundservice.\" \/>\n<meta name=\"robots\" content=\"noindex, nofollow\" \/>\n<meta property=\"og:locale\" content=\"sv_SE\" \/>\n<meta property=\"og:type\" content=\"article\" \/>\n<meta property=\"og:title\" content=\"Hur kan vi hj\u00e4lpa dig? | Spotter\" \/>\n<meta property=\"og:description\" content=\"Har du fr\u00e5gor om v\u00e5ra produkter? Se de vanligaste fr\u00e5gorna fr\u00e5n v\u00e5ra anv\u00e4ndare eller ta kontakt direkt med v\u00e5r kundservice.\" \/>\n<meta property=\"og:url\" content=\"https:\/\/www.spottergps.com\/se\/kontakt\/\" \/>\n<meta property=\"og:site_name\" content=\"Spotter Sweden\" \/>\n<meta property=\"article:modified_time\" content=\"2025-12-10T07:36:34+00:00\" \/>\n<meta name=\"twitter:card\" content=\"summary_large_image\" \/>\n<meta name=\"twitter:label1\" content=\"Ber\u00e4knad l\u00e4stid\" \/>\n\t<meta name=\"twitter:data1\" content=\"1 minut\" \/>\n<script type=\"application\/ld+json\" class=\"yoast-schema-graph\">{\"@context\":\"https:\/\/schema.org\",\"@graph\":[{\"@type\":\"WebPage\",\"@id\":\"https:\/\/www.spottergps.com\/se\/kontakt\/\",\"url\":\"https:\/\/www.spottergps.com\/se\/kontakt\/\",\"name\":\"Hur kan vi hj\u00e4lpa dig? | Spotter\",\"isPartOf\":{\"@id\":\"https:\/\/www.spottergps.com\/se\/#website\"},\"datePublished\":\"2021-10-20T09:54:26+00:00\",\"dateModified\":\"2025-12-10T07:36:34+00:00\",\"description\":\"Har du fr\u00e5gor om v\u00e5ra produkter? Se de vanligaste fr\u00e5gorna fr\u00e5n v\u00e5ra anv\u00e4ndare eller ta kontakt direkt med v\u00e5r kundservice.\",\"breadcrumb\":{\"@id\":\"https:\/\/www.spottergps.com\/se\/kontakt\/#breadcrumb\"},\"inLanguage\":\"sv-SE\",\"potentialAction\":[{\"@type\":\"ReadAction\",\"target\":[\"https:\/\/www.spottergps.com\/se\/kontakt\/\"]}]},{\"@type\":\"BreadcrumbList\",\"@id\":\"https:\/\/www.spottergps.com\/se\/kontakt\/#breadcrumb\",\"itemListElement\":[{\"@type\":\"ListItem\",\"position\":1,\"name\":\"Home\",\"item\":\"https:\/\/www.spottergps.com\/se\/\"},{\"@type\":\"ListItem\",\"position\":2,\"name\":\"Kontakt\"}]},{\"@type\":\"WebSite\",\"@id\":\"https:\/\/www.spottergps.com\/se\/#website\",\"url\":\"https:\/\/www.spottergps.com\/se\/\",\"name\":\"Spotter Sweden\",\"description\":\"Spotter GPS Sweden\",\"potentialAction\":[{\"@type\":\"SearchAction\",\"target\":{\"@type\":\"EntryPoint\",\"urlTemplate\":\"https:\/\/www.spottergps.com\/se\/?s={search_term_string}\"},\"query-input\":{\"@type\":\"PropertyValueSpecification\",\"valueRequired\":true,\"valueName\":\"search_term_string\"}}],\"inLanguage\":\"sv-SE\"}]}<\/script>\n<!-- \/ Yoast SEO plugin. -->","yoast_head_json":{"title":"Hur kan vi hj\u00e4lpa dig? | Spotter","description":"Har du fr\u00e5gor om v\u00e5ra produkter? Se de vanligaste fr\u00e5gorna fr\u00e5n v\u00e5ra anv\u00e4ndare eller ta kontakt direkt med v\u00e5r kundservice.","robots":{"index":"noindex","follow":"nofollow"},"og_locale":"sv_SE","og_type":"article","og_title":"Hur kan vi hj\u00e4lpa dig? | Spotter","og_description":"Har du fr\u00e5gor om v\u00e5ra produkter? Se de vanligaste fr\u00e5gorna fr\u00e5n v\u00e5ra anv\u00e4ndare eller ta kontakt direkt med v\u00e5r kundservice.","og_url":"https:\/\/www.spottergps.com\/se\/kontakt\/","og_site_name":"Spotter Sweden","article_modified_time":"2025-12-10T07:36:34+00:00","twitter_card":"summary_large_image","twitter_misc":{"Ber\u00e4knad l\u00e4stid":"1 minut"},"schema":{"@context":"https:\/\/schema.org","@graph":[{"@type":"WebPage","@id":"https:\/\/www.spottergps.com\/se\/kontakt\/","url":"https:\/\/www.spottergps.com\/se\/kontakt\/","name":"Hur kan vi hj\u00e4lpa dig? | Spotter","isPartOf":{"@id":"https:\/\/www.spottergps.com\/se\/#website"},"datePublished":"2021-10-20T09:54:26+00:00","dateModified":"2025-12-10T07:36:34+00:00","description":"Har du fr\u00e5gor om v\u00e5ra produkter? Se de vanligaste fr\u00e5gorna fr\u00e5n v\u00e5ra anv\u00e4ndare eller ta kontakt direkt med v\u00e5r kundservice.","breadcrumb":{"@id":"https:\/\/www.spottergps.com\/se\/kontakt\/#breadcrumb"},"inLanguage":"sv-SE","potentialAction":[{"@type":"ReadAction","target":["https:\/\/www.spottergps.com\/se\/kontakt\/"]}]},{"@type":"BreadcrumbList","@id":"https:\/\/www.spottergps.com\/se\/kontakt\/#breadcrumb","itemListElement":[{"@type":"ListItem","position":1,"name":"Home","item":"https:\/\/www.spottergps.com\/se\/"},{"@type":"ListItem","position":2,"name":"Kontakt"}]},{"@type":"WebSite","@id":"https:\/\/www.spottergps.com\/se\/#website","url":"https:\/\/www.spottergps.com\/se\/","name":"Spotter Sweden","description":"Spotter GPS Sweden","potentialAction":[{"@type":"SearchAction","target":{"@type":"EntryPoint","urlTemplate":"https:\/\/www.spottergps.com\/se\/?s={search_term_string}"},"query-input":{"@type":"PropertyValueSpecification","valueRequired":true,"valueName":"search_term_string"}}],"inLanguage":"sv-SE"}]}},"_links":{"self":[{"href":"https:\/\/www.spottergps.com\/se\/wp-json\/wp\/v2\/pages\/14999","targetHints":{"allow":["GET"]}}],"collection":[{"href":"https:\/\/www.spottergps.com\/se\/wp-json\/wp\/v2\/pages"}],"about":[{"href":"https:\/\/www.spottergps.com\/se\/wp-json\/wp\/v2\/types\/page"}],"author":[{"embeddable":true,"href":"https:\/\/www.spottergps.com\/se\/wp-json\/wp\/v2\/users\/8"}],"replies":[{"embeddable":true,"href":"https:\/\/www.spottergps.com\/se\/wp-json\/wp\/v2\/comments?post=14999"}],"version-history":[{"count":2,"href":"https:\/\/www.spottergps.com\/se\/wp-json\/wp\/v2\/pages\/14999\/revisions"}],"predecessor-version":[{"id":15024,"href":"https:\/\/www.spottergps.com\/se\/wp-json\/wp\/v2\/pages\/14999\/revisions\/15024"}],"wp:attachment":[{"href":"https:\/\/www.spottergps.com\/se\/wp-json\/wp\/v2\/media?parent=14999"}],"wp:term":[{"taxonomy":"category","embeddable":true,"href":"https:\/\/www.spottergps.com\/se\/wp-json\/wp\/v2\/categories?post=14999"},{"taxonomy":"post_tag","embeddable":true,"href":"https:\/\/www.spottergps.com\/se\/wp-json\/wp\/v2\/tags?post=14999"}],"curies":[{"name":"wp","href":"https:\/\/api.w.org\/{rel}","templated":true}]}}