{"id":14985,"date":"2021-10-20T09:41:25","date_gmt":"2021-10-20T09:41:25","guid":{"rendered":"https:\/\/www.spottergps.com\/se\/?page_id=14985"},"modified":"2026-02-04T14:33:39","modified_gmt":"2026-02-04T14:33:39","slug":"sakerhet-och-integritet","status":"publish","type":"page","link":"https:\/\/www.spottergps.com\/se\/sakerhet-och-integritet\/","title":{"rendered":"S\u00e4kerhet och integritet"},"content":{"rendered":"\n<p>Att skydda v\u00e5ra kunders integritet vid anv\u00e4ndning av Spotter, applikationen och portalen \u00e4r av stor vikt f\u00f6r oss. Spotter \u00e4r en s\u00e4ker och p\u00e5litlig GPS-tracker med CE-m\u00e4rkning, vilket inneb\u00e4r att denna produkt uppfyller de s\u00e4kerhetskrav som st\u00e4lls i alla europeiska direktiv. Dessutom anv\u00e4nds den h\u00f6gsta standarden f\u00f6r datas\u00e4kerhet f\u00f6r s\u00e4ker informationsbehandling. Anv\u00e4ndarens integritet \u00e4r fullst\u00e4ndigt garanterad.<\/p>\n","protected":false},"excerpt":{"rendered":"<p>Att skydda v\u00e5ra kunders integritet vid anv\u00e4ndning av Spotter, applikationen [&hellip;]<\/p>\n","protected":false},"author":8,"featured_media":0,"parent":0,"menu_order":0,"comment_status":"closed","ping_status":"closed","template":"","meta":{"_acf_changed":false,"footnotes":""},"categories":[],"tags":[],"class_list":["post-14985","page","type-page","status-publish","hentry"],"acf":[],"yoast_head":"<!-- This site is optimized with the Yoast SEO plugin v25.9 - https:\/\/yoast.com\/wordpress\/plugins\/seo\/ -->\n<title>S\u00e4kerhet och integritet - Spotter Sweden<\/title>\n<meta name=\"robots\" content=\"index, follow, max-snippet:-1, max-image-preview:large, max-video-preview:-1\" \/>\n<link rel=\"canonical\" href=\"https:\/\/www.spottergps.com\/se\/sakerhet-och-integritet\/\" \/>\n<meta property=\"og:locale\" content=\"sv_SE\" \/>\n<meta property=\"og:type\" content=\"article\" \/>\n<meta property=\"og:title\" content=\"S\u00e4kerhet och integritet - Spotter Sweden\" \/>\n<meta property=\"og:description\" content=\"Att skydda v\u00e5ra kunders integritet vid anv\u00e4ndning av Spotter, applikationen [&hellip;]\" \/>\n<meta property=\"og:url\" content=\"https:\/\/www.spottergps.com\/se\/sakerhet-och-integritet\/\" \/>\n<meta property=\"og:site_name\" content=\"Spotter Sweden\" \/>\n<meta property=\"article:modified_time\" content=\"2026-02-04T14:33:39+00:00\" \/>\n<meta name=\"twitter:card\" content=\"summary_large_image\" \/>\n<meta name=\"twitter:label1\" content=\"Ber\u00e4knad l\u00e4stid\" \/>\n\t<meta name=\"twitter:data1\" content=\"1 minut\" \/>\n<script type=\"application\/ld+json\" class=\"yoast-schema-graph\">{\"@context\":\"https:\/\/schema.org\",\"@graph\":[{\"@type\":\"WebPage\",\"@id\":\"https:\/\/www.spottergps.com\/se\/sakerhet-och-integritet\/\",\"url\":\"https:\/\/www.spottergps.com\/se\/sakerhet-och-integritet\/\",\"name\":\"S\u00e4kerhet och integritet - Spotter Sweden\",\"isPartOf\":{\"@id\":\"https:\/\/www.spottergps.com\/se\/#website\"},\"datePublished\":\"2021-10-20T09:41:25+00:00\",\"dateModified\":\"2026-02-04T14:33:39+00:00\",\"breadcrumb\":{\"@id\":\"https:\/\/www.spottergps.com\/se\/sakerhet-och-integritet\/#breadcrumb\"},\"inLanguage\":\"sv-SE\",\"potentialAction\":[{\"@type\":\"ReadAction\",\"target\":[\"https:\/\/www.spottergps.com\/se\/sakerhet-och-integritet\/\"]}]},{\"@type\":\"BreadcrumbList\",\"@id\":\"https:\/\/www.spottergps.com\/se\/sakerhet-och-integritet\/#breadcrumb\",\"itemListElement\":[{\"@type\":\"ListItem\",\"position\":1,\"name\":\"Home\",\"item\":\"https:\/\/www.spottergps.com\/se\/\"},{\"@type\":\"ListItem\",\"position\":2,\"name\":\"S\u00e4kerhet och integritet\"}]},{\"@type\":\"WebSite\",\"@id\":\"https:\/\/www.spottergps.com\/se\/#website\",\"url\":\"https:\/\/www.spottergps.com\/se\/\",\"name\":\"Spotter Sweden\",\"description\":\"Spotter GPS Sweden\",\"potentialAction\":[{\"@type\":\"SearchAction\",\"target\":{\"@type\":\"EntryPoint\",\"urlTemplate\":\"https:\/\/www.spottergps.com\/se\/?s={search_term_string}\"},\"query-input\":{\"@type\":\"PropertyValueSpecification\",\"valueRequired\":true,\"valueName\":\"search_term_string\"}}],\"inLanguage\":\"sv-SE\"}]}<\/script>\n<!-- \/ Yoast SEO plugin. -->","yoast_head_json":{"title":"S\u00e4kerhet och integritet - Spotter Sweden","robots":{"index":"index","follow":"follow","max-snippet":"max-snippet:-1","max-image-preview":"max-image-preview:large","max-video-preview":"max-video-preview:-1"},"canonical":"https:\/\/www.spottergps.com\/se\/sakerhet-och-integritet\/","og_locale":"sv_SE","og_type":"article","og_title":"S\u00e4kerhet och integritet - Spotter Sweden","og_description":"Att skydda v\u00e5ra kunders integritet vid anv\u00e4ndning av Spotter, applikationen [&hellip;]","og_url":"https:\/\/www.spottergps.com\/se\/sakerhet-och-integritet\/","og_site_name":"Spotter Sweden","article_modified_time":"2026-02-04T14:33:39+00:00","twitter_card":"summary_large_image","twitter_misc":{"Ber\u00e4knad l\u00e4stid":"1 minut"},"schema":{"@context":"https:\/\/schema.org","@graph":[{"@type":"WebPage","@id":"https:\/\/www.spottergps.com\/se\/sakerhet-och-integritet\/","url":"https:\/\/www.spottergps.com\/se\/sakerhet-och-integritet\/","name":"S\u00e4kerhet och integritet - Spotter Sweden","isPartOf":{"@id":"https:\/\/www.spottergps.com\/se\/#website"},"datePublished":"2021-10-20T09:41:25+00:00","dateModified":"2026-02-04T14:33:39+00:00","breadcrumb":{"@id":"https:\/\/www.spottergps.com\/se\/sakerhet-och-integritet\/#breadcrumb"},"inLanguage":"sv-SE","potentialAction":[{"@type":"ReadAction","target":["https:\/\/www.spottergps.com\/se\/sakerhet-och-integritet\/"]}]},{"@type":"BreadcrumbList","@id":"https:\/\/www.spottergps.com\/se\/sakerhet-och-integritet\/#breadcrumb","itemListElement":[{"@type":"ListItem","position":1,"name":"Home","item":"https:\/\/www.spottergps.com\/se\/"},{"@type":"ListItem","position":2,"name":"S\u00e4kerhet och integritet"}]},{"@type":"WebSite","@id":"https:\/\/www.spottergps.com\/se\/#website","url":"https:\/\/www.spottergps.com\/se\/","name":"Spotter Sweden","description":"Spotter GPS Sweden","potentialAction":[{"@type":"SearchAction","target":{"@type":"EntryPoint","urlTemplate":"https:\/\/www.spottergps.com\/se\/?s={search_term_string}"},"query-input":{"@type":"PropertyValueSpecification","valueRequired":true,"valueName":"search_term_string"}}],"inLanguage":"sv-SE"}]}},"_links":{"self":[{"href":"https:\/\/www.spottergps.com\/se\/wp-json\/wp\/v2\/pages\/14985","targetHints":{"allow":["GET"]}}],"collection":[{"href":"https:\/\/www.spottergps.com\/se\/wp-json\/wp\/v2\/pages"}],"about":[{"href":"https:\/\/www.spottergps.com\/se\/wp-json\/wp\/v2\/types\/page"}],"author":[{"embeddable":true,"href":"https:\/\/www.spottergps.com\/se\/wp-json\/wp\/v2\/users\/8"}],"replies":[{"embeddable":true,"href":"https:\/\/www.spottergps.com\/se\/wp-json\/wp\/v2\/comments?post=14985"}],"version-history":[{"count":8,"href":"https:\/\/www.spottergps.com\/se\/wp-json\/wp\/v2\/pages\/14985\/revisions"}],"predecessor-version":[{"id":15577,"href":"https:\/\/www.spottergps.com\/se\/wp-json\/wp\/v2\/pages\/14985\/revisions\/15577"}],"wp:attachment":[{"href":"https:\/\/www.spottergps.com\/se\/wp-json\/wp\/v2\/media?parent=14985"}],"wp:term":[{"taxonomy":"category","embeddable":true,"href":"https:\/\/www.spottergps.com\/se\/wp-json\/wp\/v2\/categories?post=14985"},{"taxonomy":"post_tag","embeddable":true,"href":"https:\/\/www.spottergps.com\/se\/wp-json\/wp\/v2\/tags?post=14985"}],"curies":[{"name":"wp","href":"https:\/\/api.w.org\/{rel}","templated":true}]}}