{"id":14978,"date":"2021-10-20T09:31:34","date_gmt":"2021-10-20T09:31:34","guid":{"rendered":"https:\/\/www.spottergps.com\/se\/?page_id=14978"},"modified":"2021-10-20T09:32:12","modified_gmt":"2021-10-20T09:32:12","slug":"om-spotter","status":"publish","type":"page","link":"https:\/\/www.spottergps.com\/se\/om-spotter\/","title":{"rendered":"Om Spotter"},"content":{"rendered":"\n<h3 class=\"wp-block-heading\">Vilka vi \u00e4r<\/h3>\n\n\n\n<p>Vi \u00e4r ett nederl\u00e4ndskt f\u00f6retag specialiserat p\u00e5 GPS-sp\u00e5rningsl\u00f6sningar f\u00f6r konsumentmarknaden. V\u00e5ra produkter sammanst\u00e4lls med stor omsorg och tas fram internt av ett professionellt utvecklingsteam. Grundarna av Spotter har m\u00e5ng\u00e5rig erfarenhet inom GPS- och telekomsektorn, d\u00e4r track &amp; trace-l\u00f6sningar till\u00e4mpades inom aff\u00e4rsmarknaden. Med denna erfarenhet och kunskap skapades Spotter. <\/p>\n\n\n\n<h3 class=\"wp-block-heading\">Vad vi g\u00f6r<\/h3>\n\n\n\n<p>Ger trygghet &#8230; Att veta var barnen \u00e4r n\u00e4r de g\u00e5r ut f\u00f6r att leka \u00e4r ett behov som vi allt oftare ser hos f\u00f6r\u00e4ldrar. Antag att du \u00e4r p\u00e5 semester och ditt barn \u00e4r p\u00e5 ett \u00e4ventyr, hur trevligt \u00e4r det om du kan se om han eller hon \u00e4r i n\u00e4rheten? Och att du kan ringa Spotter i n\u00f6dfall f\u00f6r att fr\u00e5ga vad som h\u00e4nder? Vi vill ge den h\u00e4r k\u00e4nslan av trygghet till f\u00f6r\u00e4ldrar, men ocks\u00e5 till barn.<\/p>\n\n\n\n<h3 class=\"wp-block-heading\">Vem vi g\u00f6r det f\u00f6r<\/h3>\n\n\n\n<p>Spotter GPS-tracker utvecklades fr\u00e4mst f\u00f6r att f\u00f6rstora r\u00f6relsefriheten f\u00f6r m\u00e4nniskor (barn, \u00e4ldre, beh\u00f6vande). Spotter erbjuder m\u00f6jligheten att l\u00e5ta barnet leka ute l\u00e4ngre \u00e4n vanligt eftersom f\u00f6r\u00e4ldrarna alltid har kontakt med barnet vid olyckor eller om dom g\u00e5r vilse. Och barnet har kontakt med f\u00f6r\u00e4ldrarna genom att skicka ett SOS-larm n\u00e4r han\/hon k\u00e4nner sig obekv\u00e4m. Detta g\u00e4ller \u00e4ven personer med demens, d\u00e4r det ger b\u00e5de b\u00e4raren och v\u00e5rdgivaren en k\u00e4nsla av sinnesro n\u00e4r han\/hon g\u00e5r ut ensam. Dessutom kan Spotter anv\u00e4ndas f\u00f6r att skydda och sp\u00e5ra v\u00e4rdefulla varor.<br><br>Naturligtvis skulle vi vilja att alla kan l\u00e4ra k\u00e4nna Spotter f\u00f6r att uppleva f\u00f6rdelarna sj\u00e4lva.<\/p>\n\n\n\n<h3 class=\"wp-block-heading\">Vad vi tror p\u00e5<\/h3>\n\n\n\n<p>Vi tror att k\u00e4nslan av trygghet \u00e4r ett grundl\u00e4ggande v\u00e4rde f\u00f6r varje person. Det \u00e4r d\u00e4rf\u00f6r vi vill att v\u00e5ra produkter ska vara tillg\u00e4ngliga f\u00f6r alla, vilket bara \u00e4r m\u00f6jligt om priset \u00e4r \u00f6verkomligt. Det \u00e4r d\u00e4rf\u00f6r v\u00e5ra produkter \u00e4r mycket prisv\u00e4rda att k\u00f6pa och anv\u00e4nda, samtidigt som de h\u00e5ller h\u00f6g kvalitet. Dessutom arbetar vi med starka och professionella partners.<\/p>\n\n\n\n<p><\/p>\n","protected":false},"excerpt":{"rendered":"<p>Vilka vi \u00e4r Vi \u00e4r ett nederl\u00e4ndskt f\u00f6retag specialiserat p\u00e5 [&hellip;]<\/p>\n","protected":false},"author":8,"featured_media":0,"parent":0,"menu_order":0,"comment_status":"closed","ping_status":"closed","template":"","meta":{"_acf_changed":false,"footnotes":""},"categories":[],"tags":[],"class_list":["post-14978","page","type-page","status-publish","hentry"],"acf":[],"yoast_head":"<!-- This site is optimized with the Yoast SEO plugin v25.9 - https:\/\/yoast.com\/wordpress\/plugins\/seo\/ -->\n<title>Om Spotter - Spotter Sweden<\/title>\n<meta name=\"robots\" content=\"index, follow, max-snippet:-1, max-image-preview:large, max-video-preview:-1\" \/>\n<link rel=\"canonical\" href=\"https:\/\/www.spottergps.com\/se\/om-spotter\/\" \/>\n<meta property=\"og:locale\" content=\"sv_SE\" \/>\n<meta property=\"og:type\" content=\"article\" \/>\n<meta property=\"og:title\" content=\"Om Spotter - Spotter Sweden\" \/>\n<meta property=\"og:description\" content=\"Vilka vi \u00e4r Vi \u00e4r ett nederl\u00e4ndskt f\u00f6retag specialiserat p\u00e5 [&hellip;]\" \/>\n<meta property=\"og:url\" content=\"https:\/\/www.spottergps.com\/se\/om-spotter\/\" \/>\n<meta property=\"og:site_name\" content=\"Spotter Sweden\" \/>\n<meta property=\"article:modified_time\" content=\"2021-10-20T09:32:12+00:00\" \/>\n<meta name=\"twitter:card\" content=\"summary_large_image\" \/>\n<meta name=\"twitter:label1\" content=\"Ber\u00e4knad l\u00e4stid\" \/>\n\t<meta name=\"twitter:data1\" content=\"2 minuter\" \/>\n<script type=\"application\/ld+json\" class=\"yoast-schema-graph\">{\"@context\":\"https:\/\/schema.org\",\"@graph\":[{\"@type\":\"WebPage\",\"@id\":\"https:\/\/www.spottergps.com\/se\/om-spotter\/\",\"url\":\"https:\/\/www.spottergps.com\/se\/om-spotter\/\",\"name\":\"Om Spotter - Spotter Sweden\",\"isPartOf\":{\"@id\":\"https:\/\/www.spottergps.com\/se\/#website\"},\"datePublished\":\"2021-10-20T09:31:34+00:00\",\"dateModified\":\"2021-10-20T09:32:12+00:00\",\"breadcrumb\":{\"@id\":\"https:\/\/www.spottergps.com\/se\/om-spotter\/#breadcrumb\"},\"inLanguage\":\"sv-SE\",\"potentialAction\":[{\"@type\":\"ReadAction\",\"target\":[\"https:\/\/www.spottergps.com\/se\/om-spotter\/\"]}]},{\"@type\":\"BreadcrumbList\",\"@id\":\"https:\/\/www.spottergps.com\/se\/om-spotter\/#breadcrumb\",\"itemListElement\":[{\"@type\":\"ListItem\",\"position\":1,\"name\":\"Home\",\"item\":\"https:\/\/www.spottergps.com\/se\/\"},{\"@type\":\"ListItem\",\"position\":2,\"name\":\"Om Spotter\"}]},{\"@type\":\"WebSite\",\"@id\":\"https:\/\/www.spottergps.com\/se\/#website\",\"url\":\"https:\/\/www.spottergps.com\/se\/\",\"name\":\"Spotter Sweden\",\"description\":\"Spotter GPS Sweden\",\"potentialAction\":[{\"@type\":\"SearchAction\",\"target\":{\"@type\":\"EntryPoint\",\"urlTemplate\":\"https:\/\/www.spottergps.com\/se\/?s={search_term_string}\"},\"query-input\":{\"@type\":\"PropertyValueSpecification\",\"valueRequired\":true,\"valueName\":\"search_term_string\"}}],\"inLanguage\":\"sv-SE\"}]}<\/script>\n<!-- \/ Yoast SEO plugin. -->","yoast_head_json":{"title":"Om Spotter - Spotter Sweden","robots":{"index":"index","follow":"follow","max-snippet":"max-snippet:-1","max-image-preview":"max-image-preview:large","max-video-preview":"max-video-preview:-1"},"canonical":"https:\/\/www.spottergps.com\/se\/om-spotter\/","og_locale":"sv_SE","og_type":"article","og_title":"Om Spotter - Spotter Sweden","og_description":"Vilka vi \u00e4r Vi \u00e4r ett nederl\u00e4ndskt f\u00f6retag specialiserat p\u00e5 [&hellip;]","og_url":"https:\/\/www.spottergps.com\/se\/om-spotter\/","og_site_name":"Spotter Sweden","article_modified_time":"2021-10-20T09:32:12+00:00","twitter_card":"summary_large_image","twitter_misc":{"Ber\u00e4knad l\u00e4stid":"2 minuter"},"schema":{"@context":"https:\/\/schema.org","@graph":[{"@type":"WebPage","@id":"https:\/\/www.spottergps.com\/se\/om-spotter\/","url":"https:\/\/www.spottergps.com\/se\/om-spotter\/","name":"Om Spotter - Spotter Sweden","isPartOf":{"@id":"https:\/\/www.spottergps.com\/se\/#website"},"datePublished":"2021-10-20T09:31:34+00:00","dateModified":"2021-10-20T09:32:12+00:00","breadcrumb":{"@id":"https:\/\/www.spottergps.com\/se\/om-spotter\/#breadcrumb"},"inLanguage":"sv-SE","potentialAction":[{"@type":"ReadAction","target":["https:\/\/www.spottergps.com\/se\/om-spotter\/"]}]},{"@type":"BreadcrumbList","@id":"https:\/\/www.spottergps.com\/se\/om-spotter\/#breadcrumb","itemListElement":[{"@type":"ListItem","position":1,"name":"Home","item":"https:\/\/www.spottergps.com\/se\/"},{"@type":"ListItem","position":2,"name":"Om Spotter"}]},{"@type":"WebSite","@id":"https:\/\/www.spottergps.com\/se\/#website","url":"https:\/\/www.spottergps.com\/se\/","name":"Spotter Sweden","description":"Spotter GPS Sweden","potentialAction":[{"@type":"SearchAction","target":{"@type":"EntryPoint","urlTemplate":"https:\/\/www.spottergps.com\/se\/?s={search_term_string}"},"query-input":{"@type":"PropertyValueSpecification","valueRequired":true,"valueName":"search_term_string"}}],"inLanguage":"sv-SE"}]}},"_links":{"self":[{"href":"https:\/\/www.spottergps.com\/se\/wp-json\/wp\/v2\/pages\/14978","targetHints":{"allow":["GET"]}}],"collection":[{"href":"https:\/\/www.spottergps.com\/se\/wp-json\/wp\/v2\/pages"}],"about":[{"href":"https:\/\/www.spottergps.com\/se\/wp-json\/wp\/v2\/types\/page"}],"author":[{"embeddable":true,"href":"https:\/\/www.spottergps.com\/se\/wp-json\/wp\/v2\/users\/8"}],"replies":[{"embeddable":true,"href":"https:\/\/www.spottergps.com\/se\/wp-json\/wp\/v2\/comments?post=14978"}],"version-history":[{"count":2,"href":"https:\/\/www.spottergps.com\/se\/wp-json\/wp\/v2\/pages\/14978\/revisions"}],"predecessor-version":[{"id":14981,"href":"https:\/\/www.spottergps.com\/se\/wp-json\/wp\/v2\/pages\/14978\/revisions\/14981"}],"wp:attachment":[{"href":"https:\/\/www.spottergps.com\/se\/wp-json\/wp\/v2\/media?parent=14978"}],"wp:term":[{"taxonomy":"category","embeddable":true,"href":"https:\/\/www.spottergps.com\/se\/wp-json\/wp\/v2\/categories?post=14978"},{"taxonomy":"post_tag","embeddable":true,"href":"https:\/\/www.spottergps.com\/se\/wp-json\/wp\/v2\/tags?post=14978"}],"curies":[{"name":"wp","href":"https:\/\/api.w.org\/{rel}","templated":true}]}}