{"id":14963,"date":"2021-10-20T07:58:59","date_gmt":"2021-10-20T07:58:59","guid":{"rendered":"https:\/\/www.spottergps.com\/se\/?page_id=14963"},"modified":"2026-02-04T14:31:09","modified_gmt":"2026-02-04T14:31:09","slug":"gps-barnklocka","status":"publish","type":"page","link":"https:\/\/www.spottergps.com\/se\/gps-barnklocka\/","title":{"rendered":"GPS -klocka barn fr\u00e5n Spotter\u00ae"},"content":{"rendered":"\n<h2 class=\"wp-block-heading\">Perfekt barnklocka f\u00f6r pojkar och flickor fr\u00e5n 2,5 \u00e5r<\/h2>\n\n\n\n<p>Med Spotter\u00ae GPS -barnklockan vet du alltid var ditt barn \u00e4r och kan ni ta kontakt med varandra. Bra f\u00f6r f\u00f6r\u00e4ldrar och f\u00f6r barnet. Du kan se positionerna via Spotter -appen och via datorn. Totalt s\u00e4kert och p\u00e5litligt. Den unika designen, den lilla storleken och den l\u00e4tta vikten g\u00f6r den till en trevlig och vacker klocka som barn tycker om att b\u00e4ra. Vi ber\u00e4ttar g\u00e4rna mer om det ..<\/p>\n","protected":false},"excerpt":{"rendered":"<p>Perfekt barnklocka f\u00f6r pojkar och flickor fr\u00e5n 2,5 \u00e5r Med [&hellip;]<\/p>\n","protected":false},"author":8,"featured_media":0,"parent":0,"menu_order":0,"comment_status":"closed","ping_status":"closed","template":"","meta":{"_acf_changed":false,"footnotes":""},"categories":[],"tags":[],"class_list":["post-14963","page","type-page","status-publish","hentry"],"acf":[],"yoast_head":"<!-- This site is optimized with the Yoast SEO plugin v25.9 - https:\/\/yoast.com\/wordpress\/plugins\/seo\/ -->\n<title>B\u00e4sta GPS Barnklocka 2022 | Med Spotter\u00ae vet du var ditt barn \u00e4r<\/title>\n<meta name=\"description\" content=\"Barn GPS-klocka med samtalsfunktion, SOS-knapp och stegr\u00e4knare. Inget abonnemang och tillg\u00e4nglig i fyra coola f\u00e4rger. Nyfiken p\u00e5 v\u00e5ra GPS barnklockor?\" \/>\n<meta name=\"robots\" content=\"index, follow, max-snippet:-1, max-image-preview:large, max-video-preview:-1\" \/>\n<link rel=\"canonical\" href=\"https:\/\/www.spottergps.com\/se\/gps-barnklocka\/\" \/>\n<meta property=\"og:locale\" content=\"sv_SE\" \/>\n<meta property=\"og:type\" content=\"article\" \/>\n<meta property=\"og:title\" content=\"B\u00e4sta GPS Barnklocka 2022 | Med Spotter\u00ae vet du var ditt barn \u00e4r\" \/>\n<meta property=\"og:description\" content=\"Barn GPS-klocka med samtalsfunktion, SOS-knapp och stegr\u00e4knare. Inget abonnemang och tillg\u00e4nglig i fyra coola f\u00e4rger. Nyfiken p\u00e5 v\u00e5ra GPS barnklockor?\" \/>\n<meta property=\"og:url\" content=\"https:\/\/www.spottergps.com\/se\/gps-barnklocka\/\" \/>\n<meta property=\"og:site_name\" content=\"Spotter Sweden\" \/>\n<meta property=\"article:modified_time\" content=\"2026-02-04T14:31:09+00:00\" \/>\n<meta name=\"twitter:card\" content=\"summary_large_image\" \/>\n<meta name=\"twitter:label1\" content=\"Ber\u00e4knad l\u00e4stid\" \/>\n\t<meta name=\"twitter:data1\" content=\"1 minut\" \/>\n<script type=\"application\/ld+json\" class=\"yoast-schema-graph\">{\"@context\":\"https:\/\/schema.org\",\"@graph\":[{\"@type\":\"WebPage\",\"@id\":\"https:\/\/www.spottergps.com\/se\/gps-barnklocka\/\",\"url\":\"https:\/\/www.spottergps.com\/se\/gps-barnklocka\/\",\"name\":\"B\u00e4sta GPS Barnklocka 2022 | Med Spotter\u00ae vet du var ditt barn \u00e4r\",\"isPartOf\":{\"@id\":\"https:\/\/www.spottergps.com\/se\/#website\"},\"datePublished\":\"2021-10-20T07:58:59+00:00\",\"dateModified\":\"2026-02-04T14:31:09+00:00\",\"description\":\"Barn GPS-klocka med samtalsfunktion, SOS-knapp och stegr\u00e4knare. Inget abonnemang och tillg\u00e4nglig i fyra coola f\u00e4rger. Nyfiken p\u00e5 v\u00e5ra GPS barnklockor?\",\"breadcrumb\":{\"@id\":\"https:\/\/www.spottergps.com\/se\/gps-barnklocka\/#breadcrumb\"},\"inLanguage\":\"sv-SE\",\"potentialAction\":[{\"@type\":\"ReadAction\",\"target\":[\"https:\/\/www.spottergps.com\/se\/gps-barnklocka\/\"]}]},{\"@type\":\"BreadcrumbList\",\"@id\":\"https:\/\/www.spottergps.com\/se\/gps-barnklocka\/#breadcrumb\",\"itemListElement\":[{\"@type\":\"ListItem\",\"position\":1,\"name\":\"Home\",\"item\":\"https:\/\/www.spottergps.com\/se\/\"},{\"@type\":\"ListItem\",\"position\":2,\"name\":\"GPS -klocka barn fr\u00e5n Spotter\u00ae\"}]},{\"@type\":\"WebSite\",\"@id\":\"https:\/\/www.spottergps.com\/se\/#website\",\"url\":\"https:\/\/www.spottergps.com\/se\/\",\"name\":\"Spotter Sweden\",\"description\":\"Spotter GPS Sweden\",\"potentialAction\":[{\"@type\":\"SearchAction\",\"target\":{\"@type\":\"EntryPoint\",\"urlTemplate\":\"https:\/\/www.spottergps.com\/se\/?s={search_term_string}\"},\"query-input\":{\"@type\":\"PropertyValueSpecification\",\"valueRequired\":true,\"valueName\":\"search_term_string\"}}],\"inLanguage\":\"sv-SE\"}]}<\/script>\n<!-- \/ Yoast SEO plugin. -->","yoast_head_json":{"title":"B\u00e4sta GPS Barnklocka 2022 | Med Spotter\u00ae vet du var ditt barn \u00e4r","description":"Barn GPS-klocka med samtalsfunktion, SOS-knapp och stegr\u00e4knare. Inget abonnemang och tillg\u00e4nglig i fyra coola f\u00e4rger. Nyfiken p\u00e5 v\u00e5ra GPS barnklockor?","robots":{"index":"index","follow":"follow","max-snippet":"max-snippet:-1","max-image-preview":"max-image-preview:large","max-video-preview":"max-video-preview:-1"},"canonical":"https:\/\/www.spottergps.com\/se\/gps-barnklocka\/","og_locale":"sv_SE","og_type":"article","og_title":"B\u00e4sta GPS Barnklocka 2022 | Med Spotter\u00ae vet du var ditt barn \u00e4r","og_description":"Barn GPS-klocka med samtalsfunktion, SOS-knapp och stegr\u00e4knare. Inget abonnemang och tillg\u00e4nglig i fyra coola f\u00e4rger. Nyfiken p\u00e5 v\u00e5ra GPS barnklockor?","og_url":"https:\/\/www.spottergps.com\/se\/gps-barnklocka\/","og_site_name":"Spotter Sweden","article_modified_time":"2026-02-04T14:31:09+00:00","twitter_card":"summary_large_image","twitter_misc":{"Ber\u00e4knad l\u00e4stid":"1 minut"},"schema":{"@context":"https:\/\/schema.org","@graph":[{"@type":"WebPage","@id":"https:\/\/www.spottergps.com\/se\/gps-barnklocka\/","url":"https:\/\/www.spottergps.com\/se\/gps-barnklocka\/","name":"B\u00e4sta GPS Barnklocka 2022 | Med Spotter\u00ae vet du var ditt barn \u00e4r","isPartOf":{"@id":"https:\/\/www.spottergps.com\/se\/#website"},"datePublished":"2021-10-20T07:58:59+00:00","dateModified":"2026-02-04T14:31:09+00:00","description":"Barn GPS-klocka med samtalsfunktion, SOS-knapp och stegr\u00e4knare. Inget abonnemang och tillg\u00e4nglig i fyra coola f\u00e4rger. Nyfiken p\u00e5 v\u00e5ra GPS barnklockor?","breadcrumb":{"@id":"https:\/\/www.spottergps.com\/se\/gps-barnklocka\/#breadcrumb"},"inLanguage":"sv-SE","potentialAction":[{"@type":"ReadAction","target":["https:\/\/www.spottergps.com\/se\/gps-barnklocka\/"]}]},{"@type":"BreadcrumbList","@id":"https:\/\/www.spottergps.com\/se\/gps-barnklocka\/#breadcrumb","itemListElement":[{"@type":"ListItem","position":1,"name":"Home","item":"https:\/\/www.spottergps.com\/se\/"},{"@type":"ListItem","position":2,"name":"GPS -klocka barn fr\u00e5n Spotter\u00ae"}]},{"@type":"WebSite","@id":"https:\/\/www.spottergps.com\/se\/#website","url":"https:\/\/www.spottergps.com\/se\/","name":"Spotter Sweden","description":"Spotter GPS Sweden","potentialAction":[{"@type":"SearchAction","target":{"@type":"EntryPoint","urlTemplate":"https:\/\/www.spottergps.com\/se\/?s={search_term_string}"},"query-input":{"@type":"PropertyValueSpecification","valueRequired":true,"valueName":"search_term_string"}}],"inLanguage":"sv-SE"}]}},"_links":{"self":[{"href":"https:\/\/www.spottergps.com\/se\/wp-json\/wp\/v2\/pages\/14963","targetHints":{"allow":["GET"]}}],"collection":[{"href":"https:\/\/www.spottergps.com\/se\/wp-json\/wp\/v2\/pages"}],"about":[{"href":"https:\/\/www.spottergps.com\/se\/wp-json\/wp\/v2\/types\/page"}],"author":[{"embeddable":true,"href":"https:\/\/www.spottergps.com\/se\/wp-json\/wp\/v2\/users\/8"}],"replies":[{"embeddable":true,"href":"https:\/\/www.spottergps.com\/se\/wp-json\/wp\/v2\/comments?post=14963"}],"version-history":[{"count":25,"href":"https:\/\/www.spottergps.com\/se\/wp-json\/wp\/v2\/pages\/14963\/revisions"}],"predecessor-version":[{"id":15573,"href":"https:\/\/www.spottergps.com\/se\/wp-json\/wp\/v2\/pages\/14963\/revisions\/15573"}],"wp:attachment":[{"href":"https:\/\/www.spottergps.com\/se\/wp-json\/wp\/v2\/media?parent=14963"}],"wp:term":[{"taxonomy":"category","embeddable":true,"href":"https:\/\/www.spottergps.com\/se\/wp-json\/wp\/v2\/categories?post=14963"},{"taxonomy":"post_tag","embeddable":true,"href":"https:\/\/www.spottergps.com\/se\/wp-json\/wp\/v2\/tags?post=14963"}],"curies":[{"name":"wp","href":"https:\/\/api.w.org\/{rel}","templated":true}]}}