{"id":14942,"date":"2021-10-18T11:15:21","date_gmt":"2021-10-18T11:15:21","guid":{"rendered":"https:\/\/www.spottergps.com\/se\/?page_id=14942"},"modified":"2026-02-04T14:31:37","modified_gmt":"2026-02-04T14:31:37","slug":"gps-klockan-for-barn-och-vuxna","status":"publish","type":"page","link":"https:\/\/www.spottergps.com\/se\/gps-klockan-for-barn-och-vuxna\/","title":{"rendered":"GPS klocka f\u00f6r barn och vuxna"},"content":{"rendered":"\n<p>Spotter GPS -Watch \u00e4r GPS -klockan f\u00f6r allt du har k\u00e4rt. Dess unika design, lilla format och l\u00e4tta vikt g\u00f6r den till en trevlig och vacker klocka att b\u00e4ra. Passar s\u00e5 v\u00e4ll barn som seniorer, d\u00e5 det g\u00e5r att v\u00e4lja mellan tre olika modeller. Du kan logga in via ett onlinekonto eller en smartmobilapp och omedelbart se klockans GPS-position. Dessutom har Spotter GPS -klockan ett antal andra anv\u00e4ndbara funktioner som vi f\u00f6rklarar mer utf\u00f6rligt nedan.<\/p>\n","protected":false},"excerpt":{"rendered":"<p>Spotter GPS -Watch \u00e4r GPS -klockan f\u00f6r allt du har [&hellip;]<\/p>\n","protected":false},"author":8,"featured_media":0,"parent":0,"menu_order":0,"comment_status":"closed","ping_status":"closed","template":"","meta":{"_acf_changed":false,"footnotes":""},"categories":[],"tags":[],"class_list":["post-14942","page","type-page","status-publish","hentry"],"acf":[],"yoast_head":"<!-- This site is optimized with the Yoast SEO plugin v25.9 - https:\/\/yoast.com\/wordpress\/plugins\/seo\/ -->\n<title>GPS Klocka f\u00f6r Barn &amp; Seniorer utan abonnemang | Spotter\u00ae<\/title>\n<meta name=\"description\" content=\"GPS-klockan f\u00f6r allt du \u00e4lskar. Med Spotter GPS-klocka ser du online var n\u00e5gon \u00e4r &amp; via en App. Med SOS-alarm, stegr\u00e4knare, samtalsfunktion och mer!\" \/>\n<meta name=\"robots\" content=\"index, follow, max-snippet:-1, max-image-preview:large, max-video-preview:-1\" \/>\n<link rel=\"canonical\" href=\"https:\/\/www.spottergps.com\/se\/gps-klockan-for-barn-och-vuxna\/\" \/>\n<meta property=\"og:locale\" content=\"sv_SE\" \/>\n<meta property=\"og:type\" content=\"article\" \/>\n<meta property=\"og:title\" content=\"GPS Klocka f\u00f6r Barn &amp; Seniorer utan abonnemang | Spotter\u00ae\" \/>\n<meta property=\"og:description\" content=\"GPS-klockan f\u00f6r allt du \u00e4lskar. Med Spotter GPS-klocka ser du online var n\u00e5gon \u00e4r &amp; via en App. Med SOS-alarm, stegr\u00e4knare, samtalsfunktion och mer!\" \/>\n<meta property=\"og:url\" content=\"https:\/\/www.spottergps.com\/se\/gps-klockan-for-barn-och-vuxna\/\" \/>\n<meta property=\"og:site_name\" content=\"Spotter Sweden\" \/>\n<meta property=\"article:modified_time\" content=\"2026-02-04T14:31:37+00:00\" \/>\n<meta name=\"twitter:card\" content=\"summary_large_image\" \/>\n<meta name=\"twitter:label1\" content=\"Ber\u00e4knad l\u00e4stid\" \/>\n\t<meta name=\"twitter:data1\" content=\"1 minut\" \/>\n<script type=\"application\/ld+json\" class=\"yoast-schema-graph\">{\"@context\":\"https:\/\/schema.org\",\"@graph\":[{\"@type\":\"WebPage\",\"@id\":\"https:\/\/www.spottergps.com\/se\/gps-klockan-for-barn-och-vuxna\/\",\"url\":\"https:\/\/www.spottergps.com\/se\/gps-klockan-for-barn-och-vuxna\/\",\"name\":\"GPS Klocka f\u00f6r Barn & Seniorer utan abonnemang | Spotter\u00ae\",\"isPartOf\":{\"@id\":\"https:\/\/www.spottergps.com\/se\/#website\"},\"datePublished\":\"2021-10-18T11:15:21+00:00\",\"dateModified\":\"2026-02-04T14:31:37+00:00\",\"description\":\"GPS-klockan f\u00f6r allt du \u00e4lskar. Med Spotter GPS-klocka ser du online var n\u00e5gon \u00e4r & via en App. Med SOS-alarm, stegr\u00e4knare, samtalsfunktion och mer!\",\"breadcrumb\":{\"@id\":\"https:\/\/www.spottergps.com\/se\/gps-klockan-for-barn-och-vuxna\/#breadcrumb\"},\"inLanguage\":\"sv-SE\",\"potentialAction\":[{\"@type\":\"ReadAction\",\"target\":[\"https:\/\/www.spottergps.com\/se\/gps-klockan-for-barn-och-vuxna\/\"]}]},{\"@type\":\"BreadcrumbList\",\"@id\":\"https:\/\/www.spottergps.com\/se\/gps-klockan-for-barn-och-vuxna\/#breadcrumb\",\"itemListElement\":[{\"@type\":\"ListItem\",\"position\":1,\"name\":\"Home\",\"item\":\"https:\/\/www.spottergps.com\/se\/\"},{\"@type\":\"ListItem\",\"position\":2,\"name\":\"GPS klocka f\u00f6r barn och vuxna\"}]},{\"@type\":\"WebSite\",\"@id\":\"https:\/\/www.spottergps.com\/se\/#website\",\"url\":\"https:\/\/www.spottergps.com\/se\/\",\"name\":\"Spotter Sweden\",\"description\":\"Spotter GPS Sweden\",\"potentialAction\":[{\"@type\":\"SearchAction\",\"target\":{\"@type\":\"EntryPoint\",\"urlTemplate\":\"https:\/\/www.spottergps.com\/se\/?s={search_term_string}\"},\"query-input\":{\"@type\":\"PropertyValueSpecification\",\"valueRequired\":true,\"valueName\":\"search_term_string\"}}],\"inLanguage\":\"sv-SE\"}]}<\/script>\n<!-- \/ Yoast SEO plugin. -->","yoast_head_json":{"title":"GPS Klocka f\u00f6r Barn & Seniorer utan abonnemang | Spotter\u00ae","description":"GPS-klockan f\u00f6r allt du \u00e4lskar. Med Spotter GPS-klocka ser du online var n\u00e5gon \u00e4r & via en App. Med SOS-alarm, stegr\u00e4knare, samtalsfunktion och mer!","robots":{"index":"index","follow":"follow","max-snippet":"max-snippet:-1","max-image-preview":"max-image-preview:large","max-video-preview":"max-video-preview:-1"},"canonical":"https:\/\/www.spottergps.com\/se\/gps-klockan-for-barn-och-vuxna\/","og_locale":"sv_SE","og_type":"article","og_title":"GPS Klocka f\u00f6r Barn & Seniorer utan abonnemang | Spotter\u00ae","og_description":"GPS-klockan f\u00f6r allt du \u00e4lskar. Med Spotter GPS-klocka ser du online var n\u00e5gon \u00e4r & via en App. Med SOS-alarm, stegr\u00e4knare, samtalsfunktion och mer!","og_url":"https:\/\/www.spottergps.com\/se\/gps-klockan-for-barn-och-vuxna\/","og_site_name":"Spotter Sweden","article_modified_time":"2026-02-04T14:31:37+00:00","twitter_card":"summary_large_image","twitter_misc":{"Ber\u00e4knad l\u00e4stid":"1 minut"},"schema":{"@context":"https:\/\/schema.org","@graph":[{"@type":"WebPage","@id":"https:\/\/www.spottergps.com\/se\/gps-klockan-for-barn-och-vuxna\/","url":"https:\/\/www.spottergps.com\/se\/gps-klockan-for-barn-och-vuxna\/","name":"GPS Klocka f\u00f6r Barn & Seniorer utan abonnemang | Spotter\u00ae","isPartOf":{"@id":"https:\/\/www.spottergps.com\/se\/#website"},"datePublished":"2021-10-18T11:15:21+00:00","dateModified":"2026-02-04T14:31:37+00:00","description":"GPS-klockan f\u00f6r allt du \u00e4lskar. Med Spotter GPS-klocka ser du online var n\u00e5gon \u00e4r & via en App. Med SOS-alarm, stegr\u00e4knare, samtalsfunktion och mer!","breadcrumb":{"@id":"https:\/\/www.spottergps.com\/se\/gps-klockan-for-barn-och-vuxna\/#breadcrumb"},"inLanguage":"sv-SE","potentialAction":[{"@type":"ReadAction","target":["https:\/\/www.spottergps.com\/se\/gps-klockan-for-barn-och-vuxna\/"]}]},{"@type":"BreadcrumbList","@id":"https:\/\/www.spottergps.com\/se\/gps-klockan-for-barn-och-vuxna\/#breadcrumb","itemListElement":[{"@type":"ListItem","position":1,"name":"Home","item":"https:\/\/www.spottergps.com\/se\/"},{"@type":"ListItem","position":2,"name":"GPS klocka f\u00f6r barn och vuxna"}]},{"@type":"WebSite","@id":"https:\/\/www.spottergps.com\/se\/#website","url":"https:\/\/www.spottergps.com\/se\/","name":"Spotter Sweden","description":"Spotter GPS Sweden","potentialAction":[{"@type":"SearchAction","target":{"@type":"EntryPoint","urlTemplate":"https:\/\/www.spottergps.com\/se\/?s={search_term_string}"},"query-input":{"@type":"PropertyValueSpecification","valueRequired":true,"valueName":"search_term_string"}}],"inLanguage":"sv-SE"}]}},"_links":{"self":[{"href":"https:\/\/www.spottergps.com\/se\/wp-json\/wp\/v2\/pages\/14942","targetHints":{"allow":["GET"]}}],"collection":[{"href":"https:\/\/www.spottergps.com\/se\/wp-json\/wp\/v2\/pages"}],"about":[{"href":"https:\/\/www.spottergps.com\/se\/wp-json\/wp\/v2\/types\/page"}],"author":[{"embeddable":true,"href":"https:\/\/www.spottergps.com\/se\/wp-json\/wp\/v2\/users\/8"}],"replies":[{"embeddable":true,"href":"https:\/\/www.spottergps.com\/se\/wp-json\/wp\/v2\/comments?post=14942"}],"version-history":[{"count":22,"href":"https:\/\/www.spottergps.com\/se\/wp-json\/wp\/v2\/pages\/14942\/revisions"}],"predecessor-version":[{"id":15574,"href":"https:\/\/www.spottergps.com\/se\/wp-json\/wp\/v2\/pages\/14942\/revisions\/15574"}],"wp:attachment":[{"href":"https:\/\/www.spottergps.com\/se\/wp-json\/wp\/v2\/media?parent=14942"}],"wp:term":[{"taxonomy":"category","embeddable":true,"href":"https:\/\/www.spottergps.com\/se\/wp-json\/wp\/v2\/categories?post=14942"},{"taxonomy":"post_tag","embeddable":true,"href":"https:\/\/www.spottergps.com\/se\/wp-json\/wp\/v2\/tags?post=14942"}],"curies":[{"name":"wp","href":"https:\/\/api.w.org\/{rel}","templated":true}]}}