{"id":14925,"date":"2021-10-18T09:58:01","date_gmt":"2021-10-18T09:58:01","guid":{"rendered":"https:\/\/www.spottergps.com\/se\/?page_id=14925"},"modified":"2026-02-04T14:32:09","modified_gmt":"2026-02-04T14:32:09","slug":"gps-tracker","status":"publish","type":"page","link":"https:\/\/www.spottergps.com\/se\/gps-tracker\/","title":{"rendered":"GPS-tracker f\u00f6r allt som \u00e4r dig k\u00e4rt"},"content":{"rendered":"\n<p>Spotter \u00e4r en mycket anv\u00e4ndarv\u00e4nlig liten GPS-sp\u00e5rare som bekv\u00e4mt kan b\u00e4ras runt p\u00e5 grund av sin kompakta storlek och l\u00e4ttvikt. Du ger Spottern till ditt barn, husdjur, morfar\/mormor eller l\u00e4gger den i din bil, b\u00e5t eller moped och du vet alltid positionen. F\u00f6rutom sp\u00e5rning och f\u00f6ljning har Spotter GPS -sp\u00e5raren fler anv\u00e4ndbara funktioner.<\/p>\n\n\n\n<div class=\"wp-block-columns is-layout-flex wp-container-core-columns-is-layout-9d6595d7 wp-block-columns-is-layout-flex\">\n<div class=\"wp-block-column is-layout-flow wp-block-column-is-layout-flow\">\n<div class=\"wp-block-columns is-layout-flex wp-container-core-columns-is-layout-9d6595d7 wp-block-columns-is-layout-flex\">\n<div class=\"wp-block-column is-layout-flow wp-block-column-is-layout-flow\">\n<figure class=\"wp-block-image size-large\"><a href=\"https:\/\/www.spottergps.com\/se\/gps-barnklocka\/\"><img loading=\"lazy\" decoding=\"async\" width=\"269\" height=\"273\" src=\"https:\/\/www.spottergps.com\/se\/wp-content\/uploads\/sites\/5\/2021\/10\/Spotter-GPS-tracker-barn.jpg\" alt=\"\" class=\"wp-image-14926\" srcset=\"https:\/\/www.spottergps.com\/se\/wp-content\/uploads\/sites\/5\/2021\/10\/Spotter-GPS-tracker-barn.jpg 269w, https:\/\/www.spottergps.com\/se\/wp-content\/uploads\/sites\/5\/2021\/10\/Spotter-GPS-tracker-barn-143x145.jpg 143w\" sizes=\"auto, (max-width: 269px) 100vw, 269px\" \/><\/a><\/figure>\n\n\n\n<h4 class=\"has-text-align-center wp-block-heading\">Barn<\/h4>\n<\/div>\n\n\n\n<div class=\"wp-block-column is-layout-flow wp-block-column-is-layout-flow\">\n<figure class=\"wp-block-image size-large\"><img loading=\"lazy\" decoding=\"async\" width=\"269\" height=\"273\" src=\"https:\/\/www.spottergps.com\/se\/wp-content\/uploads\/sites\/5\/2021\/10\/Spotter-GPS-traker-seniorer.jpg\" alt=\"\" class=\"wp-image-14927\" srcset=\"https:\/\/www.spottergps.com\/se\/wp-content\/uploads\/sites\/5\/2021\/10\/Spotter-GPS-traker-seniorer.jpg 269w, https:\/\/www.spottergps.com\/se\/wp-content\/uploads\/sites\/5\/2021\/10\/Spotter-GPS-traker-seniorer-143x145.jpg 143w\" sizes=\"auto, (max-width: 269px) 100vw, 269px\" \/><\/figure>\n\n\n\n<h4 class=\"has-text-align-center wp-block-heading\">Seniorer<\/h4>\n<\/div>\n<\/div>\n\n\n\n<p><\/p>\n<\/div>\n\n\n\n<div class=\"wp-block-column is-layout-flow wp-block-column-is-layout-flow\">\n<div class=\"wp-block-columns is-layout-flex wp-container-core-columns-is-layout-9d6595d7 wp-block-columns-is-layout-flex\">\n<div class=\"wp-block-column is-layout-flow wp-block-column-is-layout-flow\">\n<figure class=\"wp-block-image size-large\"><img loading=\"lazy\" decoding=\"async\" width=\"269\" height=\"273\" src=\"https:\/\/www.spottergps.com\/se\/wp-content\/uploads\/sites\/5\/2021\/10\/Spotter-GPS-tracker-Husdjur.jpg\" alt=\"\" class=\"wp-image-14928\" srcset=\"https:\/\/www.spottergps.com\/se\/wp-content\/uploads\/sites\/5\/2021\/10\/Spotter-GPS-tracker-Husdjur.jpg 269w, https:\/\/www.spottergps.com\/se\/wp-content\/uploads\/sites\/5\/2021\/10\/Spotter-GPS-tracker-Husdjur-143x145.jpg 143w\" sizes=\"auto, (max-width: 269px) 100vw, 269px\" \/><\/figure>\n\n\n\n<h4 class=\"has-text-align-center wp-block-heading\"> Husdjur <\/h4>\n<\/div>\n\n\n\n<div class=\"wp-block-column is-layout-flow wp-block-column-is-layout-flow\">\n<figure class=\"wp-block-image size-large\"><img loading=\"lazy\" decoding=\"async\" width=\"269\" height=\"273\" src=\"https:\/\/www.spottergps.com\/se\/wp-content\/uploads\/sites\/5\/2021\/10\/Spotter-GPS-tracker-Saker.jpg\" alt=\"\" class=\"wp-image-14929\" srcset=\"https:\/\/www.spottergps.com\/se\/wp-content\/uploads\/sites\/5\/2021\/10\/Spotter-GPS-tracker-Saker.jpg 269w, https:\/\/www.spottergps.com\/se\/wp-content\/uploads\/sites\/5\/2021\/10\/Spotter-GPS-tracker-Saker-143x145.jpg 143w\" sizes=\"auto, (max-width: 269px) 100vw, 269px\" \/><\/figure>\n\n\n\n<h4 class=\"has-text-align-center wp-block-heading\"> Saker <\/h4>\n<\/div>\n<\/div>\n<\/div>\n<\/div>\n\n\n\n<p><\/p>\n","protected":false},"excerpt":{"rendered":"<p>Spotter \u00e4r en mycket anv\u00e4ndarv\u00e4nlig liten GPS-sp\u00e5rare som bekv\u00e4mt kan [&hellip;]<\/p>\n","protected":false},"author":8,"featured_media":0,"parent":0,"menu_order":0,"comment_status":"closed","ping_status":"closed","template":"","meta":{"_acf_changed":false,"footnotes":""},"categories":[],"tags":[],"class_list":["post-14925","page","type-page","status-publish","hentry"],"acf":[],"yoast_head":"<!-- This site is optimized with the Yoast SEO plugin v25.9 - https:\/\/yoast.com\/wordpress\/plugins\/seo\/ -->\n<title>Spotter\u00ae GPS-tracker f\u00f6r allt du \u00e4lskar, utan abonnemang<\/title>\n<meta name=\"description\" content=\"GPS-tracker f\u00f6r barn, \u00e4ldre, djur och v\u00e4rdesaker. Online och App och med samtalsfunktion, SOS-knapp och zoner. Fungerar i hela Europa!\" \/>\n<meta name=\"robots\" content=\"index, follow, max-snippet:-1, max-image-preview:large, max-video-preview:-1\" \/>\n<link rel=\"canonical\" href=\"https:\/\/www.spottergps.com\/se\/gps-tracker\/\" \/>\n<meta property=\"og:locale\" content=\"sv_SE\" \/>\n<meta property=\"og:type\" content=\"article\" \/>\n<meta property=\"og:title\" content=\"Spotter\u00ae GPS-tracker f\u00f6r allt du \u00e4lskar, utan abonnemang\" \/>\n<meta property=\"og:description\" content=\"GPS-tracker f\u00f6r barn, \u00e4ldre, djur och v\u00e4rdesaker. Online och App och med samtalsfunktion, SOS-knapp och zoner. Fungerar i hela Europa!\" \/>\n<meta property=\"og:url\" content=\"https:\/\/www.spottergps.com\/se\/gps-tracker\/\" \/>\n<meta property=\"og:site_name\" content=\"Spotter Sweden\" \/>\n<meta property=\"article:modified_time\" content=\"2026-02-04T14:32:09+00:00\" \/>\n<meta property=\"og:image\" content=\"https:\/\/www.spottergps.com\/se\/wp-content\/uploads\/sites\/5\/2021\/10\/Spotter-GPS-tracker-barn.jpg\" \/>\n\t<meta property=\"og:image:width\" content=\"269\" \/>\n\t<meta property=\"og:image:height\" content=\"273\" \/>\n\t<meta property=\"og:image:type\" content=\"image\/jpeg\" \/>\n<meta name=\"twitter:card\" content=\"summary_large_image\" \/>\n<meta name=\"twitter:label1\" content=\"Ber\u00e4knad l\u00e4stid\" \/>\n\t<meta name=\"twitter:data1\" content=\"2 minuter\" \/>\n<script type=\"application\/ld+json\" class=\"yoast-schema-graph\">{\"@context\":\"https:\/\/schema.org\",\"@graph\":[{\"@type\":\"WebPage\",\"@id\":\"https:\/\/www.spottergps.com\/se\/gps-tracker\/\",\"url\":\"https:\/\/www.spottergps.com\/se\/gps-tracker\/\",\"name\":\"Spotter\u00ae GPS-tracker f\u00f6r allt du \u00e4lskar, utan abonnemang\",\"isPartOf\":{\"@id\":\"https:\/\/www.spottergps.com\/se\/#website\"},\"primaryImageOfPage\":{\"@id\":\"https:\/\/www.spottergps.com\/se\/gps-tracker\/#primaryimage\"},\"image\":{\"@id\":\"https:\/\/www.spottergps.com\/se\/gps-tracker\/#primaryimage\"},\"thumbnailUrl\":\"https:\/\/www.spottergps.com\/se\/wp-content\/uploads\/sites\/5\/2021\/10\/Spotter-GPS-tracker-barn.jpg\",\"datePublished\":\"2021-10-18T09:58:01+00:00\",\"dateModified\":\"2026-02-04T14:32:09+00:00\",\"description\":\"GPS-tracker f\u00f6r barn, \u00e4ldre, djur och v\u00e4rdesaker. Online och App och med samtalsfunktion, SOS-knapp och zoner. Fungerar i hela Europa!\",\"breadcrumb\":{\"@id\":\"https:\/\/www.spottergps.com\/se\/gps-tracker\/#breadcrumb\"},\"inLanguage\":\"sv-SE\",\"potentialAction\":[{\"@type\":\"ReadAction\",\"target\":[\"https:\/\/www.spottergps.com\/se\/gps-tracker\/\"]}]},{\"@type\":\"ImageObject\",\"inLanguage\":\"sv-SE\",\"@id\":\"https:\/\/www.spottergps.com\/se\/gps-tracker\/#primaryimage\",\"url\":\"https:\/\/www.spottergps.com\/se\/wp-content\/uploads\/sites\/5\/2021\/10\/Spotter-GPS-tracker-barn.jpg\",\"contentUrl\":\"https:\/\/www.spottergps.com\/se\/wp-content\/uploads\/sites\/5\/2021\/10\/Spotter-GPS-tracker-barn.jpg\",\"width\":269,\"height\":273},{\"@type\":\"BreadcrumbList\",\"@id\":\"https:\/\/www.spottergps.com\/se\/gps-tracker\/#breadcrumb\",\"itemListElement\":[{\"@type\":\"ListItem\",\"position\":1,\"name\":\"Home\",\"item\":\"https:\/\/www.spottergps.com\/se\/\"},{\"@type\":\"ListItem\",\"position\":2,\"name\":\"GPS-tracker f\u00f6r allt som \u00e4r dig k\u00e4rt\"}]},{\"@type\":\"WebSite\",\"@id\":\"https:\/\/www.spottergps.com\/se\/#website\",\"url\":\"https:\/\/www.spottergps.com\/se\/\",\"name\":\"Spotter Sweden\",\"description\":\"Spotter GPS Sweden\",\"potentialAction\":[{\"@type\":\"SearchAction\",\"target\":{\"@type\":\"EntryPoint\",\"urlTemplate\":\"https:\/\/www.spottergps.com\/se\/?s={search_term_string}\"},\"query-input\":{\"@type\":\"PropertyValueSpecification\",\"valueRequired\":true,\"valueName\":\"search_term_string\"}}],\"inLanguage\":\"sv-SE\"}]}<\/script>\n<!-- \/ Yoast SEO plugin. -->","yoast_head_json":{"title":"Spotter\u00ae GPS-tracker f\u00f6r allt du \u00e4lskar, utan abonnemang","description":"GPS-tracker f\u00f6r barn, \u00e4ldre, djur och v\u00e4rdesaker. Online och App och med samtalsfunktion, SOS-knapp och zoner. Fungerar i hela Europa!","robots":{"index":"index","follow":"follow","max-snippet":"max-snippet:-1","max-image-preview":"max-image-preview:large","max-video-preview":"max-video-preview:-1"},"canonical":"https:\/\/www.spottergps.com\/se\/gps-tracker\/","og_locale":"sv_SE","og_type":"article","og_title":"Spotter\u00ae GPS-tracker f\u00f6r allt du \u00e4lskar, utan abonnemang","og_description":"GPS-tracker f\u00f6r barn, \u00e4ldre, djur och v\u00e4rdesaker. Online och App och med samtalsfunktion, SOS-knapp och zoner. Fungerar i hela Europa!","og_url":"https:\/\/www.spottergps.com\/se\/gps-tracker\/","og_site_name":"Spotter Sweden","article_modified_time":"2026-02-04T14:32:09+00:00","og_image":[{"width":269,"height":273,"url":"https:\/\/www.spottergps.com\/se\/wp-content\/uploads\/sites\/5\/2021\/10\/Spotter-GPS-tracker-barn.jpg","type":"image\/jpeg"}],"twitter_card":"summary_large_image","twitter_misc":{"Ber\u00e4knad l\u00e4stid":"2 minuter"},"schema":{"@context":"https:\/\/schema.org","@graph":[{"@type":"WebPage","@id":"https:\/\/www.spottergps.com\/se\/gps-tracker\/","url":"https:\/\/www.spottergps.com\/se\/gps-tracker\/","name":"Spotter\u00ae GPS-tracker f\u00f6r allt du \u00e4lskar, utan abonnemang","isPartOf":{"@id":"https:\/\/www.spottergps.com\/se\/#website"},"primaryImageOfPage":{"@id":"https:\/\/www.spottergps.com\/se\/gps-tracker\/#primaryimage"},"image":{"@id":"https:\/\/www.spottergps.com\/se\/gps-tracker\/#primaryimage"},"thumbnailUrl":"https:\/\/www.spottergps.com\/se\/wp-content\/uploads\/sites\/5\/2021\/10\/Spotter-GPS-tracker-barn.jpg","datePublished":"2021-10-18T09:58:01+00:00","dateModified":"2026-02-04T14:32:09+00:00","description":"GPS-tracker f\u00f6r barn, \u00e4ldre, djur och v\u00e4rdesaker. Online och App och med samtalsfunktion, SOS-knapp och zoner. Fungerar i hela Europa!","breadcrumb":{"@id":"https:\/\/www.spottergps.com\/se\/gps-tracker\/#breadcrumb"},"inLanguage":"sv-SE","potentialAction":[{"@type":"ReadAction","target":["https:\/\/www.spottergps.com\/se\/gps-tracker\/"]}]},{"@type":"ImageObject","inLanguage":"sv-SE","@id":"https:\/\/www.spottergps.com\/se\/gps-tracker\/#primaryimage","url":"https:\/\/www.spottergps.com\/se\/wp-content\/uploads\/sites\/5\/2021\/10\/Spotter-GPS-tracker-barn.jpg","contentUrl":"https:\/\/www.spottergps.com\/se\/wp-content\/uploads\/sites\/5\/2021\/10\/Spotter-GPS-tracker-barn.jpg","width":269,"height":273},{"@type":"BreadcrumbList","@id":"https:\/\/www.spottergps.com\/se\/gps-tracker\/#breadcrumb","itemListElement":[{"@type":"ListItem","position":1,"name":"Home","item":"https:\/\/www.spottergps.com\/se\/"},{"@type":"ListItem","position":2,"name":"GPS-tracker f\u00f6r allt som \u00e4r dig k\u00e4rt"}]},{"@type":"WebSite","@id":"https:\/\/www.spottergps.com\/se\/#website","url":"https:\/\/www.spottergps.com\/se\/","name":"Spotter Sweden","description":"Spotter GPS Sweden","potentialAction":[{"@type":"SearchAction","target":{"@type":"EntryPoint","urlTemplate":"https:\/\/www.spottergps.com\/se\/?s={search_term_string}"},"query-input":{"@type":"PropertyValueSpecification","valueRequired":true,"valueName":"search_term_string"}}],"inLanguage":"sv-SE"}]}},"_links":{"self":[{"href":"https:\/\/www.spottergps.com\/se\/wp-json\/wp\/v2\/pages\/14925","targetHints":{"allow":["GET"]}}],"collection":[{"href":"https:\/\/www.spottergps.com\/se\/wp-json\/wp\/v2\/pages"}],"about":[{"href":"https:\/\/www.spottergps.com\/se\/wp-json\/wp\/v2\/types\/page"}],"author":[{"embeddable":true,"href":"https:\/\/www.spottergps.com\/se\/wp-json\/wp\/v2\/users\/8"}],"replies":[{"embeddable":true,"href":"https:\/\/www.spottergps.com\/se\/wp-json\/wp\/v2\/comments?post=14925"}],"version-history":[{"count":29,"href":"https:\/\/www.spottergps.com\/se\/wp-json\/wp\/v2\/pages\/14925\/revisions"}],"predecessor-version":[{"id":15575,"href":"https:\/\/www.spottergps.com\/se\/wp-json\/wp\/v2\/pages\/14925\/revisions\/15575"}],"wp:attachment":[{"href":"https:\/\/www.spottergps.com\/se\/wp-json\/wp\/v2\/media?parent=14925"}],"wp:term":[{"taxonomy":"category","embeddable":true,"href":"https:\/\/www.spottergps.com\/se\/wp-json\/wp\/v2\/categories?post=14925"},{"taxonomy":"post_tag","embeddable":true,"href":"https:\/\/www.spottergps.com\/se\/wp-json\/wp\/v2\/tags?post=14925"}],"curies":[{"name":"wp","href":"https:\/\/api.w.org\/{rel}","templated":true}]}}