{"id":14918,"date":"2021-10-18T09:28:55","date_gmt":"2021-10-18T09:28:55","guid":{"rendered":"https:\/\/www.spottergps.com\/se\/?page_id=14918"},"modified":"2025-12-10T07:37:16","modified_gmt":"2025-12-10T07:37:16","slug":"online-konto-och-smartmobilapp","status":"publish","type":"page","link":"https:\/\/www.spottergps.com\/se\/online-konto-och-smartmobilapp\/","title":{"rendered":"Online -konto och smartmobilapp"},"content":{"rendered":"\n<h2 class=\"wp-block-heading\">Logga in var som helst<\/h2>\n\n\n\n<p>Oavsett om du \u00e4r p\u00e5 spr\u00e5ng eller sitter bakom datorn, har du alltid tillg\u00e5ng till Spotter. Du har ett onlinekonto och en app f\u00f6r smartmobilen och surfplattan, till vilken Spotter GPS -sp\u00e5raren automatiskt skickar positioner och aviseringar. Du beh\u00f6ver inte utf\u00f6ra extra handlingar f\u00f6r detta. Inga mjukvaruinstallationer eller licenser, allt finns online. Du loggar in fr\u00e5n valfri plats med en internetuppkoppling och med flera personer samtidigt. <\/p>\n\n\n\n<ul class=\"wp-block-list\"><li>Mycket anv\u00e4ndarv\u00e4nligt <\/li><li>Logga in online var som helst <\/li><li>Logga in med flera personer samtidigt <\/li><li>Inga mjukvaruinstallationer <\/li><li>Inga licenser <\/li><\/ul>\n","protected":false},"excerpt":{"rendered":"<p>Logga in var som helst Oavsett om du \u00e4r p\u00e5 [&hellip;]<\/p>\n","protected":false},"author":8,"featured_media":0,"parent":0,"menu_order":0,"comment_status":"closed","ping_status":"closed","template":"","meta":{"_acf_changed":false,"footnotes":""},"categories":[],"tags":[],"class_list":["post-14918","page","type-page","status-publish","hentry"],"acf":[],"yoast_head":"<!-- This site is optimized with the Yoast SEO plugin v25.9 - https:\/\/yoast.com\/wordpress\/plugins\/seo\/ -->\n<title>Online-konto och smartphone-app | Spotter<\/title>\n<meta name=\"description\" content=\"Spotter GPS-tracker fungerar helt online. Du loggar in p\u00e5 ditt konto och ser h\u00e4r data. \u00c4r du p\u00e5 resande fot? D\u00e5 laddar du ner GRATIS Spotter-appen.\" \/>\n<meta name=\"robots\" content=\"noindex, nofollow\" \/>\n<meta property=\"og:locale\" content=\"sv_SE\" \/>\n<meta property=\"og:type\" content=\"article\" \/>\n<meta property=\"og:title\" content=\"Online-konto och smartphone-app | Spotter\" \/>\n<meta property=\"og:description\" content=\"Spotter GPS-tracker fungerar helt online. Du loggar in p\u00e5 ditt konto och ser h\u00e4r data. \u00c4r du p\u00e5 resande fot? D\u00e5 laddar du ner GRATIS Spotter-appen.\" \/>\n<meta property=\"og:url\" content=\"https:\/\/www.spottergps.com\/se\/online-konto-och-smartmobilapp\/\" \/>\n<meta property=\"og:site_name\" content=\"Spotter Sweden\" \/>\n<meta property=\"article:modified_time\" content=\"2025-12-10T07:37:16+00:00\" \/>\n<meta name=\"twitter:card\" content=\"summary_large_image\" \/>\n<meta name=\"twitter:label1\" content=\"Ber\u00e4knad l\u00e4stid\" \/>\n\t<meta name=\"twitter:data1\" content=\"1 minut\" \/>\n<script type=\"application\/ld+json\" class=\"yoast-schema-graph\">{\"@context\":\"https:\/\/schema.org\",\"@graph\":[{\"@type\":\"WebPage\",\"@id\":\"https:\/\/www.spottergps.com\/se\/online-konto-och-smartmobilapp\/\",\"url\":\"https:\/\/www.spottergps.com\/se\/online-konto-och-smartmobilapp\/\",\"name\":\"Online-konto och smartphone-app | Spotter\",\"isPartOf\":{\"@id\":\"https:\/\/www.spottergps.com\/se\/#website\"},\"datePublished\":\"2021-10-18T09:28:55+00:00\",\"dateModified\":\"2025-12-10T07:37:16+00:00\",\"description\":\"Spotter GPS-tracker fungerar helt online. Du loggar in p\u00e5 ditt konto och ser h\u00e4r data. \u00c4r du p\u00e5 resande fot? D\u00e5 laddar du ner GRATIS Spotter-appen.\",\"breadcrumb\":{\"@id\":\"https:\/\/www.spottergps.com\/se\/online-konto-och-smartmobilapp\/#breadcrumb\"},\"inLanguage\":\"sv-SE\",\"potentialAction\":[{\"@type\":\"ReadAction\",\"target\":[\"https:\/\/www.spottergps.com\/se\/online-konto-och-smartmobilapp\/\"]}]},{\"@type\":\"BreadcrumbList\",\"@id\":\"https:\/\/www.spottergps.com\/se\/online-konto-och-smartmobilapp\/#breadcrumb\",\"itemListElement\":[{\"@type\":\"ListItem\",\"position\":1,\"name\":\"Home\",\"item\":\"https:\/\/www.spottergps.com\/se\/\"},{\"@type\":\"ListItem\",\"position\":2,\"name\":\"Online -konto och smartmobilapp\"}]},{\"@type\":\"WebSite\",\"@id\":\"https:\/\/www.spottergps.com\/se\/#website\",\"url\":\"https:\/\/www.spottergps.com\/se\/\",\"name\":\"Spotter Sweden\",\"description\":\"Spotter GPS Sweden\",\"potentialAction\":[{\"@type\":\"SearchAction\",\"target\":{\"@type\":\"EntryPoint\",\"urlTemplate\":\"https:\/\/www.spottergps.com\/se\/?s={search_term_string}\"},\"query-input\":{\"@type\":\"PropertyValueSpecification\",\"valueRequired\":true,\"valueName\":\"search_term_string\"}}],\"inLanguage\":\"sv-SE\"}]}<\/script>\n<!-- \/ Yoast SEO plugin. -->","yoast_head_json":{"title":"Online-konto och smartphone-app | Spotter","description":"Spotter GPS-tracker fungerar helt online. Du loggar in p\u00e5 ditt konto och ser h\u00e4r data. \u00c4r du p\u00e5 resande fot? D\u00e5 laddar du ner GRATIS Spotter-appen.","robots":{"index":"noindex","follow":"nofollow"},"og_locale":"sv_SE","og_type":"article","og_title":"Online-konto och smartphone-app | Spotter","og_description":"Spotter GPS-tracker fungerar helt online. Du loggar in p\u00e5 ditt konto och ser h\u00e4r data. \u00c4r du p\u00e5 resande fot? D\u00e5 laddar du ner GRATIS Spotter-appen.","og_url":"https:\/\/www.spottergps.com\/se\/online-konto-och-smartmobilapp\/","og_site_name":"Spotter Sweden","article_modified_time":"2025-12-10T07:37:16+00:00","twitter_card":"summary_large_image","twitter_misc":{"Ber\u00e4knad l\u00e4stid":"1 minut"},"schema":{"@context":"https:\/\/schema.org","@graph":[{"@type":"WebPage","@id":"https:\/\/www.spottergps.com\/se\/online-konto-och-smartmobilapp\/","url":"https:\/\/www.spottergps.com\/se\/online-konto-och-smartmobilapp\/","name":"Online-konto och smartphone-app | Spotter","isPartOf":{"@id":"https:\/\/www.spottergps.com\/se\/#website"},"datePublished":"2021-10-18T09:28:55+00:00","dateModified":"2025-12-10T07:37:16+00:00","description":"Spotter GPS-tracker fungerar helt online. Du loggar in p\u00e5 ditt konto och ser h\u00e4r data. \u00c4r du p\u00e5 resande fot? D\u00e5 laddar du ner GRATIS Spotter-appen.","breadcrumb":{"@id":"https:\/\/www.spottergps.com\/se\/online-konto-och-smartmobilapp\/#breadcrumb"},"inLanguage":"sv-SE","potentialAction":[{"@type":"ReadAction","target":["https:\/\/www.spottergps.com\/se\/online-konto-och-smartmobilapp\/"]}]},{"@type":"BreadcrumbList","@id":"https:\/\/www.spottergps.com\/se\/online-konto-och-smartmobilapp\/#breadcrumb","itemListElement":[{"@type":"ListItem","position":1,"name":"Home","item":"https:\/\/www.spottergps.com\/se\/"},{"@type":"ListItem","position":2,"name":"Online -konto och smartmobilapp"}]},{"@type":"WebSite","@id":"https:\/\/www.spottergps.com\/se\/#website","url":"https:\/\/www.spottergps.com\/se\/","name":"Spotter Sweden","description":"Spotter GPS Sweden","potentialAction":[{"@type":"SearchAction","target":{"@type":"EntryPoint","urlTemplate":"https:\/\/www.spottergps.com\/se\/?s={search_term_string}"},"query-input":{"@type":"PropertyValueSpecification","valueRequired":true,"valueName":"search_term_string"}}],"inLanguage":"sv-SE"}]}},"_links":{"self":[{"href":"https:\/\/www.spottergps.com\/se\/wp-json\/wp\/v2\/pages\/14918","targetHints":{"allow":["GET"]}}],"collection":[{"href":"https:\/\/www.spottergps.com\/se\/wp-json\/wp\/v2\/pages"}],"about":[{"href":"https:\/\/www.spottergps.com\/se\/wp-json\/wp\/v2\/types\/page"}],"author":[{"embeddable":true,"href":"https:\/\/www.spottergps.com\/se\/wp-json\/wp\/v2\/users\/8"}],"replies":[{"embeddable":true,"href":"https:\/\/www.spottergps.com\/se\/wp-json\/wp\/v2\/comments?post=14918"}],"version-history":[{"count":6,"href":"https:\/\/www.spottergps.com\/se\/wp-json\/wp\/v2\/pages\/14918\/revisions"}],"predecessor-version":[{"id":15317,"href":"https:\/\/www.spottergps.com\/se\/wp-json\/wp\/v2\/pages\/14918\/revisions\/15317"}],"wp:attachment":[{"href":"https:\/\/www.spottergps.com\/se\/wp-json\/wp\/v2\/media?parent=14918"}],"wp:term":[{"taxonomy":"category","embeddable":true,"href":"https:\/\/www.spottergps.com\/se\/wp-json\/wp\/v2\/categories?post=14918"},{"taxonomy":"post_tag","embeddable":true,"href":"https:\/\/www.spottergps.com\/se\/wp-json\/wp\/v2\/tags?post=14918"}],"curies":[{"name":"wp","href":"https:\/\/api.w.org\/{rel}","templated":true}]}}