{"id":14907,"date":"2021-10-18T09:13:32","date_gmt":"2021-10-18T09:13:32","guid":{"rendered":"https:\/\/www.spottergps.com\/se\/?page_id=14907"},"modified":"2025-12-10T07:36:18","modified_gmt":"2025-12-10T07:36:18","slug":"anvandarmanualer","status":"publish","type":"page","link":"https:\/\/www.spottergps.com\/se\/anvandarmanualer\/","title":{"rendered":"Anv\u00e4ndarmanualer"},"content":{"rendered":"\n<p>L\u00e4s igenom bruksanvisningen noggrant innan du anv\u00e4nder produkterna.<\/p>\n","protected":false},"excerpt":{"rendered":"<p>L\u00e4s igenom bruksanvisningen noggrant innan du anv\u00e4nder produkterna.<\/p>\n","protected":false},"author":8,"featured_media":0,"parent":0,"menu_order":0,"comment_status":"closed","ping_status":"closed","template":"","meta":{"_acf_changed":false,"footnotes":""},"categories":[],"tags":[],"class_list":["post-14907","page","type-page","status-publish","hentry"],"acf":[],"yoast_head":"<!-- This site is optimized with the Yoast SEO plugin v25.9 - https:\/\/yoast.com\/wordpress\/plugins\/seo\/ -->\n<title>Ladda ner Spotter GPS-tracker bruksanvisning<\/title>\n<meta name=\"description\" content=\"L\u00e4s bruksanvisningen noggrant innan du b\u00f6rjar anv\u00e4nda Spotter. Ladda ner Spotter GPS Tracker bruksanvisning h\u00e4r.\" \/>\n<meta name=\"robots\" content=\"noindex, nofollow\" \/>\n<meta property=\"og:locale\" content=\"sv_SE\" \/>\n<meta property=\"og:type\" content=\"article\" \/>\n<meta property=\"og:title\" content=\"Ladda ner Spotter GPS-tracker bruksanvisning\" \/>\n<meta property=\"og:description\" content=\"L\u00e4s bruksanvisningen noggrant innan du b\u00f6rjar anv\u00e4nda Spotter. Ladda ner Spotter GPS Tracker bruksanvisning h\u00e4r.\" \/>\n<meta property=\"og:url\" content=\"https:\/\/www.spottergps.com\/se\/anvandarmanualer\/\" \/>\n<meta property=\"og:site_name\" content=\"Spotter Sweden\" \/>\n<meta property=\"article:modified_time\" content=\"2025-12-10T07:36:18+00:00\" \/>\n<meta name=\"twitter:card\" content=\"summary_large_image\" \/>\n<meta name=\"twitter:label1\" content=\"Ber\u00e4knad l\u00e4stid\" \/>\n\t<meta name=\"twitter:data1\" content=\"1 minut\" \/>\n<script type=\"application\/ld+json\" class=\"yoast-schema-graph\">{\"@context\":\"https:\/\/schema.org\",\"@graph\":[{\"@type\":\"WebPage\",\"@id\":\"https:\/\/www.spottergps.com\/se\/anvandarmanualer\/\",\"url\":\"https:\/\/www.spottergps.com\/se\/anvandarmanualer\/\",\"name\":\"Ladda ner Spotter GPS-tracker bruksanvisning\",\"isPartOf\":{\"@id\":\"https:\/\/www.spottergps.com\/se\/#website\"},\"datePublished\":\"2021-10-18T09:13:32+00:00\",\"dateModified\":\"2025-12-10T07:36:18+00:00\",\"description\":\"L\u00e4s bruksanvisningen noggrant innan du b\u00f6rjar anv\u00e4nda Spotter. Ladda ner Spotter GPS Tracker bruksanvisning h\u00e4r.\",\"breadcrumb\":{\"@id\":\"https:\/\/www.spottergps.com\/se\/anvandarmanualer\/#breadcrumb\"},\"inLanguage\":\"sv-SE\",\"potentialAction\":[{\"@type\":\"ReadAction\",\"target\":[\"https:\/\/www.spottergps.com\/se\/anvandarmanualer\/\"]}]},{\"@type\":\"BreadcrumbList\",\"@id\":\"https:\/\/www.spottergps.com\/se\/anvandarmanualer\/#breadcrumb\",\"itemListElement\":[{\"@type\":\"ListItem\",\"position\":1,\"name\":\"Home\",\"item\":\"https:\/\/www.spottergps.com\/se\/\"},{\"@type\":\"ListItem\",\"position\":2,\"name\":\"Anv\u00e4ndarmanualer\"}]},{\"@type\":\"WebSite\",\"@id\":\"https:\/\/www.spottergps.com\/se\/#website\",\"url\":\"https:\/\/www.spottergps.com\/se\/\",\"name\":\"Spotter Sweden\",\"description\":\"Spotter GPS Sweden\",\"potentialAction\":[{\"@type\":\"SearchAction\",\"target\":{\"@type\":\"EntryPoint\",\"urlTemplate\":\"https:\/\/www.spottergps.com\/se\/?s={search_term_string}\"},\"query-input\":{\"@type\":\"PropertyValueSpecification\",\"valueRequired\":true,\"valueName\":\"search_term_string\"}}],\"inLanguage\":\"sv-SE\"}]}<\/script>\n<!-- \/ Yoast SEO plugin. -->","yoast_head_json":{"title":"Ladda ner Spotter GPS-tracker bruksanvisning","description":"L\u00e4s bruksanvisningen noggrant innan du b\u00f6rjar anv\u00e4nda Spotter. Ladda ner Spotter GPS Tracker bruksanvisning h\u00e4r.","robots":{"index":"noindex","follow":"nofollow"},"og_locale":"sv_SE","og_type":"article","og_title":"Ladda ner Spotter GPS-tracker bruksanvisning","og_description":"L\u00e4s bruksanvisningen noggrant innan du b\u00f6rjar anv\u00e4nda Spotter. Ladda ner Spotter GPS Tracker bruksanvisning h\u00e4r.","og_url":"https:\/\/www.spottergps.com\/se\/anvandarmanualer\/","og_site_name":"Spotter Sweden","article_modified_time":"2025-12-10T07:36:18+00:00","twitter_card":"summary_large_image","twitter_misc":{"Ber\u00e4knad l\u00e4stid":"1 minut"},"schema":{"@context":"https:\/\/schema.org","@graph":[{"@type":"WebPage","@id":"https:\/\/www.spottergps.com\/se\/anvandarmanualer\/","url":"https:\/\/www.spottergps.com\/se\/anvandarmanualer\/","name":"Ladda ner Spotter GPS-tracker bruksanvisning","isPartOf":{"@id":"https:\/\/www.spottergps.com\/se\/#website"},"datePublished":"2021-10-18T09:13:32+00:00","dateModified":"2025-12-10T07:36:18+00:00","description":"L\u00e4s bruksanvisningen noggrant innan du b\u00f6rjar anv\u00e4nda Spotter. Ladda ner Spotter GPS Tracker bruksanvisning h\u00e4r.","breadcrumb":{"@id":"https:\/\/www.spottergps.com\/se\/anvandarmanualer\/#breadcrumb"},"inLanguage":"sv-SE","potentialAction":[{"@type":"ReadAction","target":["https:\/\/www.spottergps.com\/se\/anvandarmanualer\/"]}]},{"@type":"BreadcrumbList","@id":"https:\/\/www.spottergps.com\/se\/anvandarmanualer\/#breadcrumb","itemListElement":[{"@type":"ListItem","position":1,"name":"Home","item":"https:\/\/www.spottergps.com\/se\/"},{"@type":"ListItem","position":2,"name":"Anv\u00e4ndarmanualer"}]},{"@type":"WebSite","@id":"https:\/\/www.spottergps.com\/se\/#website","url":"https:\/\/www.spottergps.com\/se\/","name":"Spotter Sweden","description":"Spotter GPS Sweden","potentialAction":[{"@type":"SearchAction","target":{"@type":"EntryPoint","urlTemplate":"https:\/\/www.spottergps.com\/se\/?s={search_term_string}"},"query-input":{"@type":"PropertyValueSpecification","valueRequired":true,"valueName":"search_term_string"}}],"inLanguage":"sv-SE"}]}},"_links":{"self":[{"href":"https:\/\/www.spottergps.com\/se\/wp-json\/wp\/v2\/pages\/14907","targetHints":{"allow":["GET"]}}],"collection":[{"href":"https:\/\/www.spottergps.com\/se\/wp-json\/wp\/v2\/pages"}],"about":[{"href":"https:\/\/www.spottergps.com\/se\/wp-json\/wp\/v2\/types\/page"}],"author":[{"embeddable":true,"href":"https:\/\/www.spottergps.com\/se\/wp-json\/wp\/v2\/users\/8"}],"replies":[{"embeddable":true,"href":"https:\/\/www.spottergps.com\/se\/wp-json\/wp\/v2\/comments?post=14907"}],"version-history":[{"count":19,"href":"https:\/\/www.spottergps.com\/se\/wp-json\/wp\/v2\/pages\/14907\/revisions"}],"predecessor-version":[{"id":15538,"href":"https:\/\/www.spottergps.com\/se\/wp-json\/wp\/v2\/pages\/14907\/revisions\/15538"}],"wp:attachment":[{"href":"https:\/\/www.spottergps.com\/se\/wp-json\/wp\/v2\/media?parent=14907"}],"wp:term":[{"taxonomy":"category","embeddable":true,"href":"https:\/\/www.spottergps.com\/se\/wp-json\/wp\/v2\/categories?post=14907"},{"taxonomy":"post_tag","embeddable":true,"href":"https:\/\/www.spottergps.com\/se\/wp-json\/wp\/v2\/tags?post=14907"}],"curies":[{"name":"wp","href":"https:\/\/api.w.org\/{rel}","templated":true}]}}